{"id":88609,"date":"2023-06-30T09:59:20","date_gmt":"2023-06-30T07:59:20","guid":{"rendered":"https:\/\/foliobooks.pl\/sklep\/richard-avedon-relationships\/"},"modified":"2023-07-28T12:07:18","modified_gmt":"2023-07-28T10:07:18","slug":"richard-avedon-relationships","status":"publish","type":"product","link":"https:\/\/foliobooks.pl\/en\/shop\/richard-avedon-relationships\/","title":{"rendered":"Richard Avedon. Relationships"},"content":{"rendered":"<p>Over the course of his six-decade-long career, photographer Richard Avedon worked with a tremendous range of portrait subjects: models, actors, ballet dancers, celebrities, civil rights activists, heads of state, inventors, musicians, visual artists and writers. He also frequently returned to the same subjects. Published for an exhibition at Palazzo Reale,\u00a0<span class=\"a-text-italic\">Richard Avedon: Relationships<\/span>\u00a0spotlights these recurring figures: painter Jasper Johns in 1965 and 1976; novelist Carson McCullers in 1956 and 1958; the Beatles, Andy Warhol, Marilyn Monroe and Allen Ginsberg in 1963 and 1970. Perhaps his most intimate and enduring photographic relationship occurred with his friend and collaborator Truman Capote.<br \/>\nSelected from the extensive Avedon collection at the Center for Creative Photography by curator Rebecca A. Senf, this catalog presents 100 fashion and portrait photographs that emphasize the role of relationship-building in Avedon\u2019s practice. His attunement to his individual subjects\u2015as well as his crystalline technical proficiency\u2015enabled him to create portraits radiant with vivid life.<\/p>\n","protected":false},"excerpt":{"rendered":"<p>Over the course of his six-decade-long career, photographer Richard Avedon worked with a tremendous range of portrait subjects: models, actors, ballet dancers, celebrities, civil rights activists, heads of state, inventors, musicians, visual artists and writers. He also frequently returned to the same subjects. Published for an exhibition at Palazzo Reale,\u00a0Richard Avedon: Relationships\u00a0spotlights these recurring figures:&#8230;<\/p>\n","protected":false},"featured_media":88594,"comment_status":"closed","ping_status":"closed","template":"","meta":[],"product_brand":[],"product_cat":[13533,4517],"product_tag":[6121,1066],"class_list":{"0":"post-88609","1":"product","2":"type-product","3":"status-publish","4":"has-post-thumbnail","6":"product_cat-books","7":"product_cat-photography-en","8":"product_tag-photography","9":"product_tag-portraits-en","10":"pa_author_att-rebecca-a-senf-en","11":"pa_cover-hardcover","12":"pa_format-25-x-32-cm-en","13":"pa_isbn-9788857248400-en","14":"pa_language-eng","15":"pa_pages-195-en","16":"pa_published-2023-02-21-en","17":"pa_publisher-skira-en","19":"first","20":"outofstock","21":"sold-individually","22":"shipping-taxable","23":"purchasable","24":"product-type-simple"},"yoast_head":"<!-- This site is optimized with the Yoast SEO plugin v27.4 - https:\/\/yoast.com\/product\/yoast-seo-wordpress\/ -->\n<title>Richard Avedon. Relationships (Rebecca A Senf) - book \/ album - Folio<\/title>\n<meta name=\"description\" content=\"Wejd\u017a i kup ksi\u0105\u017ck\u0119 Richard Avedon. Relationships autorstwa Rebecca A Senf wydan\u0105 przez Skira (2023-02-21) w formacie 25 x 32 cm (ISBN: 9788857248400). Zapraszamy!\" \/>\n<meta name=\"robots\" content=\"index, follow, max-snippet:-1, max-image-preview:large, max-video-preview:-1\" \/>\n<link rel=\"canonical\" href=\"https:\/\/foliobooks.pl\/en\/shop\/richard-avedon-relationships\/\" \/>\n<meta property=\"og:locale\" content=\"en_US\" \/>\n<meta property=\"og:type\" content=\"article\" \/>\n<meta property=\"og:title\" content=\"Richard Avedon. Relationships (Rebecca A Senf) - book \/ album - Folio\" \/>\n<meta property=\"og:description\" content=\"Wejd\u017a i kup ksi\u0105\u017ck\u0119 Richard Avedon. Relationships autorstwa Rebecca A Senf wydan\u0105 przez Skira (2023-02-21) w formacie 25 x 32 cm (ISBN: 9788857248400). Zapraszamy!\" \/>\n<meta property=\"og:url\" content=\"https:\/\/foliobooks.pl\/en\/shop\/richard-avedon-relationships\/\" \/>\n<meta property=\"og:site_name\" content=\"Folio\" \/>\n<meta property=\"article:modified_time\" content=\"2023-07-28T10:07:18+00:00\" \/>\n<meta property=\"og:image\" content=\"https:\/\/foliobooks.pl\/wp-content\/uploads\/2023\/06\/9788857248400.png\" \/>\n\t<meta property=\"og:image:width\" content=\"570\" \/>\n\t<meta property=\"og:image:height\" content=\"708\" \/>\n\t<meta property=\"og:image:type\" content=\"image\/png\" \/>\n<meta name=\"twitter:card\" content=\"summary_large_image\" \/>\n<meta name=\"twitter:label1\" content=\"Est. reading time\" \/>\n\t<meta name=\"twitter:data1\" content=\"1 minute\" \/>\n<script type=\"application\/ld+json\" class=\"yoast-schema-graph\">{\"@context\":\"https:\\\/\\\/schema.org\",\"@graph\":[{\"@type\":\"WebPage\",\"@id\":\"https:\\\/\\\/foliobooks.pl\\\/en\\\/shop\\\/richard-avedon-relationships\\\/\",\"url\":\"https:\\\/\\\/foliobooks.pl\\\/en\\\/shop\\\/richard-avedon-relationships\\\/\",\"name\":\"Richard Avedon. Relationships (Rebecca A Senf) - book \\\/ album - Folio\",\"isPartOf\":{\"@id\":\"https:\\\/\\\/foliobooks.pl\\\/en\\\/#website\"},\"primaryImageOfPage\":{\"@id\":\"https:\\\/\\\/foliobooks.pl\\\/en\\\/shop\\\/richard-avedon-relationships\\\/#primaryimage\"},\"image\":{\"@id\":\"https:\\\/\\\/foliobooks.pl\\\/en\\\/shop\\\/richard-avedon-relationships\\\/#primaryimage\"},\"thumbnailUrl\":\"https:\\\/\\\/foliobooks.pl\\\/wp-content\\\/uploads\\\/2023\\\/06\\\/9788857248400.png\",\"datePublished\":\"2023-06-30T07:59:20+00:00\",\"dateModified\":\"2023-07-28T10:07:18+00:00\",\"description\":\"Wejd\u017a i kup ksi\u0105\u017ck\u0119 Richard Avedon. Relationships autorstwa Rebecca A Senf wydan\u0105 przez Skira (2023-02-21) w formacie 25 x 32 cm (ISBN: 9788857248400). Zapraszamy!\",\"breadcrumb\":{\"@id\":\"https:\\\/\\\/foliobooks.pl\\\/en\\\/shop\\\/richard-avedon-relationships\\\/#breadcrumb\"},\"inLanguage\":\"en-US\",\"potentialAction\":[{\"@type\":\"ReadAction\",\"target\":[\"https:\\\/\\\/foliobooks.pl\\\/en\\\/shop\\\/richard-avedon-relationships\\\/\"]}]},{\"@type\":\"ImageObject\",\"inLanguage\":\"en-US\",\"@id\":\"https:\\\/\\\/foliobooks.pl\\\/en\\\/shop\\\/richard-avedon-relationships\\\/#primaryimage\",\"url\":\"https:\\\/\\\/foliobooks.pl\\\/wp-content\\\/uploads\\\/2023\\\/06\\\/9788857248400.png\",\"contentUrl\":\"https:\\\/\\\/foliobooks.pl\\\/wp-content\\\/uploads\\\/2023\\\/06\\\/9788857248400.png\",\"width\":570,\"height\":708},{\"@type\":\"BreadcrumbList\",\"@id\":\"https:\\\/\\\/foliobooks.pl\\\/en\\\/shop\\\/richard-avedon-relationships\\\/#breadcrumb\",\"itemListElement\":[{\"@type\":\"ListItem\",\"position\":1,\"name\":\"Strona g\u0142\u00f3wna\",\"item\":\"https:\\\/\\\/foliobooks.pl\\\/en\\\/\"},{\"@type\":\"ListItem\",\"position\":2,\"name\":\"Shop\",\"item\":\"https:\\\/\\\/foliobooks.pl\\\/en\\\/shop\\\/\"},{\"@type\":\"ListItem\",\"position\":3,\"name\":\"Richard Avedon. Relationships\"}]},{\"@type\":\"WebSite\",\"@id\":\"https:\\\/\\\/foliobooks.pl\\\/en\\\/#website\",\"url\":\"https:\\\/\\\/foliobooks.pl\\\/en\\\/\",\"name\":\"Folio\",\"description\":\"Ksi\u0119garnia internetowa\",\"potentialAction\":[{\"@type\":\"SearchAction\",\"target\":{\"@type\":\"EntryPoint\",\"urlTemplate\":\"https:\\\/\\\/foliobooks.pl\\\/en\\\/?s={search_term_string}\"},\"query-input\":{\"@type\":\"PropertyValueSpecification\",\"valueRequired\":true,\"valueName\":\"search_term_string\"}}],\"inLanguage\":\"en-US\"}]}<\/script>\n<!-- \/ Yoast SEO plugin. -->","yoast_head_json":{"title":"Richard Avedon. Relationships (Rebecca A Senf) - book \/ album - Folio","description":"Wejd\u017a i kup ksi\u0105\u017ck\u0119 Richard Avedon. Relationships autorstwa Rebecca A Senf wydan\u0105 przez Skira (2023-02-21) w formacie 25 x 32 cm (ISBN: 9788857248400). Zapraszamy!","robots":{"index":"index","follow":"follow","max-snippet":"max-snippet:-1","max-image-preview":"max-image-preview:large","max-video-preview":"max-video-preview:-1"},"canonical":"https:\/\/foliobooks.pl\/en\/shop\/richard-avedon-relationships\/","og_locale":"en_US","og_type":"article","og_title":"Richard Avedon. Relationships (Rebecca A Senf) - book \/ album - Folio","og_description":"Wejd\u017a i kup ksi\u0105\u017ck\u0119 Richard Avedon. Relationships autorstwa Rebecca A Senf wydan\u0105 przez Skira (2023-02-21) w formacie 25 x 32 cm (ISBN: 9788857248400). Zapraszamy!","og_url":"https:\/\/foliobooks.pl\/en\/shop\/richard-avedon-relationships\/","og_site_name":"Folio","article_modified_time":"2023-07-28T10:07:18+00:00","og_image":[{"width":570,"height":708,"url":"https:\/\/foliobooks.pl\/wp-content\/uploads\/2023\/06\/9788857248400.png","type":"image\/png"}],"twitter_card":"summary_large_image","twitter_misc":{"Est. reading time":"1 minute"},"schema":{"@context":"https:\/\/schema.org","@graph":[{"@type":"WebPage","@id":"https:\/\/foliobooks.pl\/en\/shop\/richard-avedon-relationships\/","url":"https:\/\/foliobooks.pl\/en\/shop\/richard-avedon-relationships\/","name":"Richard Avedon. Relationships (Rebecca A Senf) - book \/ album - Folio","isPartOf":{"@id":"https:\/\/foliobooks.pl\/en\/#website"},"primaryImageOfPage":{"@id":"https:\/\/foliobooks.pl\/en\/shop\/richard-avedon-relationships\/#primaryimage"},"image":{"@id":"https:\/\/foliobooks.pl\/en\/shop\/richard-avedon-relationships\/#primaryimage"},"thumbnailUrl":"https:\/\/foliobooks.pl\/wp-content\/uploads\/2023\/06\/9788857248400.png","datePublished":"2023-06-30T07:59:20+00:00","dateModified":"2023-07-28T10:07:18+00:00","description":"Wejd\u017a i kup ksi\u0105\u017ck\u0119 Richard Avedon. Relationships autorstwa Rebecca A Senf wydan\u0105 przez Skira (2023-02-21) w formacie 25 x 32 cm (ISBN: 9788857248400). Zapraszamy!","breadcrumb":{"@id":"https:\/\/foliobooks.pl\/en\/shop\/richard-avedon-relationships\/#breadcrumb"},"inLanguage":"en-US","potentialAction":[{"@type":"ReadAction","target":["https:\/\/foliobooks.pl\/en\/shop\/richard-avedon-relationships\/"]}]},{"@type":"ImageObject","inLanguage":"en-US","@id":"https:\/\/foliobooks.pl\/en\/shop\/richard-avedon-relationships\/#primaryimage","url":"https:\/\/foliobooks.pl\/wp-content\/uploads\/2023\/06\/9788857248400.png","contentUrl":"https:\/\/foliobooks.pl\/wp-content\/uploads\/2023\/06\/9788857248400.png","width":570,"height":708},{"@type":"BreadcrumbList","@id":"https:\/\/foliobooks.pl\/en\/shop\/richard-avedon-relationships\/#breadcrumb","itemListElement":[{"@type":"ListItem","position":1,"name":"Strona g\u0142\u00f3wna","item":"https:\/\/foliobooks.pl\/en\/"},{"@type":"ListItem","position":2,"name":"Shop","item":"https:\/\/foliobooks.pl\/en\/shop\/"},{"@type":"ListItem","position":3,"name":"Richard Avedon. Relationships"}]},{"@type":"WebSite","@id":"https:\/\/foliobooks.pl\/en\/#website","url":"https:\/\/foliobooks.pl\/en\/","name":"Folio","description":"Ksi\u0119garnia internetowa","potentialAction":[{"@type":"SearchAction","target":{"@type":"EntryPoint","urlTemplate":"https:\/\/foliobooks.pl\/en\/?s={search_term_string}"},"query-input":{"@type":"PropertyValueSpecification","valueRequired":true,"valueName":"search_term_string"}}],"inLanguage":"en-US"}]}},"_links":{"self":[{"href":"https:\/\/foliobooks.pl\/en\/wp-json\/wp\/v2\/product\/88609","targetHints":{"allow":["GET"]}}],"collection":[{"href":"https:\/\/foliobooks.pl\/en\/wp-json\/wp\/v2\/product"}],"about":[{"href":"https:\/\/foliobooks.pl\/en\/wp-json\/wp\/v2\/types\/product"}],"replies":[{"embeddable":true,"href":"https:\/\/foliobooks.pl\/en\/wp-json\/wp\/v2\/comments?post=88609"}],"wp:featuredmedia":[{"embeddable":true,"href":"https:\/\/foliobooks.pl\/en\/wp-json\/wp\/v2\/media\/88594"}],"wp:attachment":[{"href":"https:\/\/foliobooks.pl\/en\/wp-json\/wp\/v2\/media?parent=88609"}],"wp:term":[{"taxonomy":"product_brand","embeddable":true,"href":"https:\/\/foliobooks.pl\/en\/wp-json\/wp\/v2\/product_brand?post=88609"},{"taxonomy":"product_cat","embeddable":true,"href":"https:\/\/foliobooks.pl\/en\/wp-json\/wp\/v2\/product_cat?post=88609"},{"taxonomy":"product_tag","embeddable":true,"href":"https:\/\/foliobooks.pl\/en\/wp-json\/wp\/v2\/product_tag?post=88609"}],"curies":[{"name":"wp","href":"https:\/\/api.w.org\/{rel}","templated":true}]}}