{"id":88494,"date":"2023-06-29T21:05:54","date_gmt":"2023-06-29T19:05:54","guid":{"rendered":"https:\/\/foliobooks.pl\/sklep\/the-little-book-of-versace-the-story-of-the-iconic-fashion-house\/"},"modified":"2023-06-29T21:05:54","modified_gmt":"2023-06-29T19:05:54","slug":"the-little-book-of-versace-the-story-of-the-iconic-fashion-house","status":"publish","type":"product","link":"https:\/\/foliobooks.pl\/en\/shop\/the-little-book-of-versace-the-story-of-the-iconic-fashion-house\/","title":{"rendered":"The Little Book of Versace. The Story of the Iconic Fashion House"},"content":{"rendered":"<p>From Elizabeth Hurley&#8217;s safety pin dress to Jennifer Lopez&#8217;s plunging green gown, Versace has always been a brand at the cutting edge of fashion. With a foot firmly placed in pop culture, Versace is beloved by fashionistas and celebrities alike, providing iconic moments like Lil Nas X&#8217;s gold armour at the 2021 Met Gala, many of Elton John&#8217;s eclectic tour outfits and the gown worn by Lady Diana in her posthumous tribute in Harper&#8217;s Bazaar.<\/p>\n<p>Exquisitely illustrated and expertly written, this book explores the story of the brand, from its creation in 1978 by Gianni Versace to its iconic status today. Featuring images of red-carpet moments, key pieces and stunning catwalk shows, this is a fabulous collection of all things Versace.<\/p>\n","protected":false},"excerpt":{"rendered":"<p>From Elizabeth Hurley&#8217;s safety pin dress to Jennifer Lopez&#8217;s plunging green gown, Versace has always been a brand at the cutting edge of fashion. With a foot firmly placed in pop culture, Versace is beloved by fashionistas and celebrities alike, providing iconic moments like Lil Nas X&#8217;s gold armour at the 2021 Met Gala, many&#8230;<\/p>\n","protected":false},"featured_media":88477,"comment_status":"closed","ping_status":"closed","template":"","meta":[],"product_brand":[],"product_cat":[13533,4519],"product_tag":[6125],"class_list":{"0":"post-88494","1":"product","2":"type-product","3":"status-publish","4":"has-post-thumbnail","6":"product_cat-books","7":"product_cat-fashion-en-en","8":"product_tag-fashion","9":"pa_author_att-laia-farran-graves-en","10":"pa_cover-hardcover","11":"pa_format-13-x-19-cm-en","12":"pa_isbn-9781802792638-en","13":"pa_language-eng","14":"pa_pages-160-en-2","15":"pa_published-2023-03-21-en","16":"pa_publisher-welbeck-publishing-en","18":"first","19":"instock","20":"sold-individually","21":"shipping-taxable","22":"purchasable","23":"product-type-simple"},"yoast_head":"<!-- This site is optimized with the Yoast SEO plugin v27.4 - https:\/\/yoast.com\/product\/yoast-seo-wordpress\/ -->\n<title>The Little Book of Versace. The Story of the Iconic Fashion House (Laia Farran Graves) - book \/ album - Folio<\/title>\n<meta name=\"description\" content=\"Wejd\u017a i kup ksi\u0105\u017ck\u0119 The Little Book of Versace. The Story of the Iconic Fashion House autorstwa Laia Farran Graves wydan\u0105 przez Welbeck Publishing (2023-03-21) w formacie 13 x 19 cm (ISBN: 9781802792638). Zapraszamy!\" \/>\n<meta name=\"robots\" content=\"index, follow, max-snippet:-1, max-image-preview:large, max-video-preview:-1\" \/>\n<link rel=\"canonical\" href=\"https:\/\/foliobooks.pl\/en\/shop\/the-little-book-of-versace-the-story-of-the-iconic-fashion-house\/\" \/>\n<meta property=\"og:locale\" content=\"en_US\" \/>\n<meta property=\"og:type\" content=\"article\" \/>\n<meta property=\"og:title\" content=\"The Little Book of Versace. The Story of the Iconic Fashion House (Laia Farran Graves) - book \/ album - Folio\" \/>\n<meta property=\"og:description\" content=\"Wejd\u017a i kup ksi\u0105\u017ck\u0119 The Little Book of Versace. The Story of the Iconic Fashion House autorstwa Laia Farran Graves wydan\u0105 przez Welbeck Publishing (2023-03-21) w formacie 13 x 19 cm (ISBN: 9781802792638). Zapraszamy!\" \/>\n<meta property=\"og:url\" content=\"https:\/\/foliobooks.pl\/en\/shop\/the-little-book-of-versace-the-story-of-the-iconic-fashion-house\/\" \/>\n<meta property=\"og:site_name\" content=\"Folio\" \/>\n<meta property=\"og:image\" content=\"https:\/\/foliobooks.pl\/wp-content\/uploads\/2023\/06\/9781802792638.png\" \/>\n\t<meta property=\"og:image:width\" content=\"570\" \/>\n\t<meta property=\"og:image:height\" content=\"708\" \/>\n\t<meta property=\"og:image:type\" content=\"image\/png\" \/>\n<meta name=\"twitter:card\" content=\"summary_large_image\" \/>\n<meta name=\"twitter:label1\" content=\"Est. reading time\" \/>\n\t<meta name=\"twitter:data1\" content=\"1 minute\" \/>\n<script type=\"application\/ld+json\" class=\"yoast-schema-graph\">{\"@context\":\"https:\\\/\\\/schema.org\",\"@graph\":[{\"@type\":\"WebPage\",\"@id\":\"https:\\\/\\\/foliobooks.pl\\\/en\\\/shop\\\/the-little-book-of-versace-the-story-of-the-iconic-fashion-house\\\/\",\"url\":\"https:\\\/\\\/foliobooks.pl\\\/en\\\/shop\\\/the-little-book-of-versace-the-story-of-the-iconic-fashion-house\\\/\",\"name\":\"The Little Book of Versace. The Story of the Iconic Fashion House (Laia Farran Graves) - book \\\/ album - Folio\",\"isPartOf\":{\"@id\":\"https:\\\/\\\/foliobooks.pl\\\/en\\\/#website\"},\"primaryImageOfPage\":{\"@id\":\"https:\\\/\\\/foliobooks.pl\\\/en\\\/shop\\\/the-little-book-of-versace-the-story-of-the-iconic-fashion-house\\\/#primaryimage\"},\"image\":{\"@id\":\"https:\\\/\\\/foliobooks.pl\\\/en\\\/shop\\\/the-little-book-of-versace-the-story-of-the-iconic-fashion-house\\\/#primaryimage\"},\"thumbnailUrl\":\"https:\\\/\\\/foliobooks.pl\\\/wp-content\\\/uploads\\\/2023\\\/06\\\/9781802792638.png\",\"datePublished\":\"2023-06-29T19:05:54+00:00\",\"description\":\"Wejd\u017a i kup ksi\u0105\u017ck\u0119 The Little Book of Versace. The Story of the Iconic Fashion House autorstwa Laia Farran Graves wydan\u0105 przez Welbeck Publishing (2023-03-21) w formacie 13 x 19 cm (ISBN: 9781802792638). Zapraszamy!\",\"breadcrumb\":{\"@id\":\"https:\\\/\\\/foliobooks.pl\\\/en\\\/shop\\\/the-little-book-of-versace-the-story-of-the-iconic-fashion-house\\\/#breadcrumb\"},\"inLanguage\":\"en-US\",\"potentialAction\":[{\"@type\":\"ReadAction\",\"target\":[\"https:\\\/\\\/foliobooks.pl\\\/en\\\/shop\\\/the-little-book-of-versace-the-story-of-the-iconic-fashion-house\\\/\"]}]},{\"@type\":\"ImageObject\",\"inLanguage\":\"en-US\",\"@id\":\"https:\\\/\\\/foliobooks.pl\\\/en\\\/shop\\\/the-little-book-of-versace-the-story-of-the-iconic-fashion-house\\\/#primaryimage\",\"url\":\"https:\\\/\\\/foliobooks.pl\\\/wp-content\\\/uploads\\\/2023\\\/06\\\/9781802792638.png\",\"contentUrl\":\"https:\\\/\\\/foliobooks.pl\\\/wp-content\\\/uploads\\\/2023\\\/06\\\/9781802792638.png\",\"width\":570,\"height\":708},{\"@type\":\"BreadcrumbList\",\"@id\":\"https:\\\/\\\/foliobooks.pl\\\/en\\\/shop\\\/the-little-book-of-versace-the-story-of-the-iconic-fashion-house\\\/#breadcrumb\",\"itemListElement\":[{\"@type\":\"ListItem\",\"position\":1,\"name\":\"Strona g\u0142\u00f3wna\",\"item\":\"https:\\\/\\\/foliobooks.pl\\\/en\\\/\"},{\"@type\":\"ListItem\",\"position\":2,\"name\":\"Shop\",\"item\":\"https:\\\/\\\/foliobooks.pl\\\/en\\\/shop\\\/\"},{\"@type\":\"ListItem\",\"position\":3,\"name\":\"The Little Book of Versace. The Story of the Iconic Fashion House\"}]},{\"@type\":\"WebSite\",\"@id\":\"https:\\\/\\\/foliobooks.pl\\\/en\\\/#website\",\"url\":\"https:\\\/\\\/foliobooks.pl\\\/en\\\/\",\"name\":\"Folio\",\"description\":\"Ksi\u0119garnia internetowa\",\"potentialAction\":[{\"@type\":\"SearchAction\",\"target\":{\"@type\":\"EntryPoint\",\"urlTemplate\":\"https:\\\/\\\/foliobooks.pl\\\/en\\\/?s={search_term_string}\"},\"query-input\":{\"@type\":\"PropertyValueSpecification\",\"valueRequired\":true,\"valueName\":\"search_term_string\"}}],\"inLanguage\":\"en-US\"}]}<\/script>\n<!-- \/ Yoast SEO plugin. -->","yoast_head_json":{"title":"The Little Book of Versace. The Story of the Iconic Fashion House (Laia Farran Graves) - book \/ album - Folio","description":"Wejd\u017a i kup ksi\u0105\u017ck\u0119 The Little Book of Versace. The Story of the Iconic Fashion House autorstwa Laia Farran Graves wydan\u0105 przez Welbeck Publishing (2023-03-21) w formacie 13 x 19 cm (ISBN: 9781802792638). Zapraszamy!","robots":{"index":"index","follow":"follow","max-snippet":"max-snippet:-1","max-image-preview":"max-image-preview:large","max-video-preview":"max-video-preview:-1"},"canonical":"https:\/\/foliobooks.pl\/en\/shop\/the-little-book-of-versace-the-story-of-the-iconic-fashion-house\/","og_locale":"en_US","og_type":"article","og_title":"The Little Book of Versace. The Story of the Iconic Fashion House (Laia Farran Graves) - book \/ album - Folio","og_description":"Wejd\u017a i kup ksi\u0105\u017ck\u0119 The Little Book of Versace. The Story of the Iconic Fashion House autorstwa Laia Farran Graves wydan\u0105 przez Welbeck Publishing (2023-03-21) w formacie 13 x 19 cm (ISBN: 9781802792638). Zapraszamy!","og_url":"https:\/\/foliobooks.pl\/en\/shop\/the-little-book-of-versace-the-story-of-the-iconic-fashion-house\/","og_site_name":"Folio","og_image":[{"width":570,"height":708,"url":"https:\/\/foliobooks.pl\/wp-content\/uploads\/2023\/06\/9781802792638.png","type":"image\/png"}],"twitter_card":"summary_large_image","twitter_misc":{"Est. reading time":"1 minute"},"schema":{"@context":"https:\/\/schema.org","@graph":[{"@type":"WebPage","@id":"https:\/\/foliobooks.pl\/en\/shop\/the-little-book-of-versace-the-story-of-the-iconic-fashion-house\/","url":"https:\/\/foliobooks.pl\/en\/shop\/the-little-book-of-versace-the-story-of-the-iconic-fashion-house\/","name":"The Little Book of Versace. The Story of the Iconic Fashion House (Laia Farran Graves) - book \/ album - Folio","isPartOf":{"@id":"https:\/\/foliobooks.pl\/en\/#website"},"primaryImageOfPage":{"@id":"https:\/\/foliobooks.pl\/en\/shop\/the-little-book-of-versace-the-story-of-the-iconic-fashion-house\/#primaryimage"},"image":{"@id":"https:\/\/foliobooks.pl\/en\/shop\/the-little-book-of-versace-the-story-of-the-iconic-fashion-house\/#primaryimage"},"thumbnailUrl":"https:\/\/foliobooks.pl\/wp-content\/uploads\/2023\/06\/9781802792638.png","datePublished":"2023-06-29T19:05:54+00:00","description":"Wejd\u017a i kup ksi\u0105\u017ck\u0119 The Little Book of Versace. The Story of the Iconic Fashion House autorstwa Laia Farran Graves wydan\u0105 przez Welbeck Publishing (2023-03-21) w formacie 13 x 19 cm (ISBN: 9781802792638). Zapraszamy!","breadcrumb":{"@id":"https:\/\/foliobooks.pl\/en\/shop\/the-little-book-of-versace-the-story-of-the-iconic-fashion-house\/#breadcrumb"},"inLanguage":"en-US","potentialAction":[{"@type":"ReadAction","target":["https:\/\/foliobooks.pl\/en\/shop\/the-little-book-of-versace-the-story-of-the-iconic-fashion-house\/"]}]},{"@type":"ImageObject","inLanguage":"en-US","@id":"https:\/\/foliobooks.pl\/en\/shop\/the-little-book-of-versace-the-story-of-the-iconic-fashion-house\/#primaryimage","url":"https:\/\/foliobooks.pl\/wp-content\/uploads\/2023\/06\/9781802792638.png","contentUrl":"https:\/\/foliobooks.pl\/wp-content\/uploads\/2023\/06\/9781802792638.png","width":570,"height":708},{"@type":"BreadcrumbList","@id":"https:\/\/foliobooks.pl\/en\/shop\/the-little-book-of-versace-the-story-of-the-iconic-fashion-house\/#breadcrumb","itemListElement":[{"@type":"ListItem","position":1,"name":"Strona g\u0142\u00f3wna","item":"https:\/\/foliobooks.pl\/en\/"},{"@type":"ListItem","position":2,"name":"Shop","item":"https:\/\/foliobooks.pl\/en\/shop\/"},{"@type":"ListItem","position":3,"name":"The Little Book of Versace. The Story of the Iconic Fashion House"}]},{"@type":"WebSite","@id":"https:\/\/foliobooks.pl\/en\/#website","url":"https:\/\/foliobooks.pl\/en\/","name":"Folio","description":"Ksi\u0119garnia internetowa","potentialAction":[{"@type":"SearchAction","target":{"@type":"EntryPoint","urlTemplate":"https:\/\/foliobooks.pl\/en\/?s={search_term_string}"},"query-input":{"@type":"PropertyValueSpecification","valueRequired":true,"valueName":"search_term_string"}}],"inLanguage":"en-US"}]}},"_links":{"self":[{"href":"https:\/\/foliobooks.pl\/en\/wp-json\/wp\/v2\/product\/88494","targetHints":{"allow":["GET"]}}],"collection":[{"href":"https:\/\/foliobooks.pl\/en\/wp-json\/wp\/v2\/product"}],"about":[{"href":"https:\/\/foliobooks.pl\/en\/wp-json\/wp\/v2\/types\/product"}],"replies":[{"embeddable":true,"href":"https:\/\/foliobooks.pl\/en\/wp-json\/wp\/v2\/comments?post=88494"}],"wp:featuredmedia":[{"embeddable":true,"href":"https:\/\/foliobooks.pl\/en\/wp-json\/wp\/v2\/media\/88477"}],"wp:attachment":[{"href":"https:\/\/foliobooks.pl\/en\/wp-json\/wp\/v2\/media?parent=88494"}],"wp:term":[{"taxonomy":"product_brand","embeddable":true,"href":"https:\/\/foliobooks.pl\/en\/wp-json\/wp\/v2\/product_brand?post=88494"},{"taxonomy":"product_cat","embeddable":true,"href":"https:\/\/foliobooks.pl\/en\/wp-json\/wp\/v2\/product_cat?post=88494"},{"taxonomy":"product_tag","embeddable":true,"href":"https:\/\/foliobooks.pl\/en\/wp-json\/wp\/v2\/product_tag?post=88494"}],"curies":[{"name":"wp","href":"https:\/\/api.w.org\/{rel}","templated":true}]}}