{"id":88452,"date":"2023-06-29T20:13:58","date_gmt":"2023-06-29T18:13:58","guid":{"rendered":"https:\/\/foliobooks.pl\/sklep\/josef-koudelka-ikonar-archival-constellations\/"},"modified":"2023-06-29T20:13:58","modified_gmt":"2023-06-29T18:13:58","slug":"josef-koudelka-ikonar-archival-constellations","status":"publish","type":"product","link":"https:\/\/foliobooks.pl\/en\/shop\/josef-koudelka-ikonar-archival-constellations\/","title":{"rendered":"Josef Koudelka. Ikonar Archival Constellations"},"content":{"rendered":"<p>\u201cIkonar\u201d (\u201cmaker of icons\u201d) is the nickname bestowed on the Czech French photographer Josef Koudelka (born 1938) by a group of Roma he encountered on his travels. The group assigned this name to Koudelka quite aptly; for some time, they had been treating his famous photographs of Roma communities as quasi-religious icons in their places of prayer. Josef Koudelka: Ikonar is the first survey of the photographer to explore in depth his personal archive: 30,000 35mm contact sheets covering the years from 1960 to 2012.<\/p>\n<p>The catalog is structured around key works from his most important series, including Theatre, Gypsies and Invasion 68: Prague and Exiles. It also includes a section entirely devoted to Koudelka\u2019s archive, analyzing its role in his personal and artistic journey, as well as a selection of works from his key books. Altogether, the book addresses some of the central paradoxes of Koudelka\u2019s work, life and career: a nomadic life versus an unrelenting focus on collecting and archiving, and a constant revision and reworking of his iconic works versus a \u201cmaximalist\u201d philosophical agenda.<\/p>\n","protected":false},"excerpt":{"rendered":"<p>\u201cIkonar\u201d (\u201cmaker of icons\u201d) is the nickname bestowed on the Czech French photographer Josef Koudelka (born 1938) by a group of Roma he encountered on his travels. The group assigned this name to Koudelka quite aptly; for some time, they had been treating his famous photographs of Roma communities as quasi-religious icons in their places&#8230;<\/p>\n","protected":false},"featured_media":88435,"comment_status":"closed","ping_status":"closed","template":"","meta":[],"product_brand":[],"product_cat":[13533,4517],"product_tag":[6121],"class_list":{"0":"post-88452","1":"product","2":"type-product","3":"status-publish","4":"has-post-thumbnail","6":"product_cat-books","7":"product_cat-photography-en","8":"product_tag-photography","9":"pa_author_att-lars-willumeit-en","10":"pa_cover-softcover","11":"pa_format-24-x-33-cm-en","12":"pa_isbn-9783959056304-en","13":"pa_language-eng","14":"pa_pages-262-en","15":"pa_published-2023-05-30-en","16":"pa_publisher-spector-books-en","18":"first","19":"outofstock","20":"sold-individually","21":"shipping-taxable","22":"purchasable","23":"product-type-simple"},"yoast_head":"<!-- This site is optimized with the Yoast SEO plugin v27.4 - https:\/\/yoast.com\/product\/yoast-seo-wordpress\/ -->\n<title>Josef Koudelka. Ikonar Archival Constellations (Lars Willumeit) - book \/ album - Folio<\/title>\n<meta name=\"description\" content=\"Wejd\u017a i kup ksi\u0105\u017ck\u0119 Josef Koudelka. Ikonar Archival Constellations autorstwa Lars Willumeit wydan\u0105 przez Spector Books (2023-05-30) w formacie 24 x 33 cm (ISBN: 9783959056304). Zapraszamy!\" \/>\n<meta name=\"robots\" content=\"index, follow, max-snippet:-1, max-image-preview:large, max-video-preview:-1\" \/>\n<link rel=\"canonical\" href=\"https:\/\/foliobooks.pl\/en\/shop\/josef-koudelka-ikonar-archival-constellations\/\" \/>\n<meta property=\"og:locale\" content=\"en_US\" \/>\n<meta property=\"og:type\" content=\"article\" \/>\n<meta property=\"og:title\" content=\"Josef Koudelka. Ikonar Archival Constellations (Lars Willumeit) - book \/ album - Folio\" \/>\n<meta property=\"og:description\" content=\"Wejd\u017a i kup ksi\u0105\u017ck\u0119 Josef Koudelka. Ikonar Archival Constellations autorstwa Lars Willumeit wydan\u0105 przez Spector Books (2023-05-30) w formacie 24 x 33 cm (ISBN: 9783959056304). Zapraszamy!\" \/>\n<meta property=\"og:url\" content=\"https:\/\/foliobooks.pl\/en\/shop\/josef-koudelka-ikonar-archival-constellations\/\" \/>\n<meta property=\"og:site_name\" content=\"Folio\" \/>\n<meta property=\"og:image\" content=\"https:\/\/foliobooks.pl\/wp-content\/uploads\/2023\/06\/9783959056304.png\" \/>\n\t<meta property=\"og:image:width\" content=\"570\" \/>\n\t<meta property=\"og:image:height\" content=\"708\" \/>\n\t<meta property=\"og:image:type\" content=\"image\/png\" \/>\n<meta name=\"twitter:card\" content=\"summary_large_image\" \/>\n<meta name=\"twitter:label1\" content=\"Est. reading time\" \/>\n\t<meta name=\"twitter:data1\" content=\"2 minutes\" \/>\n<script type=\"application\/ld+json\" class=\"yoast-schema-graph\">{\"@context\":\"https:\\\/\\\/schema.org\",\"@graph\":[{\"@type\":\"WebPage\",\"@id\":\"https:\\\/\\\/foliobooks.pl\\\/en\\\/shop\\\/josef-koudelka-ikonar-archival-constellations\\\/\",\"url\":\"https:\\\/\\\/foliobooks.pl\\\/en\\\/shop\\\/josef-koudelka-ikonar-archival-constellations\\\/\",\"name\":\"Josef Koudelka. Ikonar Archival Constellations (Lars Willumeit) - book \\\/ album - Folio\",\"isPartOf\":{\"@id\":\"https:\\\/\\\/foliobooks.pl\\\/en\\\/#website\"},\"primaryImageOfPage\":{\"@id\":\"https:\\\/\\\/foliobooks.pl\\\/en\\\/shop\\\/josef-koudelka-ikonar-archival-constellations\\\/#primaryimage\"},\"image\":{\"@id\":\"https:\\\/\\\/foliobooks.pl\\\/en\\\/shop\\\/josef-koudelka-ikonar-archival-constellations\\\/#primaryimage\"},\"thumbnailUrl\":\"https:\\\/\\\/foliobooks.pl\\\/wp-content\\\/uploads\\\/2023\\\/06\\\/9783959056304.png\",\"datePublished\":\"2023-06-29T18:13:58+00:00\",\"description\":\"Wejd\u017a i kup ksi\u0105\u017ck\u0119 Josef Koudelka. Ikonar Archival Constellations autorstwa Lars Willumeit wydan\u0105 przez Spector Books (2023-05-30) w formacie 24 x 33 cm (ISBN: 9783959056304). Zapraszamy!\",\"breadcrumb\":{\"@id\":\"https:\\\/\\\/foliobooks.pl\\\/en\\\/shop\\\/josef-koudelka-ikonar-archival-constellations\\\/#breadcrumb\"},\"inLanguage\":\"en-US\",\"potentialAction\":[{\"@type\":\"ReadAction\",\"target\":[\"https:\\\/\\\/foliobooks.pl\\\/en\\\/shop\\\/josef-koudelka-ikonar-archival-constellations\\\/\"]}]},{\"@type\":\"ImageObject\",\"inLanguage\":\"en-US\",\"@id\":\"https:\\\/\\\/foliobooks.pl\\\/en\\\/shop\\\/josef-koudelka-ikonar-archival-constellations\\\/#primaryimage\",\"url\":\"https:\\\/\\\/foliobooks.pl\\\/wp-content\\\/uploads\\\/2023\\\/06\\\/9783959056304.png\",\"contentUrl\":\"https:\\\/\\\/foliobooks.pl\\\/wp-content\\\/uploads\\\/2023\\\/06\\\/9783959056304.png\",\"width\":570,\"height\":708},{\"@type\":\"BreadcrumbList\",\"@id\":\"https:\\\/\\\/foliobooks.pl\\\/en\\\/shop\\\/josef-koudelka-ikonar-archival-constellations\\\/#breadcrumb\",\"itemListElement\":[{\"@type\":\"ListItem\",\"position\":1,\"name\":\"Strona g\u0142\u00f3wna\",\"item\":\"https:\\\/\\\/foliobooks.pl\\\/en\\\/\"},{\"@type\":\"ListItem\",\"position\":2,\"name\":\"Shop\",\"item\":\"https:\\\/\\\/foliobooks.pl\\\/en\\\/shop\\\/\"},{\"@type\":\"ListItem\",\"position\":3,\"name\":\"Josef Koudelka. Ikonar Archival Constellations\"}]},{\"@type\":\"WebSite\",\"@id\":\"https:\\\/\\\/foliobooks.pl\\\/en\\\/#website\",\"url\":\"https:\\\/\\\/foliobooks.pl\\\/en\\\/\",\"name\":\"Folio\",\"description\":\"Ksi\u0119garnia internetowa\",\"potentialAction\":[{\"@type\":\"SearchAction\",\"target\":{\"@type\":\"EntryPoint\",\"urlTemplate\":\"https:\\\/\\\/foliobooks.pl\\\/en\\\/?s={search_term_string}\"},\"query-input\":{\"@type\":\"PropertyValueSpecification\",\"valueRequired\":true,\"valueName\":\"search_term_string\"}}],\"inLanguage\":\"en-US\"}]}<\/script>\n<!-- \/ Yoast SEO plugin. -->","yoast_head_json":{"title":"Josef Koudelka. Ikonar Archival Constellations (Lars Willumeit) - book \/ album - Folio","description":"Wejd\u017a i kup ksi\u0105\u017ck\u0119 Josef Koudelka. Ikonar Archival Constellations autorstwa Lars Willumeit wydan\u0105 przez Spector Books (2023-05-30) w formacie 24 x 33 cm (ISBN: 9783959056304). Zapraszamy!","robots":{"index":"index","follow":"follow","max-snippet":"max-snippet:-1","max-image-preview":"max-image-preview:large","max-video-preview":"max-video-preview:-1"},"canonical":"https:\/\/foliobooks.pl\/en\/shop\/josef-koudelka-ikonar-archival-constellations\/","og_locale":"en_US","og_type":"article","og_title":"Josef Koudelka. Ikonar Archival Constellations (Lars Willumeit) - book \/ album - Folio","og_description":"Wejd\u017a i kup ksi\u0105\u017ck\u0119 Josef Koudelka. Ikonar Archival Constellations autorstwa Lars Willumeit wydan\u0105 przez Spector Books (2023-05-30) w formacie 24 x 33 cm (ISBN: 9783959056304). Zapraszamy!","og_url":"https:\/\/foliobooks.pl\/en\/shop\/josef-koudelka-ikonar-archival-constellations\/","og_site_name":"Folio","og_image":[{"width":570,"height":708,"url":"https:\/\/foliobooks.pl\/wp-content\/uploads\/2023\/06\/9783959056304.png","type":"image\/png"}],"twitter_card":"summary_large_image","twitter_misc":{"Est. reading time":"2 minutes"},"schema":{"@context":"https:\/\/schema.org","@graph":[{"@type":"WebPage","@id":"https:\/\/foliobooks.pl\/en\/shop\/josef-koudelka-ikonar-archival-constellations\/","url":"https:\/\/foliobooks.pl\/en\/shop\/josef-koudelka-ikonar-archival-constellations\/","name":"Josef Koudelka. Ikonar Archival Constellations (Lars Willumeit) - book \/ album - Folio","isPartOf":{"@id":"https:\/\/foliobooks.pl\/en\/#website"},"primaryImageOfPage":{"@id":"https:\/\/foliobooks.pl\/en\/shop\/josef-koudelka-ikonar-archival-constellations\/#primaryimage"},"image":{"@id":"https:\/\/foliobooks.pl\/en\/shop\/josef-koudelka-ikonar-archival-constellations\/#primaryimage"},"thumbnailUrl":"https:\/\/foliobooks.pl\/wp-content\/uploads\/2023\/06\/9783959056304.png","datePublished":"2023-06-29T18:13:58+00:00","description":"Wejd\u017a i kup ksi\u0105\u017ck\u0119 Josef Koudelka. Ikonar Archival Constellations autorstwa Lars Willumeit wydan\u0105 przez Spector Books (2023-05-30) w formacie 24 x 33 cm (ISBN: 9783959056304). Zapraszamy!","breadcrumb":{"@id":"https:\/\/foliobooks.pl\/en\/shop\/josef-koudelka-ikonar-archival-constellations\/#breadcrumb"},"inLanguage":"en-US","potentialAction":[{"@type":"ReadAction","target":["https:\/\/foliobooks.pl\/en\/shop\/josef-koudelka-ikonar-archival-constellations\/"]}]},{"@type":"ImageObject","inLanguage":"en-US","@id":"https:\/\/foliobooks.pl\/en\/shop\/josef-koudelka-ikonar-archival-constellations\/#primaryimage","url":"https:\/\/foliobooks.pl\/wp-content\/uploads\/2023\/06\/9783959056304.png","contentUrl":"https:\/\/foliobooks.pl\/wp-content\/uploads\/2023\/06\/9783959056304.png","width":570,"height":708},{"@type":"BreadcrumbList","@id":"https:\/\/foliobooks.pl\/en\/shop\/josef-koudelka-ikonar-archival-constellations\/#breadcrumb","itemListElement":[{"@type":"ListItem","position":1,"name":"Strona g\u0142\u00f3wna","item":"https:\/\/foliobooks.pl\/en\/"},{"@type":"ListItem","position":2,"name":"Shop","item":"https:\/\/foliobooks.pl\/en\/shop\/"},{"@type":"ListItem","position":3,"name":"Josef Koudelka. Ikonar Archival Constellations"}]},{"@type":"WebSite","@id":"https:\/\/foliobooks.pl\/en\/#website","url":"https:\/\/foliobooks.pl\/en\/","name":"Folio","description":"Ksi\u0119garnia internetowa","potentialAction":[{"@type":"SearchAction","target":{"@type":"EntryPoint","urlTemplate":"https:\/\/foliobooks.pl\/en\/?s={search_term_string}"},"query-input":{"@type":"PropertyValueSpecification","valueRequired":true,"valueName":"search_term_string"}}],"inLanguage":"en-US"}]}},"_links":{"self":[{"href":"https:\/\/foliobooks.pl\/en\/wp-json\/wp\/v2\/product\/88452","targetHints":{"allow":["GET"]}}],"collection":[{"href":"https:\/\/foliobooks.pl\/en\/wp-json\/wp\/v2\/product"}],"about":[{"href":"https:\/\/foliobooks.pl\/en\/wp-json\/wp\/v2\/types\/product"}],"replies":[{"embeddable":true,"href":"https:\/\/foliobooks.pl\/en\/wp-json\/wp\/v2\/comments?post=88452"}],"wp:featuredmedia":[{"embeddable":true,"href":"https:\/\/foliobooks.pl\/en\/wp-json\/wp\/v2\/media\/88435"}],"wp:attachment":[{"href":"https:\/\/foliobooks.pl\/en\/wp-json\/wp\/v2\/media?parent=88452"}],"wp:term":[{"taxonomy":"product_brand","embeddable":true,"href":"https:\/\/foliobooks.pl\/en\/wp-json\/wp\/v2\/product_brand?post=88452"},{"taxonomy":"product_cat","embeddable":true,"href":"https:\/\/foliobooks.pl\/en\/wp-json\/wp\/v2\/product_cat?post=88452"},{"taxonomy":"product_tag","embeddable":true,"href":"https:\/\/foliobooks.pl\/en\/wp-json\/wp\/v2\/product_tag?post=88452"}],"curies":[{"name":"wp","href":"https:\/\/api.w.org\/{rel}","templated":true}]}}