{"id":87842,"date":"2023-06-20T15:29:35","date_gmt":"2023-06-20T13:29:35","guid":{"rendered":"https:\/\/foliobooks.pl\/sklep\/karl-lagerfeld-a-line-of-beauty\/"},"modified":"2025-10-23T13:27:05","modified_gmt":"2025-10-23T11:27:05","slug":"karl-lagerfeld-a-line-of-beauty","status":"publish","type":"product","link":"https:\/\/foliobooks.pl\/en\/shop\/karl-lagerfeld-a-line-of-beauty\/","title":{"rendered":"Karl Lagerfeld. A Line of Beauty"},"content":{"rendered":"<p>This first complete investigation into Karl Lagerfeld\u2019s (1933\u20132019) artistry explores his extraordinary 65-year career, from the designs for Chlo\u00e9 and Fendi in the 1960s and 1970s to his celebrated leadership in the 1980s and beyond at Chanel and with his own label. Inspired by the \u201cline of beauty\u201d theorized by eighteenth-century English painter William Hogarth, this dazzling publication pursues the straight and serpentine \u201clines\u201d and their intersections in Lagerfeld\u2019s work as a means of understanding his unique creative process.<\/p>\n<p>The book\u2019s elegant parchment and cloth cover, emulating an artist\u2019s portfolio, opens onto a pageant of stunning new photography by Julia Hetta of Lagerfeld\u2019s fashion alongside the designer\u2019s original sketches. The juxtaposition of drawings with finished pieces offers a window into Lagerfeld\u2019s creative brilliance. Texts include personal reflections from Lagerfeld\u2019s premi\u00e8res d\u2019ateliers\u2014the seamstresses behind his extraordinary creations\u2014as well as Anna Wintour, Patrick Hourcade, Amanda Harlech, and Tadao Ando. Not only a lavish objet but also an important resource on Lagerfeld, the book concludes with an illustrated timeline of the designer\u2019s long and illustrious career.<\/p>\n","protected":false},"excerpt":{"rendered":"<p>This first complete investigation into Karl Lagerfeld\u2019s (1933\u20132019) artistry explores his extraordinary 65-year career, from the designs for Chlo\u00e9 and Fendi in the 1960s and 1970s to his celebrated leadership in the 1980s and beyond at Chanel and with his own label. Inspired by the \u201cline of beauty\u201d theorized by eighteenth-century English painter William Hogarth,&#8230;<\/p>\n","protected":false},"featured_media":87829,"comment_status":"closed","ping_status":"closed","template":"","meta":[],"product_brand":[],"product_cat":[13533,4523,4519],"product_tag":[6125],"class_list":{"0":"post-87842","1":"product","2":"type-product","3":"status-publish","4":"has-post-thumbnail","6":"product_cat-books","7":"product_cat-design-en-en","8":"product_cat-fashion-en-en","9":"product_tag-fashion","10":"pa_author_att-andrew-bolton-en","11":"pa_cover-hardcover","12":"pa_format-33-x-288-cm-en","13":"pa_isbn-9781588397584-en","14":"pa_language-eng","15":"pa_pages-436-en","16":"pa_published-2023-05-30-en","17":"pa_publisher-metropolitan-museum-of-art-en","19":"first","20":"instock","21":"sale","22":"featured","23":"sold-individually","24":"shipping-taxable","25":"purchasable","26":"product-type-simple"},"yoast_head":"<!-- This site is optimized with the Yoast SEO plugin v27.4 - https:\/\/yoast.com\/product\/yoast-seo-wordpress\/ -->\n<title>Karl Lagerfeld. A Line of Beauty (Andrew Bolton) - book \/ album - Folio<\/title>\n<meta name=\"description\" content=\"Wejd\u017a i kup ksi\u0105\u017ck\u0119 Karl Lagerfeld. A Line of Beauty autorstwa Andrew Bolton wydan\u0105 przez Metropolitan Museum of Art (2023-05-30) w formacie 33 x 28,8 cm (ISBN: 9781588397584). Zapraszamy!\" \/>\n<meta name=\"robots\" content=\"index, follow, max-snippet:-1, max-image-preview:large, max-video-preview:-1\" \/>\n<link rel=\"canonical\" href=\"https:\/\/foliobooks.pl\/en\/shop\/karl-lagerfeld-a-line-of-beauty\/\" \/>\n<meta property=\"og:locale\" content=\"en_US\" \/>\n<meta property=\"og:type\" content=\"article\" \/>\n<meta property=\"og:title\" content=\"Karl Lagerfeld. A Line of Beauty (Andrew Bolton) - book \/ album - Folio\" \/>\n<meta property=\"og:description\" content=\"Wejd\u017a i kup ksi\u0105\u017ck\u0119 Karl Lagerfeld. A Line of Beauty autorstwa Andrew Bolton wydan\u0105 przez Metropolitan Museum of Art (2023-05-30) w formacie 33 x 28,8 cm (ISBN: 9781588397584). Zapraszamy!\" \/>\n<meta property=\"og:url\" content=\"https:\/\/foliobooks.pl\/en\/shop\/karl-lagerfeld-a-line-of-beauty\/\" \/>\n<meta property=\"og:site_name\" content=\"Folio\" \/>\n<meta property=\"article:modified_time\" content=\"2025-10-23T11:27:05+00:00\" \/>\n<meta property=\"og:image\" content=\"https:\/\/foliobooks.pl\/wp-content\/uploads\/2023\/06\/9781588397584.png\" \/>\n\t<meta property=\"og:image:width\" content=\"570\" \/>\n\t<meta property=\"og:image:height\" content=\"708\" \/>\n\t<meta property=\"og:image:type\" content=\"image\/png\" \/>\n<meta name=\"twitter:card\" content=\"summary_large_image\" \/>\n<meta name=\"twitter:label1\" content=\"Est. reading time\" \/>\n\t<meta name=\"twitter:data1\" content=\"2 minutes\" \/>\n<script type=\"application\/ld+json\" class=\"yoast-schema-graph\">{\"@context\":\"https:\\\/\\\/schema.org\",\"@graph\":[{\"@type\":\"WebPage\",\"@id\":\"https:\\\/\\\/foliobooks.pl\\\/en\\\/shop\\\/karl-lagerfeld-a-line-of-beauty\\\/\",\"url\":\"https:\\\/\\\/foliobooks.pl\\\/en\\\/shop\\\/karl-lagerfeld-a-line-of-beauty\\\/\",\"name\":\"Karl Lagerfeld. A Line of Beauty (Andrew Bolton) - book \\\/ album - Folio\",\"isPartOf\":{\"@id\":\"https:\\\/\\\/foliobooks.pl\\\/en\\\/#website\"},\"primaryImageOfPage\":{\"@id\":\"https:\\\/\\\/foliobooks.pl\\\/en\\\/shop\\\/karl-lagerfeld-a-line-of-beauty\\\/#primaryimage\"},\"image\":{\"@id\":\"https:\\\/\\\/foliobooks.pl\\\/en\\\/shop\\\/karl-lagerfeld-a-line-of-beauty\\\/#primaryimage\"},\"thumbnailUrl\":\"https:\\\/\\\/foliobooks.pl\\\/wp-content\\\/uploads\\\/2023\\\/06\\\/9781588397584.png\",\"datePublished\":\"2023-06-20T13:29:35+00:00\",\"dateModified\":\"2025-10-23T11:27:05+00:00\",\"description\":\"Wejd\u017a i kup ksi\u0105\u017ck\u0119 Karl Lagerfeld. A Line of Beauty autorstwa Andrew Bolton wydan\u0105 przez Metropolitan Museum of Art (2023-05-30) w formacie 33 x 28,8 cm (ISBN: 9781588397584). Zapraszamy!\",\"breadcrumb\":{\"@id\":\"https:\\\/\\\/foliobooks.pl\\\/en\\\/shop\\\/karl-lagerfeld-a-line-of-beauty\\\/#breadcrumb\"},\"inLanguage\":\"en-US\",\"potentialAction\":[{\"@type\":\"ReadAction\",\"target\":[\"https:\\\/\\\/foliobooks.pl\\\/en\\\/shop\\\/karl-lagerfeld-a-line-of-beauty\\\/\"]}]},{\"@type\":\"ImageObject\",\"inLanguage\":\"en-US\",\"@id\":\"https:\\\/\\\/foliobooks.pl\\\/en\\\/shop\\\/karl-lagerfeld-a-line-of-beauty\\\/#primaryimage\",\"url\":\"https:\\\/\\\/foliobooks.pl\\\/wp-content\\\/uploads\\\/2023\\\/06\\\/9781588397584.png\",\"contentUrl\":\"https:\\\/\\\/foliobooks.pl\\\/wp-content\\\/uploads\\\/2023\\\/06\\\/9781588397584.png\",\"width\":570,\"height\":708},{\"@type\":\"BreadcrumbList\",\"@id\":\"https:\\\/\\\/foliobooks.pl\\\/en\\\/shop\\\/karl-lagerfeld-a-line-of-beauty\\\/#breadcrumb\",\"itemListElement\":[{\"@type\":\"ListItem\",\"position\":1,\"name\":\"Strona g\u0142\u00f3wna\",\"item\":\"https:\\\/\\\/foliobooks.pl\\\/en\\\/\"},{\"@type\":\"ListItem\",\"position\":2,\"name\":\"Shop\",\"item\":\"https:\\\/\\\/foliobooks.pl\\\/en\\\/shop\\\/\"},{\"@type\":\"ListItem\",\"position\":3,\"name\":\"Karl Lagerfeld. A Line of Beauty\"}]},{\"@type\":\"WebSite\",\"@id\":\"https:\\\/\\\/foliobooks.pl\\\/en\\\/#website\",\"url\":\"https:\\\/\\\/foliobooks.pl\\\/en\\\/\",\"name\":\"Folio\",\"description\":\"Ksi\u0119garnia internetowa\",\"potentialAction\":[{\"@type\":\"SearchAction\",\"target\":{\"@type\":\"EntryPoint\",\"urlTemplate\":\"https:\\\/\\\/foliobooks.pl\\\/en\\\/?s={search_term_string}\"},\"query-input\":{\"@type\":\"PropertyValueSpecification\",\"valueRequired\":true,\"valueName\":\"search_term_string\"}}],\"inLanguage\":\"en-US\"}]}<\/script>\n<!-- \/ Yoast SEO plugin. -->","yoast_head_json":{"title":"Karl Lagerfeld. A Line of Beauty (Andrew Bolton) - book \/ album - Folio","description":"Wejd\u017a i kup ksi\u0105\u017ck\u0119 Karl Lagerfeld. A Line of Beauty autorstwa Andrew Bolton wydan\u0105 przez Metropolitan Museum of Art (2023-05-30) w formacie 33 x 28,8 cm (ISBN: 9781588397584). Zapraszamy!","robots":{"index":"index","follow":"follow","max-snippet":"max-snippet:-1","max-image-preview":"max-image-preview:large","max-video-preview":"max-video-preview:-1"},"canonical":"https:\/\/foliobooks.pl\/en\/shop\/karl-lagerfeld-a-line-of-beauty\/","og_locale":"en_US","og_type":"article","og_title":"Karl Lagerfeld. A Line of Beauty (Andrew Bolton) - book \/ album - Folio","og_description":"Wejd\u017a i kup ksi\u0105\u017ck\u0119 Karl Lagerfeld. A Line of Beauty autorstwa Andrew Bolton wydan\u0105 przez Metropolitan Museum of Art (2023-05-30) w formacie 33 x 28,8 cm (ISBN: 9781588397584). Zapraszamy!","og_url":"https:\/\/foliobooks.pl\/en\/shop\/karl-lagerfeld-a-line-of-beauty\/","og_site_name":"Folio","article_modified_time":"2025-10-23T11:27:05+00:00","og_image":[{"width":570,"height":708,"url":"https:\/\/foliobooks.pl\/wp-content\/uploads\/2023\/06\/9781588397584.png","type":"image\/png"}],"twitter_card":"summary_large_image","twitter_misc":{"Est. reading time":"2 minutes"},"schema":{"@context":"https:\/\/schema.org","@graph":[{"@type":"WebPage","@id":"https:\/\/foliobooks.pl\/en\/shop\/karl-lagerfeld-a-line-of-beauty\/","url":"https:\/\/foliobooks.pl\/en\/shop\/karl-lagerfeld-a-line-of-beauty\/","name":"Karl Lagerfeld. A Line of Beauty (Andrew Bolton) - book \/ album - Folio","isPartOf":{"@id":"https:\/\/foliobooks.pl\/en\/#website"},"primaryImageOfPage":{"@id":"https:\/\/foliobooks.pl\/en\/shop\/karl-lagerfeld-a-line-of-beauty\/#primaryimage"},"image":{"@id":"https:\/\/foliobooks.pl\/en\/shop\/karl-lagerfeld-a-line-of-beauty\/#primaryimage"},"thumbnailUrl":"https:\/\/foliobooks.pl\/wp-content\/uploads\/2023\/06\/9781588397584.png","datePublished":"2023-06-20T13:29:35+00:00","dateModified":"2025-10-23T11:27:05+00:00","description":"Wejd\u017a i kup ksi\u0105\u017ck\u0119 Karl Lagerfeld. A Line of Beauty autorstwa Andrew Bolton wydan\u0105 przez Metropolitan Museum of Art (2023-05-30) w formacie 33 x 28,8 cm (ISBN: 9781588397584). Zapraszamy!","breadcrumb":{"@id":"https:\/\/foliobooks.pl\/en\/shop\/karl-lagerfeld-a-line-of-beauty\/#breadcrumb"},"inLanguage":"en-US","potentialAction":[{"@type":"ReadAction","target":["https:\/\/foliobooks.pl\/en\/shop\/karl-lagerfeld-a-line-of-beauty\/"]}]},{"@type":"ImageObject","inLanguage":"en-US","@id":"https:\/\/foliobooks.pl\/en\/shop\/karl-lagerfeld-a-line-of-beauty\/#primaryimage","url":"https:\/\/foliobooks.pl\/wp-content\/uploads\/2023\/06\/9781588397584.png","contentUrl":"https:\/\/foliobooks.pl\/wp-content\/uploads\/2023\/06\/9781588397584.png","width":570,"height":708},{"@type":"BreadcrumbList","@id":"https:\/\/foliobooks.pl\/en\/shop\/karl-lagerfeld-a-line-of-beauty\/#breadcrumb","itemListElement":[{"@type":"ListItem","position":1,"name":"Strona g\u0142\u00f3wna","item":"https:\/\/foliobooks.pl\/en\/"},{"@type":"ListItem","position":2,"name":"Shop","item":"https:\/\/foliobooks.pl\/en\/shop\/"},{"@type":"ListItem","position":3,"name":"Karl Lagerfeld. A Line of Beauty"}]},{"@type":"WebSite","@id":"https:\/\/foliobooks.pl\/en\/#website","url":"https:\/\/foliobooks.pl\/en\/","name":"Folio","description":"Ksi\u0119garnia internetowa","potentialAction":[{"@type":"SearchAction","target":{"@type":"EntryPoint","urlTemplate":"https:\/\/foliobooks.pl\/en\/?s={search_term_string}"},"query-input":{"@type":"PropertyValueSpecification","valueRequired":true,"valueName":"search_term_string"}}],"inLanguage":"en-US"}]}},"_links":{"self":[{"href":"https:\/\/foliobooks.pl\/en\/wp-json\/wp\/v2\/product\/87842","targetHints":{"allow":["GET"]}}],"collection":[{"href":"https:\/\/foliobooks.pl\/en\/wp-json\/wp\/v2\/product"}],"about":[{"href":"https:\/\/foliobooks.pl\/en\/wp-json\/wp\/v2\/types\/product"}],"replies":[{"embeddable":true,"href":"https:\/\/foliobooks.pl\/en\/wp-json\/wp\/v2\/comments?post=87842"}],"wp:featuredmedia":[{"embeddable":true,"href":"https:\/\/foliobooks.pl\/en\/wp-json\/wp\/v2\/media\/87829"}],"wp:attachment":[{"href":"https:\/\/foliobooks.pl\/en\/wp-json\/wp\/v2\/media?parent=87842"}],"wp:term":[{"taxonomy":"product_brand","embeddable":true,"href":"https:\/\/foliobooks.pl\/en\/wp-json\/wp\/v2\/product_brand?post=87842"},{"taxonomy":"product_cat","embeddable":true,"href":"https:\/\/foliobooks.pl\/en\/wp-json\/wp\/v2\/product_cat?post=87842"},{"taxonomy":"product_tag","embeddable":true,"href":"https:\/\/foliobooks.pl\/en\/wp-json\/wp\/v2\/product_tag?post=87842"}],"curies":[{"name":"wp","href":"https:\/\/api.w.org\/{rel}","templated":true}]}}