{"id":8767,"date":"2015-08-26T12:17:21","date_gmt":"2015-08-26T10:17:21","guid":{"rendered":"http:\/\/foliobooks.pl\/?post_type=product&#038;p=8767"},"modified":"2024-04-16T14:03:39","modified_gmt":"2024-04-16T12:03:39","slug":"magic-1400s-1950s","status":"publish","type":"product","link":"https:\/\/foliobooks.pl\/en\/shop\/magic-1400s-1950s\/","title":{"rendered":"Magic. 1400s\u20131950s"},"content":{"rendered":"<p>Magic has enchanted humankind for millennia, evoking terror, laughter, shock, and amazement. Once persecuted as heretics and sorcerers, magicians have always been conduits to a parallel universe of limitless possibility\u2014whether invoking spirits, reading minds, or inverting the laws of nature by sleight of hand. Long before science fiction, virtual realities, video games and the internet, the craft of magic was the most powerful fantasy world man had ever known. As the pioneers of special effects throughout history, magicians have never ceased to mystify us by making the impossible possible.<\/p>\n<p>This book celebrates more than 500 years of the stunning visual culture of the world\u2019s greatest magicians. Featuring more than 850 rarely seen vintage posters, photographs, handbills, and engravings as well as paintings by Hieronymus Bosch and Caravaggio among others, The Big Book of Magic traces the history of magic as a performing art from the 1400s to the 1950s. Combining sensational images with incisive text, the book explores the evolution of the magician\u2019s craft, from medieval street performers to the brilliant stage magicians who gave rise to cinematic special effects; from the 19th century\u2019s Golden Age of Magic to groundbreaking daredevils like Houdini and the early 20th century\u2019s vaudevillians.<\/p>\n","protected":false},"excerpt":{"rendered":"<p>Magic has enchanted humankind for millennia, evoking terror, laughter, shock, and amazement. Once persecuted as heretics and sorcerers, magicians have always been conduits to a parallel universe of limitless possibility\u2014whether invoking spirits, reading minds, or inverting the laws of nature by sleight of hand. Long before science fiction, virtual realities, video games and the internet,&#8230;<\/p>\n","protected":false},"featured_media":8752,"comment_status":"closed","ping_status":"closed","template":"","meta":[],"product_brand":[],"product_cat":[4521],"product_tag":[1146,1649,1683],"class_list":{"0":"post-8767","1":"product","2":"type-product","3":"status-publish","4":"has-post-thumbnail","6":"product_cat-silva-rerum-en-en","7":"product_tag-great-masters-en","8":"product_tag-illustration","9":"product_tag-pop-culture","10":"pa_author_att-jim-steinmeyer-en","11":"pa_author_att-mike-caveney-en","12":"pa_author_att-noel-daniel-en","13":"pa_author_att-ricky-jay-en","14":"pa_cover-hardcover-slipcase","15":"pa_format-25-x-38-cm-en","16":"pa_isbn-9783836528078-en","17":"pa_language-multi","18":"pa_pages-544-en","19":"pa_published-2013-07-01-en","20":"pa_publisher-taschen-en-en","22":"first","23":"outofstock","24":"sold-individually","25":"shipping-taxable","26":"purchasable","27":"product-type-simple"},"yoast_head":"<!-- This site is optimized with the Yoast SEO plugin v27.6 - https:\/\/yoast.com\/product\/yoast-seo-wordpress\/ -->\n<title>Magic. 1400s\u20131950s (Jim Steinmeyer, Mike Caveney, Noel Daniel, Ricky Jay) - book \/ album - Folio<\/title>\n<meta name=\"description\" content=\"Wejd\u017a i kup ksi\u0105\u017ck\u0119 Magic. 1400s\u20131950s autorstwa Jim Steinmeyer, Mike Caveney, Noel Daniel, Ricky Jay wydan\u0105 przez TASCHEN (2013-07-01) w formacie 25 x 38 cm (ISBN: 9783836528078). Zapraszamy!\" \/>\n<meta name=\"robots\" content=\"index, follow, max-snippet:-1, max-image-preview:large, max-video-preview:-1\" \/>\n<link rel=\"canonical\" href=\"https:\/\/foliobooks.pl\/en\/shop\/magic-1400s-1950s\/\" \/>\n<meta property=\"og:locale\" content=\"en_US\" \/>\n<meta property=\"og:type\" content=\"article\" \/>\n<meta property=\"og:title\" content=\"Magic. 1400s\u20131950s (Jim Steinmeyer, Mike Caveney, Noel Daniel, Ricky Jay) - book \/ album - Folio\" \/>\n<meta property=\"og:description\" content=\"Wejd\u017a i kup ksi\u0105\u017ck\u0119 Magic. 1400s\u20131950s autorstwa Jim Steinmeyer, Mike Caveney, Noel Daniel, Ricky Jay wydan\u0105 przez TASCHEN (2013-07-01) w formacie 25 x 38 cm (ISBN: 9783836528078). Zapraszamy!\" \/>\n<meta property=\"og:url\" content=\"https:\/\/foliobooks.pl\/en\/shop\/magic-1400s-1950s\/\" \/>\n<meta property=\"og:site_name\" content=\"Folio\" \/>\n<meta property=\"article:modified_time\" content=\"2024-04-16T12:03:39+00:00\" \/>\n<meta property=\"og:image\" content=\"https:\/\/foliobooks.pl\/wp-content\/uploads\/2015\/08\/9783836528078.png\" \/>\n\t<meta property=\"og:image:width\" content=\"570\" \/>\n\t<meta property=\"og:image:height\" content=\"708\" \/>\n\t<meta property=\"og:image:type\" content=\"image\/png\" \/>\n<meta name=\"twitter:card\" content=\"summary_large_image\" \/>\n<meta name=\"twitter:label1\" content=\"Est. reading time\" \/>\n\t<meta name=\"twitter:data1\" content=\"1 minute\" \/>\n<script type=\"application\/ld+json\" class=\"yoast-schema-graph\">{\"@context\":\"https:\\\/\\\/schema.org\",\"@graph\":[{\"@type\":\"WebPage\",\"@id\":\"https:\\\/\\\/foliobooks.pl\\\/en\\\/shop\\\/magic-1400s-1950s\\\/\",\"url\":\"https:\\\/\\\/foliobooks.pl\\\/en\\\/shop\\\/magic-1400s-1950s\\\/\",\"name\":\"Magic. 1400s\u20131950s (Jim Steinmeyer, Mike Caveney, Noel Daniel, Ricky Jay) - book \\\/ album - Folio\",\"isPartOf\":{\"@id\":\"https:\\\/\\\/foliobooks.pl\\\/en\\\/#website\"},\"primaryImageOfPage\":{\"@id\":\"https:\\\/\\\/foliobooks.pl\\\/en\\\/shop\\\/magic-1400s-1950s\\\/#primaryimage\"},\"image\":{\"@id\":\"https:\\\/\\\/foliobooks.pl\\\/en\\\/shop\\\/magic-1400s-1950s\\\/#primaryimage\"},\"thumbnailUrl\":\"https:\\\/\\\/foliobooks.pl\\\/wp-content\\\/uploads\\\/2015\\\/08\\\/9783836528078.png\",\"datePublished\":\"2015-08-26T10:17:21+00:00\",\"dateModified\":\"2024-04-16T12:03:39+00:00\",\"description\":\"Wejd\u017a i kup ksi\u0105\u017ck\u0119 Magic. 1400s\u20131950s autorstwa Jim Steinmeyer, Mike Caveney, Noel Daniel, Ricky Jay wydan\u0105 przez TASCHEN (2013-07-01) w formacie 25 x 38 cm (ISBN: 9783836528078). Zapraszamy!\",\"breadcrumb\":{\"@id\":\"https:\\\/\\\/foliobooks.pl\\\/en\\\/shop\\\/magic-1400s-1950s\\\/#breadcrumb\"},\"inLanguage\":\"en-US\",\"potentialAction\":[{\"@type\":\"ReadAction\",\"target\":[\"https:\\\/\\\/foliobooks.pl\\\/en\\\/shop\\\/magic-1400s-1950s\\\/\"]}]},{\"@type\":\"ImageObject\",\"inLanguage\":\"en-US\",\"@id\":\"https:\\\/\\\/foliobooks.pl\\\/en\\\/shop\\\/magic-1400s-1950s\\\/#primaryimage\",\"url\":\"https:\\\/\\\/foliobooks.pl\\\/wp-content\\\/uploads\\\/2015\\\/08\\\/9783836528078.png\",\"contentUrl\":\"https:\\\/\\\/foliobooks.pl\\\/wp-content\\\/uploads\\\/2015\\\/08\\\/9783836528078.png\",\"width\":570,\"height\":708},{\"@type\":\"BreadcrumbList\",\"@id\":\"https:\\\/\\\/foliobooks.pl\\\/en\\\/shop\\\/magic-1400s-1950s\\\/#breadcrumb\",\"itemListElement\":[{\"@type\":\"ListItem\",\"position\":1,\"name\":\"Strona g\u0142\u00f3wna\",\"item\":\"https:\\\/\\\/foliobooks.pl\\\/en\\\/\"},{\"@type\":\"ListItem\",\"position\":2,\"name\":\"Shop\",\"item\":\"https:\\\/\\\/foliobooks.pl\\\/en\\\/shop\\\/\"},{\"@type\":\"ListItem\",\"position\":3,\"name\":\"Magic. 1400s\u20131950s\"}]},{\"@type\":\"WebSite\",\"@id\":\"https:\\\/\\\/foliobooks.pl\\\/en\\\/#website\",\"url\":\"https:\\\/\\\/foliobooks.pl\\\/en\\\/\",\"name\":\"Folio\",\"description\":\"Ksi\u0119garnia internetowa\",\"potentialAction\":[{\"@type\":\"SearchAction\",\"target\":{\"@type\":\"EntryPoint\",\"urlTemplate\":\"https:\\\/\\\/foliobooks.pl\\\/en\\\/?s={search_term_string}\"},\"query-input\":{\"@type\":\"PropertyValueSpecification\",\"valueRequired\":true,\"valueName\":\"search_term_string\"}}],\"inLanguage\":\"en-US\"}]}<\/script>\n<!-- \/ Yoast SEO plugin. -->","yoast_head_json":{"title":"Magic. 1400s\u20131950s (Jim Steinmeyer, Mike Caveney, Noel Daniel, Ricky Jay) - book \/ album - Folio","description":"Wejd\u017a i kup ksi\u0105\u017ck\u0119 Magic. 1400s\u20131950s autorstwa Jim Steinmeyer, Mike Caveney, Noel Daniel, Ricky Jay wydan\u0105 przez TASCHEN (2013-07-01) w formacie 25 x 38 cm (ISBN: 9783836528078). Zapraszamy!","robots":{"index":"index","follow":"follow","max-snippet":"max-snippet:-1","max-image-preview":"max-image-preview:large","max-video-preview":"max-video-preview:-1"},"canonical":"https:\/\/foliobooks.pl\/en\/shop\/magic-1400s-1950s\/","og_locale":"en_US","og_type":"article","og_title":"Magic. 1400s\u20131950s (Jim Steinmeyer, Mike Caveney, Noel Daniel, Ricky Jay) - book \/ album - Folio","og_description":"Wejd\u017a i kup ksi\u0105\u017ck\u0119 Magic. 1400s\u20131950s autorstwa Jim Steinmeyer, Mike Caveney, Noel Daniel, Ricky Jay wydan\u0105 przez TASCHEN (2013-07-01) w formacie 25 x 38 cm (ISBN: 9783836528078). Zapraszamy!","og_url":"https:\/\/foliobooks.pl\/en\/shop\/magic-1400s-1950s\/","og_site_name":"Folio","article_modified_time":"2024-04-16T12:03:39+00:00","og_image":[{"width":570,"height":708,"url":"https:\/\/foliobooks.pl\/wp-content\/uploads\/2015\/08\/9783836528078.png","type":"image\/png"}],"twitter_card":"summary_large_image","twitter_misc":{"Est. reading time":"1 minute"},"schema":{"@context":"https:\/\/schema.org","@graph":[{"@type":"WebPage","@id":"https:\/\/foliobooks.pl\/en\/shop\/magic-1400s-1950s\/","url":"https:\/\/foliobooks.pl\/en\/shop\/magic-1400s-1950s\/","name":"Magic. 1400s\u20131950s (Jim Steinmeyer, Mike Caveney, Noel Daniel, Ricky Jay) - book \/ album - Folio","isPartOf":{"@id":"https:\/\/foliobooks.pl\/en\/#website"},"primaryImageOfPage":{"@id":"https:\/\/foliobooks.pl\/en\/shop\/magic-1400s-1950s\/#primaryimage"},"image":{"@id":"https:\/\/foliobooks.pl\/en\/shop\/magic-1400s-1950s\/#primaryimage"},"thumbnailUrl":"https:\/\/foliobooks.pl\/wp-content\/uploads\/2015\/08\/9783836528078.png","datePublished":"2015-08-26T10:17:21+00:00","dateModified":"2024-04-16T12:03:39+00:00","description":"Wejd\u017a i kup ksi\u0105\u017ck\u0119 Magic. 1400s\u20131950s autorstwa Jim Steinmeyer, Mike Caveney, Noel Daniel, Ricky Jay wydan\u0105 przez TASCHEN (2013-07-01) w formacie 25 x 38 cm (ISBN: 9783836528078). Zapraszamy!","breadcrumb":{"@id":"https:\/\/foliobooks.pl\/en\/shop\/magic-1400s-1950s\/#breadcrumb"},"inLanguage":"en-US","potentialAction":[{"@type":"ReadAction","target":["https:\/\/foliobooks.pl\/en\/shop\/magic-1400s-1950s\/"]}]},{"@type":"ImageObject","inLanguage":"en-US","@id":"https:\/\/foliobooks.pl\/en\/shop\/magic-1400s-1950s\/#primaryimage","url":"https:\/\/foliobooks.pl\/wp-content\/uploads\/2015\/08\/9783836528078.png","contentUrl":"https:\/\/foliobooks.pl\/wp-content\/uploads\/2015\/08\/9783836528078.png","width":570,"height":708},{"@type":"BreadcrumbList","@id":"https:\/\/foliobooks.pl\/en\/shop\/magic-1400s-1950s\/#breadcrumb","itemListElement":[{"@type":"ListItem","position":1,"name":"Strona g\u0142\u00f3wna","item":"https:\/\/foliobooks.pl\/en\/"},{"@type":"ListItem","position":2,"name":"Shop","item":"https:\/\/foliobooks.pl\/en\/shop\/"},{"@type":"ListItem","position":3,"name":"Magic. 1400s\u20131950s"}]},{"@type":"WebSite","@id":"https:\/\/foliobooks.pl\/en\/#website","url":"https:\/\/foliobooks.pl\/en\/","name":"Folio","description":"Ksi\u0119garnia internetowa","potentialAction":[{"@type":"SearchAction","target":{"@type":"EntryPoint","urlTemplate":"https:\/\/foliobooks.pl\/en\/?s={search_term_string}"},"query-input":{"@type":"PropertyValueSpecification","valueRequired":true,"valueName":"search_term_string"}}],"inLanguage":"en-US"}]}},"_links":{"self":[{"href":"https:\/\/foliobooks.pl\/en\/wp-json\/wp\/v2\/product\/8767","targetHints":{"allow":["GET"]}}],"collection":[{"href":"https:\/\/foliobooks.pl\/en\/wp-json\/wp\/v2\/product"}],"about":[{"href":"https:\/\/foliobooks.pl\/en\/wp-json\/wp\/v2\/types\/product"}],"replies":[{"embeddable":true,"href":"https:\/\/foliobooks.pl\/en\/wp-json\/wp\/v2\/comments?post=8767"}],"wp:featuredmedia":[{"embeddable":true,"href":"https:\/\/foliobooks.pl\/en\/wp-json\/wp\/v2\/media\/8752"}],"wp:attachment":[{"href":"https:\/\/foliobooks.pl\/en\/wp-json\/wp\/v2\/media?parent=8767"}],"wp:term":[{"taxonomy":"product_brand","embeddable":true,"href":"https:\/\/foliobooks.pl\/en\/wp-json\/wp\/v2\/product_brand?post=8767"},{"taxonomy":"product_cat","embeddable":true,"href":"https:\/\/foliobooks.pl\/en\/wp-json\/wp\/v2\/product_cat?post=8767"},{"taxonomy":"product_tag","embeddable":true,"href":"https:\/\/foliobooks.pl\/en\/wp-json\/wp\/v2\/product_tag?post=8767"}],"curies":[{"name":"wp","href":"https:\/\/api.w.org\/{rel}","templated":true}]}}