{"id":87524,"date":"2023-06-15T11:07:44","date_gmt":"2023-06-15T09:07:44","guid":{"rendered":"https:\/\/foliobooks.pl\/sklep\/red-carpet-oscars\/"},"modified":"2025-10-23T13:10:04","modified_gmt":"2025-10-23T11:10:04","slug":"red-carpet-oscars","status":"publish","type":"product","link":"https:\/\/foliobooks.pl\/en\/shop\/red-carpet-oscars\/","title":{"rendered":"Red Carpet Oscars"},"content":{"rendered":"<p>The first and only book to showcase a complete sartorial history of the Oscars&#8217; red carpet. The red carpet is so much more than fabulous gowns on famous people. It reflects the styles and values of the time, and has become a platform for often trenchant social statements. Red Carpet: Oscars presents over ninety years of fashion worn at the awards ceremony since its inception in 1929. From ready-to-wear to haute couture, it charts what stars and invitees wore across the decades, as well as the emergence of stylists, the commercialization of the red carpet and how fashion has shaped Hollywood. The book opens with a foreword by Cate Blanchett and an introduction by Giorgio Armani, and then goes on to showcase hundreds of looks across almost a century. Each year is introduced with a short text explaining the era&#8217;s fashion trends as well as the social and political influences of the day, along with carefully curated images of the most iconic and inspiring outfits.<\/p>\n","protected":false},"excerpt":{"rendered":"<p>The first and only book to showcase a complete sartorial history of the Oscars&#8217; red carpet. The red carpet is so much more than fabulous gowns on famous people. It reflects the styles and values of the time, and has become a platform for often trenchant social statements. Red Carpet: Oscars presents over ninety years&#8230;<\/p>\n","protected":false},"featured_media":87513,"comment_status":"closed","ping_status":"closed","template":"","meta":[],"product_brand":[],"product_cat":[13533,4519],"product_tag":[6125],"class_list":{"0":"post-87524","1":"product","2":"type-product","3":"status-publish","4":"has-post-thumbnail","6":"product_cat-books","7":"product_cat-fashion-en-en","8":"product_tag-fashion","9":"pa_author_att-cate-blanchett-2-en","10":"pa_author_att-dijanna-mulhearn-en","11":"pa_cover-hardcover","12":"pa_format-24-x-295-cm-en","13":"pa_isbn-9781760761776-en","14":"pa_language-eng","15":"pa_pages-480-en","16":"pa_published-2023-02-28-en","17":"pa_publisher-thames-hudson-en","19":"first","20":"instock","21":"sale","22":"sold-individually","23":"shipping-taxable","24":"purchasable","25":"product-type-simple"},"yoast_head":"<!-- This site is optimized with the Yoast SEO plugin v27.4 - https:\/\/yoast.com\/product\/yoast-seo-wordpress\/ -->\n<title>Red Carpet Oscars (Cate Blanchett, Dijanna Mulhearn) - book \/ album - Folio<\/title>\n<meta name=\"description\" content=\"Wejd\u017a i kup ksi\u0105\u017ck\u0119 Red Carpet Oscars autorstwa Cate Blanchett, Dijanna Mulhearn wydan\u0105 przez Thames &amp; Hudson (2023-02-28) w formacie 24 x 29,5 cm (ISBN: 9781760761776). Zapraszamy!\" \/>\n<meta name=\"robots\" content=\"index, follow, max-snippet:-1, max-image-preview:large, max-video-preview:-1\" \/>\n<link rel=\"canonical\" href=\"https:\/\/foliobooks.pl\/en\/shop\/red-carpet-oscars\/\" \/>\n<meta property=\"og:locale\" content=\"en_US\" \/>\n<meta property=\"og:type\" content=\"article\" \/>\n<meta property=\"og:title\" content=\"Red Carpet Oscars (Cate Blanchett, Dijanna Mulhearn) - book \/ album - Folio\" \/>\n<meta property=\"og:description\" content=\"Wejd\u017a i kup ksi\u0105\u017ck\u0119 Red Carpet Oscars autorstwa Cate Blanchett, Dijanna Mulhearn wydan\u0105 przez Thames &amp; Hudson (2023-02-28) w formacie 24 x 29,5 cm (ISBN: 9781760761776). Zapraszamy!\" \/>\n<meta property=\"og:url\" content=\"https:\/\/foliobooks.pl\/en\/shop\/red-carpet-oscars\/\" \/>\n<meta property=\"og:site_name\" content=\"Folio\" \/>\n<meta property=\"article:modified_time\" content=\"2025-10-23T11:10:04+00:00\" \/>\n<meta property=\"og:image\" content=\"https:\/\/foliobooks.pl\/wp-content\/uploads\/2023\/06\/9781760761776.png\" \/>\n\t<meta property=\"og:image:width\" content=\"570\" \/>\n\t<meta property=\"og:image:height\" content=\"708\" \/>\n\t<meta property=\"og:image:type\" content=\"image\/png\" \/>\n<meta name=\"twitter:card\" content=\"summary_large_image\" \/>\n<meta name=\"twitter:label1\" content=\"Est. reading time\" \/>\n\t<meta name=\"twitter:data1\" content=\"1 minute\" \/>\n<script type=\"application\/ld+json\" class=\"yoast-schema-graph\">{\"@context\":\"https:\\\/\\\/schema.org\",\"@graph\":[{\"@type\":\"WebPage\",\"@id\":\"https:\\\/\\\/foliobooks.pl\\\/en\\\/shop\\\/red-carpet-oscars\\\/\",\"url\":\"https:\\\/\\\/foliobooks.pl\\\/en\\\/shop\\\/red-carpet-oscars\\\/\",\"name\":\"Red Carpet Oscars (Cate Blanchett, Dijanna Mulhearn) - book \\\/ album - Folio\",\"isPartOf\":{\"@id\":\"https:\\\/\\\/foliobooks.pl\\\/en\\\/#website\"},\"primaryImageOfPage\":{\"@id\":\"https:\\\/\\\/foliobooks.pl\\\/en\\\/shop\\\/red-carpet-oscars\\\/#primaryimage\"},\"image\":{\"@id\":\"https:\\\/\\\/foliobooks.pl\\\/en\\\/shop\\\/red-carpet-oscars\\\/#primaryimage\"},\"thumbnailUrl\":\"https:\\\/\\\/foliobooks.pl\\\/wp-content\\\/uploads\\\/2023\\\/06\\\/9781760761776.png\",\"datePublished\":\"2023-06-15T09:07:44+00:00\",\"dateModified\":\"2025-10-23T11:10:04+00:00\",\"description\":\"Wejd\u017a i kup ksi\u0105\u017ck\u0119 Red Carpet Oscars autorstwa Cate Blanchett, Dijanna Mulhearn wydan\u0105 przez Thames &amp; Hudson (2023-02-28) w formacie 24 x 29,5 cm (ISBN: 9781760761776). Zapraszamy!\",\"breadcrumb\":{\"@id\":\"https:\\\/\\\/foliobooks.pl\\\/en\\\/shop\\\/red-carpet-oscars\\\/#breadcrumb\"},\"inLanguage\":\"en-US\",\"potentialAction\":[{\"@type\":\"ReadAction\",\"target\":[\"https:\\\/\\\/foliobooks.pl\\\/en\\\/shop\\\/red-carpet-oscars\\\/\"]}]},{\"@type\":\"ImageObject\",\"inLanguage\":\"en-US\",\"@id\":\"https:\\\/\\\/foliobooks.pl\\\/en\\\/shop\\\/red-carpet-oscars\\\/#primaryimage\",\"url\":\"https:\\\/\\\/foliobooks.pl\\\/wp-content\\\/uploads\\\/2023\\\/06\\\/9781760761776.png\",\"contentUrl\":\"https:\\\/\\\/foliobooks.pl\\\/wp-content\\\/uploads\\\/2023\\\/06\\\/9781760761776.png\",\"width\":570,\"height\":708},{\"@type\":\"BreadcrumbList\",\"@id\":\"https:\\\/\\\/foliobooks.pl\\\/en\\\/shop\\\/red-carpet-oscars\\\/#breadcrumb\",\"itemListElement\":[{\"@type\":\"ListItem\",\"position\":1,\"name\":\"Strona g\u0142\u00f3wna\",\"item\":\"https:\\\/\\\/foliobooks.pl\\\/en\\\/\"},{\"@type\":\"ListItem\",\"position\":2,\"name\":\"Shop\",\"item\":\"https:\\\/\\\/foliobooks.pl\\\/en\\\/shop\\\/\"},{\"@type\":\"ListItem\",\"position\":3,\"name\":\"Red Carpet Oscars\"}]},{\"@type\":\"WebSite\",\"@id\":\"https:\\\/\\\/foliobooks.pl\\\/en\\\/#website\",\"url\":\"https:\\\/\\\/foliobooks.pl\\\/en\\\/\",\"name\":\"Folio\",\"description\":\"Ksi\u0119garnia internetowa\",\"potentialAction\":[{\"@type\":\"SearchAction\",\"target\":{\"@type\":\"EntryPoint\",\"urlTemplate\":\"https:\\\/\\\/foliobooks.pl\\\/en\\\/?s={search_term_string}\"},\"query-input\":{\"@type\":\"PropertyValueSpecification\",\"valueRequired\":true,\"valueName\":\"search_term_string\"}}],\"inLanguage\":\"en-US\"}]}<\/script>\n<!-- \/ Yoast SEO plugin. -->","yoast_head_json":{"title":"Red Carpet Oscars (Cate Blanchett, Dijanna Mulhearn) - book \/ album - Folio","description":"Wejd\u017a i kup ksi\u0105\u017ck\u0119 Red Carpet Oscars autorstwa Cate Blanchett, Dijanna Mulhearn wydan\u0105 przez Thames &amp; Hudson (2023-02-28) w formacie 24 x 29,5 cm (ISBN: 9781760761776). Zapraszamy!","robots":{"index":"index","follow":"follow","max-snippet":"max-snippet:-1","max-image-preview":"max-image-preview:large","max-video-preview":"max-video-preview:-1"},"canonical":"https:\/\/foliobooks.pl\/en\/shop\/red-carpet-oscars\/","og_locale":"en_US","og_type":"article","og_title":"Red Carpet Oscars (Cate Blanchett, Dijanna Mulhearn) - book \/ album - Folio","og_description":"Wejd\u017a i kup ksi\u0105\u017ck\u0119 Red Carpet Oscars autorstwa Cate Blanchett, Dijanna Mulhearn wydan\u0105 przez Thames &amp; Hudson (2023-02-28) w formacie 24 x 29,5 cm (ISBN: 9781760761776). Zapraszamy!","og_url":"https:\/\/foliobooks.pl\/en\/shop\/red-carpet-oscars\/","og_site_name":"Folio","article_modified_time":"2025-10-23T11:10:04+00:00","og_image":[{"width":570,"height":708,"url":"https:\/\/foliobooks.pl\/wp-content\/uploads\/2023\/06\/9781760761776.png","type":"image\/png"}],"twitter_card":"summary_large_image","twitter_misc":{"Est. reading time":"1 minute"},"schema":{"@context":"https:\/\/schema.org","@graph":[{"@type":"WebPage","@id":"https:\/\/foliobooks.pl\/en\/shop\/red-carpet-oscars\/","url":"https:\/\/foliobooks.pl\/en\/shop\/red-carpet-oscars\/","name":"Red Carpet Oscars (Cate Blanchett, Dijanna Mulhearn) - book \/ album - Folio","isPartOf":{"@id":"https:\/\/foliobooks.pl\/en\/#website"},"primaryImageOfPage":{"@id":"https:\/\/foliobooks.pl\/en\/shop\/red-carpet-oscars\/#primaryimage"},"image":{"@id":"https:\/\/foliobooks.pl\/en\/shop\/red-carpet-oscars\/#primaryimage"},"thumbnailUrl":"https:\/\/foliobooks.pl\/wp-content\/uploads\/2023\/06\/9781760761776.png","datePublished":"2023-06-15T09:07:44+00:00","dateModified":"2025-10-23T11:10:04+00:00","description":"Wejd\u017a i kup ksi\u0105\u017ck\u0119 Red Carpet Oscars autorstwa Cate Blanchett, Dijanna Mulhearn wydan\u0105 przez Thames &amp; Hudson (2023-02-28) w formacie 24 x 29,5 cm (ISBN: 9781760761776). Zapraszamy!","breadcrumb":{"@id":"https:\/\/foliobooks.pl\/en\/shop\/red-carpet-oscars\/#breadcrumb"},"inLanguage":"en-US","potentialAction":[{"@type":"ReadAction","target":["https:\/\/foliobooks.pl\/en\/shop\/red-carpet-oscars\/"]}]},{"@type":"ImageObject","inLanguage":"en-US","@id":"https:\/\/foliobooks.pl\/en\/shop\/red-carpet-oscars\/#primaryimage","url":"https:\/\/foliobooks.pl\/wp-content\/uploads\/2023\/06\/9781760761776.png","contentUrl":"https:\/\/foliobooks.pl\/wp-content\/uploads\/2023\/06\/9781760761776.png","width":570,"height":708},{"@type":"BreadcrumbList","@id":"https:\/\/foliobooks.pl\/en\/shop\/red-carpet-oscars\/#breadcrumb","itemListElement":[{"@type":"ListItem","position":1,"name":"Strona g\u0142\u00f3wna","item":"https:\/\/foliobooks.pl\/en\/"},{"@type":"ListItem","position":2,"name":"Shop","item":"https:\/\/foliobooks.pl\/en\/shop\/"},{"@type":"ListItem","position":3,"name":"Red Carpet Oscars"}]},{"@type":"WebSite","@id":"https:\/\/foliobooks.pl\/en\/#website","url":"https:\/\/foliobooks.pl\/en\/","name":"Folio","description":"Ksi\u0119garnia internetowa","potentialAction":[{"@type":"SearchAction","target":{"@type":"EntryPoint","urlTemplate":"https:\/\/foliobooks.pl\/en\/?s={search_term_string}"},"query-input":{"@type":"PropertyValueSpecification","valueRequired":true,"valueName":"search_term_string"}}],"inLanguage":"en-US"}]}},"_links":{"self":[{"href":"https:\/\/foliobooks.pl\/en\/wp-json\/wp\/v2\/product\/87524","targetHints":{"allow":["GET"]}}],"collection":[{"href":"https:\/\/foliobooks.pl\/en\/wp-json\/wp\/v2\/product"}],"about":[{"href":"https:\/\/foliobooks.pl\/en\/wp-json\/wp\/v2\/types\/product"}],"replies":[{"embeddable":true,"href":"https:\/\/foliobooks.pl\/en\/wp-json\/wp\/v2\/comments?post=87524"}],"wp:featuredmedia":[{"embeddable":true,"href":"https:\/\/foliobooks.pl\/en\/wp-json\/wp\/v2\/media\/87513"}],"wp:attachment":[{"href":"https:\/\/foliobooks.pl\/en\/wp-json\/wp\/v2\/media?parent=87524"}],"wp:term":[{"taxonomy":"product_brand","embeddable":true,"href":"https:\/\/foliobooks.pl\/en\/wp-json\/wp\/v2\/product_brand?post=87524"},{"taxonomy":"product_cat","embeddable":true,"href":"https:\/\/foliobooks.pl\/en\/wp-json\/wp\/v2\/product_cat?post=87524"},{"taxonomy":"product_tag","embeddable":true,"href":"https:\/\/foliobooks.pl\/en\/wp-json\/wp\/v2\/product_tag?post=87524"}],"curies":[{"name":"wp","href":"https:\/\/api.w.org\/{rel}","templated":true}]}}