{"id":87490,"date":"2023-06-15T10:17:06","date_gmt":"2023-06-15T08:17:06","guid":{"rendered":"https:\/\/foliobooks.pl\/sklep\/the-art-of-the-bible\/"},"modified":"2025-10-23T12:56:53","modified_gmt":"2025-10-23T10:56:53","slug":"the-art-of-the-bible","status":"publish","type":"product","link":"https:\/\/foliobooks.pl\/en\/shop\/the-art-of-the-bible\/","title":{"rendered":"The Art of the Bible"},"content":{"rendered":"<p>For two millennia the Bible has inspired the creation of art. Within this legacy of remarkable art and beauty, illuminated biblical manuscripts offer some of the best evidence for our understanding of early Christian painting and artistic interpretations of the Bible.<\/p>\n<div data-role=\"bva-reveal\">\n<p>Compiled and written by two internationally renowned experts, this beautiful book immerses the reader in the world of illuminated manuscripts of the Bible. Through its pictures we are transported across 1,000 years of history, passing chronologically through many of the major centres of the Christian world. Starting in Constantinople in the East, the journey moves on to Lindisfarne in the North, to imperial Aachen, back to Canterbury, then to Carolingian Tours in western France. Later we view some of the riches of Winchester, Mozarabic Spain, Crusader Jerusalem, the Meuse valley, northern Iraq, Paris, London, Bologna, Naples, Bulgaria, the Low Countries, Rome and Persia. Our journey ends in Gondar, the capital of imperial Ethiopia. Forty-five remarkable books \u2013 each a treasure in its own right \u2013 provide our itinerary through time and across continents. Together they enable us to explore and revel in the extraordinary art and beauty of illuminated biblical manuscripts, some of the finest but least-known paintings from the Middle Ages.<\/p>\n<\/div>\n","protected":false},"excerpt":{"rendered":"<p>For two millennia the Bible has inspired the creation of art. Within this legacy of remarkable art and beauty, illuminated biblical manuscripts offer some of the best evidence for our understanding of early Christian painting and artistic interpretations of the Bible. Compiled and written by two internationally renowned experts, this beautiful book immerses the reader&#8230;<\/p>\n","protected":false},"featured_media":87479,"comment_status":"closed","ping_status":"closed","template":"","meta":[],"product_brand":[],"product_cat":[4522,13533],"product_tag":[2767,7468],"class_list":{"0":"post-87490","1":"product","2":"type-product","3":"status-publish","4":"has-post-thumbnail","6":"product_cat-art-en","7":"product_cat-books","8":"product_tag-art-history","9":"product_tag-religion-en","10":"pa_author_att-kathleen-doyle-en","11":"pa_author_att-scot-mckendrick-en","12":"pa_cover-hardcover","13":"pa_format-215-x-265-cm-en","14":"pa_isbn-9780500026168-en","15":"pa_language-eng","16":"pa_pages-336-en","17":"pa_published-2023-02-16-en","18":"pa_publisher-thames-hudson-en","20":"first","21":"instock","22":"sale","23":"sold-individually","24":"shipping-taxable","25":"purchasable","26":"product-type-simple"},"yoast_head":"<!-- This site is optimized with the Yoast SEO plugin v27.4 - https:\/\/yoast.com\/product\/yoast-seo-wordpress\/ -->\n<title>The Art of the Bible (Kathleen Doyle, Scot McKendrick) - book \/ album - Folio<\/title>\n<meta name=\"description\" content=\"Wejd\u017a i kup ksi\u0105\u017ck\u0119 The Art of the Bible autorstwa Kathleen Doyle, Scot McKendrick wydan\u0105 przez Thames &amp; Hudson (2023-02-16) w formacie 21,5 x 26,5 cm (ISBN: 9780500026168). Zapraszamy!\" \/>\n<meta name=\"robots\" content=\"index, follow, max-snippet:-1, max-image-preview:large, max-video-preview:-1\" \/>\n<link rel=\"canonical\" href=\"https:\/\/foliobooks.pl\/en\/shop\/the-art-of-the-bible\/\" \/>\n<meta property=\"og:locale\" content=\"en_US\" \/>\n<meta property=\"og:type\" content=\"article\" \/>\n<meta property=\"og:title\" content=\"The Art of the Bible (Kathleen Doyle, Scot McKendrick) - book \/ album - Folio\" \/>\n<meta property=\"og:description\" content=\"Wejd\u017a i kup ksi\u0105\u017ck\u0119 The Art of the Bible autorstwa Kathleen Doyle, Scot McKendrick wydan\u0105 przez Thames &amp; Hudson (2023-02-16) w formacie 21,5 x 26,5 cm (ISBN: 9780500026168). Zapraszamy!\" \/>\n<meta property=\"og:url\" content=\"https:\/\/foliobooks.pl\/en\/shop\/the-art-of-the-bible\/\" \/>\n<meta property=\"og:site_name\" content=\"Folio\" \/>\n<meta property=\"article:modified_time\" content=\"2025-10-23T10:56:53+00:00\" \/>\n<meta property=\"og:image\" content=\"https:\/\/foliobooks.pl\/wp-content\/uploads\/2023\/06\/9780500026168.png\" \/>\n\t<meta property=\"og:image:width\" content=\"570\" \/>\n\t<meta property=\"og:image:height\" content=\"708\" \/>\n\t<meta property=\"og:image:type\" content=\"image\/png\" \/>\n<meta name=\"twitter:card\" content=\"summary_large_image\" \/>\n<meta name=\"twitter:label1\" content=\"Est. reading time\" \/>\n\t<meta name=\"twitter:data1\" content=\"2 minutes\" \/>\n<script type=\"application\/ld+json\" class=\"yoast-schema-graph\">{\"@context\":\"https:\\\/\\\/schema.org\",\"@graph\":[{\"@type\":\"WebPage\",\"@id\":\"https:\\\/\\\/foliobooks.pl\\\/en\\\/shop\\\/the-art-of-the-bible\\\/\",\"url\":\"https:\\\/\\\/foliobooks.pl\\\/en\\\/shop\\\/the-art-of-the-bible\\\/\",\"name\":\"The Art of the Bible (Kathleen Doyle, Scot McKendrick) - book \\\/ album - Folio\",\"isPartOf\":{\"@id\":\"https:\\\/\\\/foliobooks.pl\\\/en\\\/#website\"},\"primaryImageOfPage\":{\"@id\":\"https:\\\/\\\/foliobooks.pl\\\/en\\\/shop\\\/the-art-of-the-bible\\\/#primaryimage\"},\"image\":{\"@id\":\"https:\\\/\\\/foliobooks.pl\\\/en\\\/shop\\\/the-art-of-the-bible\\\/#primaryimage\"},\"thumbnailUrl\":\"https:\\\/\\\/foliobooks.pl\\\/wp-content\\\/uploads\\\/2023\\\/06\\\/9780500026168.png\",\"datePublished\":\"2023-06-15T08:17:06+00:00\",\"dateModified\":\"2025-10-23T10:56:53+00:00\",\"description\":\"Wejd\u017a i kup ksi\u0105\u017ck\u0119 The Art of the Bible autorstwa Kathleen Doyle, Scot McKendrick wydan\u0105 przez Thames &amp; Hudson (2023-02-16) w formacie 21,5 x 26,5 cm (ISBN: 9780500026168). Zapraszamy!\",\"breadcrumb\":{\"@id\":\"https:\\\/\\\/foliobooks.pl\\\/en\\\/shop\\\/the-art-of-the-bible\\\/#breadcrumb\"},\"inLanguage\":\"en-US\",\"potentialAction\":[{\"@type\":\"ReadAction\",\"target\":[\"https:\\\/\\\/foliobooks.pl\\\/en\\\/shop\\\/the-art-of-the-bible\\\/\"]}]},{\"@type\":\"ImageObject\",\"inLanguage\":\"en-US\",\"@id\":\"https:\\\/\\\/foliobooks.pl\\\/en\\\/shop\\\/the-art-of-the-bible\\\/#primaryimage\",\"url\":\"https:\\\/\\\/foliobooks.pl\\\/wp-content\\\/uploads\\\/2023\\\/06\\\/9780500026168.png\",\"contentUrl\":\"https:\\\/\\\/foliobooks.pl\\\/wp-content\\\/uploads\\\/2023\\\/06\\\/9780500026168.png\",\"width\":570,\"height\":708},{\"@type\":\"BreadcrumbList\",\"@id\":\"https:\\\/\\\/foliobooks.pl\\\/en\\\/shop\\\/the-art-of-the-bible\\\/#breadcrumb\",\"itemListElement\":[{\"@type\":\"ListItem\",\"position\":1,\"name\":\"Strona g\u0142\u00f3wna\",\"item\":\"https:\\\/\\\/foliobooks.pl\\\/en\\\/\"},{\"@type\":\"ListItem\",\"position\":2,\"name\":\"Shop\",\"item\":\"https:\\\/\\\/foliobooks.pl\\\/en\\\/shop\\\/\"},{\"@type\":\"ListItem\",\"position\":3,\"name\":\"The Art of the Bible\"}]},{\"@type\":\"WebSite\",\"@id\":\"https:\\\/\\\/foliobooks.pl\\\/en\\\/#website\",\"url\":\"https:\\\/\\\/foliobooks.pl\\\/en\\\/\",\"name\":\"Folio\",\"description\":\"Ksi\u0119garnia internetowa\",\"potentialAction\":[{\"@type\":\"SearchAction\",\"target\":{\"@type\":\"EntryPoint\",\"urlTemplate\":\"https:\\\/\\\/foliobooks.pl\\\/en\\\/?s={search_term_string}\"},\"query-input\":{\"@type\":\"PropertyValueSpecification\",\"valueRequired\":true,\"valueName\":\"search_term_string\"}}],\"inLanguage\":\"en-US\"}]}<\/script>\n<!-- \/ Yoast SEO plugin. -->","yoast_head_json":{"title":"The Art of the Bible (Kathleen Doyle, Scot McKendrick) - book \/ album - Folio","description":"Wejd\u017a i kup ksi\u0105\u017ck\u0119 The Art of the Bible autorstwa Kathleen Doyle, Scot McKendrick wydan\u0105 przez Thames &amp; Hudson (2023-02-16) w formacie 21,5 x 26,5 cm (ISBN: 9780500026168). Zapraszamy!","robots":{"index":"index","follow":"follow","max-snippet":"max-snippet:-1","max-image-preview":"max-image-preview:large","max-video-preview":"max-video-preview:-1"},"canonical":"https:\/\/foliobooks.pl\/en\/shop\/the-art-of-the-bible\/","og_locale":"en_US","og_type":"article","og_title":"The Art of the Bible (Kathleen Doyle, Scot McKendrick) - book \/ album - Folio","og_description":"Wejd\u017a i kup ksi\u0105\u017ck\u0119 The Art of the Bible autorstwa Kathleen Doyle, Scot McKendrick wydan\u0105 przez Thames &amp; Hudson (2023-02-16) w formacie 21,5 x 26,5 cm (ISBN: 9780500026168). Zapraszamy!","og_url":"https:\/\/foliobooks.pl\/en\/shop\/the-art-of-the-bible\/","og_site_name":"Folio","article_modified_time":"2025-10-23T10:56:53+00:00","og_image":[{"width":570,"height":708,"url":"https:\/\/foliobooks.pl\/wp-content\/uploads\/2023\/06\/9780500026168.png","type":"image\/png"}],"twitter_card":"summary_large_image","twitter_misc":{"Est. reading time":"2 minutes"},"schema":{"@context":"https:\/\/schema.org","@graph":[{"@type":"WebPage","@id":"https:\/\/foliobooks.pl\/en\/shop\/the-art-of-the-bible\/","url":"https:\/\/foliobooks.pl\/en\/shop\/the-art-of-the-bible\/","name":"The Art of the Bible (Kathleen Doyle, Scot McKendrick) - book \/ album - Folio","isPartOf":{"@id":"https:\/\/foliobooks.pl\/en\/#website"},"primaryImageOfPage":{"@id":"https:\/\/foliobooks.pl\/en\/shop\/the-art-of-the-bible\/#primaryimage"},"image":{"@id":"https:\/\/foliobooks.pl\/en\/shop\/the-art-of-the-bible\/#primaryimage"},"thumbnailUrl":"https:\/\/foliobooks.pl\/wp-content\/uploads\/2023\/06\/9780500026168.png","datePublished":"2023-06-15T08:17:06+00:00","dateModified":"2025-10-23T10:56:53+00:00","description":"Wejd\u017a i kup ksi\u0105\u017ck\u0119 The Art of the Bible autorstwa Kathleen Doyle, Scot McKendrick wydan\u0105 przez Thames &amp; Hudson (2023-02-16) w formacie 21,5 x 26,5 cm (ISBN: 9780500026168). Zapraszamy!","breadcrumb":{"@id":"https:\/\/foliobooks.pl\/en\/shop\/the-art-of-the-bible\/#breadcrumb"},"inLanguage":"en-US","potentialAction":[{"@type":"ReadAction","target":["https:\/\/foliobooks.pl\/en\/shop\/the-art-of-the-bible\/"]}]},{"@type":"ImageObject","inLanguage":"en-US","@id":"https:\/\/foliobooks.pl\/en\/shop\/the-art-of-the-bible\/#primaryimage","url":"https:\/\/foliobooks.pl\/wp-content\/uploads\/2023\/06\/9780500026168.png","contentUrl":"https:\/\/foliobooks.pl\/wp-content\/uploads\/2023\/06\/9780500026168.png","width":570,"height":708},{"@type":"BreadcrumbList","@id":"https:\/\/foliobooks.pl\/en\/shop\/the-art-of-the-bible\/#breadcrumb","itemListElement":[{"@type":"ListItem","position":1,"name":"Strona g\u0142\u00f3wna","item":"https:\/\/foliobooks.pl\/en\/"},{"@type":"ListItem","position":2,"name":"Shop","item":"https:\/\/foliobooks.pl\/en\/shop\/"},{"@type":"ListItem","position":3,"name":"The Art of the Bible"}]},{"@type":"WebSite","@id":"https:\/\/foliobooks.pl\/en\/#website","url":"https:\/\/foliobooks.pl\/en\/","name":"Folio","description":"Ksi\u0119garnia internetowa","potentialAction":[{"@type":"SearchAction","target":{"@type":"EntryPoint","urlTemplate":"https:\/\/foliobooks.pl\/en\/?s={search_term_string}"},"query-input":{"@type":"PropertyValueSpecification","valueRequired":true,"valueName":"search_term_string"}}],"inLanguage":"en-US"}]}},"_links":{"self":[{"href":"https:\/\/foliobooks.pl\/en\/wp-json\/wp\/v2\/product\/87490","targetHints":{"allow":["GET"]}}],"collection":[{"href":"https:\/\/foliobooks.pl\/en\/wp-json\/wp\/v2\/product"}],"about":[{"href":"https:\/\/foliobooks.pl\/en\/wp-json\/wp\/v2\/types\/product"}],"replies":[{"embeddable":true,"href":"https:\/\/foliobooks.pl\/en\/wp-json\/wp\/v2\/comments?post=87490"}],"wp:featuredmedia":[{"embeddable":true,"href":"https:\/\/foliobooks.pl\/en\/wp-json\/wp\/v2\/media\/87479"}],"wp:attachment":[{"href":"https:\/\/foliobooks.pl\/en\/wp-json\/wp\/v2\/media?parent=87490"}],"wp:term":[{"taxonomy":"product_brand","embeddable":true,"href":"https:\/\/foliobooks.pl\/en\/wp-json\/wp\/v2\/product_brand?post=87490"},{"taxonomy":"product_cat","embeddable":true,"href":"https:\/\/foliobooks.pl\/en\/wp-json\/wp\/v2\/product_cat?post=87490"},{"taxonomy":"product_tag","embeddable":true,"href":"https:\/\/foliobooks.pl\/en\/wp-json\/wp\/v2\/product_tag?post=87490"}],"curies":[{"name":"wp","href":"https:\/\/api.w.org\/{rel}","templated":true}]}}