{"id":8713,"date":"2015-08-25T15:16:10","date_gmt":"2015-08-25T13:16:10","guid":{"rendered":"http:\/\/foliobooks.pl\/?post_type=product&#038;p=8713"},"modified":"2025-12-03T15:20:37","modified_gmt":"2025-12-03T14:20:37","slug":"yes-is-more-an-archicomic-on-architectural-evolution","status":"publish","type":"product","link":"https:\/\/foliobooks.pl\/en\/shop\/yes-is-more-an-archicomic-on-architectural-evolution\/","title":{"rendered":"Yes is More. An Archicomic on Architectural Evolution"},"content":{"rendered":"<p>Yes is More is the easily accessible but unremittingly radical manifesto of Copenhagen-based architectural practice Bjarke Ingels Group, or BIG. Unlike a typical architectural monograph, this book uses the comic book format to express its radical agenda for contemporary architecture. It is also the first comprehensive documentation of BIG\u2019s trailblazing practice\u2014where method, process, instruments and concepts are constantly questioned and redefined. Or, as the group itself says:<\/p>\n<p>&#8220;Historically, architecture has been dominated by two opposing extremes: an avant-garde full of crazy ideas, originating from philosophy or mysticism; and the well organized corporate consultants that build predictable and boring boxes of high standard. Architecture seems entrenched: naively utopian or petrifyingly pragmatic. We believe there is a third way between these diametric opposites: a pragmatic utopian architecture that creates socially, economically and environmentally perfect places as a practical objective. At BIG we are devoted to investing in the overlap between radical and reality. In all our actions we try to move the focus from the little details to the BIG picture.&#8221;<\/p>\n<p>Bjarke Ingels attracts highly talented co-workers, but also gifted and ambitious clients from all over the world. He then creates intelligent synergies from wild energies and unforeseen dynamics, and transforms them into surprising, functional, valuable and beautiful solutions to the specific and complex challenges in each task.<\/p>\n<p>BIG projects have won awards from the Royal Academy of Fine Arts, and the Special Jury Prize at the Venice Architecture Biennale, as well as many other international prizes. Yes is More is a play on words that represents the company\u2019s ethos and sums up its irreverent attitude towards excessive formalism, and its determination to involved the population at large in its creations. As an extension of its methods and results, its debut monograph uses the most approachable and populist means of communication available\u2014the cartoon.<\/p>\n","protected":false},"excerpt":{"rendered":"<p>Yes is More is the easily accessible but unremittingly radical manifesto of Copenhagen-based architectural practice Bjarke Ingels Group, or BIG. Unlike a typical architectural monograph, this book uses the comic book format to express its radical agenda for contemporary architecture. It is also the first comprehensive documentation of BIG\u2019s trailblazing practice\u2014where method, process, instruments and&#8230;<\/p>\n","protected":false},"featured_media":8696,"comment_status":"closed","ping_status":"closed","template":"","meta":[],"product_brand":[],"product_cat":[4516],"product_tag":[1126,1685,157,290,516],"class_list":{"0":"post-8713","1":"product","2":"type-product","3":"status-publish","4":"has-post-thumbnail","6":"product_cat-architecture-en","7":"product_tag-architects-en","8":"product_tag-comic","9":"product_tag-designers","10":"product_tag-interiors-en","11":"product_tag-places-en","12":"pa_author_att-bjarke-ingels-en","13":"pa_cover-softcover","14":"pa_format-16-x-25-cm-en","15":"pa_isbn-9783836520102-en","16":"pa_language-eng","17":"pa_pages-400-en","18":"pa_published-2009-11-07-en","19":"pa_publisher-taschen-en-en","21":"first","22":"instock","23":"sold-individually","24":"shipping-taxable","25":"purchasable","26":"product-type-simple"},"yoast_head":"<!-- This site is optimized with the Yoast SEO plugin v27.4 - https:\/\/yoast.com\/product\/yoast-seo-wordpress\/ -->\n<title>Yes is More. An Archicomic on Architectural Evolution (Bjarke Ingels) - book \/ album - Folio<\/title>\n<meta name=\"description\" content=\"Wejd\u017a i kup ksi\u0105\u017ck\u0119 Yes is More. An Archicomic on Architectural Evolution autorstwa Bjarke Ingels wydan\u0105 przez TASCHEN (2009-11-07) w formacie 16 x 25 cm (ISBN: 9783836520102). Zapraszamy!\" \/>\n<meta name=\"robots\" content=\"index, follow, max-snippet:-1, max-image-preview:large, max-video-preview:-1\" \/>\n<link rel=\"canonical\" href=\"https:\/\/foliobooks.pl\/en\/shop\/yes-is-more-an-archicomic-on-architectural-evolution\/\" \/>\n<meta property=\"og:locale\" content=\"en_US\" \/>\n<meta property=\"og:type\" content=\"article\" \/>\n<meta property=\"og:title\" content=\"Yes is More. An Archicomic on Architectural Evolution (Bjarke Ingels) - book \/ album - Folio\" \/>\n<meta property=\"og:description\" content=\"Wejd\u017a i kup ksi\u0105\u017ck\u0119 Yes is More. An Archicomic on Architectural Evolution autorstwa Bjarke Ingels wydan\u0105 przez TASCHEN (2009-11-07) w formacie 16 x 25 cm (ISBN: 9783836520102). Zapraszamy!\" \/>\n<meta property=\"og:url\" content=\"https:\/\/foliobooks.pl\/en\/shop\/yes-is-more-an-archicomic-on-architectural-evolution\/\" \/>\n<meta property=\"og:site_name\" content=\"Folio\" \/>\n<meta property=\"article:modified_time\" content=\"2025-12-03T14:20:37+00:00\" \/>\n<meta property=\"og:image\" content=\"https:\/\/foliobooks.pl\/wp-content\/uploads\/2015\/08\/9783836520102.png\" \/>\n\t<meta property=\"og:image:width\" content=\"570\" \/>\n\t<meta property=\"og:image:height\" content=\"708\" \/>\n\t<meta property=\"og:image:type\" content=\"image\/png\" \/>\n<meta name=\"twitter:card\" content=\"summary_large_image\" \/>\n<meta name=\"twitter:label1\" content=\"Est. reading time\" \/>\n\t<meta name=\"twitter:data1\" content=\"2 minutes\" \/>\n<script type=\"application\/ld+json\" class=\"yoast-schema-graph\">{\"@context\":\"https:\\\/\\\/schema.org\",\"@graph\":[{\"@type\":\"WebPage\",\"@id\":\"https:\\\/\\\/foliobooks.pl\\\/en\\\/shop\\\/yes-is-more-an-archicomic-on-architectural-evolution\\\/\",\"url\":\"https:\\\/\\\/foliobooks.pl\\\/en\\\/shop\\\/yes-is-more-an-archicomic-on-architectural-evolution\\\/\",\"name\":\"Yes is More. An Archicomic on Architectural Evolution (Bjarke Ingels) - book \\\/ album - Folio\",\"isPartOf\":{\"@id\":\"https:\\\/\\\/foliobooks.pl\\\/en\\\/#website\"},\"primaryImageOfPage\":{\"@id\":\"https:\\\/\\\/foliobooks.pl\\\/en\\\/shop\\\/yes-is-more-an-archicomic-on-architectural-evolution\\\/#primaryimage\"},\"image\":{\"@id\":\"https:\\\/\\\/foliobooks.pl\\\/en\\\/shop\\\/yes-is-more-an-archicomic-on-architectural-evolution\\\/#primaryimage\"},\"thumbnailUrl\":\"https:\\\/\\\/foliobooks.pl\\\/wp-content\\\/uploads\\\/2015\\\/08\\\/9783836520102.png\",\"datePublished\":\"2015-08-25T13:16:10+00:00\",\"dateModified\":\"2025-12-03T14:20:37+00:00\",\"description\":\"Wejd\u017a i kup ksi\u0105\u017ck\u0119 Yes is More. An Archicomic on Architectural Evolution autorstwa Bjarke Ingels wydan\u0105 przez TASCHEN (2009-11-07) w formacie 16 x 25 cm (ISBN: 9783836520102). Zapraszamy!\",\"breadcrumb\":{\"@id\":\"https:\\\/\\\/foliobooks.pl\\\/en\\\/shop\\\/yes-is-more-an-archicomic-on-architectural-evolution\\\/#breadcrumb\"},\"inLanguage\":\"en-US\",\"potentialAction\":[{\"@type\":\"ReadAction\",\"target\":[\"https:\\\/\\\/foliobooks.pl\\\/en\\\/shop\\\/yes-is-more-an-archicomic-on-architectural-evolution\\\/\"]}]},{\"@type\":\"ImageObject\",\"inLanguage\":\"en-US\",\"@id\":\"https:\\\/\\\/foliobooks.pl\\\/en\\\/shop\\\/yes-is-more-an-archicomic-on-architectural-evolution\\\/#primaryimage\",\"url\":\"https:\\\/\\\/foliobooks.pl\\\/wp-content\\\/uploads\\\/2015\\\/08\\\/9783836520102.png\",\"contentUrl\":\"https:\\\/\\\/foliobooks.pl\\\/wp-content\\\/uploads\\\/2015\\\/08\\\/9783836520102.png\",\"width\":570,\"height\":708},{\"@type\":\"BreadcrumbList\",\"@id\":\"https:\\\/\\\/foliobooks.pl\\\/en\\\/shop\\\/yes-is-more-an-archicomic-on-architectural-evolution\\\/#breadcrumb\",\"itemListElement\":[{\"@type\":\"ListItem\",\"position\":1,\"name\":\"Strona g\u0142\u00f3wna\",\"item\":\"https:\\\/\\\/foliobooks.pl\\\/en\\\/\"},{\"@type\":\"ListItem\",\"position\":2,\"name\":\"Shop\",\"item\":\"https:\\\/\\\/foliobooks.pl\\\/en\\\/shop\\\/\"},{\"@type\":\"ListItem\",\"position\":3,\"name\":\"Yes is More. An Archicomic on Architectural Evolution\"}]},{\"@type\":\"WebSite\",\"@id\":\"https:\\\/\\\/foliobooks.pl\\\/en\\\/#website\",\"url\":\"https:\\\/\\\/foliobooks.pl\\\/en\\\/\",\"name\":\"Folio\",\"description\":\"Ksi\u0119garnia internetowa\",\"potentialAction\":[{\"@type\":\"SearchAction\",\"target\":{\"@type\":\"EntryPoint\",\"urlTemplate\":\"https:\\\/\\\/foliobooks.pl\\\/en\\\/?s={search_term_string}\"},\"query-input\":{\"@type\":\"PropertyValueSpecification\",\"valueRequired\":true,\"valueName\":\"search_term_string\"}}],\"inLanguage\":\"en-US\"}]}<\/script>\n<!-- \/ Yoast SEO plugin. -->","yoast_head_json":{"title":"Yes is More. An Archicomic on Architectural Evolution (Bjarke Ingels) - book \/ album - Folio","description":"Wejd\u017a i kup ksi\u0105\u017ck\u0119 Yes is More. An Archicomic on Architectural Evolution autorstwa Bjarke Ingels wydan\u0105 przez TASCHEN (2009-11-07) w formacie 16 x 25 cm (ISBN: 9783836520102). Zapraszamy!","robots":{"index":"index","follow":"follow","max-snippet":"max-snippet:-1","max-image-preview":"max-image-preview:large","max-video-preview":"max-video-preview:-1"},"canonical":"https:\/\/foliobooks.pl\/en\/shop\/yes-is-more-an-archicomic-on-architectural-evolution\/","og_locale":"en_US","og_type":"article","og_title":"Yes is More. An Archicomic on Architectural Evolution (Bjarke Ingels) - book \/ album - Folio","og_description":"Wejd\u017a i kup ksi\u0105\u017ck\u0119 Yes is More. An Archicomic on Architectural Evolution autorstwa Bjarke Ingels wydan\u0105 przez TASCHEN (2009-11-07) w formacie 16 x 25 cm (ISBN: 9783836520102). Zapraszamy!","og_url":"https:\/\/foliobooks.pl\/en\/shop\/yes-is-more-an-archicomic-on-architectural-evolution\/","og_site_name":"Folio","article_modified_time":"2025-12-03T14:20:37+00:00","og_image":[{"width":570,"height":708,"url":"https:\/\/foliobooks.pl\/wp-content\/uploads\/2015\/08\/9783836520102.png","type":"image\/png"}],"twitter_card":"summary_large_image","twitter_misc":{"Est. reading time":"2 minutes"},"schema":{"@context":"https:\/\/schema.org","@graph":[{"@type":"WebPage","@id":"https:\/\/foliobooks.pl\/en\/shop\/yes-is-more-an-archicomic-on-architectural-evolution\/","url":"https:\/\/foliobooks.pl\/en\/shop\/yes-is-more-an-archicomic-on-architectural-evolution\/","name":"Yes is More. An Archicomic on Architectural Evolution (Bjarke Ingels) - book \/ album - Folio","isPartOf":{"@id":"https:\/\/foliobooks.pl\/en\/#website"},"primaryImageOfPage":{"@id":"https:\/\/foliobooks.pl\/en\/shop\/yes-is-more-an-archicomic-on-architectural-evolution\/#primaryimage"},"image":{"@id":"https:\/\/foliobooks.pl\/en\/shop\/yes-is-more-an-archicomic-on-architectural-evolution\/#primaryimage"},"thumbnailUrl":"https:\/\/foliobooks.pl\/wp-content\/uploads\/2015\/08\/9783836520102.png","datePublished":"2015-08-25T13:16:10+00:00","dateModified":"2025-12-03T14:20:37+00:00","description":"Wejd\u017a i kup ksi\u0105\u017ck\u0119 Yes is More. An Archicomic on Architectural Evolution autorstwa Bjarke Ingels wydan\u0105 przez TASCHEN (2009-11-07) w formacie 16 x 25 cm (ISBN: 9783836520102). Zapraszamy!","breadcrumb":{"@id":"https:\/\/foliobooks.pl\/en\/shop\/yes-is-more-an-archicomic-on-architectural-evolution\/#breadcrumb"},"inLanguage":"en-US","potentialAction":[{"@type":"ReadAction","target":["https:\/\/foliobooks.pl\/en\/shop\/yes-is-more-an-archicomic-on-architectural-evolution\/"]}]},{"@type":"ImageObject","inLanguage":"en-US","@id":"https:\/\/foliobooks.pl\/en\/shop\/yes-is-more-an-archicomic-on-architectural-evolution\/#primaryimage","url":"https:\/\/foliobooks.pl\/wp-content\/uploads\/2015\/08\/9783836520102.png","contentUrl":"https:\/\/foliobooks.pl\/wp-content\/uploads\/2015\/08\/9783836520102.png","width":570,"height":708},{"@type":"BreadcrumbList","@id":"https:\/\/foliobooks.pl\/en\/shop\/yes-is-more-an-archicomic-on-architectural-evolution\/#breadcrumb","itemListElement":[{"@type":"ListItem","position":1,"name":"Strona g\u0142\u00f3wna","item":"https:\/\/foliobooks.pl\/en\/"},{"@type":"ListItem","position":2,"name":"Shop","item":"https:\/\/foliobooks.pl\/en\/shop\/"},{"@type":"ListItem","position":3,"name":"Yes is More. An Archicomic on Architectural Evolution"}]},{"@type":"WebSite","@id":"https:\/\/foliobooks.pl\/en\/#website","url":"https:\/\/foliobooks.pl\/en\/","name":"Folio","description":"Ksi\u0119garnia internetowa","potentialAction":[{"@type":"SearchAction","target":{"@type":"EntryPoint","urlTemplate":"https:\/\/foliobooks.pl\/en\/?s={search_term_string}"},"query-input":{"@type":"PropertyValueSpecification","valueRequired":true,"valueName":"search_term_string"}}],"inLanguage":"en-US"}]}},"_links":{"self":[{"href":"https:\/\/foliobooks.pl\/en\/wp-json\/wp\/v2\/product\/8713","targetHints":{"allow":["GET"]}}],"collection":[{"href":"https:\/\/foliobooks.pl\/en\/wp-json\/wp\/v2\/product"}],"about":[{"href":"https:\/\/foliobooks.pl\/en\/wp-json\/wp\/v2\/types\/product"}],"replies":[{"embeddable":true,"href":"https:\/\/foliobooks.pl\/en\/wp-json\/wp\/v2\/comments?post=8713"}],"wp:featuredmedia":[{"embeddable":true,"href":"https:\/\/foliobooks.pl\/en\/wp-json\/wp\/v2\/media\/8696"}],"wp:attachment":[{"href":"https:\/\/foliobooks.pl\/en\/wp-json\/wp\/v2\/media?parent=8713"}],"wp:term":[{"taxonomy":"product_brand","embeddable":true,"href":"https:\/\/foliobooks.pl\/en\/wp-json\/wp\/v2\/product_brand?post=8713"},{"taxonomy":"product_cat","embeddable":true,"href":"https:\/\/foliobooks.pl\/en\/wp-json\/wp\/v2\/product_cat?post=8713"},{"taxonomy":"product_tag","embeddable":true,"href":"https:\/\/foliobooks.pl\/en\/wp-json\/wp\/v2\/product_tag?post=8713"}],"curies":[{"name":"wp","href":"https:\/\/api.w.org\/{rel}","templated":true}]}}