{"id":84950,"date":"2023-04-24T21:41:29","date_gmt":"2023-04-24T19:41:29","guid":{"rendered":"https:\/\/foliobooks.pl\/sklep\/james-cameron-a-retrospective\/"},"modified":"2025-10-17T14:06:53","modified_gmt":"2025-10-17T12:06:53","slug":"james-cameron-a-retrospective","status":"publish","type":"product","link":"https:\/\/foliobooks.pl\/en\/shop\/james-cameron-a-retrospective\/","title":{"rendered":"James Cameron. A Retrospective"},"content":{"rendered":"<p>James Cameron is the most successful filmmaker of all time by some margin. Which is something we tend to take for granted. The question at the heart of his story isn\u2019t only how this came about, but what is it about Cameron that makes him such a universal storyteller? Cinema has had its godlike directors, lifting it up into new spaces, but he is their Zeus. The man who made the biggest film of all time, Titanic, then topped that by making the next biggest film of all time, Avatar. Encapsulating not only the magnitude of James Cameron as a filmmaker but the minutiae too \u2013 the incredible stories of an artist whose commitment to the medium knows few bounds. The tales behind the films are as epic as the films themselves. The astonishing making of The Abyss, much of it shot submerged in a decommissioned nuclear plant, could fill a book on its own. James Cameron: A Retrospective is an enthralling and beautifully illustrated film-by-film biography \u2013 from The Terminator to Aliens to Avatar 2 \u2013 of the most popular director in movie history.<\/p>\n","protected":false},"excerpt":{"rendered":"<p>James Cameron is the most successful filmmaker of all time by some margin. Which is something we tend to take for granted. The question at the heart of his story isn\u2019t only how this came about, but what is it about Cameron that makes him such a universal storyteller? Cinema has had its godlike directors,&#8230;<\/p>\n","protected":false},"featured_media":84937,"comment_status":"closed","ping_status":"closed","template":"","meta":[],"product_brand":[],"product_cat":[4522,13533],"product_tag":[18063,6339,1146],"class_list":{"0":"post-84950","1":"product","2":"type-product","3":"status-publish","4":"has-post-thumbnail","6":"product_cat-art-en","7":"product_cat-books","8":"product_tag-film-en","9":"product_tag-film-directors-en","10":"product_tag-great-masters-en","11":"pa_author_att-ian-nathan-en","12":"pa_cover-hardcover","13":"pa_format-248-x-292-cm-en","14":"pa_isbn-9781786751140-en","15":"pa_language-eng","16":"pa_pages-224-2-en","17":"pa_published-2022-10-20-en","18":"pa_publisher-palazzo-en","20":"first","21":"instock","22":"sale","23":"sold-individually","24":"shipping-taxable","25":"purchasable","26":"product-type-simple"},"yoast_head":"<!-- This site is optimized with the Yoast SEO plugin v27.5 - https:\/\/yoast.com\/product\/yoast-seo-wordpress\/ -->\n<title>James Cameron. A Retrospective (Ian Nathan) - book \/ album - Folio<\/title>\n<meta name=\"description\" content=\"Wejd\u017a i kup ksi\u0105\u017ck\u0119 James Cameron. A Retrospective autorstwa Ian Nathan wydan\u0105 przez Palazzo (2022-10-20) w formacie 24,8 x 29,2 cm (ISBN: 9781786751140). Zapraszamy!\" \/>\n<meta name=\"robots\" content=\"index, follow, max-snippet:-1, max-image-preview:large, max-video-preview:-1\" \/>\n<link rel=\"canonical\" href=\"https:\/\/foliobooks.pl\/en\/shop\/james-cameron-a-retrospective\/\" \/>\n<meta property=\"og:locale\" content=\"en_US\" \/>\n<meta property=\"og:type\" content=\"article\" \/>\n<meta property=\"og:title\" content=\"James Cameron. A Retrospective (Ian Nathan) - book \/ album - Folio\" \/>\n<meta property=\"og:description\" content=\"Wejd\u017a i kup ksi\u0105\u017ck\u0119 James Cameron. A Retrospective autorstwa Ian Nathan wydan\u0105 przez Palazzo (2022-10-20) w formacie 24,8 x 29,2 cm (ISBN: 9781786751140). Zapraszamy!\" \/>\n<meta property=\"og:url\" content=\"https:\/\/foliobooks.pl\/en\/shop\/james-cameron-a-retrospective\/\" \/>\n<meta property=\"og:site_name\" content=\"Folio\" \/>\n<meta property=\"article:modified_time\" content=\"2025-10-17T12:06:53+00:00\" \/>\n<meta property=\"og:image\" content=\"https:\/\/foliobooks.pl\/wp-content\/uploads\/2023\/04\/9781786751140.png\" \/>\n\t<meta property=\"og:image:width\" content=\"570\" \/>\n\t<meta property=\"og:image:height\" content=\"708\" \/>\n\t<meta property=\"og:image:type\" content=\"image\/png\" \/>\n<meta name=\"twitter:card\" content=\"summary_large_image\" \/>\n<meta name=\"twitter:label1\" content=\"Est. reading time\" \/>\n\t<meta name=\"twitter:data1\" content=\"2 minutes\" \/>\n<script type=\"application\/ld+json\" class=\"yoast-schema-graph\">{\"@context\":\"https:\\\/\\\/schema.org\",\"@graph\":[{\"@type\":\"WebPage\",\"@id\":\"https:\\\/\\\/foliobooks.pl\\\/en\\\/shop\\\/james-cameron-a-retrospective\\\/\",\"url\":\"https:\\\/\\\/foliobooks.pl\\\/en\\\/shop\\\/james-cameron-a-retrospective\\\/\",\"name\":\"James Cameron. A Retrospective (Ian Nathan) - book \\\/ album - Folio\",\"isPartOf\":{\"@id\":\"https:\\\/\\\/foliobooks.pl\\\/en\\\/#website\"},\"primaryImageOfPage\":{\"@id\":\"https:\\\/\\\/foliobooks.pl\\\/en\\\/shop\\\/james-cameron-a-retrospective\\\/#primaryimage\"},\"image\":{\"@id\":\"https:\\\/\\\/foliobooks.pl\\\/en\\\/shop\\\/james-cameron-a-retrospective\\\/#primaryimage\"},\"thumbnailUrl\":\"https:\\\/\\\/foliobooks.pl\\\/wp-content\\\/uploads\\\/2023\\\/04\\\/9781786751140.png\",\"datePublished\":\"2023-04-24T19:41:29+00:00\",\"dateModified\":\"2025-10-17T12:06:53+00:00\",\"description\":\"Wejd\u017a i kup ksi\u0105\u017ck\u0119 James Cameron. A Retrospective autorstwa Ian Nathan wydan\u0105 przez Palazzo (2022-10-20) w formacie 24,8 x 29,2 cm (ISBN: 9781786751140). Zapraszamy!\",\"breadcrumb\":{\"@id\":\"https:\\\/\\\/foliobooks.pl\\\/en\\\/shop\\\/james-cameron-a-retrospective\\\/#breadcrumb\"},\"inLanguage\":\"en-US\",\"potentialAction\":[{\"@type\":\"ReadAction\",\"target\":[\"https:\\\/\\\/foliobooks.pl\\\/en\\\/shop\\\/james-cameron-a-retrospective\\\/\"]}]},{\"@type\":\"ImageObject\",\"inLanguage\":\"en-US\",\"@id\":\"https:\\\/\\\/foliobooks.pl\\\/en\\\/shop\\\/james-cameron-a-retrospective\\\/#primaryimage\",\"url\":\"https:\\\/\\\/foliobooks.pl\\\/wp-content\\\/uploads\\\/2023\\\/04\\\/9781786751140.png\",\"contentUrl\":\"https:\\\/\\\/foliobooks.pl\\\/wp-content\\\/uploads\\\/2023\\\/04\\\/9781786751140.png\",\"width\":570,\"height\":708},{\"@type\":\"BreadcrumbList\",\"@id\":\"https:\\\/\\\/foliobooks.pl\\\/en\\\/shop\\\/james-cameron-a-retrospective\\\/#breadcrumb\",\"itemListElement\":[{\"@type\":\"ListItem\",\"position\":1,\"name\":\"Strona g\u0142\u00f3wna\",\"item\":\"https:\\\/\\\/foliobooks.pl\\\/en\\\/\"},{\"@type\":\"ListItem\",\"position\":2,\"name\":\"Shop\",\"item\":\"https:\\\/\\\/foliobooks.pl\\\/en\\\/shop\\\/\"},{\"@type\":\"ListItem\",\"position\":3,\"name\":\"James Cameron. A Retrospective\"}]},{\"@type\":\"WebSite\",\"@id\":\"https:\\\/\\\/foliobooks.pl\\\/en\\\/#website\",\"url\":\"https:\\\/\\\/foliobooks.pl\\\/en\\\/\",\"name\":\"Folio\",\"description\":\"Ksi\u0119garnia internetowa\",\"potentialAction\":[{\"@type\":\"SearchAction\",\"target\":{\"@type\":\"EntryPoint\",\"urlTemplate\":\"https:\\\/\\\/foliobooks.pl\\\/en\\\/?s={search_term_string}\"},\"query-input\":{\"@type\":\"PropertyValueSpecification\",\"valueRequired\":true,\"valueName\":\"search_term_string\"}}],\"inLanguage\":\"en-US\"}]}<\/script>\n<!-- \/ Yoast SEO plugin. -->","yoast_head_json":{"title":"James Cameron. A Retrospective (Ian Nathan) - book \/ album - Folio","description":"Wejd\u017a i kup ksi\u0105\u017ck\u0119 James Cameron. A Retrospective autorstwa Ian Nathan wydan\u0105 przez Palazzo (2022-10-20) w formacie 24,8 x 29,2 cm (ISBN: 9781786751140). Zapraszamy!","robots":{"index":"index","follow":"follow","max-snippet":"max-snippet:-1","max-image-preview":"max-image-preview:large","max-video-preview":"max-video-preview:-1"},"canonical":"https:\/\/foliobooks.pl\/en\/shop\/james-cameron-a-retrospective\/","og_locale":"en_US","og_type":"article","og_title":"James Cameron. A Retrospective (Ian Nathan) - book \/ album - Folio","og_description":"Wejd\u017a i kup ksi\u0105\u017ck\u0119 James Cameron. A Retrospective autorstwa Ian Nathan wydan\u0105 przez Palazzo (2022-10-20) w formacie 24,8 x 29,2 cm (ISBN: 9781786751140). Zapraszamy!","og_url":"https:\/\/foliobooks.pl\/en\/shop\/james-cameron-a-retrospective\/","og_site_name":"Folio","article_modified_time":"2025-10-17T12:06:53+00:00","og_image":[{"width":570,"height":708,"url":"https:\/\/foliobooks.pl\/wp-content\/uploads\/2023\/04\/9781786751140.png","type":"image\/png"}],"twitter_card":"summary_large_image","twitter_misc":{"Est. reading time":"2 minutes"},"schema":{"@context":"https:\/\/schema.org","@graph":[{"@type":"WebPage","@id":"https:\/\/foliobooks.pl\/en\/shop\/james-cameron-a-retrospective\/","url":"https:\/\/foliobooks.pl\/en\/shop\/james-cameron-a-retrospective\/","name":"James Cameron. A Retrospective (Ian Nathan) - book \/ album - Folio","isPartOf":{"@id":"https:\/\/foliobooks.pl\/en\/#website"},"primaryImageOfPage":{"@id":"https:\/\/foliobooks.pl\/en\/shop\/james-cameron-a-retrospective\/#primaryimage"},"image":{"@id":"https:\/\/foliobooks.pl\/en\/shop\/james-cameron-a-retrospective\/#primaryimage"},"thumbnailUrl":"https:\/\/foliobooks.pl\/wp-content\/uploads\/2023\/04\/9781786751140.png","datePublished":"2023-04-24T19:41:29+00:00","dateModified":"2025-10-17T12:06:53+00:00","description":"Wejd\u017a i kup ksi\u0105\u017ck\u0119 James Cameron. A Retrospective autorstwa Ian Nathan wydan\u0105 przez Palazzo (2022-10-20) w formacie 24,8 x 29,2 cm (ISBN: 9781786751140). Zapraszamy!","breadcrumb":{"@id":"https:\/\/foliobooks.pl\/en\/shop\/james-cameron-a-retrospective\/#breadcrumb"},"inLanguage":"en-US","potentialAction":[{"@type":"ReadAction","target":["https:\/\/foliobooks.pl\/en\/shop\/james-cameron-a-retrospective\/"]}]},{"@type":"ImageObject","inLanguage":"en-US","@id":"https:\/\/foliobooks.pl\/en\/shop\/james-cameron-a-retrospective\/#primaryimage","url":"https:\/\/foliobooks.pl\/wp-content\/uploads\/2023\/04\/9781786751140.png","contentUrl":"https:\/\/foliobooks.pl\/wp-content\/uploads\/2023\/04\/9781786751140.png","width":570,"height":708},{"@type":"BreadcrumbList","@id":"https:\/\/foliobooks.pl\/en\/shop\/james-cameron-a-retrospective\/#breadcrumb","itemListElement":[{"@type":"ListItem","position":1,"name":"Strona g\u0142\u00f3wna","item":"https:\/\/foliobooks.pl\/en\/"},{"@type":"ListItem","position":2,"name":"Shop","item":"https:\/\/foliobooks.pl\/en\/shop\/"},{"@type":"ListItem","position":3,"name":"James Cameron. A Retrospective"}]},{"@type":"WebSite","@id":"https:\/\/foliobooks.pl\/en\/#website","url":"https:\/\/foliobooks.pl\/en\/","name":"Folio","description":"Ksi\u0119garnia internetowa","potentialAction":[{"@type":"SearchAction","target":{"@type":"EntryPoint","urlTemplate":"https:\/\/foliobooks.pl\/en\/?s={search_term_string}"},"query-input":{"@type":"PropertyValueSpecification","valueRequired":true,"valueName":"search_term_string"}}],"inLanguage":"en-US"}]}},"_links":{"self":[{"href":"https:\/\/foliobooks.pl\/en\/wp-json\/wp\/v2\/product\/84950","targetHints":{"allow":["GET"]}}],"collection":[{"href":"https:\/\/foliobooks.pl\/en\/wp-json\/wp\/v2\/product"}],"about":[{"href":"https:\/\/foliobooks.pl\/en\/wp-json\/wp\/v2\/types\/product"}],"replies":[{"embeddable":true,"href":"https:\/\/foliobooks.pl\/en\/wp-json\/wp\/v2\/comments?post=84950"}],"wp:featuredmedia":[{"embeddable":true,"href":"https:\/\/foliobooks.pl\/en\/wp-json\/wp\/v2\/media\/84937"}],"wp:attachment":[{"href":"https:\/\/foliobooks.pl\/en\/wp-json\/wp\/v2\/media?parent=84950"}],"wp:term":[{"taxonomy":"product_brand","embeddable":true,"href":"https:\/\/foliobooks.pl\/en\/wp-json\/wp\/v2\/product_brand?post=84950"},{"taxonomy":"product_cat","embeddable":true,"href":"https:\/\/foliobooks.pl\/en\/wp-json\/wp\/v2\/product_cat?post=84950"},{"taxonomy":"product_tag","embeddable":true,"href":"https:\/\/foliobooks.pl\/en\/wp-json\/wp\/v2\/product_tag?post=84950"}],"curies":[{"name":"wp","href":"https:\/\/api.w.org\/{rel}","templated":true}]}}