{"id":84934,"date":"2023-04-24T21:31:21","date_gmt":"2023-04-24T19:31:21","guid":{"rendered":"https:\/\/foliobooks.pl\/sklep\/its-all-about-shoes\/"},"modified":"2023-04-24T21:31:21","modified_gmt":"2023-04-24T19:31:21","slug":"its-all-about-shoes","status":"publish","type":"product","link":"https:\/\/foliobooks.pl\/en\/shop\/its-all-about-shoes\/","title":{"rendered":"It&#8217;s All About Shoes"},"content":{"rendered":"<p>Shoes are part of the basic equipment of our everyday wardrobe. They can be seen as a utilitarian necessity, or as a unique and joyful fashion accessory that influences the entire outfit and makes it a distinctive expression of personal style, be it vintage or avant-garde, elegant or edgy, minimalist or extravagant. In It&#8217;s All About Shoes, street style photographer Suzanne Middlemass presents a colourful mix of fab and fantastic shoes that are worn on the asphalt catwalks of the fashion capitals of the world, including New York, Paris, Milan, London, Berlin, and Copenhagen. This revised edition includes interviews with renowned shoe designers and asks them about design inspiration and sustainability.<\/p>\n","protected":false},"excerpt":{"rendered":"<p>Shoes are part of the basic equipment of our everyday wardrobe. They can be seen as a utilitarian necessity, or as a unique and joyful fashion accessory that influences the entire outfit and makes it a distinctive expression of personal style, be it vintage or avant-garde, elegant or edgy, minimalist or extravagant. In It&#8217;s All&#8230;<\/p>\n","protected":false},"featured_media":84919,"comment_status":"closed","ping_status":"closed","template":"","meta":[],"product_brand":[],"product_cat":[13533,4519],"product_tag":[6125],"class_list":{"0":"post-84934","1":"product","2":"type-product","3":"status-publish","4":"has-post-thumbnail","6":"product_cat-books","7":"product_cat-fashion-en-en","8":"product_tag-fashion","9":"pa_author_att-suzanne-middlemass-en","10":"pa_cover-hardcover","11":"pa_format-235-x-30-cm-en","12":"pa_isbn-9783961713998-en","13":"pa_language-eng","14":"pa_pages-224-2-en","15":"pa_published-2022-10-26-en","16":"pa_publisher-teneues-en","18":"first","19":"outofstock","20":"sold-individually","21":"shipping-taxable","22":"purchasable","23":"product-type-simple"},"yoast_head":"<!-- This site is optimized with the Yoast SEO plugin v27.4 - https:\/\/yoast.com\/product\/yoast-seo-wordpress\/ -->\n<title>It&#039;s All About Shoes (Suzanne Middlemass) - book \/ album - Folio<\/title>\n<meta name=\"description\" content=\"Wejd\u017a i kup ksi\u0105\u017ck\u0119 It&#039;s All About Shoes autorstwa Suzanne Middlemass wydan\u0105 przez teNeues (2022-10-26) w formacie 23,5 x 30 cm (ISBN: 9783961713998). Zapraszamy!\" \/>\n<meta name=\"robots\" content=\"index, follow, max-snippet:-1, max-image-preview:large, max-video-preview:-1\" \/>\n<link rel=\"canonical\" href=\"https:\/\/foliobooks.pl\/en\/shop\/its-all-about-shoes\/\" \/>\n<meta property=\"og:locale\" content=\"en_US\" \/>\n<meta property=\"og:type\" content=\"article\" \/>\n<meta property=\"og:title\" content=\"It&#039;s All About Shoes (Suzanne Middlemass) - book \/ album - Folio\" \/>\n<meta property=\"og:description\" content=\"Wejd\u017a i kup ksi\u0105\u017ck\u0119 It&#039;s All About Shoes autorstwa Suzanne Middlemass wydan\u0105 przez teNeues (2022-10-26) w formacie 23,5 x 30 cm (ISBN: 9783961713998). Zapraszamy!\" \/>\n<meta property=\"og:url\" content=\"https:\/\/foliobooks.pl\/en\/shop\/its-all-about-shoes\/\" \/>\n<meta property=\"og:site_name\" content=\"Folio\" \/>\n<meta property=\"og:image\" content=\"https:\/\/foliobooks.pl\/wp-content\/uploads\/2023\/04\/9783961713998.png\" \/>\n\t<meta property=\"og:image:width\" content=\"570\" \/>\n\t<meta property=\"og:image:height\" content=\"708\" \/>\n\t<meta property=\"og:image:type\" content=\"image\/png\" \/>\n<meta name=\"twitter:card\" content=\"summary_large_image\" \/>\n<meta name=\"twitter:label1\" content=\"Est. reading time\" \/>\n\t<meta name=\"twitter:data1\" content=\"1 minute\" \/>\n<script type=\"application\/ld+json\" class=\"yoast-schema-graph\">{\"@context\":\"https:\\\/\\\/schema.org\",\"@graph\":[{\"@type\":\"WebPage\",\"@id\":\"https:\\\/\\\/foliobooks.pl\\\/en\\\/shop\\\/its-all-about-shoes\\\/\",\"url\":\"https:\\\/\\\/foliobooks.pl\\\/en\\\/shop\\\/its-all-about-shoes\\\/\",\"name\":\"It's All About Shoes (Suzanne Middlemass) - book \\\/ album - Folio\",\"isPartOf\":{\"@id\":\"https:\\\/\\\/foliobooks.pl\\\/en\\\/#website\"},\"primaryImageOfPage\":{\"@id\":\"https:\\\/\\\/foliobooks.pl\\\/en\\\/shop\\\/its-all-about-shoes\\\/#primaryimage\"},\"image\":{\"@id\":\"https:\\\/\\\/foliobooks.pl\\\/en\\\/shop\\\/its-all-about-shoes\\\/#primaryimage\"},\"thumbnailUrl\":\"https:\\\/\\\/foliobooks.pl\\\/wp-content\\\/uploads\\\/2023\\\/04\\\/9783961713998.png\",\"datePublished\":\"2023-04-24T19:31:21+00:00\",\"description\":\"Wejd\u017a i kup ksi\u0105\u017ck\u0119 It's All About Shoes autorstwa Suzanne Middlemass wydan\u0105 przez teNeues (2022-10-26) w formacie 23,5 x 30 cm (ISBN: 9783961713998). Zapraszamy!\",\"breadcrumb\":{\"@id\":\"https:\\\/\\\/foliobooks.pl\\\/en\\\/shop\\\/its-all-about-shoes\\\/#breadcrumb\"},\"inLanguage\":\"en-US\",\"potentialAction\":[{\"@type\":\"ReadAction\",\"target\":[\"https:\\\/\\\/foliobooks.pl\\\/en\\\/shop\\\/its-all-about-shoes\\\/\"]}]},{\"@type\":\"ImageObject\",\"inLanguage\":\"en-US\",\"@id\":\"https:\\\/\\\/foliobooks.pl\\\/en\\\/shop\\\/its-all-about-shoes\\\/#primaryimage\",\"url\":\"https:\\\/\\\/foliobooks.pl\\\/wp-content\\\/uploads\\\/2023\\\/04\\\/9783961713998.png\",\"contentUrl\":\"https:\\\/\\\/foliobooks.pl\\\/wp-content\\\/uploads\\\/2023\\\/04\\\/9783961713998.png\",\"width\":570,\"height\":708},{\"@type\":\"BreadcrumbList\",\"@id\":\"https:\\\/\\\/foliobooks.pl\\\/en\\\/shop\\\/its-all-about-shoes\\\/#breadcrumb\",\"itemListElement\":[{\"@type\":\"ListItem\",\"position\":1,\"name\":\"Strona g\u0142\u00f3wna\",\"item\":\"https:\\\/\\\/foliobooks.pl\\\/en\\\/\"},{\"@type\":\"ListItem\",\"position\":2,\"name\":\"Shop\",\"item\":\"https:\\\/\\\/foliobooks.pl\\\/en\\\/shop\\\/\"},{\"@type\":\"ListItem\",\"position\":3,\"name\":\"It&#8217;s All About Shoes\"}]},{\"@type\":\"WebSite\",\"@id\":\"https:\\\/\\\/foliobooks.pl\\\/en\\\/#website\",\"url\":\"https:\\\/\\\/foliobooks.pl\\\/en\\\/\",\"name\":\"Folio\",\"description\":\"Ksi\u0119garnia internetowa\",\"potentialAction\":[{\"@type\":\"SearchAction\",\"target\":{\"@type\":\"EntryPoint\",\"urlTemplate\":\"https:\\\/\\\/foliobooks.pl\\\/en\\\/?s={search_term_string}\"},\"query-input\":{\"@type\":\"PropertyValueSpecification\",\"valueRequired\":true,\"valueName\":\"search_term_string\"}}],\"inLanguage\":\"en-US\"}]}<\/script>\n<!-- \/ Yoast SEO plugin. -->","yoast_head_json":{"title":"It's All About Shoes (Suzanne Middlemass) - book \/ album - Folio","description":"Wejd\u017a i kup ksi\u0105\u017ck\u0119 It's All About Shoes autorstwa Suzanne Middlemass wydan\u0105 przez teNeues (2022-10-26) w formacie 23,5 x 30 cm (ISBN: 9783961713998). Zapraszamy!","robots":{"index":"index","follow":"follow","max-snippet":"max-snippet:-1","max-image-preview":"max-image-preview:large","max-video-preview":"max-video-preview:-1"},"canonical":"https:\/\/foliobooks.pl\/en\/shop\/its-all-about-shoes\/","og_locale":"en_US","og_type":"article","og_title":"It's All About Shoes (Suzanne Middlemass) - book \/ album - Folio","og_description":"Wejd\u017a i kup ksi\u0105\u017ck\u0119 It's All About Shoes autorstwa Suzanne Middlemass wydan\u0105 przez teNeues (2022-10-26) w formacie 23,5 x 30 cm (ISBN: 9783961713998). Zapraszamy!","og_url":"https:\/\/foliobooks.pl\/en\/shop\/its-all-about-shoes\/","og_site_name":"Folio","og_image":[{"width":570,"height":708,"url":"https:\/\/foliobooks.pl\/wp-content\/uploads\/2023\/04\/9783961713998.png","type":"image\/png"}],"twitter_card":"summary_large_image","twitter_misc":{"Est. reading time":"1 minute"},"schema":{"@context":"https:\/\/schema.org","@graph":[{"@type":"WebPage","@id":"https:\/\/foliobooks.pl\/en\/shop\/its-all-about-shoes\/","url":"https:\/\/foliobooks.pl\/en\/shop\/its-all-about-shoes\/","name":"It's All About Shoes (Suzanne Middlemass) - book \/ album - Folio","isPartOf":{"@id":"https:\/\/foliobooks.pl\/en\/#website"},"primaryImageOfPage":{"@id":"https:\/\/foliobooks.pl\/en\/shop\/its-all-about-shoes\/#primaryimage"},"image":{"@id":"https:\/\/foliobooks.pl\/en\/shop\/its-all-about-shoes\/#primaryimage"},"thumbnailUrl":"https:\/\/foliobooks.pl\/wp-content\/uploads\/2023\/04\/9783961713998.png","datePublished":"2023-04-24T19:31:21+00:00","description":"Wejd\u017a i kup ksi\u0105\u017ck\u0119 It's All About Shoes autorstwa Suzanne Middlemass wydan\u0105 przez teNeues (2022-10-26) w formacie 23,5 x 30 cm (ISBN: 9783961713998). Zapraszamy!","breadcrumb":{"@id":"https:\/\/foliobooks.pl\/en\/shop\/its-all-about-shoes\/#breadcrumb"},"inLanguage":"en-US","potentialAction":[{"@type":"ReadAction","target":["https:\/\/foliobooks.pl\/en\/shop\/its-all-about-shoes\/"]}]},{"@type":"ImageObject","inLanguage":"en-US","@id":"https:\/\/foliobooks.pl\/en\/shop\/its-all-about-shoes\/#primaryimage","url":"https:\/\/foliobooks.pl\/wp-content\/uploads\/2023\/04\/9783961713998.png","contentUrl":"https:\/\/foliobooks.pl\/wp-content\/uploads\/2023\/04\/9783961713998.png","width":570,"height":708},{"@type":"BreadcrumbList","@id":"https:\/\/foliobooks.pl\/en\/shop\/its-all-about-shoes\/#breadcrumb","itemListElement":[{"@type":"ListItem","position":1,"name":"Strona g\u0142\u00f3wna","item":"https:\/\/foliobooks.pl\/en\/"},{"@type":"ListItem","position":2,"name":"Shop","item":"https:\/\/foliobooks.pl\/en\/shop\/"},{"@type":"ListItem","position":3,"name":"It&#8217;s All About Shoes"}]},{"@type":"WebSite","@id":"https:\/\/foliobooks.pl\/en\/#website","url":"https:\/\/foliobooks.pl\/en\/","name":"Folio","description":"Ksi\u0119garnia internetowa","potentialAction":[{"@type":"SearchAction","target":{"@type":"EntryPoint","urlTemplate":"https:\/\/foliobooks.pl\/en\/?s={search_term_string}"},"query-input":{"@type":"PropertyValueSpecification","valueRequired":true,"valueName":"search_term_string"}}],"inLanguage":"en-US"}]}},"_links":{"self":[{"href":"https:\/\/foliobooks.pl\/en\/wp-json\/wp\/v2\/product\/84934","targetHints":{"allow":["GET"]}}],"collection":[{"href":"https:\/\/foliobooks.pl\/en\/wp-json\/wp\/v2\/product"}],"about":[{"href":"https:\/\/foliobooks.pl\/en\/wp-json\/wp\/v2\/types\/product"}],"replies":[{"embeddable":true,"href":"https:\/\/foliobooks.pl\/en\/wp-json\/wp\/v2\/comments?post=84934"}],"wp:featuredmedia":[{"embeddable":true,"href":"https:\/\/foliobooks.pl\/en\/wp-json\/wp\/v2\/media\/84919"}],"wp:attachment":[{"href":"https:\/\/foliobooks.pl\/en\/wp-json\/wp\/v2\/media?parent=84934"}],"wp:term":[{"taxonomy":"product_brand","embeddable":true,"href":"https:\/\/foliobooks.pl\/en\/wp-json\/wp\/v2\/product_brand?post=84934"},{"taxonomy":"product_cat","embeddable":true,"href":"https:\/\/foliobooks.pl\/en\/wp-json\/wp\/v2\/product_cat?post=84934"},{"taxonomy":"product_tag","embeddable":true,"href":"https:\/\/foliobooks.pl\/en\/wp-json\/wp\/v2\/product_tag?post=84934"}],"curies":[{"name":"wp","href":"https:\/\/api.w.org\/{rel}","templated":true}]}}