{"id":84906,"date":"2023-04-24T21:09:27","date_gmt":"2023-04-24T19:09:27","guid":{"rendered":"https:\/\/foliobooks.pl\/sklep\/colour-mania-photographing-the-world-in-autochrome\/"},"modified":"2025-10-17T13:23:07","modified_gmt":"2025-10-17T11:23:07","slug":"colour-mania-photographing-the-world-in-autochrome","status":"publish","type":"product","link":"https:\/\/foliobooks.pl\/en\/shop\/colour-mania-photographing-the-world-in-autochrome\/","title":{"rendered":"Colour Mania. Photographing the World in Autochrome"},"content":{"rendered":"<p>Autochromes\u2015plates made from a pioneering color photography process\u2015are too light sensitive to exhibit, and as such one of the world\u2019s greatest collections has been hidden from view until now.<\/p>\n<p>Offering unprecedented access to the V&amp;A\u2019s collection of autochromes\u2015one of the greatest collections of early color photography in the world\u2015Color Mania presents the pioneering photographic process in its full, vibrant, and painterly beauty. Fragile and light sensitive, autochromes cannot be displayed in public, and so this volume provides a rare and breathtaking opportunity to view them true to size.<\/p>\n<p>Invented by the Lumiere brothers, who were also pioneers of cinema, the autochrome was the first widely available color photography process and remained popular for two decades. Upon its commercial release in 1907, it was eagerly embraced by Pictorialist photographers and advocated by its leading member Alfred Stieglitz, who predicted \u201csoon the world will be color-mad.\u201d<\/p>\n<p>Newly photographed specially for this book, the V&amp;A\u2019s abundant collection of autochromes is brought to the public for the very first time. Organized thematically and with sections focusing on the photographers who engaged with the process, Color Mania is built upon the latest scholarship and research by curator Catlin Langford and includes insights into how these extraordinary photographs are being preserved for future generations. An opportunity to travel in time and understand a tour de force in photographic technology, Color Mania will delight anyone who desires to experience the past in color.<\/p>\n","protected":false},"excerpt":{"rendered":"<p>Autochromes\u2015plates made from a pioneering color photography process\u2015are too light sensitive to exhibit, and as such one of the world\u2019s greatest collections has been hidden from view until now. Offering unprecedented access to the V&amp;A\u2019s collection of autochromes\u2015one of the greatest collections of early color photography in the world\u2015Color Mania presents the pioneering photographic process&#8230;<\/p>\n","protected":false},"featured_media":84885,"comment_status":"closed","ping_status":"closed","template":"","meta":[],"product_brand":[],"product_cat":[13533,4517],"product_tag":[18505,6632,6121],"class_list":{"0":"post-84906","1":"product","2":"type-product","3":"status-publish","4":"has-post-thumbnail","6":"product_cat-books","7":"product_cat-photography-en","8":"product_tag-auto-en","9":"product_tag-photographers","10":"product_tag-photography","11":"pa_author_att-catlin-langford-en","12":"pa_cover-hardcover","13":"pa_format-245-x-295-cm-en","14":"pa_isbn-9780500480762-en","15":"pa_language-eng","16":"pa_pages-240-en","17":"pa_published-2023-01-17-en","18":"pa_publisher-thames-hudson-en","20":"first","21":"outofstock","22":"sale","23":"sold-individually","24":"shipping-taxable","25":"purchasable","26":"product-type-simple"},"yoast_head":"<!-- This site is optimized with the Yoast SEO plugin v27.5 - https:\/\/yoast.com\/product\/yoast-seo-wordpress\/ -->\n<title>Colour Mania. Photographing the World in Autochrome (Catlin Langford) - book \/ album - Folio<\/title>\n<meta name=\"description\" content=\"Wejd\u017a i kup ksi\u0105\u017ck\u0119 Colour Mania. Photographing the World in Autochrome autorstwa Catlin Langford wydan\u0105 przez Thames &amp; Hudson (2023-01-17) w formacie 24,5 x 29,5 cm (ISBN: 9780500480762). Zapraszamy!\" \/>\n<meta name=\"robots\" content=\"index, follow, max-snippet:-1, max-image-preview:large, max-video-preview:-1\" \/>\n<link rel=\"canonical\" href=\"https:\/\/foliobooks.pl\/en\/shop\/colour-mania-photographing-the-world-in-autochrome\/\" \/>\n<meta property=\"og:locale\" content=\"en_US\" \/>\n<meta property=\"og:type\" content=\"article\" \/>\n<meta property=\"og:title\" content=\"Colour Mania. Photographing the World in Autochrome (Catlin Langford) - book \/ album - Folio\" \/>\n<meta property=\"og:description\" content=\"Wejd\u017a i kup ksi\u0105\u017ck\u0119 Colour Mania. Photographing the World in Autochrome autorstwa Catlin Langford wydan\u0105 przez Thames &amp; Hudson (2023-01-17) w formacie 24,5 x 29,5 cm (ISBN: 9780500480762). Zapraszamy!\" \/>\n<meta property=\"og:url\" content=\"https:\/\/foliobooks.pl\/en\/shop\/colour-mania-photographing-the-world-in-autochrome\/\" \/>\n<meta property=\"og:site_name\" content=\"Folio\" \/>\n<meta property=\"article:modified_time\" content=\"2025-10-17T11:23:07+00:00\" \/>\n<meta property=\"og:image\" content=\"https:\/\/foliobooks.pl\/wp-content\/uploads\/2023\/04\/9780500480762.png\" \/>\n\t<meta property=\"og:image:width\" content=\"570\" \/>\n\t<meta property=\"og:image:height\" content=\"708\" \/>\n\t<meta property=\"og:image:type\" content=\"image\/png\" \/>\n<meta name=\"twitter:card\" content=\"summary_large_image\" \/>\n<meta name=\"twitter:label1\" content=\"Est. reading time\" \/>\n\t<meta name=\"twitter:data1\" content=\"2 minutes\" \/>\n<script type=\"application\/ld+json\" class=\"yoast-schema-graph\">{\"@context\":\"https:\\\/\\\/schema.org\",\"@graph\":[{\"@type\":\"WebPage\",\"@id\":\"https:\\\/\\\/foliobooks.pl\\\/en\\\/shop\\\/colour-mania-photographing-the-world-in-autochrome\\\/\",\"url\":\"https:\\\/\\\/foliobooks.pl\\\/en\\\/shop\\\/colour-mania-photographing-the-world-in-autochrome\\\/\",\"name\":\"Colour Mania. Photographing the World in Autochrome (Catlin Langford) - book \\\/ album - Folio\",\"isPartOf\":{\"@id\":\"https:\\\/\\\/foliobooks.pl\\\/en\\\/#website\"},\"primaryImageOfPage\":{\"@id\":\"https:\\\/\\\/foliobooks.pl\\\/en\\\/shop\\\/colour-mania-photographing-the-world-in-autochrome\\\/#primaryimage\"},\"image\":{\"@id\":\"https:\\\/\\\/foliobooks.pl\\\/en\\\/shop\\\/colour-mania-photographing-the-world-in-autochrome\\\/#primaryimage\"},\"thumbnailUrl\":\"https:\\\/\\\/foliobooks.pl\\\/wp-content\\\/uploads\\\/2023\\\/04\\\/9780500480762.png\",\"datePublished\":\"2023-04-24T19:09:27+00:00\",\"dateModified\":\"2025-10-17T11:23:07+00:00\",\"description\":\"Wejd\u017a i kup ksi\u0105\u017ck\u0119 Colour Mania. Photographing the World in Autochrome autorstwa Catlin Langford wydan\u0105 przez Thames &amp; Hudson (2023-01-17) w formacie 24,5 x 29,5 cm (ISBN: 9780500480762). Zapraszamy!\",\"breadcrumb\":{\"@id\":\"https:\\\/\\\/foliobooks.pl\\\/en\\\/shop\\\/colour-mania-photographing-the-world-in-autochrome\\\/#breadcrumb\"},\"inLanguage\":\"en-US\",\"potentialAction\":[{\"@type\":\"ReadAction\",\"target\":[\"https:\\\/\\\/foliobooks.pl\\\/en\\\/shop\\\/colour-mania-photographing-the-world-in-autochrome\\\/\"]}]},{\"@type\":\"ImageObject\",\"inLanguage\":\"en-US\",\"@id\":\"https:\\\/\\\/foliobooks.pl\\\/en\\\/shop\\\/colour-mania-photographing-the-world-in-autochrome\\\/#primaryimage\",\"url\":\"https:\\\/\\\/foliobooks.pl\\\/wp-content\\\/uploads\\\/2023\\\/04\\\/9780500480762.png\",\"contentUrl\":\"https:\\\/\\\/foliobooks.pl\\\/wp-content\\\/uploads\\\/2023\\\/04\\\/9780500480762.png\",\"width\":570,\"height\":708},{\"@type\":\"BreadcrumbList\",\"@id\":\"https:\\\/\\\/foliobooks.pl\\\/en\\\/shop\\\/colour-mania-photographing-the-world-in-autochrome\\\/#breadcrumb\",\"itemListElement\":[{\"@type\":\"ListItem\",\"position\":1,\"name\":\"Strona g\u0142\u00f3wna\",\"item\":\"https:\\\/\\\/foliobooks.pl\\\/en\\\/\"},{\"@type\":\"ListItem\",\"position\":2,\"name\":\"Shop\",\"item\":\"https:\\\/\\\/foliobooks.pl\\\/en\\\/shop\\\/\"},{\"@type\":\"ListItem\",\"position\":3,\"name\":\"Colour Mania. Photographing the World in Autochrome\"}]},{\"@type\":\"WebSite\",\"@id\":\"https:\\\/\\\/foliobooks.pl\\\/en\\\/#website\",\"url\":\"https:\\\/\\\/foliobooks.pl\\\/en\\\/\",\"name\":\"Folio\",\"description\":\"Ksi\u0119garnia internetowa\",\"potentialAction\":[{\"@type\":\"SearchAction\",\"target\":{\"@type\":\"EntryPoint\",\"urlTemplate\":\"https:\\\/\\\/foliobooks.pl\\\/en\\\/?s={search_term_string}\"},\"query-input\":{\"@type\":\"PropertyValueSpecification\",\"valueRequired\":true,\"valueName\":\"search_term_string\"}}],\"inLanguage\":\"en-US\"}]}<\/script>\n<!-- \/ Yoast SEO plugin. -->","yoast_head_json":{"title":"Colour Mania. Photographing the World in Autochrome (Catlin Langford) - book \/ album - Folio","description":"Wejd\u017a i kup ksi\u0105\u017ck\u0119 Colour Mania. Photographing the World in Autochrome autorstwa Catlin Langford wydan\u0105 przez Thames &amp; Hudson (2023-01-17) w formacie 24,5 x 29,5 cm (ISBN: 9780500480762). Zapraszamy!","robots":{"index":"index","follow":"follow","max-snippet":"max-snippet:-1","max-image-preview":"max-image-preview:large","max-video-preview":"max-video-preview:-1"},"canonical":"https:\/\/foliobooks.pl\/en\/shop\/colour-mania-photographing-the-world-in-autochrome\/","og_locale":"en_US","og_type":"article","og_title":"Colour Mania. Photographing the World in Autochrome (Catlin Langford) - book \/ album - Folio","og_description":"Wejd\u017a i kup ksi\u0105\u017ck\u0119 Colour Mania. Photographing the World in Autochrome autorstwa Catlin Langford wydan\u0105 przez Thames &amp; Hudson (2023-01-17) w formacie 24,5 x 29,5 cm (ISBN: 9780500480762). Zapraszamy!","og_url":"https:\/\/foliobooks.pl\/en\/shop\/colour-mania-photographing-the-world-in-autochrome\/","og_site_name":"Folio","article_modified_time":"2025-10-17T11:23:07+00:00","og_image":[{"width":570,"height":708,"url":"https:\/\/foliobooks.pl\/wp-content\/uploads\/2023\/04\/9780500480762.png","type":"image\/png"}],"twitter_card":"summary_large_image","twitter_misc":{"Est. reading time":"2 minutes"},"schema":{"@context":"https:\/\/schema.org","@graph":[{"@type":"WebPage","@id":"https:\/\/foliobooks.pl\/en\/shop\/colour-mania-photographing-the-world-in-autochrome\/","url":"https:\/\/foliobooks.pl\/en\/shop\/colour-mania-photographing-the-world-in-autochrome\/","name":"Colour Mania. Photographing the World in Autochrome (Catlin Langford) - book \/ album - Folio","isPartOf":{"@id":"https:\/\/foliobooks.pl\/en\/#website"},"primaryImageOfPage":{"@id":"https:\/\/foliobooks.pl\/en\/shop\/colour-mania-photographing-the-world-in-autochrome\/#primaryimage"},"image":{"@id":"https:\/\/foliobooks.pl\/en\/shop\/colour-mania-photographing-the-world-in-autochrome\/#primaryimage"},"thumbnailUrl":"https:\/\/foliobooks.pl\/wp-content\/uploads\/2023\/04\/9780500480762.png","datePublished":"2023-04-24T19:09:27+00:00","dateModified":"2025-10-17T11:23:07+00:00","description":"Wejd\u017a i kup ksi\u0105\u017ck\u0119 Colour Mania. Photographing the World in Autochrome autorstwa Catlin Langford wydan\u0105 przez Thames &amp; Hudson (2023-01-17) w formacie 24,5 x 29,5 cm (ISBN: 9780500480762). Zapraszamy!","breadcrumb":{"@id":"https:\/\/foliobooks.pl\/en\/shop\/colour-mania-photographing-the-world-in-autochrome\/#breadcrumb"},"inLanguage":"en-US","potentialAction":[{"@type":"ReadAction","target":["https:\/\/foliobooks.pl\/en\/shop\/colour-mania-photographing-the-world-in-autochrome\/"]}]},{"@type":"ImageObject","inLanguage":"en-US","@id":"https:\/\/foliobooks.pl\/en\/shop\/colour-mania-photographing-the-world-in-autochrome\/#primaryimage","url":"https:\/\/foliobooks.pl\/wp-content\/uploads\/2023\/04\/9780500480762.png","contentUrl":"https:\/\/foliobooks.pl\/wp-content\/uploads\/2023\/04\/9780500480762.png","width":570,"height":708},{"@type":"BreadcrumbList","@id":"https:\/\/foliobooks.pl\/en\/shop\/colour-mania-photographing-the-world-in-autochrome\/#breadcrumb","itemListElement":[{"@type":"ListItem","position":1,"name":"Strona g\u0142\u00f3wna","item":"https:\/\/foliobooks.pl\/en\/"},{"@type":"ListItem","position":2,"name":"Shop","item":"https:\/\/foliobooks.pl\/en\/shop\/"},{"@type":"ListItem","position":3,"name":"Colour Mania. Photographing the World in Autochrome"}]},{"@type":"WebSite","@id":"https:\/\/foliobooks.pl\/en\/#website","url":"https:\/\/foliobooks.pl\/en\/","name":"Folio","description":"Ksi\u0119garnia internetowa","potentialAction":[{"@type":"SearchAction","target":{"@type":"EntryPoint","urlTemplate":"https:\/\/foliobooks.pl\/en\/?s={search_term_string}"},"query-input":{"@type":"PropertyValueSpecification","valueRequired":true,"valueName":"search_term_string"}}],"inLanguage":"en-US"}]}},"_links":{"self":[{"href":"https:\/\/foliobooks.pl\/en\/wp-json\/wp\/v2\/product\/84906","targetHints":{"allow":["GET"]}}],"collection":[{"href":"https:\/\/foliobooks.pl\/en\/wp-json\/wp\/v2\/product"}],"about":[{"href":"https:\/\/foliobooks.pl\/en\/wp-json\/wp\/v2\/types\/product"}],"replies":[{"embeddable":true,"href":"https:\/\/foliobooks.pl\/en\/wp-json\/wp\/v2\/comments?post=84906"}],"wp:featuredmedia":[{"embeddable":true,"href":"https:\/\/foliobooks.pl\/en\/wp-json\/wp\/v2\/media\/84885"}],"wp:attachment":[{"href":"https:\/\/foliobooks.pl\/en\/wp-json\/wp\/v2\/media?parent=84906"}],"wp:term":[{"taxonomy":"product_brand","embeddable":true,"href":"https:\/\/foliobooks.pl\/en\/wp-json\/wp\/v2\/product_brand?post=84906"},{"taxonomy":"product_cat","embeddable":true,"href":"https:\/\/foliobooks.pl\/en\/wp-json\/wp\/v2\/product_cat?post=84906"},{"taxonomy":"product_tag","embeddable":true,"href":"https:\/\/foliobooks.pl\/en\/wp-json\/wp\/v2\/product_tag?post=84906"}],"curies":[{"name":"wp","href":"https:\/\/api.w.org\/{rel}","templated":true}]}}