{"id":8459,"date":"2015-08-24T11:36:34","date_gmt":"2015-08-24T09:36:34","guid":{"rendered":"http:\/\/foliobooks.pl\/?post_type=product&#038;p=8459"},"modified":"2025-12-18T13:33:46","modified_gmt":"2025-12-18T12:33:46","slug":"new-york-portrait-of-a-city","status":"publish","type":"product","link":"https:\/\/foliobooks.pl\/en\/shop\/new-york-portrait-of-a-city\/","title":{"rendered":"New York. Portrait of a City"},"content":{"rendered":"<p>This book presents the epic story of New York on nearly 600 pages of emotional, atmospheric photographs, from the mid-19th century to the present day. Supplementing this treasure trove of images are over a hundred quotations and references from relevant books, movies, shows and songs. The city\u2019s fluctuating fortunes are all represented, from the wild nights of the Jazz Age and the hedonistic disco era, to the grim days of the Depression and the devastation of 9\/11 and its aftermath, as its broken-hearted but unbowed citizens picked up the pieces.<\/p>\n<p>New York\u2019s remarkable rise, reinvention and growth is not just the tale of a city, but the story of a nation, From the building of the Brooklyn Bridge to the immigrants arriving at Ellis Island; from the slums of the Lower East Side to the magnificent art deco skyscrapers. The urban beach of Coney Island and the sleaze of Times Square; the vistas of Central Park and the crowds on 5th Avenue. The streets, the sidewalks, the chaos, the energy, the ethnic diversity, the culture, the fashion, the architecture, the anger and the complexity of the city is all laid out in this beautiful book block and block. This is the greatest city of the world after all and great are its extremes, contradictions and attitude.<\/p>\n<p>More than just a remarkable tribute to the metropolis and its civic, social, and photographic heritage, New York: Portrait of a City pays homage to the indomnitable spirit of those who call themselves New Yorkers: full of hope and strength, resolute in their determination to succeed among its glass and granite towers.<\/p>\n<p>Features hundreds of iconic images, sourced from dozens of archives and private collections\u2014many never before published\u2014and the work of over 150 celebrated photographers, including: Victor Prevost, Jacob Riis, Lewis Hine, Alfred Stieglitz, Paul Strand, Berenice Abbott, Walker Evans, Weegee, Margaret Bourke-White, Saul Leiter, Esther Bubley, Arnold Newman, William Claxton, Ralph Gibson, Ryan McGinley, Mitch Epstein, Steve Schapiro, Marvin Newman, Allen Ginsberg, Joel Meyerowitz, Andreas Feininger, Charles Cushman, Joseph Rodriguez, Garry Winogrand, Larry Fink, Jamel Shabazz, Allan Tannenbaum, Bruce Davidson, Helen Levitt, Eugene de Salignac, Ruth Orkin, Joel Sternfeld, Keizo Kitajima, and many many more.<\/p>\n","protected":false},"excerpt":{"rendered":"<p>This book presents the epic story of New York on nearly 600 pages of emotional, atmospheric photographs, from the mid-19th century to the present day. Supplementing this treasure trove of images are over a hundred quotations and references from relevant books, movies, shows and songs. The city\u2019s fluctuating fortunes are all represented, from the wild&#8230;<\/p>\n","protected":false},"featured_media":8444,"comment_status":"closed","ping_status":"closed","template":"","meta":[],"product_brand":[],"product_cat":[4516,4517,4521],"product_tag":[1175,516,1267,156],"class_list":{"0":"post-8459","1":"product","2":"type-product","3":"status-publish","4":"has-post-thumbnail","6":"product_cat-architecture-en","7":"product_cat-photography-en","8":"product_cat-silva-rerum-en-en","9":"product_tag-iconic-photographs","10":"product_tag-places-en","11":"product_tag-reportage","12":"product_tag-travel","13":"pa_author_att-reuel-golden-en","14":"pa_cover-hardcover","15":"pa_format-25-x-34-cm-en","16":"pa_isbn-9783836505147-en","17":"pa_language-multi","18":"pa_pages-560-en","19":"pa_published-2013-03-01-en","20":"pa_publisher-taschen-en-en","22":"first","23":"outofstock","24":"sold-individually","25":"shipping-taxable","26":"purchasable","27":"product-type-simple"},"yoast_head":"<!-- This site is optimized with the Yoast SEO plugin v27.5 - https:\/\/yoast.com\/product\/yoast-seo-wordpress\/ -->\n<title>New York. Portrait of a City (Reuel Golden) - book \/ album - Folio<\/title>\n<meta name=\"description\" content=\"Wejd\u017a i kup ksi\u0105\u017ck\u0119 New York. Portrait of a City autorstwa Reuel Golden wydan\u0105 przez TASCHEN (2013-03-01) w formacie 25 x 34 cm (ISBN: 9783836505147). Zapraszamy!\" \/>\n<meta name=\"robots\" content=\"index, follow, max-snippet:-1, max-image-preview:large, max-video-preview:-1\" \/>\n<link rel=\"canonical\" href=\"https:\/\/foliobooks.pl\/en\/shop\/new-york-portrait-of-a-city\/\" \/>\n<meta property=\"og:locale\" content=\"en_US\" \/>\n<meta property=\"og:type\" content=\"article\" \/>\n<meta property=\"og:title\" content=\"New York. Portrait of a City (Reuel Golden) - book \/ album - Folio\" \/>\n<meta property=\"og:description\" content=\"Wejd\u017a i kup ksi\u0105\u017ck\u0119 New York. Portrait of a City autorstwa Reuel Golden wydan\u0105 przez TASCHEN (2013-03-01) w formacie 25 x 34 cm (ISBN: 9783836505147). Zapraszamy!\" \/>\n<meta property=\"og:url\" content=\"https:\/\/foliobooks.pl\/en\/shop\/new-york-portrait-of-a-city\/\" \/>\n<meta property=\"og:site_name\" content=\"Folio\" \/>\n<meta property=\"article:modified_time\" content=\"2025-12-18T12:33:46+00:00\" \/>\n<meta property=\"og:image\" content=\"https:\/\/foliobooks.pl\/wp-content\/uploads\/2015\/08\/9783836505147.png\" \/>\n\t<meta property=\"og:image:width\" content=\"570\" \/>\n\t<meta property=\"og:image:height\" content=\"708\" \/>\n\t<meta property=\"og:image:type\" content=\"image\/png\" \/>\n<meta name=\"twitter:card\" content=\"summary_large_image\" \/>\n<meta name=\"twitter:label1\" content=\"Est. reading time\" \/>\n\t<meta name=\"twitter:data1\" content=\"2 minutes\" \/>\n<script type=\"application\/ld+json\" class=\"yoast-schema-graph\">{\"@context\":\"https:\\\/\\\/schema.org\",\"@graph\":[{\"@type\":\"WebPage\",\"@id\":\"https:\\\/\\\/foliobooks.pl\\\/en\\\/shop\\\/new-york-portrait-of-a-city\\\/\",\"url\":\"https:\\\/\\\/foliobooks.pl\\\/en\\\/shop\\\/new-york-portrait-of-a-city\\\/\",\"name\":\"New York. Portrait of a City (Reuel Golden) - book \\\/ album - Folio\",\"isPartOf\":{\"@id\":\"https:\\\/\\\/foliobooks.pl\\\/en\\\/#website\"},\"primaryImageOfPage\":{\"@id\":\"https:\\\/\\\/foliobooks.pl\\\/en\\\/shop\\\/new-york-portrait-of-a-city\\\/#primaryimage\"},\"image\":{\"@id\":\"https:\\\/\\\/foliobooks.pl\\\/en\\\/shop\\\/new-york-portrait-of-a-city\\\/#primaryimage\"},\"thumbnailUrl\":\"https:\\\/\\\/foliobooks.pl\\\/wp-content\\\/uploads\\\/2015\\\/08\\\/9783836505147.png\",\"datePublished\":\"2015-08-24T09:36:34+00:00\",\"dateModified\":\"2025-12-18T12:33:46+00:00\",\"description\":\"Wejd\u017a i kup ksi\u0105\u017ck\u0119 New York. Portrait of a City autorstwa Reuel Golden wydan\u0105 przez TASCHEN (2013-03-01) w formacie 25 x 34 cm (ISBN: 9783836505147). Zapraszamy!\",\"breadcrumb\":{\"@id\":\"https:\\\/\\\/foliobooks.pl\\\/en\\\/shop\\\/new-york-portrait-of-a-city\\\/#breadcrumb\"},\"inLanguage\":\"en-US\",\"potentialAction\":[{\"@type\":\"ReadAction\",\"target\":[\"https:\\\/\\\/foliobooks.pl\\\/en\\\/shop\\\/new-york-portrait-of-a-city\\\/\"]}]},{\"@type\":\"ImageObject\",\"inLanguage\":\"en-US\",\"@id\":\"https:\\\/\\\/foliobooks.pl\\\/en\\\/shop\\\/new-york-portrait-of-a-city\\\/#primaryimage\",\"url\":\"https:\\\/\\\/foliobooks.pl\\\/wp-content\\\/uploads\\\/2015\\\/08\\\/9783836505147.png\",\"contentUrl\":\"https:\\\/\\\/foliobooks.pl\\\/wp-content\\\/uploads\\\/2015\\\/08\\\/9783836505147.png\",\"width\":570,\"height\":708},{\"@type\":\"BreadcrumbList\",\"@id\":\"https:\\\/\\\/foliobooks.pl\\\/en\\\/shop\\\/new-york-portrait-of-a-city\\\/#breadcrumb\",\"itemListElement\":[{\"@type\":\"ListItem\",\"position\":1,\"name\":\"Strona g\u0142\u00f3wna\",\"item\":\"https:\\\/\\\/foliobooks.pl\\\/en\\\/\"},{\"@type\":\"ListItem\",\"position\":2,\"name\":\"Shop\",\"item\":\"https:\\\/\\\/foliobooks.pl\\\/en\\\/shop\\\/\"},{\"@type\":\"ListItem\",\"position\":3,\"name\":\"New York. Portrait of a City\"}]},{\"@type\":\"WebSite\",\"@id\":\"https:\\\/\\\/foliobooks.pl\\\/en\\\/#website\",\"url\":\"https:\\\/\\\/foliobooks.pl\\\/en\\\/\",\"name\":\"Folio\",\"description\":\"Ksi\u0119garnia internetowa\",\"potentialAction\":[{\"@type\":\"SearchAction\",\"target\":{\"@type\":\"EntryPoint\",\"urlTemplate\":\"https:\\\/\\\/foliobooks.pl\\\/en\\\/?s={search_term_string}\"},\"query-input\":{\"@type\":\"PropertyValueSpecification\",\"valueRequired\":true,\"valueName\":\"search_term_string\"}}],\"inLanguage\":\"en-US\"}]}<\/script>\n<!-- \/ Yoast SEO plugin. -->","yoast_head_json":{"title":"New York. Portrait of a City (Reuel Golden) - book \/ album - Folio","description":"Wejd\u017a i kup ksi\u0105\u017ck\u0119 New York. Portrait of a City autorstwa Reuel Golden wydan\u0105 przez TASCHEN (2013-03-01) w formacie 25 x 34 cm (ISBN: 9783836505147). Zapraszamy!","robots":{"index":"index","follow":"follow","max-snippet":"max-snippet:-1","max-image-preview":"max-image-preview:large","max-video-preview":"max-video-preview:-1"},"canonical":"https:\/\/foliobooks.pl\/en\/shop\/new-york-portrait-of-a-city\/","og_locale":"en_US","og_type":"article","og_title":"New York. Portrait of a City (Reuel Golden) - book \/ album - Folio","og_description":"Wejd\u017a i kup ksi\u0105\u017ck\u0119 New York. Portrait of a City autorstwa Reuel Golden wydan\u0105 przez TASCHEN (2013-03-01) w formacie 25 x 34 cm (ISBN: 9783836505147). Zapraszamy!","og_url":"https:\/\/foliobooks.pl\/en\/shop\/new-york-portrait-of-a-city\/","og_site_name":"Folio","article_modified_time":"2025-12-18T12:33:46+00:00","og_image":[{"width":570,"height":708,"url":"https:\/\/foliobooks.pl\/wp-content\/uploads\/2015\/08\/9783836505147.png","type":"image\/png"}],"twitter_card":"summary_large_image","twitter_misc":{"Est. reading time":"2 minutes"},"schema":{"@context":"https:\/\/schema.org","@graph":[{"@type":"WebPage","@id":"https:\/\/foliobooks.pl\/en\/shop\/new-york-portrait-of-a-city\/","url":"https:\/\/foliobooks.pl\/en\/shop\/new-york-portrait-of-a-city\/","name":"New York. Portrait of a City (Reuel Golden) - book \/ album - Folio","isPartOf":{"@id":"https:\/\/foliobooks.pl\/en\/#website"},"primaryImageOfPage":{"@id":"https:\/\/foliobooks.pl\/en\/shop\/new-york-portrait-of-a-city\/#primaryimage"},"image":{"@id":"https:\/\/foliobooks.pl\/en\/shop\/new-york-portrait-of-a-city\/#primaryimage"},"thumbnailUrl":"https:\/\/foliobooks.pl\/wp-content\/uploads\/2015\/08\/9783836505147.png","datePublished":"2015-08-24T09:36:34+00:00","dateModified":"2025-12-18T12:33:46+00:00","description":"Wejd\u017a i kup ksi\u0105\u017ck\u0119 New York. Portrait of a City autorstwa Reuel Golden wydan\u0105 przez TASCHEN (2013-03-01) w formacie 25 x 34 cm (ISBN: 9783836505147). Zapraszamy!","breadcrumb":{"@id":"https:\/\/foliobooks.pl\/en\/shop\/new-york-portrait-of-a-city\/#breadcrumb"},"inLanguage":"en-US","potentialAction":[{"@type":"ReadAction","target":["https:\/\/foliobooks.pl\/en\/shop\/new-york-portrait-of-a-city\/"]}]},{"@type":"ImageObject","inLanguage":"en-US","@id":"https:\/\/foliobooks.pl\/en\/shop\/new-york-portrait-of-a-city\/#primaryimage","url":"https:\/\/foliobooks.pl\/wp-content\/uploads\/2015\/08\/9783836505147.png","contentUrl":"https:\/\/foliobooks.pl\/wp-content\/uploads\/2015\/08\/9783836505147.png","width":570,"height":708},{"@type":"BreadcrumbList","@id":"https:\/\/foliobooks.pl\/en\/shop\/new-york-portrait-of-a-city\/#breadcrumb","itemListElement":[{"@type":"ListItem","position":1,"name":"Strona g\u0142\u00f3wna","item":"https:\/\/foliobooks.pl\/en\/"},{"@type":"ListItem","position":2,"name":"Shop","item":"https:\/\/foliobooks.pl\/en\/shop\/"},{"@type":"ListItem","position":3,"name":"New York. Portrait of a City"}]},{"@type":"WebSite","@id":"https:\/\/foliobooks.pl\/en\/#website","url":"https:\/\/foliobooks.pl\/en\/","name":"Folio","description":"Ksi\u0119garnia internetowa","potentialAction":[{"@type":"SearchAction","target":{"@type":"EntryPoint","urlTemplate":"https:\/\/foliobooks.pl\/en\/?s={search_term_string}"},"query-input":{"@type":"PropertyValueSpecification","valueRequired":true,"valueName":"search_term_string"}}],"inLanguage":"en-US"}]}},"_links":{"self":[{"href":"https:\/\/foliobooks.pl\/en\/wp-json\/wp\/v2\/product\/8459","targetHints":{"allow":["GET"]}}],"collection":[{"href":"https:\/\/foliobooks.pl\/en\/wp-json\/wp\/v2\/product"}],"about":[{"href":"https:\/\/foliobooks.pl\/en\/wp-json\/wp\/v2\/types\/product"}],"replies":[{"embeddable":true,"href":"https:\/\/foliobooks.pl\/en\/wp-json\/wp\/v2\/comments?post=8459"}],"wp:featuredmedia":[{"embeddable":true,"href":"https:\/\/foliobooks.pl\/en\/wp-json\/wp\/v2\/media\/8444"}],"wp:attachment":[{"href":"https:\/\/foliobooks.pl\/en\/wp-json\/wp\/v2\/media?parent=8459"}],"wp:term":[{"taxonomy":"product_brand","embeddable":true,"href":"https:\/\/foliobooks.pl\/en\/wp-json\/wp\/v2\/product_brand?post=8459"},{"taxonomy":"product_cat","embeddable":true,"href":"https:\/\/foliobooks.pl\/en\/wp-json\/wp\/v2\/product_cat?post=8459"},{"taxonomy":"product_tag","embeddable":true,"href":"https:\/\/foliobooks.pl\/en\/wp-json\/wp\/v2\/product_tag?post=8459"}],"curies":[{"name":"wp","href":"https:\/\/api.w.org\/{rel}","templated":true}]}}