{"id":84517,"date":"2023-04-18T19:23:16","date_gmt":"2023-04-18T17:23:16","guid":{"rendered":"https:\/\/foliobooks.pl\/sklep\/dior-by-sarah-moon\/"},"modified":"2025-10-17T12:52:56","modified_gmt":"2025-10-17T10:52:56","slug":"dior-by-sarah-moon","status":"publish","type":"product","link":"https:\/\/foliobooks.pl\/en\/shop\/dior-by-sarah-moon\/","title":{"rendered":"Dior by Sarah Moon"},"content":{"rendered":"<p>This three-volume publication explores three distinct phases in the history of the legendary French fashion house founded in 1946. The first volume presents 33 black-and-white images of Dior\u2019s original designs, staged by French photographer Sarah Moon at the Fondation Le Corbusier in Paris during the summer of 2021. It interweaves almost abstract photographs of the Fondation with vivid portrayals of the models. The second volume contains 43 images documenting a selection of garments designed by the various artistic directors of Dior between 1958 and 2015: Yves Saint Laurent, Marc Bohan, Gianfranco Ferr\u00e9, John Galliano and Raf Simons. The third and final volume presents 38 photographs taken since the arrival of Dior\u2019s current artistic director, Maria Grazia Chiuri.<br \/>\nSarah Moon (born 1941) grew up between France and England. As a young woman, she started working as a model which plunged her into the world of fashion, a world that would later propel her toward photography, which became her ultimate passion. By 1970, she had devoted herself exclusively to photography and her work was published in numerous magazines. Robert Delpire hired her to make photographs for his advertising agency and they subsequently became lifelong romantic partners. Moon is famous for her blurred aesthetic, use of Polaroids, halftone photos and erasure of faces.<\/p>\n","protected":false},"excerpt":{"rendered":"<p>This three-volume publication explores three distinct phases in the history of the legendary French fashion house founded in 1946. The first volume presents 33 black-and-white images of Dior\u2019s original designs, staged by French photographer Sarah Moon at the Fondation Le Corbusier in Paris during the summer of 2021. It interweaves almost abstract photographs of the&#8230;<\/p>\n","protected":false},"featured_media":84498,"comment_status":"closed","ping_status":"closed","template":"","meta":[],"product_brand":[],"product_cat":[13533,4519,4517],"product_tag":[6125,6121],"class_list":{"0":"post-84517","1":"product","2":"type-product","3":"status-publish","4":"has-post-thumbnail","6":"product_cat-books","7":"product_cat-fashion-en-en","8":"product_cat-photography-en","9":"product_tag-fashion","10":"product_tag-photography","11":"pa_cover-hardcover","12":"pa_format-292-x-269-cm-en","13":"pa_isbn-9791095821571-en","14":"pa_language-eng","15":"pa_pages-240-en","16":"pa_published-2023-01-24-en","17":"pa_publisher-delpire-co-en","19":"first","20":"outofstock","21":"sale","22":"sold-individually","23":"shipping-taxable","24":"purchasable","25":"product-type-simple"},"yoast_head":"<!-- This site is optimized with the Yoast SEO plugin v27.4 - https:\/\/yoast.com\/product\/yoast-seo-wordpress\/ -->\n<title>Dior by Sarah Moon () - book \/ album - Folio<\/title>\n<meta name=\"description\" content=\"Wejd\u017a i kup ksi\u0105\u017ck\u0119 Dior by Sarah Moon autorstwa wydan\u0105 przez Delpire &amp; Co (2023-01-24) w formacie 29,2 x 26,9 cm (ISBN: 9791095821571). Zapraszamy!\" \/>\n<meta name=\"robots\" content=\"index, follow, max-snippet:-1, max-image-preview:large, max-video-preview:-1\" \/>\n<link rel=\"canonical\" href=\"https:\/\/foliobooks.pl\/en\/shop\/dior-by-sarah-moon\/\" \/>\n<meta property=\"og:locale\" content=\"en_US\" \/>\n<meta property=\"og:type\" content=\"article\" \/>\n<meta property=\"og:title\" content=\"Dior by Sarah Moon () - book \/ album - Folio\" \/>\n<meta property=\"og:description\" content=\"Wejd\u017a i kup ksi\u0105\u017ck\u0119 Dior by Sarah Moon autorstwa wydan\u0105 przez Delpire &amp; Co (2023-01-24) w formacie 29,2 x 26,9 cm (ISBN: 9791095821571). Zapraszamy!\" \/>\n<meta property=\"og:url\" content=\"https:\/\/foliobooks.pl\/en\/shop\/dior-by-sarah-moon\/\" \/>\n<meta property=\"og:site_name\" content=\"Folio\" \/>\n<meta property=\"article:modified_time\" content=\"2025-10-17T10:52:56+00:00\" \/>\n<meta property=\"og:image\" content=\"https:\/\/foliobooks.pl\/wp-content\/uploads\/2023\/04\/9791095821571.png\" \/>\n\t<meta property=\"og:image:width\" content=\"570\" \/>\n\t<meta property=\"og:image:height\" content=\"708\" \/>\n\t<meta property=\"og:image:type\" content=\"image\/png\" \/>\n<meta name=\"twitter:card\" content=\"summary_large_image\" \/>\n<meta name=\"twitter:label1\" content=\"Est. reading time\" \/>\n\t<meta name=\"twitter:data1\" content=\"2 minutes\" \/>\n<script type=\"application\/ld+json\" class=\"yoast-schema-graph\">{\"@context\":\"https:\\\/\\\/schema.org\",\"@graph\":[{\"@type\":\"WebPage\",\"@id\":\"https:\\\/\\\/foliobooks.pl\\\/en\\\/shop\\\/dior-by-sarah-moon\\\/\",\"url\":\"https:\\\/\\\/foliobooks.pl\\\/en\\\/shop\\\/dior-by-sarah-moon\\\/\",\"name\":\"Dior by Sarah Moon () - book \\\/ album - Folio\",\"isPartOf\":{\"@id\":\"https:\\\/\\\/foliobooks.pl\\\/en\\\/#website\"},\"primaryImageOfPage\":{\"@id\":\"https:\\\/\\\/foliobooks.pl\\\/en\\\/shop\\\/dior-by-sarah-moon\\\/#primaryimage\"},\"image\":{\"@id\":\"https:\\\/\\\/foliobooks.pl\\\/en\\\/shop\\\/dior-by-sarah-moon\\\/#primaryimage\"},\"thumbnailUrl\":\"https:\\\/\\\/foliobooks.pl\\\/wp-content\\\/uploads\\\/2023\\\/04\\\/9791095821571.png\",\"datePublished\":\"2023-04-18T17:23:16+00:00\",\"dateModified\":\"2025-10-17T10:52:56+00:00\",\"description\":\"Wejd\u017a i kup ksi\u0105\u017ck\u0119 Dior by Sarah Moon autorstwa wydan\u0105 przez Delpire &amp; Co (2023-01-24) w formacie 29,2 x 26,9 cm (ISBN: 9791095821571). Zapraszamy!\",\"breadcrumb\":{\"@id\":\"https:\\\/\\\/foliobooks.pl\\\/en\\\/shop\\\/dior-by-sarah-moon\\\/#breadcrumb\"},\"inLanguage\":\"en-US\",\"potentialAction\":[{\"@type\":\"ReadAction\",\"target\":[\"https:\\\/\\\/foliobooks.pl\\\/en\\\/shop\\\/dior-by-sarah-moon\\\/\"]}]},{\"@type\":\"ImageObject\",\"inLanguage\":\"en-US\",\"@id\":\"https:\\\/\\\/foliobooks.pl\\\/en\\\/shop\\\/dior-by-sarah-moon\\\/#primaryimage\",\"url\":\"https:\\\/\\\/foliobooks.pl\\\/wp-content\\\/uploads\\\/2023\\\/04\\\/9791095821571.png\",\"contentUrl\":\"https:\\\/\\\/foliobooks.pl\\\/wp-content\\\/uploads\\\/2023\\\/04\\\/9791095821571.png\",\"width\":570,\"height\":708},{\"@type\":\"BreadcrumbList\",\"@id\":\"https:\\\/\\\/foliobooks.pl\\\/en\\\/shop\\\/dior-by-sarah-moon\\\/#breadcrumb\",\"itemListElement\":[{\"@type\":\"ListItem\",\"position\":1,\"name\":\"Strona g\u0142\u00f3wna\",\"item\":\"https:\\\/\\\/foliobooks.pl\\\/en\\\/\"},{\"@type\":\"ListItem\",\"position\":2,\"name\":\"Shop\",\"item\":\"https:\\\/\\\/foliobooks.pl\\\/en\\\/shop\\\/\"},{\"@type\":\"ListItem\",\"position\":3,\"name\":\"Dior by Sarah Moon\"}]},{\"@type\":\"WebSite\",\"@id\":\"https:\\\/\\\/foliobooks.pl\\\/en\\\/#website\",\"url\":\"https:\\\/\\\/foliobooks.pl\\\/en\\\/\",\"name\":\"Folio\",\"description\":\"Ksi\u0119garnia internetowa\",\"potentialAction\":[{\"@type\":\"SearchAction\",\"target\":{\"@type\":\"EntryPoint\",\"urlTemplate\":\"https:\\\/\\\/foliobooks.pl\\\/en\\\/?s={search_term_string}\"},\"query-input\":{\"@type\":\"PropertyValueSpecification\",\"valueRequired\":true,\"valueName\":\"search_term_string\"}}],\"inLanguage\":\"en-US\"}]}<\/script>\n<!-- \/ Yoast SEO plugin. -->","yoast_head_json":{"title":"Dior by Sarah Moon () - book \/ album - Folio","description":"Wejd\u017a i kup ksi\u0105\u017ck\u0119 Dior by Sarah Moon autorstwa wydan\u0105 przez Delpire &amp; Co (2023-01-24) w formacie 29,2 x 26,9 cm (ISBN: 9791095821571). Zapraszamy!","robots":{"index":"index","follow":"follow","max-snippet":"max-snippet:-1","max-image-preview":"max-image-preview:large","max-video-preview":"max-video-preview:-1"},"canonical":"https:\/\/foliobooks.pl\/en\/shop\/dior-by-sarah-moon\/","og_locale":"en_US","og_type":"article","og_title":"Dior by Sarah Moon () - book \/ album - Folio","og_description":"Wejd\u017a i kup ksi\u0105\u017ck\u0119 Dior by Sarah Moon autorstwa wydan\u0105 przez Delpire &amp; Co (2023-01-24) w formacie 29,2 x 26,9 cm (ISBN: 9791095821571). Zapraszamy!","og_url":"https:\/\/foliobooks.pl\/en\/shop\/dior-by-sarah-moon\/","og_site_name":"Folio","article_modified_time":"2025-10-17T10:52:56+00:00","og_image":[{"width":570,"height":708,"url":"https:\/\/foliobooks.pl\/wp-content\/uploads\/2023\/04\/9791095821571.png","type":"image\/png"}],"twitter_card":"summary_large_image","twitter_misc":{"Est. reading time":"2 minutes"},"schema":{"@context":"https:\/\/schema.org","@graph":[{"@type":"WebPage","@id":"https:\/\/foliobooks.pl\/en\/shop\/dior-by-sarah-moon\/","url":"https:\/\/foliobooks.pl\/en\/shop\/dior-by-sarah-moon\/","name":"Dior by Sarah Moon () - book \/ album - Folio","isPartOf":{"@id":"https:\/\/foliobooks.pl\/en\/#website"},"primaryImageOfPage":{"@id":"https:\/\/foliobooks.pl\/en\/shop\/dior-by-sarah-moon\/#primaryimage"},"image":{"@id":"https:\/\/foliobooks.pl\/en\/shop\/dior-by-sarah-moon\/#primaryimage"},"thumbnailUrl":"https:\/\/foliobooks.pl\/wp-content\/uploads\/2023\/04\/9791095821571.png","datePublished":"2023-04-18T17:23:16+00:00","dateModified":"2025-10-17T10:52:56+00:00","description":"Wejd\u017a i kup ksi\u0105\u017ck\u0119 Dior by Sarah Moon autorstwa wydan\u0105 przez Delpire &amp; Co (2023-01-24) w formacie 29,2 x 26,9 cm (ISBN: 9791095821571). Zapraszamy!","breadcrumb":{"@id":"https:\/\/foliobooks.pl\/en\/shop\/dior-by-sarah-moon\/#breadcrumb"},"inLanguage":"en-US","potentialAction":[{"@type":"ReadAction","target":["https:\/\/foliobooks.pl\/en\/shop\/dior-by-sarah-moon\/"]}]},{"@type":"ImageObject","inLanguage":"en-US","@id":"https:\/\/foliobooks.pl\/en\/shop\/dior-by-sarah-moon\/#primaryimage","url":"https:\/\/foliobooks.pl\/wp-content\/uploads\/2023\/04\/9791095821571.png","contentUrl":"https:\/\/foliobooks.pl\/wp-content\/uploads\/2023\/04\/9791095821571.png","width":570,"height":708},{"@type":"BreadcrumbList","@id":"https:\/\/foliobooks.pl\/en\/shop\/dior-by-sarah-moon\/#breadcrumb","itemListElement":[{"@type":"ListItem","position":1,"name":"Strona g\u0142\u00f3wna","item":"https:\/\/foliobooks.pl\/en\/"},{"@type":"ListItem","position":2,"name":"Shop","item":"https:\/\/foliobooks.pl\/en\/shop\/"},{"@type":"ListItem","position":3,"name":"Dior by Sarah Moon"}]},{"@type":"WebSite","@id":"https:\/\/foliobooks.pl\/en\/#website","url":"https:\/\/foliobooks.pl\/en\/","name":"Folio","description":"Ksi\u0119garnia internetowa","potentialAction":[{"@type":"SearchAction","target":{"@type":"EntryPoint","urlTemplate":"https:\/\/foliobooks.pl\/en\/?s={search_term_string}"},"query-input":{"@type":"PropertyValueSpecification","valueRequired":true,"valueName":"search_term_string"}}],"inLanguage":"en-US"}]}},"_links":{"self":[{"href":"https:\/\/foliobooks.pl\/en\/wp-json\/wp\/v2\/product\/84517","targetHints":{"allow":["GET"]}}],"collection":[{"href":"https:\/\/foliobooks.pl\/en\/wp-json\/wp\/v2\/product"}],"about":[{"href":"https:\/\/foliobooks.pl\/en\/wp-json\/wp\/v2\/types\/product"}],"replies":[{"embeddable":true,"href":"https:\/\/foliobooks.pl\/en\/wp-json\/wp\/v2\/comments?post=84517"}],"wp:featuredmedia":[{"embeddable":true,"href":"https:\/\/foliobooks.pl\/en\/wp-json\/wp\/v2\/media\/84498"}],"wp:attachment":[{"href":"https:\/\/foliobooks.pl\/en\/wp-json\/wp\/v2\/media?parent=84517"}],"wp:term":[{"taxonomy":"product_brand","embeddable":true,"href":"https:\/\/foliobooks.pl\/en\/wp-json\/wp\/v2\/product_brand?post=84517"},{"taxonomy":"product_cat","embeddable":true,"href":"https:\/\/foliobooks.pl\/en\/wp-json\/wp\/v2\/product_cat?post=84517"},{"taxonomy":"product_tag","embeddable":true,"href":"https:\/\/foliobooks.pl\/en\/wp-json\/wp\/v2\/product_tag?post=84517"}],"curies":[{"name":"wp","href":"https:\/\/api.w.org\/{rel}","templated":true}]}}