{"id":84494,"date":"2023-04-18T19:14:49","date_gmt":"2023-04-18T17:14:49","guid":{"rendered":"https:\/\/foliobooks.pl\/sklep\/tiffany-vision-virtuosity\/"},"modified":"2023-04-20T14:28:15","modified_gmt":"2023-04-20T12:28:15","slug":"tiffany-vision-virtuosity","status":"publish","type":"product","link":"https:\/\/foliobooks.pl\/en\/shop\/tiffany-vision-virtuosity\/","title":{"rendered":"Tiffany: Vision &#038; Virtuosity"},"content":{"rendered":"<p>Charles Lewis Tiffany opened his first store in 1837 in New York City, selling \u201cfancy goods\u201d imported from Paris, he could not have imagined the visions of glamour that his name would conjure around the world. Tiffany &amp; Co. has transformed from a modest purveyor of gift items to a globally renowned byword for luxury and romance, sublime and rare gemstones, joyful objects of love and an inimitable mix of tradition and modernity. Tiffany is a name that resonates across generations and cultures, part of the fabric of social and cultural history, an American institution gifted to the world, an emporium of escapism, a repository of dreams.<\/p>\n<p>During its 185 years, Tiffany &amp; Co. has continued to evolve creatively, embracing artistic and cultural influences, finding exciting ways to renew its rich legacy. Since the 1950s, Tiffany has brought on designers who have become iconic names, from Jean Schlumberger to Elsa Peretti and Paloma Picasso, ensuring that Tiffany remains dynamic and relevant to each generation. The company\u2019s design-driven dynamism honors and perpetuates the founder\u2019s pioneering spirit.<\/p>\n<p>Today Tiffany continues to bring fantasy to its annual high jewelry collections, while also speaking to new generations through original collections that offer personal self-expression, so much part of Charles Lewis Tiffany\u2019s original concept. The beat goes on, the pulse of New York and of creativity, the quest for modernity and originality intertwined with reverence for Tiffany\u2019s great heritage.<\/p>\n<p>Conceived as the catalog to accompany the exhibition Vision and Virtuosity at the Saatchi Gallery in London, this volume encapsulates all the romance and heritage of this world-famous American icon, highlighting Tiffany\u2019s creative inspirations, witty advertisements and window displays, Blue Book jewel collections and diamond expertise, plus the stories behind the blue box, the classic film Breakfast at Tiffany\u2019s and the fabulous yellow Tiffany Diamond.<\/p>\n","protected":false},"excerpt":{"rendered":"<p>Charles Lewis Tiffany opened his first store in 1837 in New York City, selling \u201cfancy goods\u201d imported from Paris, he could not have imagined the visions of glamour that his name would conjure around the world. Tiffany &amp; Co. has transformed from a modest purveyor of gift items to a globally renowned byword for luxury&#8230;<\/p>\n","protected":false},"featured_media":84493,"comment_status":"closed","ping_status":"closed","template":"","meta":[],"product_brand":[],"product_cat":[13533,4519,4517],"product_tag":[6125,522],"class_list":{"0":"post-84494","1":"product","2":"type-product","3":"status-publish","4":"has-post-thumbnail","6":"product_cat-books","7":"product_cat-fashion-en-en","8":"product_cat-photography-en","9":"product_tag-fashion","10":"product_tag-jewelry-en","11":"pa_cover-hardcover","12":"pa_format-193-x-279-cm-en","13":"pa_isbn-9781649800336-en","14":"pa_language-eng","15":"pa_pages-256-en-2","16":"pa_published-2022-09-09-en","17":"pa_publisher-assouline-en","19":"first","20":"outofstock","21":"sold-individually","22":"shipping-taxable","23":"purchasable","24":"product-type-simple"},"yoast_head":"<!-- This site is optimized with the Yoast SEO plugin v27.4 - https:\/\/yoast.com\/product\/yoast-seo-wordpress\/ -->\n<title>Tiffany: Vision &amp; Virtuosity () - book \/ album - Folio<\/title>\n<meta name=\"description\" content=\"Wejd\u017a i kup ksi\u0105\u017ck\u0119 Tiffany: Vision &amp; Virtuosity autorstwa wydan\u0105 przez Assouline (2022-09-09) w formacie 19,3 x 27,9 cm (ISBN: 9781649800336). Zapraszamy!\" \/>\n<meta name=\"robots\" content=\"index, follow, max-snippet:-1, max-image-preview:large, max-video-preview:-1\" \/>\n<link rel=\"canonical\" href=\"https:\/\/foliobooks.pl\/en\/shop\/tiffany-vision-virtuosity\/\" \/>\n<meta property=\"og:locale\" content=\"en_US\" \/>\n<meta property=\"og:type\" content=\"article\" \/>\n<meta property=\"og:title\" content=\"Tiffany: Vision &amp; Virtuosity () - book \/ album - Folio\" \/>\n<meta property=\"og:description\" content=\"Wejd\u017a i kup ksi\u0105\u017ck\u0119 Tiffany: Vision &amp; Virtuosity autorstwa wydan\u0105 przez Assouline (2022-09-09) w formacie 19,3 x 27,9 cm (ISBN: 9781649800336). Zapraszamy!\" \/>\n<meta property=\"og:url\" content=\"https:\/\/foliobooks.pl\/en\/shop\/tiffany-vision-virtuosity\/\" \/>\n<meta property=\"og:site_name\" content=\"Folio\" \/>\n<meta property=\"article:modified_time\" content=\"2023-04-20T12:28:15+00:00\" \/>\n<meta property=\"og:image\" content=\"https:\/\/foliobooks.pl\/wp-content\/uploads\/2023\/04\/9781649800336.png\" \/>\n\t<meta property=\"og:image:width\" content=\"570\" \/>\n\t<meta property=\"og:image:height\" content=\"708\" \/>\n\t<meta property=\"og:image:type\" content=\"image\/png\" \/>\n<meta name=\"twitter:card\" content=\"summary_large_image\" \/>\n<meta name=\"twitter:label1\" content=\"Est. reading time\" \/>\n\t<meta name=\"twitter:data1\" content=\"2 minutes\" \/>\n<script type=\"application\/ld+json\" class=\"yoast-schema-graph\">{\"@context\":\"https:\\\/\\\/schema.org\",\"@graph\":[{\"@type\":\"WebPage\",\"@id\":\"https:\\\/\\\/foliobooks.pl\\\/en\\\/shop\\\/tiffany-vision-virtuosity\\\/\",\"url\":\"https:\\\/\\\/foliobooks.pl\\\/en\\\/shop\\\/tiffany-vision-virtuosity\\\/\",\"name\":\"Tiffany: Vision & Virtuosity () - book \\\/ album - Folio\",\"isPartOf\":{\"@id\":\"https:\\\/\\\/foliobooks.pl\\\/en\\\/#website\"},\"primaryImageOfPage\":{\"@id\":\"https:\\\/\\\/foliobooks.pl\\\/en\\\/shop\\\/tiffany-vision-virtuosity\\\/#primaryimage\"},\"image\":{\"@id\":\"https:\\\/\\\/foliobooks.pl\\\/en\\\/shop\\\/tiffany-vision-virtuosity\\\/#primaryimage\"},\"thumbnailUrl\":\"https:\\\/\\\/foliobooks.pl\\\/wp-content\\\/uploads\\\/2023\\\/04\\\/9781649800336.png\",\"datePublished\":\"2023-04-18T17:14:49+00:00\",\"dateModified\":\"2023-04-20T12:28:15+00:00\",\"description\":\"Wejd\u017a i kup ksi\u0105\u017ck\u0119 Tiffany: Vision & Virtuosity autorstwa wydan\u0105 przez Assouline (2022-09-09) w formacie 19,3 x 27,9 cm (ISBN: 9781649800336). Zapraszamy!\",\"breadcrumb\":{\"@id\":\"https:\\\/\\\/foliobooks.pl\\\/en\\\/shop\\\/tiffany-vision-virtuosity\\\/#breadcrumb\"},\"inLanguage\":\"en-US\",\"potentialAction\":[{\"@type\":\"ReadAction\",\"target\":[\"https:\\\/\\\/foliobooks.pl\\\/en\\\/shop\\\/tiffany-vision-virtuosity\\\/\"]}]},{\"@type\":\"ImageObject\",\"inLanguage\":\"en-US\",\"@id\":\"https:\\\/\\\/foliobooks.pl\\\/en\\\/shop\\\/tiffany-vision-virtuosity\\\/#primaryimage\",\"url\":\"https:\\\/\\\/foliobooks.pl\\\/wp-content\\\/uploads\\\/2023\\\/04\\\/9781649800336.png\",\"contentUrl\":\"https:\\\/\\\/foliobooks.pl\\\/wp-content\\\/uploads\\\/2023\\\/04\\\/9781649800336.png\",\"width\":570,\"height\":708},{\"@type\":\"BreadcrumbList\",\"@id\":\"https:\\\/\\\/foliobooks.pl\\\/en\\\/shop\\\/tiffany-vision-virtuosity\\\/#breadcrumb\",\"itemListElement\":[{\"@type\":\"ListItem\",\"position\":1,\"name\":\"Strona g\u0142\u00f3wna\",\"item\":\"https:\\\/\\\/foliobooks.pl\\\/en\\\/\"},{\"@type\":\"ListItem\",\"position\":2,\"name\":\"Shop\",\"item\":\"https:\\\/\\\/foliobooks.pl\\\/en\\\/shop\\\/\"},{\"@type\":\"ListItem\",\"position\":3,\"name\":\"Tiffany: Vision &#038; Virtuosity\"}]},{\"@type\":\"WebSite\",\"@id\":\"https:\\\/\\\/foliobooks.pl\\\/en\\\/#website\",\"url\":\"https:\\\/\\\/foliobooks.pl\\\/en\\\/\",\"name\":\"Folio\",\"description\":\"Ksi\u0119garnia internetowa\",\"potentialAction\":[{\"@type\":\"SearchAction\",\"target\":{\"@type\":\"EntryPoint\",\"urlTemplate\":\"https:\\\/\\\/foliobooks.pl\\\/en\\\/?s={search_term_string}\"},\"query-input\":{\"@type\":\"PropertyValueSpecification\",\"valueRequired\":true,\"valueName\":\"search_term_string\"}}],\"inLanguage\":\"en-US\"}]}<\/script>\n<!-- \/ Yoast SEO plugin. -->","yoast_head_json":{"title":"Tiffany: Vision & Virtuosity () - book \/ album - Folio","description":"Wejd\u017a i kup ksi\u0105\u017ck\u0119 Tiffany: Vision & Virtuosity autorstwa wydan\u0105 przez Assouline (2022-09-09) w formacie 19,3 x 27,9 cm (ISBN: 9781649800336). Zapraszamy!","robots":{"index":"index","follow":"follow","max-snippet":"max-snippet:-1","max-image-preview":"max-image-preview:large","max-video-preview":"max-video-preview:-1"},"canonical":"https:\/\/foliobooks.pl\/en\/shop\/tiffany-vision-virtuosity\/","og_locale":"en_US","og_type":"article","og_title":"Tiffany: Vision & Virtuosity () - book \/ album - Folio","og_description":"Wejd\u017a i kup ksi\u0105\u017ck\u0119 Tiffany: Vision & Virtuosity autorstwa wydan\u0105 przez Assouline (2022-09-09) w formacie 19,3 x 27,9 cm (ISBN: 9781649800336). Zapraszamy!","og_url":"https:\/\/foliobooks.pl\/en\/shop\/tiffany-vision-virtuosity\/","og_site_name":"Folio","article_modified_time":"2023-04-20T12:28:15+00:00","og_image":[{"width":570,"height":708,"url":"https:\/\/foliobooks.pl\/wp-content\/uploads\/2023\/04\/9781649800336.png","type":"image\/png"}],"twitter_card":"summary_large_image","twitter_misc":{"Est. reading time":"2 minutes"},"schema":{"@context":"https:\/\/schema.org","@graph":[{"@type":"WebPage","@id":"https:\/\/foliobooks.pl\/en\/shop\/tiffany-vision-virtuosity\/","url":"https:\/\/foliobooks.pl\/en\/shop\/tiffany-vision-virtuosity\/","name":"Tiffany: Vision & Virtuosity () - book \/ album - Folio","isPartOf":{"@id":"https:\/\/foliobooks.pl\/en\/#website"},"primaryImageOfPage":{"@id":"https:\/\/foliobooks.pl\/en\/shop\/tiffany-vision-virtuosity\/#primaryimage"},"image":{"@id":"https:\/\/foliobooks.pl\/en\/shop\/tiffany-vision-virtuosity\/#primaryimage"},"thumbnailUrl":"https:\/\/foliobooks.pl\/wp-content\/uploads\/2023\/04\/9781649800336.png","datePublished":"2023-04-18T17:14:49+00:00","dateModified":"2023-04-20T12:28:15+00:00","description":"Wejd\u017a i kup ksi\u0105\u017ck\u0119 Tiffany: Vision & Virtuosity autorstwa wydan\u0105 przez Assouline (2022-09-09) w formacie 19,3 x 27,9 cm (ISBN: 9781649800336). Zapraszamy!","breadcrumb":{"@id":"https:\/\/foliobooks.pl\/en\/shop\/tiffany-vision-virtuosity\/#breadcrumb"},"inLanguage":"en-US","potentialAction":[{"@type":"ReadAction","target":["https:\/\/foliobooks.pl\/en\/shop\/tiffany-vision-virtuosity\/"]}]},{"@type":"ImageObject","inLanguage":"en-US","@id":"https:\/\/foliobooks.pl\/en\/shop\/tiffany-vision-virtuosity\/#primaryimage","url":"https:\/\/foliobooks.pl\/wp-content\/uploads\/2023\/04\/9781649800336.png","contentUrl":"https:\/\/foliobooks.pl\/wp-content\/uploads\/2023\/04\/9781649800336.png","width":570,"height":708},{"@type":"BreadcrumbList","@id":"https:\/\/foliobooks.pl\/en\/shop\/tiffany-vision-virtuosity\/#breadcrumb","itemListElement":[{"@type":"ListItem","position":1,"name":"Strona g\u0142\u00f3wna","item":"https:\/\/foliobooks.pl\/en\/"},{"@type":"ListItem","position":2,"name":"Shop","item":"https:\/\/foliobooks.pl\/en\/shop\/"},{"@type":"ListItem","position":3,"name":"Tiffany: Vision &#038; Virtuosity"}]},{"@type":"WebSite","@id":"https:\/\/foliobooks.pl\/en\/#website","url":"https:\/\/foliobooks.pl\/en\/","name":"Folio","description":"Ksi\u0119garnia internetowa","potentialAction":[{"@type":"SearchAction","target":{"@type":"EntryPoint","urlTemplate":"https:\/\/foliobooks.pl\/en\/?s={search_term_string}"},"query-input":{"@type":"PropertyValueSpecification","valueRequired":true,"valueName":"search_term_string"}}],"inLanguage":"en-US"}]}},"_links":{"self":[{"href":"https:\/\/foliobooks.pl\/en\/wp-json\/wp\/v2\/product\/84494","targetHints":{"allow":["GET"]}}],"collection":[{"href":"https:\/\/foliobooks.pl\/en\/wp-json\/wp\/v2\/product"}],"about":[{"href":"https:\/\/foliobooks.pl\/en\/wp-json\/wp\/v2\/types\/product"}],"replies":[{"embeddable":true,"href":"https:\/\/foliobooks.pl\/en\/wp-json\/wp\/v2\/comments?post=84494"}],"wp:featuredmedia":[{"embeddable":true,"href":"https:\/\/foliobooks.pl\/en\/wp-json\/wp\/v2\/media\/84493"}],"wp:attachment":[{"href":"https:\/\/foliobooks.pl\/en\/wp-json\/wp\/v2\/media?parent=84494"}],"wp:term":[{"taxonomy":"product_brand","embeddable":true,"href":"https:\/\/foliobooks.pl\/en\/wp-json\/wp\/v2\/product_brand?post=84494"},{"taxonomy":"product_cat","embeddable":true,"href":"https:\/\/foliobooks.pl\/en\/wp-json\/wp\/v2\/product_cat?post=84494"},{"taxonomy":"product_tag","embeddable":true,"href":"https:\/\/foliobooks.pl\/en\/wp-json\/wp\/v2\/product_tag?post=84494"}],"curies":[{"name":"wp","href":"https:\/\/api.w.org\/{rel}","templated":true}]}}