{"id":84486,"date":"2023-04-18T19:03:06","date_gmt":"2023-04-18T17:03:06","guid":{"rendered":"https:\/\/foliobooks.pl\/sklep\/bali-mystique\/"},"modified":"2026-04-09T17:25:42","modified_gmt":"2026-04-09T15:25:42","slug":"bali-mystique","status":"publish","type":"product","link":"https:\/\/foliobooks.pl\/en\/shop\/bali-mystique\/","title":{"rendered":"Bali Mystique"},"content":{"rendered":"<p>Assouline coffee table books add unparalleled style and elegance to your luxury home decor, and the Travel Series is the most aesthetically vibrant assemblage of books on the Assouline bookshelf. These visually rich and decorative books feature stunning images and compelling narratives of over thirty destinations. Collecting a treasure trove of travel, art, fashion, and design stories, each volume is an inspiring journey, with creative and luxurious bliss waiting on every page. &#8220;Assouline&#8217;s Bali Mystique, through the voices of David Bowie, Linda Garland, and Gerry Lopez, captures the total magnetism of the Indonesian island. Surf mecca, tropical paradise, bamboo architecture hub, \u201cIsland of the Gods\u201d\u2014Bali contains multitudes and draws millions of visitors each year. A balance of spiritual meditation and indulgent amusement, there is an energy in Bali that defies the stereotype of a serene oasis. The local culture permeates daily life, encounter offerings, temples and ceremonies at every corner. On the other hand, Bali also provides luxury beachside resorts and wild nightlife. With black sand beaches, dramatic volcanos and countless waterfalls, the natural abundance found in Bali is inspiring. The plethora of bamboo on the island encouraged the development of bamboo architecture which is now widespread. Cliffside villas, endless rice terraces and the lively surfing community come together to create a vibrant portrait of Bali, complete with the kindness and warmth of its people.<\/p>\n","protected":false},"excerpt":{"rendered":"<p>Assouline coffee table books add unparalleled style and elegance to your luxury home decor, and the Travel Series is the most aesthetically vibrant assemblage of books on the Assouline bookshelf. These visually rich and decorative books feature stunning images and compelling narratives of over thirty destinations. Collecting a treasure trove of travel, art, fashion, and&#8230;<\/p>\n","protected":false},"featured_media":84483,"comment_status":"closed","ping_status":"closed","template":"","meta":[],"product_brand":[],"product_cat":[13533,4517],"product_tag":[290,18135],"class_list":{"0":"post-84486","1":"product","2":"type-product","3":"status-publish","4":"has-post-thumbnail","6":"product_cat-books","7":"product_cat-photography-en","8":"product_tag-interiors-en","9":"product_tag-wystroj-wnetrz-en","10":"pa_cover-hardcover","11":"pa_format-254-x-33-cm-en","12":"pa_isbn-9781649800473-en","13":"pa_language-eng","14":"pa_pages-312-en-2","15":"pa_published-2022-07-22-en","16":"pa_publisher-assouline-en","18":"first","19":"instock","20":"sale","21":"sold-individually","22":"shipping-taxable","23":"purchasable","24":"product-type-simple"},"yoast_head":"<!-- This site is optimized with the Yoast SEO plugin v27.4 - https:\/\/yoast.com\/product\/yoast-seo-wordpress\/ -->\n<title>Bali Mystique () - book \/ album - Folio<\/title>\n<meta name=\"description\" content=\"Wejd\u017a i kup ksi\u0105\u017ck\u0119 Bali Mystique autorstwa wydan\u0105 przez Assouline (2022-07-22) w formacie 25,4 x 33 cm (ISBN: 9781649800473). Zapraszamy!\" \/>\n<meta name=\"robots\" content=\"index, follow, max-snippet:-1, max-image-preview:large, max-video-preview:-1\" \/>\n<link rel=\"canonical\" href=\"https:\/\/foliobooks.pl\/en\/shop\/bali-mystique\/\" \/>\n<meta property=\"og:locale\" content=\"en_US\" \/>\n<meta property=\"og:type\" content=\"article\" \/>\n<meta property=\"og:title\" content=\"Bali Mystique () - book \/ album - Folio\" \/>\n<meta property=\"og:description\" content=\"Wejd\u017a i kup ksi\u0105\u017ck\u0119 Bali Mystique autorstwa wydan\u0105 przez Assouline (2022-07-22) w formacie 25,4 x 33 cm (ISBN: 9781649800473). Zapraszamy!\" \/>\n<meta property=\"og:url\" content=\"https:\/\/foliobooks.pl\/en\/shop\/bali-mystique\/\" \/>\n<meta property=\"og:site_name\" content=\"Folio\" \/>\n<meta property=\"article:modified_time\" content=\"2026-04-09T15:25:42+00:00\" \/>\n<meta property=\"og:image\" content=\"https:\/\/foliobooks.pl\/wp-content\/uploads\/2023\/04\/9781649800473.png\" \/>\n\t<meta property=\"og:image:width\" content=\"570\" \/>\n\t<meta property=\"og:image:height\" content=\"708\" \/>\n\t<meta property=\"og:image:type\" content=\"image\/png\" \/>\n<meta name=\"twitter:card\" content=\"summary_large_image\" \/>\n<meta name=\"twitter:label1\" content=\"Est. reading time\" \/>\n\t<meta name=\"twitter:data1\" content=\"2 minutes\" \/>\n<script type=\"application\/ld+json\" class=\"yoast-schema-graph\">{\"@context\":\"https:\\\/\\\/schema.org\",\"@graph\":[{\"@type\":\"WebPage\",\"@id\":\"https:\\\/\\\/foliobooks.pl\\\/en\\\/shop\\\/bali-mystique\\\/\",\"url\":\"https:\\\/\\\/foliobooks.pl\\\/en\\\/shop\\\/bali-mystique\\\/\",\"name\":\"Bali Mystique () - book \\\/ album - Folio\",\"isPartOf\":{\"@id\":\"https:\\\/\\\/foliobooks.pl\\\/en\\\/#website\"},\"primaryImageOfPage\":{\"@id\":\"https:\\\/\\\/foliobooks.pl\\\/en\\\/shop\\\/bali-mystique\\\/#primaryimage\"},\"image\":{\"@id\":\"https:\\\/\\\/foliobooks.pl\\\/en\\\/shop\\\/bali-mystique\\\/#primaryimage\"},\"thumbnailUrl\":\"https:\\\/\\\/foliobooks.pl\\\/wp-content\\\/uploads\\\/2023\\\/04\\\/9781649800473.png\",\"datePublished\":\"2023-04-18T17:03:06+00:00\",\"dateModified\":\"2026-04-09T15:25:42+00:00\",\"description\":\"Wejd\u017a i kup ksi\u0105\u017ck\u0119 Bali Mystique autorstwa wydan\u0105 przez Assouline (2022-07-22) w formacie 25,4 x 33 cm (ISBN: 9781649800473). Zapraszamy!\",\"breadcrumb\":{\"@id\":\"https:\\\/\\\/foliobooks.pl\\\/en\\\/shop\\\/bali-mystique\\\/#breadcrumb\"},\"inLanguage\":\"en-US\",\"potentialAction\":[{\"@type\":\"ReadAction\",\"target\":[\"https:\\\/\\\/foliobooks.pl\\\/en\\\/shop\\\/bali-mystique\\\/\"]}]},{\"@type\":\"ImageObject\",\"inLanguage\":\"en-US\",\"@id\":\"https:\\\/\\\/foliobooks.pl\\\/en\\\/shop\\\/bali-mystique\\\/#primaryimage\",\"url\":\"https:\\\/\\\/foliobooks.pl\\\/wp-content\\\/uploads\\\/2023\\\/04\\\/9781649800473.png\",\"contentUrl\":\"https:\\\/\\\/foliobooks.pl\\\/wp-content\\\/uploads\\\/2023\\\/04\\\/9781649800473.png\",\"width\":570,\"height\":708},{\"@type\":\"BreadcrumbList\",\"@id\":\"https:\\\/\\\/foliobooks.pl\\\/en\\\/shop\\\/bali-mystique\\\/#breadcrumb\",\"itemListElement\":[{\"@type\":\"ListItem\",\"position\":1,\"name\":\"Strona g\u0142\u00f3wna\",\"item\":\"https:\\\/\\\/foliobooks.pl\\\/en\\\/\"},{\"@type\":\"ListItem\",\"position\":2,\"name\":\"Shop\",\"item\":\"https:\\\/\\\/foliobooks.pl\\\/en\\\/shop\\\/\"},{\"@type\":\"ListItem\",\"position\":3,\"name\":\"Bali Mystique\"}]},{\"@type\":\"WebSite\",\"@id\":\"https:\\\/\\\/foliobooks.pl\\\/en\\\/#website\",\"url\":\"https:\\\/\\\/foliobooks.pl\\\/en\\\/\",\"name\":\"Folio\",\"description\":\"Ksi\u0119garnia internetowa\",\"potentialAction\":[{\"@type\":\"SearchAction\",\"target\":{\"@type\":\"EntryPoint\",\"urlTemplate\":\"https:\\\/\\\/foliobooks.pl\\\/en\\\/?s={search_term_string}\"},\"query-input\":{\"@type\":\"PropertyValueSpecification\",\"valueRequired\":true,\"valueName\":\"search_term_string\"}}],\"inLanguage\":\"en-US\"}]}<\/script>\n<!-- \/ Yoast SEO plugin. -->","yoast_head_json":{"title":"Bali Mystique () - book \/ album - Folio","description":"Wejd\u017a i kup ksi\u0105\u017ck\u0119 Bali Mystique autorstwa wydan\u0105 przez Assouline (2022-07-22) w formacie 25,4 x 33 cm (ISBN: 9781649800473). Zapraszamy!","robots":{"index":"index","follow":"follow","max-snippet":"max-snippet:-1","max-image-preview":"max-image-preview:large","max-video-preview":"max-video-preview:-1"},"canonical":"https:\/\/foliobooks.pl\/en\/shop\/bali-mystique\/","og_locale":"en_US","og_type":"article","og_title":"Bali Mystique () - book \/ album - Folio","og_description":"Wejd\u017a i kup ksi\u0105\u017ck\u0119 Bali Mystique autorstwa wydan\u0105 przez Assouline (2022-07-22) w formacie 25,4 x 33 cm (ISBN: 9781649800473). Zapraszamy!","og_url":"https:\/\/foliobooks.pl\/en\/shop\/bali-mystique\/","og_site_name":"Folio","article_modified_time":"2026-04-09T15:25:42+00:00","og_image":[{"width":570,"height":708,"url":"https:\/\/foliobooks.pl\/wp-content\/uploads\/2023\/04\/9781649800473.png","type":"image\/png"}],"twitter_card":"summary_large_image","twitter_misc":{"Est. reading time":"2 minutes"},"schema":{"@context":"https:\/\/schema.org","@graph":[{"@type":"WebPage","@id":"https:\/\/foliobooks.pl\/en\/shop\/bali-mystique\/","url":"https:\/\/foliobooks.pl\/en\/shop\/bali-mystique\/","name":"Bali Mystique () - book \/ album - Folio","isPartOf":{"@id":"https:\/\/foliobooks.pl\/en\/#website"},"primaryImageOfPage":{"@id":"https:\/\/foliobooks.pl\/en\/shop\/bali-mystique\/#primaryimage"},"image":{"@id":"https:\/\/foliobooks.pl\/en\/shop\/bali-mystique\/#primaryimage"},"thumbnailUrl":"https:\/\/foliobooks.pl\/wp-content\/uploads\/2023\/04\/9781649800473.png","datePublished":"2023-04-18T17:03:06+00:00","dateModified":"2026-04-09T15:25:42+00:00","description":"Wejd\u017a i kup ksi\u0105\u017ck\u0119 Bali Mystique autorstwa wydan\u0105 przez Assouline (2022-07-22) w formacie 25,4 x 33 cm (ISBN: 9781649800473). Zapraszamy!","breadcrumb":{"@id":"https:\/\/foliobooks.pl\/en\/shop\/bali-mystique\/#breadcrumb"},"inLanguage":"en-US","potentialAction":[{"@type":"ReadAction","target":["https:\/\/foliobooks.pl\/en\/shop\/bali-mystique\/"]}]},{"@type":"ImageObject","inLanguage":"en-US","@id":"https:\/\/foliobooks.pl\/en\/shop\/bali-mystique\/#primaryimage","url":"https:\/\/foliobooks.pl\/wp-content\/uploads\/2023\/04\/9781649800473.png","contentUrl":"https:\/\/foliobooks.pl\/wp-content\/uploads\/2023\/04\/9781649800473.png","width":570,"height":708},{"@type":"BreadcrumbList","@id":"https:\/\/foliobooks.pl\/en\/shop\/bali-mystique\/#breadcrumb","itemListElement":[{"@type":"ListItem","position":1,"name":"Strona g\u0142\u00f3wna","item":"https:\/\/foliobooks.pl\/en\/"},{"@type":"ListItem","position":2,"name":"Shop","item":"https:\/\/foliobooks.pl\/en\/shop\/"},{"@type":"ListItem","position":3,"name":"Bali Mystique"}]},{"@type":"WebSite","@id":"https:\/\/foliobooks.pl\/en\/#website","url":"https:\/\/foliobooks.pl\/en\/","name":"Folio","description":"Ksi\u0119garnia internetowa","potentialAction":[{"@type":"SearchAction","target":{"@type":"EntryPoint","urlTemplate":"https:\/\/foliobooks.pl\/en\/?s={search_term_string}"},"query-input":{"@type":"PropertyValueSpecification","valueRequired":true,"valueName":"search_term_string"}}],"inLanguage":"en-US"}]}},"_links":{"self":[{"href":"https:\/\/foliobooks.pl\/en\/wp-json\/wp\/v2\/product\/84486","targetHints":{"allow":["GET"]}}],"collection":[{"href":"https:\/\/foliobooks.pl\/en\/wp-json\/wp\/v2\/product"}],"about":[{"href":"https:\/\/foliobooks.pl\/en\/wp-json\/wp\/v2\/types\/product"}],"replies":[{"embeddable":true,"href":"https:\/\/foliobooks.pl\/en\/wp-json\/wp\/v2\/comments?post=84486"}],"wp:featuredmedia":[{"embeddable":true,"href":"https:\/\/foliobooks.pl\/en\/wp-json\/wp\/v2\/media\/84483"}],"wp:attachment":[{"href":"https:\/\/foliobooks.pl\/en\/wp-json\/wp\/v2\/media?parent=84486"}],"wp:term":[{"taxonomy":"product_brand","embeddable":true,"href":"https:\/\/foliobooks.pl\/en\/wp-json\/wp\/v2\/product_brand?post=84486"},{"taxonomy":"product_cat","embeddable":true,"href":"https:\/\/foliobooks.pl\/en\/wp-json\/wp\/v2\/product_cat?post=84486"},{"taxonomy":"product_tag","embeddable":true,"href":"https:\/\/foliobooks.pl\/en\/wp-json\/wp\/v2\/product_tag?post=84486"}],"curies":[{"name":"wp","href":"https:\/\/api.w.org\/{rel}","templated":true}]}}