{"id":84480,"date":"2023-04-18T18:57:45","date_gmt":"2023-04-18T16:57:45","guid":{"rendered":"https:\/\/foliobooks.pl\/sklep\/milan-chic\/"},"modified":"2025-03-12T11:34:49","modified_gmt":"2025-03-12T10:34:49","slug":"milan-chic","status":"publish","type":"product","link":"https:\/\/foliobooks.pl\/en\/shop\/milan-chic\/","title":{"rendered":"Milan Chic"},"content":{"rendered":"<p>Assouline coffee table books add unparalleled style and elegance to your luxury home decor, and the Travel Series is the most aesthetically vibrant assemblage of books on the Assouline bookshelf. These visually rich and decorative books feature stunning images and compelling narratives of over thirty destinations. Collecting a treasure trove of travel, art, fashion, and design stories, each volume is an inspiring journey, with creative and luxurious bliss waiting on every page. Assouline&#8217;s Milan Chic, written by Massimo Nava, offers readers an immersive experience into the fashionable culture and traditions of Milan, the global capital of clothing design, through stunning photos in a coffee table art book. Oberto Gili, armed with his camera, explores the homes of Milan&#8217;s inhabitants and the quaint scenes that populate the city. Milan boasts an enduring appeal that has continually drawn an eclectic group of creatives, innovators and tastemakers. Readers will not only be inspired by the city itself, but also by the style and aesthetic of its inhabitants. In this book we are taken on an intimate tour, making stops at the homes of sought-after designers, the studios of gifted artists and the headquarters of prominent architects.<\/p>\n","protected":false},"excerpt":{"rendered":"<p>Assouline coffee table books add unparalleled style and elegance to your luxury home decor, and the Travel Series is the most aesthetically vibrant assemblage of books on the Assouline bookshelf. These visually rich and decorative books feature stunning images and compelling narratives of over thirty destinations. Collecting a treasure trove of travel, art, fashion, and&#8230;<\/p>\n","protected":false},"featured_media":84479,"comment_status":"closed","ping_status":"closed","template":"","meta":[],"product_brand":[],"product_cat":[13533,4517],"product_tag":[6143,4524],"class_list":{"0":"post-84480","1":"product","2":"type-product","3":"status-publish","4":"has-post-thumbnail","6":"product_cat-books","7":"product_cat-photography-en","8":"product_tag-city","9":"product_tag-design-en-en","10":"pa_author_att-massimo-nava-en","11":"pa_cover-hardcover","12":"pa_format-254-x-33-cm-en","13":"pa_isbn-9781649801111-en","14":"pa_language-eng","15":"pa_pages-280-en-2","16":"pa_published-2022-10-01-en","17":"pa_publisher-assouline-en","19":"first","20":"outofstock","21":"sold-individually","22":"shipping-taxable","23":"purchasable","24":"product-type-simple"},"yoast_head":"<!-- This site is optimized with the Yoast SEO plugin v27.6 - https:\/\/yoast.com\/product\/yoast-seo-wordpress\/ -->\n<title>Milan Chic (Massimo Nava) - book \/ album - Folio<\/title>\n<meta name=\"description\" content=\"Wejd\u017a i kup ksi\u0105\u017ck\u0119 Milan Chic autorstwa Massimo Nava wydan\u0105 przez Assouline (2022-10-01) w formacie 25,4 x 33 cm (ISBN: 9781649801111). Zapraszamy!\" \/>\n<meta name=\"robots\" content=\"index, follow, max-snippet:-1, max-image-preview:large, max-video-preview:-1\" \/>\n<link rel=\"canonical\" href=\"https:\/\/foliobooks.pl\/en\/shop\/milan-chic\/\" \/>\n<meta property=\"og:locale\" content=\"en_US\" \/>\n<meta property=\"og:type\" content=\"article\" \/>\n<meta property=\"og:title\" content=\"Milan Chic (Massimo Nava) - book \/ album - Folio\" \/>\n<meta property=\"og:description\" content=\"Wejd\u017a i kup ksi\u0105\u017ck\u0119 Milan Chic autorstwa Massimo Nava wydan\u0105 przez Assouline (2022-10-01) w formacie 25,4 x 33 cm (ISBN: 9781649801111). Zapraszamy!\" \/>\n<meta property=\"og:url\" content=\"https:\/\/foliobooks.pl\/en\/shop\/milan-chic\/\" \/>\n<meta property=\"og:site_name\" content=\"Folio\" \/>\n<meta property=\"article:modified_time\" content=\"2025-03-12T10:34:49+00:00\" \/>\n<meta property=\"og:image\" content=\"https:\/\/foliobooks.pl\/wp-content\/uploads\/2023\/04\/9781649801111.png\" \/>\n\t<meta property=\"og:image:width\" content=\"570\" \/>\n\t<meta property=\"og:image:height\" content=\"708\" \/>\n\t<meta property=\"og:image:type\" content=\"image\/png\" \/>\n<meta name=\"twitter:card\" content=\"summary_large_image\" \/>\n<meta name=\"twitter:label1\" content=\"Est. reading time\" \/>\n\t<meta name=\"twitter:data1\" content=\"2 minutes\" \/>\n<script type=\"application\/ld+json\" class=\"yoast-schema-graph\">{\"@context\":\"https:\\\/\\\/schema.org\",\"@graph\":[{\"@type\":\"WebPage\",\"@id\":\"https:\\\/\\\/foliobooks.pl\\\/en\\\/shop\\\/milan-chic\\\/\",\"url\":\"https:\\\/\\\/foliobooks.pl\\\/en\\\/shop\\\/milan-chic\\\/\",\"name\":\"Milan Chic (Massimo Nava) - book \\\/ album - Folio\",\"isPartOf\":{\"@id\":\"https:\\\/\\\/foliobooks.pl\\\/en\\\/#website\"},\"primaryImageOfPage\":{\"@id\":\"https:\\\/\\\/foliobooks.pl\\\/en\\\/shop\\\/milan-chic\\\/#primaryimage\"},\"image\":{\"@id\":\"https:\\\/\\\/foliobooks.pl\\\/en\\\/shop\\\/milan-chic\\\/#primaryimage\"},\"thumbnailUrl\":\"https:\\\/\\\/foliobooks.pl\\\/wp-content\\\/uploads\\\/2023\\\/04\\\/9781649801111.png\",\"datePublished\":\"2023-04-18T16:57:45+00:00\",\"dateModified\":\"2025-03-12T10:34:49+00:00\",\"description\":\"Wejd\u017a i kup ksi\u0105\u017ck\u0119 Milan Chic autorstwa Massimo Nava wydan\u0105 przez Assouline (2022-10-01) w formacie 25,4 x 33 cm (ISBN: 9781649801111). Zapraszamy!\",\"breadcrumb\":{\"@id\":\"https:\\\/\\\/foliobooks.pl\\\/en\\\/shop\\\/milan-chic\\\/#breadcrumb\"},\"inLanguage\":\"en-US\",\"potentialAction\":[{\"@type\":\"ReadAction\",\"target\":[\"https:\\\/\\\/foliobooks.pl\\\/en\\\/shop\\\/milan-chic\\\/\"]}]},{\"@type\":\"ImageObject\",\"inLanguage\":\"en-US\",\"@id\":\"https:\\\/\\\/foliobooks.pl\\\/en\\\/shop\\\/milan-chic\\\/#primaryimage\",\"url\":\"https:\\\/\\\/foliobooks.pl\\\/wp-content\\\/uploads\\\/2023\\\/04\\\/9781649801111.png\",\"contentUrl\":\"https:\\\/\\\/foliobooks.pl\\\/wp-content\\\/uploads\\\/2023\\\/04\\\/9781649801111.png\",\"width\":570,\"height\":708},{\"@type\":\"BreadcrumbList\",\"@id\":\"https:\\\/\\\/foliobooks.pl\\\/en\\\/shop\\\/milan-chic\\\/#breadcrumb\",\"itemListElement\":[{\"@type\":\"ListItem\",\"position\":1,\"name\":\"Strona g\u0142\u00f3wna\",\"item\":\"https:\\\/\\\/foliobooks.pl\\\/en\\\/\"},{\"@type\":\"ListItem\",\"position\":2,\"name\":\"Shop\",\"item\":\"https:\\\/\\\/foliobooks.pl\\\/en\\\/shop\\\/\"},{\"@type\":\"ListItem\",\"position\":3,\"name\":\"Milan Chic\"}]},{\"@type\":\"WebSite\",\"@id\":\"https:\\\/\\\/foliobooks.pl\\\/en\\\/#website\",\"url\":\"https:\\\/\\\/foliobooks.pl\\\/en\\\/\",\"name\":\"Folio\",\"description\":\"Ksi\u0119garnia internetowa\",\"potentialAction\":[{\"@type\":\"SearchAction\",\"target\":{\"@type\":\"EntryPoint\",\"urlTemplate\":\"https:\\\/\\\/foliobooks.pl\\\/en\\\/?s={search_term_string}\"},\"query-input\":{\"@type\":\"PropertyValueSpecification\",\"valueRequired\":true,\"valueName\":\"search_term_string\"}}],\"inLanguage\":\"en-US\"}]}<\/script>\n<!-- \/ Yoast SEO plugin. -->","yoast_head_json":{"title":"Milan Chic (Massimo Nava) - book \/ album - Folio","description":"Wejd\u017a i kup ksi\u0105\u017ck\u0119 Milan Chic autorstwa Massimo Nava wydan\u0105 przez Assouline (2022-10-01) w formacie 25,4 x 33 cm (ISBN: 9781649801111). Zapraszamy!","robots":{"index":"index","follow":"follow","max-snippet":"max-snippet:-1","max-image-preview":"max-image-preview:large","max-video-preview":"max-video-preview:-1"},"canonical":"https:\/\/foliobooks.pl\/en\/shop\/milan-chic\/","og_locale":"en_US","og_type":"article","og_title":"Milan Chic (Massimo Nava) - book \/ album - Folio","og_description":"Wejd\u017a i kup ksi\u0105\u017ck\u0119 Milan Chic autorstwa Massimo Nava wydan\u0105 przez Assouline (2022-10-01) w formacie 25,4 x 33 cm (ISBN: 9781649801111). Zapraszamy!","og_url":"https:\/\/foliobooks.pl\/en\/shop\/milan-chic\/","og_site_name":"Folio","article_modified_time":"2025-03-12T10:34:49+00:00","og_image":[{"width":570,"height":708,"url":"https:\/\/foliobooks.pl\/wp-content\/uploads\/2023\/04\/9781649801111.png","type":"image\/png"}],"twitter_card":"summary_large_image","twitter_misc":{"Est. reading time":"2 minutes"},"schema":{"@context":"https:\/\/schema.org","@graph":[{"@type":"WebPage","@id":"https:\/\/foliobooks.pl\/en\/shop\/milan-chic\/","url":"https:\/\/foliobooks.pl\/en\/shop\/milan-chic\/","name":"Milan Chic (Massimo Nava) - book \/ album - Folio","isPartOf":{"@id":"https:\/\/foliobooks.pl\/en\/#website"},"primaryImageOfPage":{"@id":"https:\/\/foliobooks.pl\/en\/shop\/milan-chic\/#primaryimage"},"image":{"@id":"https:\/\/foliobooks.pl\/en\/shop\/milan-chic\/#primaryimage"},"thumbnailUrl":"https:\/\/foliobooks.pl\/wp-content\/uploads\/2023\/04\/9781649801111.png","datePublished":"2023-04-18T16:57:45+00:00","dateModified":"2025-03-12T10:34:49+00:00","description":"Wejd\u017a i kup ksi\u0105\u017ck\u0119 Milan Chic autorstwa Massimo Nava wydan\u0105 przez Assouline (2022-10-01) w formacie 25,4 x 33 cm (ISBN: 9781649801111). Zapraszamy!","breadcrumb":{"@id":"https:\/\/foliobooks.pl\/en\/shop\/milan-chic\/#breadcrumb"},"inLanguage":"en-US","potentialAction":[{"@type":"ReadAction","target":["https:\/\/foliobooks.pl\/en\/shop\/milan-chic\/"]}]},{"@type":"ImageObject","inLanguage":"en-US","@id":"https:\/\/foliobooks.pl\/en\/shop\/milan-chic\/#primaryimage","url":"https:\/\/foliobooks.pl\/wp-content\/uploads\/2023\/04\/9781649801111.png","contentUrl":"https:\/\/foliobooks.pl\/wp-content\/uploads\/2023\/04\/9781649801111.png","width":570,"height":708},{"@type":"BreadcrumbList","@id":"https:\/\/foliobooks.pl\/en\/shop\/milan-chic\/#breadcrumb","itemListElement":[{"@type":"ListItem","position":1,"name":"Strona g\u0142\u00f3wna","item":"https:\/\/foliobooks.pl\/en\/"},{"@type":"ListItem","position":2,"name":"Shop","item":"https:\/\/foliobooks.pl\/en\/shop\/"},{"@type":"ListItem","position":3,"name":"Milan Chic"}]},{"@type":"WebSite","@id":"https:\/\/foliobooks.pl\/en\/#website","url":"https:\/\/foliobooks.pl\/en\/","name":"Folio","description":"Ksi\u0119garnia internetowa","potentialAction":[{"@type":"SearchAction","target":{"@type":"EntryPoint","urlTemplate":"https:\/\/foliobooks.pl\/en\/?s={search_term_string}"},"query-input":{"@type":"PropertyValueSpecification","valueRequired":true,"valueName":"search_term_string"}}],"inLanguage":"en-US"}]}},"_links":{"self":[{"href":"https:\/\/foliobooks.pl\/en\/wp-json\/wp\/v2\/product\/84480","targetHints":{"allow":["GET"]}}],"collection":[{"href":"https:\/\/foliobooks.pl\/en\/wp-json\/wp\/v2\/product"}],"about":[{"href":"https:\/\/foliobooks.pl\/en\/wp-json\/wp\/v2\/types\/product"}],"replies":[{"embeddable":true,"href":"https:\/\/foliobooks.pl\/en\/wp-json\/wp\/v2\/comments?post=84480"}],"wp:featuredmedia":[{"embeddable":true,"href":"https:\/\/foliobooks.pl\/en\/wp-json\/wp\/v2\/media\/84479"}],"wp:attachment":[{"href":"https:\/\/foliobooks.pl\/en\/wp-json\/wp\/v2\/media?parent=84480"}],"wp:term":[{"taxonomy":"product_brand","embeddable":true,"href":"https:\/\/foliobooks.pl\/en\/wp-json\/wp\/v2\/product_brand?post=84480"},{"taxonomy":"product_cat","embeddable":true,"href":"https:\/\/foliobooks.pl\/en\/wp-json\/wp\/v2\/product_cat?post=84480"},{"taxonomy":"product_tag","embeddable":true,"href":"https:\/\/foliobooks.pl\/en\/wp-json\/wp\/v2\/product_tag?post=84480"}],"curies":[{"name":"wp","href":"https:\/\/api.w.org\/{rel}","templated":true}]}}