{"id":84380,"date":"2023-04-15T23:37:20","date_gmt":"2023-04-15T21:37:20","guid":{"rendered":"https:\/\/foliobooks.pl\/sklep\/relentless-courage-ukraine-and-the-world-at-war\/"},"modified":"2025-10-17T12:45:58","modified_gmt":"2025-10-17T10:45:58","slug":"relentless-courage-ukraine-and-the-world-at-war","status":"publish","type":"product","link":"https:\/\/foliobooks.pl\/en\/shop\/relentless-courage-ukraine-and-the-world-at-war\/","title":{"rendered":"Relentless Courage: Ukraine and the World at War"},"content":{"rendered":"<p>From the frontlines of the war in Ukraine comes this compelling collection of 200+ images from world-class photographers that captures the humanity, perseverance, and determination of the nation&#8217;s fight for freedom and independence against all odds.<\/p>\n<p>&#8220;What happened to Ukraine after Moscow&#8217;s invasion? Look no further. The photographs in this book are by some of the world&#8217;s best photographers, and provide an unflinching look at the hell wrought by Russia. This is extraordinary and vital work.&#8221; &#8211; Pulitzer Prize-winning journalist David Hume Kennerly. Portfolios from some of the most respected photojournalists of our time: Carol Guzy, four-time Pulitzer Prize-winning photojournalist. Lynsey Addario, Pulitzer Prize-winning photojournalist and New York Times bestselling author. Paula Bronstein, award-winning photojournalist and Pulitzer Prize finalist. Justyna Mielnikiewicz, award-winning photojournalist. Svet Jacqueline, award-winning photojournalist. Moving essays, published in both English and Ukrainian, by: Foreword by the Ukrainian ambassador to the United States, Oksana Markarova. Markarova provides an overview of how this war has shaken her country and what democracy and freedom mean to her people. Award-winning Ukrainian author Andrey Kurkov. Ukraine&#8217;s most famous living writer, Kurkov provides an emotional, heartfelt reflection on what&#8217;s happening to his country in relation to the pictures displayed in the book. Pulitzer Prize winner and personal photographer to President Gerald Ford, David Hume Kennerly. Kennerly speaks to the emotional and physical risk photojournalists take in covering war alongside their mission to show truth.<\/p>\n<p>As Ukrainian President Vladimir Zelensky said in his address to U.S. Congress, Russia &#8220;went on a brutal offensive against our values, basic human values. It threw tanks and planes against our freedom, against our right to live freely in our own country, choosing our own future, against our desire for happiness, against our national dreams, just like the same dreams you have, you Americans.&#8221; Relentless Courage delivers a gripping, visual portfolio of images that remind us of our shared humanity, what is right, and what&#8217;s at stake when independence and freedom come under attack.<\/p>\n","protected":false},"excerpt":{"rendered":"<p>From the frontlines of the war in Ukraine comes this compelling collection of 200+ images from world-class photographers that captures the humanity, perseverance, and determination of the nation&#8217;s fight for freedom and independence against all odds. &#8220;What happened to Ukraine after Moscow&#8217;s invasion? Look no further. The photographs in this book are by some of&#8230;<\/p>\n","protected":false},"featured_media":84379,"comment_status":"closed","ping_status":"closed","template":"","meta":[],"product_brand":[],"product_cat":[13533,4517],"product_tag":[11529,6121,11523],"class_list":{"0":"post-84380","1":"product","2":"type-product","3":"status-publish","4":"has-post-thumbnail","6":"product_cat-books","7":"product_cat-photography-en","8":"product_tag-documentary-photography-en","9":"product_tag-photography","10":"product_tag-war","11":"pa_cover-hardcover","12":"pa_format-227-x-304-cm-en","13":"pa_isbn-9781950968947-en","14":"pa_language-eng","15":"pa_pages-204-en","16":"pa_published-2022-11-08-en","17":"pa_publisher-random-house-2-en","19":"first","20":"instock","21":"sale","22":"sold-individually","23":"shipping-taxable","24":"purchasable","25":"product-type-simple"},"yoast_head":"<!-- This site is optimized with the Yoast SEO plugin v27.4 - https:\/\/yoast.com\/product\/yoast-seo-wordpress\/ -->\n<title>Relentless Courage: Ukraine and the World at War () - book \/ album - Folio<\/title>\n<meta name=\"description\" content=\"Wejd\u017a i kup ksi\u0105\u017ck\u0119 Relentless Courage: Ukraine and the World at War autorstwa wydan\u0105 przez Random House (2022-11-08) w formacie 22,7 x 30,4 cm (ISBN: 9781950968947). Zapraszamy!\" \/>\n<meta name=\"robots\" content=\"index, follow, max-snippet:-1, max-image-preview:large, max-video-preview:-1\" \/>\n<link rel=\"canonical\" href=\"https:\/\/foliobooks.pl\/en\/shop\/relentless-courage-ukraine-and-the-world-at-war\/\" \/>\n<meta property=\"og:locale\" content=\"en_US\" \/>\n<meta property=\"og:type\" content=\"article\" \/>\n<meta property=\"og:title\" content=\"Relentless Courage: Ukraine and the World at War () - book \/ album - Folio\" \/>\n<meta property=\"og:description\" content=\"Wejd\u017a i kup ksi\u0105\u017ck\u0119 Relentless Courage: Ukraine and the World at War autorstwa wydan\u0105 przez Random House (2022-11-08) w formacie 22,7 x 30,4 cm (ISBN: 9781950968947). Zapraszamy!\" \/>\n<meta property=\"og:url\" content=\"https:\/\/foliobooks.pl\/en\/shop\/relentless-courage-ukraine-and-the-world-at-war\/\" \/>\n<meta property=\"og:site_name\" content=\"Folio\" \/>\n<meta property=\"article:modified_time\" content=\"2025-10-17T10:45:58+00:00\" \/>\n<meta property=\"og:image\" content=\"https:\/\/foliobooks.pl\/wp-content\/uploads\/2023\/04\/9781950968947.png\" \/>\n\t<meta property=\"og:image:width\" content=\"570\" \/>\n\t<meta property=\"og:image:height\" content=\"708\" \/>\n\t<meta property=\"og:image:type\" content=\"image\/png\" \/>\n<meta name=\"twitter:card\" content=\"summary_large_image\" \/>\n<meta name=\"twitter:label1\" content=\"Est. reading time\" \/>\n\t<meta name=\"twitter:data1\" content=\"2 minutes\" \/>\n<script type=\"application\/ld+json\" class=\"yoast-schema-graph\">{\"@context\":\"https:\\\/\\\/schema.org\",\"@graph\":[{\"@type\":\"WebPage\",\"@id\":\"https:\\\/\\\/foliobooks.pl\\\/en\\\/shop\\\/relentless-courage-ukraine-and-the-world-at-war\\\/\",\"url\":\"https:\\\/\\\/foliobooks.pl\\\/en\\\/shop\\\/relentless-courage-ukraine-and-the-world-at-war\\\/\",\"name\":\"Relentless Courage: Ukraine and the World at War () - book \\\/ album - Folio\",\"isPartOf\":{\"@id\":\"https:\\\/\\\/foliobooks.pl\\\/en\\\/#website\"},\"primaryImageOfPage\":{\"@id\":\"https:\\\/\\\/foliobooks.pl\\\/en\\\/shop\\\/relentless-courage-ukraine-and-the-world-at-war\\\/#primaryimage\"},\"image\":{\"@id\":\"https:\\\/\\\/foliobooks.pl\\\/en\\\/shop\\\/relentless-courage-ukraine-and-the-world-at-war\\\/#primaryimage\"},\"thumbnailUrl\":\"https:\\\/\\\/foliobooks.pl\\\/wp-content\\\/uploads\\\/2023\\\/04\\\/9781950968947.png\",\"datePublished\":\"2023-04-15T21:37:20+00:00\",\"dateModified\":\"2025-10-17T10:45:58+00:00\",\"description\":\"Wejd\u017a i kup ksi\u0105\u017ck\u0119 Relentless Courage: Ukraine and the World at War autorstwa wydan\u0105 przez Random House (2022-11-08) w formacie 22,7 x 30,4 cm (ISBN: 9781950968947). Zapraszamy!\",\"breadcrumb\":{\"@id\":\"https:\\\/\\\/foliobooks.pl\\\/en\\\/shop\\\/relentless-courage-ukraine-and-the-world-at-war\\\/#breadcrumb\"},\"inLanguage\":\"en-US\",\"potentialAction\":[{\"@type\":\"ReadAction\",\"target\":[\"https:\\\/\\\/foliobooks.pl\\\/en\\\/shop\\\/relentless-courage-ukraine-and-the-world-at-war\\\/\"]}]},{\"@type\":\"ImageObject\",\"inLanguage\":\"en-US\",\"@id\":\"https:\\\/\\\/foliobooks.pl\\\/en\\\/shop\\\/relentless-courage-ukraine-and-the-world-at-war\\\/#primaryimage\",\"url\":\"https:\\\/\\\/foliobooks.pl\\\/wp-content\\\/uploads\\\/2023\\\/04\\\/9781950968947.png\",\"contentUrl\":\"https:\\\/\\\/foliobooks.pl\\\/wp-content\\\/uploads\\\/2023\\\/04\\\/9781950968947.png\",\"width\":570,\"height\":708},{\"@type\":\"BreadcrumbList\",\"@id\":\"https:\\\/\\\/foliobooks.pl\\\/en\\\/shop\\\/relentless-courage-ukraine-and-the-world-at-war\\\/#breadcrumb\",\"itemListElement\":[{\"@type\":\"ListItem\",\"position\":1,\"name\":\"Strona g\u0142\u00f3wna\",\"item\":\"https:\\\/\\\/foliobooks.pl\\\/en\\\/\"},{\"@type\":\"ListItem\",\"position\":2,\"name\":\"Shop\",\"item\":\"https:\\\/\\\/foliobooks.pl\\\/en\\\/shop\\\/\"},{\"@type\":\"ListItem\",\"position\":3,\"name\":\"Relentless Courage: Ukraine and the World at War\"}]},{\"@type\":\"WebSite\",\"@id\":\"https:\\\/\\\/foliobooks.pl\\\/en\\\/#website\",\"url\":\"https:\\\/\\\/foliobooks.pl\\\/en\\\/\",\"name\":\"Folio\",\"description\":\"Ksi\u0119garnia internetowa\",\"potentialAction\":[{\"@type\":\"SearchAction\",\"target\":{\"@type\":\"EntryPoint\",\"urlTemplate\":\"https:\\\/\\\/foliobooks.pl\\\/en\\\/?s={search_term_string}\"},\"query-input\":{\"@type\":\"PropertyValueSpecification\",\"valueRequired\":true,\"valueName\":\"search_term_string\"}}],\"inLanguage\":\"en-US\"}]}<\/script>\n<!-- \/ Yoast SEO plugin. -->","yoast_head_json":{"title":"Relentless Courage: Ukraine and the World at War () - book \/ album - Folio","description":"Wejd\u017a i kup ksi\u0105\u017ck\u0119 Relentless Courage: Ukraine and the World at War autorstwa wydan\u0105 przez Random House (2022-11-08) w formacie 22,7 x 30,4 cm (ISBN: 9781950968947). Zapraszamy!","robots":{"index":"index","follow":"follow","max-snippet":"max-snippet:-1","max-image-preview":"max-image-preview:large","max-video-preview":"max-video-preview:-1"},"canonical":"https:\/\/foliobooks.pl\/en\/shop\/relentless-courage-ukraine-and-the-world-at-war\/","og_locale":"en_US","og_type":"article","og_title":"Relentless Courage: Ukraine and the World at War () - book \/ album - Folio","og_description":"Wejd\u017a i kup ksi\u0105\u017ck\u0119 Relentless Courage: Ukraine and the World at War autorstwa wydan\u0105 przez Random House (2022-11-08) w formacie 22,7 x 30,4 cm (ISBN: 9781950968947). Zapraszamy!","og_url":"https:\/\/foliobooks.pl\/en\/shop\/relentless-courage-ukraine-and-the-world-at-war\/","og_site_name":"Folio","article_modified_time":"2025-10-17T10:45:58+00:00","og_image":[{"width":570,"height":708,"url":"https:\/\/foliobooks.pl\/wp-content\/uploads\/2023\/04\/9781950968947.png","type":"image\/png"}],"twitter_card":"summary_large_image","twitter_misc":{"Est. reading time":"2 minutes"},"schema":{"@context":"https:\/\/schema.org","@graph":[{"@type":"WebPage","@id":"https:\/\/foliobooks.pl\/en\/shop\/relentless-courage-ukraine-and-the-world-at-war\/","url":"https:\/\/foliobooks.pl\/en\/shop\/relentless-courage-ukraine-and-the-world-at-war\/","name":"Relentless Courage: Ukraine and the World at War () - book \/ album - Folio","isPartOf":{"@id":"https:\/\/foliobooks.pl\/en\/#website"},"primaryImageOfPage":{"@id":"https:\/\/foliobooks.pl\/en\/shop\/relentless-courage-ukraine-and-the-world-at-war\/#primaryimage"},"image":{"@id":"https:\/\/foliobooks.pl\/en\/shop\/relentless-courage-ukraine-and-the-world-at-war\/#primaryimage"},"thumbnailUrl":"https:\/\/foliobooks.pl\/wp-content\/uploads\/2023\/04\/9781950968947.png","datePublished":"2023-04-15T21:37:20+00:00","dateModified":"2025-10-17T10:45:58+00:00","description":"Wejd\u017a i kup ksi\u0105\u017ck\u0119 Relentless Courage: Ukraine and the World at War autorstwa wydan\u0105 przez Random House (2022-11-08) w formacie 22,7 x 30,4 cm (ISBN: 9781950968947). Zapraszamy!","breadcrumb":{"@id":"https:\/\/foliobooks.pl\/en\/shop\/relentless-courage-ukraine-and-the-world-at-war\/#breadcrumb"},"inLanguage":"en-US","potentialAction":[{"@type":"ReadAction","target":["https:\/\/foliobooks.pl\/en\/shop\/relentless-courage-ukraine-and-the-world-at-war\/"]}]},{"@type":"ImageObject","inLanguage":"en-US","@id":"https:\/\/foliobooks.pl\/en\/shop\/relentless-courage-ukraine-and-the-world-at-war\/#primaryimage","url":"https:\/\/foliobooks.pl\/wp-content\/uploads\/2023\/04\/9781950968947.png","contentUrl":"https:\/\/foliobooks.pl\/wp-content\/uploads\/2023\/04\/9781950968947.png","width":570,"height":708},{"@type":"BreadcrumbList","@id":"https:\/\/foliobooks.pl\/en\/shop\/relentless-courage-ukraine-and-the-world-at-war\/#breadcrumb","itemListElement":[{"@type":"ListItem","position":1,"name":"Strona g\u0142\u00f3wna","item":"https:\/\/foliobooks.pl\/en\/"},{"@type":"ListItem","position":2,"name":"Shop","item":"https:\/\/foliobooks.pl\/en\/shop\/"},{"@type":"ListItem","position":3,"name":"Relentless Courage: Ukraine and the World at War"}]},{"@type":"WebSite","@id":"https:\/\/foliobooks.pl\/en\/#website","url":"https:\/\/foliobooks.pl\/en\/","name":"Folio","description":"Ksi\u0119garnia internetowa","potentialAction":[{"@type":"SearchAction","target":{"@type":"EntryPoint","urlTemplate":"https:\/\/foliobooks.pl\/en\/?s={search_term_string}"},"query-input":{"@type":"PropertyValueSpecification","valueRequired":true,"valueName":"search_term_string"}}],"inLanguage":"en-US"}]}},"_links":{"self":[{"href":"https:\/\/foliobooks.pl\/en\/wp-json\/wp\/v2\/product\/84380","targetHints":{"allow":["GET"]}}],"collection":[{"href":"https:\/\/foliobooks.pl\/en\/wp-json\/wp\/v2\/product"}],"about":[{"href":"https:\/\/foliobooks.pl\/en\/wp-json\/wp\/v2\/types\/product"}],"replies":[{"embeddable":true,"href":"https:\/\/foliobooks.pl\/en\/wp-json\/wp\/v2\/comments?post=84380"}],"wp:featuredmedia":[{"embeddable":true,"href":"https:\/\/foliobooks.pl\/en\/wp-json\/wp\/v2\/media\/84379"}],"wp:attachment":[{"href":"https:\/\/foliobooks.pl\/en\/wp-json\/wp\/v2\/media?parent=84380"}],"wp:term":[{"taxonomy":"product_brand","embeddable":true,"href":"https:\/\/foliobooks.pl\/en\/wp-json\/wp\/v2\/product_brand?post=84380"},{"taxonomy":"product_cat","embeddable":true,"href":"https:\/\/foliobooks.pl\/en\/wp-json\/wp\/v2\/product_cat?post=84380"},{"taxonomy":"product_tag","embeddable":true,"href":"https:\/\/foliobooks.pl\/en\/wp-json\/wp\/v2\/product_tag?post=84380"}],"curies":[{"name":"wp","href":"https:\/\/api.w.org\/{rel}","templated":true}]}}