{"id":84372,"date":"2023-04-15T23:12:58","date_gmt":"2023-04-15T21:12:58","guid":{"rendered":"https:\/\/foliobooks.pl\/sklep\/gaudi-the-complete-works-xl\/"},"modified":"2025-12-03T13:34:31","modified_gmt":"2025-12-03T12:34:31","slug":"gaudi-the-complete-works-xl","status":"publish","type":"product","link":"https:\/\/foliobooks.pl\/en\/shop\/gaudi-the-complete-works-xl\/","title":{"rendered":"Gaud\u00ed. The Complete Works (XL)"},"content":{"rendered":"<p>The life of Antoni Gaud\u00ed (1852\u20131926) was full of complexity and contradictions. As a young man he joined the Catalonian nationalist movement and was critical of the church; toward the end of his life he devoted himself completely to the construction of one single spectacular church, La Sagrada Familia. In his youth, he courted a glamorous social life and the demeanor of a dandy. By the time of his death in a tram accident on the streets of Barcelona his clothes were so shabby passersby assumed he was a beggar.<\/p>\n<p>Gaud\u00ed\u2019s incomparable architecture channels much of this multifaceted intricacy. From the shimmering textures and skeletal forms of Casa Batll\u00f3 to the Hispano-Arabic matrix of Casa Vicens, his work merged the influences of Orientalism, natural forms, new materials, and religious faith into a unique Modernista aesthetic. Today, his unique aesthetic enjoys global popularity and acclaim. His magnum opus, the Sagrada Familia, is the most-visited monument in Spain, and seven of his works are UNESCO World Heritage Sites.<\/p>\n<p>Through brand-new photography, plans and drawings by Gaud\u00ed himself, historical photos, as well as an appendix detailing all his works\u2014from buildings to furniture, decor to unfinished projects\u2014this book presents Gaud\u00ed\u2019s universe like never before. Like a personal tour through Barcelona, we discover how the \u201cDante of architecture\u201d was a builder in the truest sense of the word, crafting extraordinary constructions out of minute and mesmerizing details, and transforming fantastical visions into realities on the city streets.<\/p>\n","protected":false},"excerpt":{"rendered":"<p>The life of Antoni Gaud\u00ed (1852\u20131926) was full of complexity and contradictions. As a young man he joined the Catalonian nationalist movement and was critical of the church; toward the end of his life he devoted himself completely to the construction of one single spectacular church, La Sagrada Familia. In his youth, he courted a&#8230;<\/p>\n","protected":false},"featured_media":84361,"comment_status":"closed","ping_status":"closed","template":"","meta":[],"product_brand":[],"product_cat":[4516,13533],"product_tag":[1126,6124],"class_list":{"0":"post-84372","1":"product","2":"type-product","3":"status-publish","4":"has-post-thumbnail","6":"product_cat-architecture-en","7":"product_cat-books","8":"product_tag-architects-en","9":"product_tag-architecture-en","10":"pa_cover-hardcover","11":"pa_format-25-x-34-cm-en","12":"pa_isbn-9783836564465-en","13":"pa_language-eng","14":"pa_pages-368-en-2","15":"pa_published-2022-11-01-en","16":"pa_publisher-taschen-en-en","18":"first","19":"instock","20":"sold-individually","21":"shipping-taxable","22":"purchasable","23":"product-type-simple"},"yoast_head":"<!-- This site is optimized with the Yoast SEO plugin v27.4 - https:\/\/yoast.com\/product\/yoast-seo-wordpress\/ -->\n<title>Gaud\u00ed. The Complete Works (XL) () - book \/ album - Folio<\/title>\n<meta name=\"description\" content=\"Wejd\u017a i kup ksi\u0105\u017ck\u0119 Gaud\u00ed. The Complete Works (XL) autorstwa wydan\u0105 przez TASCHEN (2022-11-01) w formacie 25 x 34 cm (ISBN: 9783836564465). Zapraszamy!\" \/>\n<meta name=\"robots\" content=\"index, follow, max-snippet:-1, max-image-preview:large, max-video-preview:-1\" \/>\n<link rel=\"canonical\" href=\"https:\/\/foliobooks.pl\/en\/shop\/gaudi-the-complete-works-xl\/\" \/>\n<meta property=\"og:locale\" content=\"en_US\" \/>\n<meta property=\"og:type\" content=\"article\" \/>\n<meta property=\"og:title\" content=\"Gaud\u00ed. The Complete Works (XL) () - book \/ album - Folio\" \/>\n<meta property=\"og:description\" content=\"Wejd\u017a i kup ksi\u0105\u017ck\u0119 Gaud\u00ed. The Complete Works (XL) autorstwa wydan\u0105 przez TASCHEN (2022-11-01) w formacie 25 x 34 cm (ISBN: 9783836564465). Zapraszamy!\" \/>\n<meta property=\"og:url\" content=\"https:\/\/foliobooks.pl\/en\/shop\/gaudi-the-complete-works-xl\/\" \/>\n<meta property=\"og:site_name\" content=\"Folio\" \/>\n<meta property=\"article:modified_time\" content=\"2025-12-03T12:34:31+00:00\" \/>\n<meta property=\"og:image\" content=\"https:\/\/foliobooks.pl\/wp-content\/uploads\/2023\/04\/9783836564465.png\" \/>\n\t<meta property=\"og:image:width\" content=\"570\" \/>\n\t<meta property=\"og:image:height\" content=\"708\" \/>\n\t<meta property=\"og:image:type\" content=\"image\/png\" \/>\n<meta name=\"twitter:card\" content=\"summary_large_image\" \/>\n<meta name=\"twitter:label1\" content=\"Est. reading time\" \/>\n\t<meta name=\"twitter:data1\" content=\"2 minutes\" \/>\n<script type=\"application\/ld+json\" class=\"yoast-schema-graph\">{\"@context\":\"https:\\\/\\\/schema.org\",\"@graph\":[{\"@type\":\"WebPage\",\"@id\":\"https:\\\/\\\/foliobooks.pl\\\/en\\\/shop\\\/gaudi-the-complete-works-xl\\\/\",\"url\":\"https:\\\/\\\/foliobooks.pl\\\/en\\\/shop\\\/gaudi-the-complete-works-xl\\\/\",\"name\":\"Gaud\u00ed. The Complete Works (XL) () - book \\\/ album - Folio\",\"isPartOf\":{\"@id\":\"https:\\\/\\\/foliobooks.pl\\\/en\\\/#website\"},\"primaryImageOfPage\":{\"@id\":\"https:\\\/\\\/foliobooks.pl\\\/en\\\/shop\\\/gaudi-the-complete-works-xl\\\/#primaryimage\"},\"image\":{\"@id\":\"https:\\\/\\\/foliobooks.pl\\\/en\\\/shop\\\/gaudi-the-complete-works-xl\\\/#primaryimage\"},\"thumbnailUrl\":\"https:\\\/\\\/foliobooks.pl\\\/wp-content\\\/uploads\\\/2023\\\/04\\\/9783836564465.png\",\"datePublished\":\"2023-04-15T21:12:58+00:00\",\"dateModified\":\"2025-12-03T12:34:31+00:00\",\"description\":\"Wejd\u017a i kup ksi\u0105\u017ck\u0119 Gaud\u00ed. The Complete Works (XL) autorstwa wydan\u0105 przez TASCHEN (2022-11-01) w formacie 25 x 34 cm (ISBN: 9783836564465). Zapraszamy!\",\"breadcrumb\":{\"@id\":\"https:\\\/\\\/foliobooks.pl\\\/en\\\/shop\\\/gaudi-the-complete-works-xl\\\/#breadcrumb\"},\"inLanguage\":\"en-US\",\"potentialAction\":[{\"@type\":\"ReadAction\",\"target\":[\"https:\\\/\\\/foliobooks.pl\\\/en\\\/shop\\\/gaudi-the-complete-works-xl\\\/\"]}]},{\"@type\":\"ImageObject\",\"inLanguage\":\"en-US\",\"@id\":\"https:\\\/\\\/foliobooks.pl\\\/en\\\/shop\\\/gaudi-the-complete-works-xl\\\/#primaryimage\",\"url\":\"https:\\\/\\\/foliobooks.pl\\\/wp-content\\\/uploads\\\/2023\\\/04\\\/9783836564465.png\",\"contentUrl\":\"https:\\\/\\\/foliobooks.pl\\\/wp-content\\\/uploads\\\/2023\\\/04\\\/9783836564465.png\",\"width\":570,\"height\":708},{\"@type\":\"BreadcrumbList\",\"@id\":\"https:\\\/\\\/foliobooks.pl\\\/en\\\/shop\\\/gaudi-the-complete-works-xl\\\/#breadcrumb\",\"itemListElement\":[{\"@type\":\"ListItem\",\"position\":1,\"name\":\"Strona g\u0142\u00f3wna\",\"item\":\"https:\\\/\\\/foliobooks.pl\\\/en\\\/\"},{\"@type\":\"ListItem\",\"position\":2,\"name\":\"Shop\",\"item\":\"https:\\\/\\\/foliobooks.pl\\\/en\\\/shop\\\/\"},{\"@type\":\"ListItem\",\"position\":3,\"name\":\"Gaud\u00ed. The Complete Works (XL)\"}]},{\"@type\":\"WebSite\",\"@id\":\"https:\\\/\\\/foliobooks.pl\\\/en\\\/#website\",\"url\":\"https:\\\/\\\/foliobooks.pl\\\/en\\\/\",\"name\":\"Folio\",\"description\":\"Ksi\u0119garnia internetowa\",\"potentialAction\":[{\"@type\":\"SearchAction\",\"target\":{\"@type\":\"EntryPoint\",\"urlTemplate\":\"https:\\\/\\\/foliobooks.pl\\\/en\\\/?s={search_term_string}\"},\"query-input\":{\"@type\":\"PropertyValueSpecification\",\"valueRequired\":true,\"valueName\":\"search_term_string\"}}],\"inLanguage\":\"en-US\"}]}<\/script>\n<!-- \/ Yoast SEO plugin. -->","yoast_head_json":{"title":"Gaud\u00ed. The Complete Works (XL) () - book \/ album - Folio","description":"Wejd\u017a i kup ksi\u0105\u017ck\u0119 Gaud\u00ed. The Complete Works (XL) autorstwa wydan\u0105 przez TASCHEN (2022-11-01) w formacie 25 x 34 cm (ISBN: 9783836564465). Zapraszamy!","robots":{"index":"index","follow":"follow","max-snippet":"max-snippet:-1","max-image-preview":"max-image-preview:large","max-video-preview":"max-video-preview:-1"},"canonical":"https:\/\/foliobooks.pl\/en\/shop\/gaudi-the-complete-works-xl\/","og_locale":"en_US","og_type":"article","og_title":"Gaud\u00ed. The Complete Works (XL) () - book \/ album - Folio","og_description":"Wejd\u017a i kup ksi\u0105\u017ck\u0119 Gaud\u00ed. The Complete Works (XL) autorstwa wydan\u0105 przez TASCHEN (2022-11-01) w formacie 25 x 34 cm (ISBN: 9783836564465). Zapraszamy!","og_url":"https:\/\/foliobooks.pl\/en\/shop\/gaudi-the-complete-works-xl\/","og_site_name":"Folio","article_modified_time":"2025-12-03T12:34:31+00:00","og_image":[{"width":570,"height":708,"url":"https:\/\/foliobooks.pl\/wp-content\/uploads\/2023\/04\/9783836564465.png","type":"image\/png"}],"twitter_card":"summary_large_image","twitter_misc":{"Est. reading time":"2 minutes"},"schema":{"@context":"https:\/\/schema.org","@graph":[{"@type":"WebPage","@id":"https:\/\/foliobooks.pl\/en\/shop\/gaudi-the-complete-works-xl\/","url":"https:\/\/foliobooks.pl\/en\/shop\/gaudi-the-complete-works-xl\/","name":"Gaud\u00ed. The Complete Works (XL) () - book \/ album - Folio","isPartOf":{"@id":"https:\/\/foliobooks.pl\/en\/#website"},"primaryImageOfPage":{"@id":"https:\/\/foliobooks.pl\/en\/shop\/gaudi-the-complete-works-xl\/#primaryimage"},"image":{"@id":"https:\/\/foliobooks.pl\/en\/shop\/gaudi-the-complete-works-xl\/#primaryimage"},"thumbnailUrl":"https:\/\/foliobooks.pl\/wp-content\/uploads\/2023\/04\/9783836564465.png","datePublished":"2023-04-15T21:12:58+00:00","dateModified":"2025-12-03T12:34:31+00:00","description":"Wejd\u017a i kup ksi\u0105\u017ck\u0119 Gaud\u00ed. The Complete Works (XL) autorstwa wydan\u0105 przez TASCHEN (2022-11-01) w formacie 25 x 34 cm (ISBN: 9783836564465). Zapraszamy!","breadcrumb":{"@id":"https:\/\/foliobooks.pl\/en\/shop\/gaudi-the-complete-works-xl\/#breadcrumb"},"inLanguage":"en-US","potentialAction":[{"@type":"ReadAction","target":["https:\/\/foliobooks.pl\/en\/shop\/gaudi-the-complete-works-xl\/"]}]},{"@type":"ImageObject","inLanguage":"en-US","@id":"https:\/\/foliobooks.pl\/en\/shop\/gaudi-the-complete-works-xl\/#primaryimage","url":"https:\/\/foliobooks.pl\/wp-content\/uploads\/2023\/04\/9783836564465.png","contentUrl":"https:\/\/foliobooks.pl\/wp-content\/uploads\/2023\/04\/9783836564465.png","width":570,"height":708},{"@type":"BreadcrumbList","@id":"https:\/\/foliobooks.pl\/en\/shop\/gaudi-the-complete-works-xl\/#breadcrumb","itemListElement":[{"@type":"ListItem","position":1,"name":"Strona g\u0142\u00f3wna","item":"https:\/\/foliobooks.pl\/en\/"},{"@type":"ListItem","position":2,"name":"Shop","item":"https:\/\/foliobooks.pl\/en\/shop\/"},{"@type":"ListItem","position":3,"name":"Gaud\u00ed. The Complete Works (XL)"}]},{"@type":"WebSite","@id":"https:\/\/foliobooks.pl\/en\/#website","url":"https:\/\/foliobooks.pl\/en\/","name":"Folio","description":"Ksi\u0119garnia internetowa","potentialAction":[{"@type":"SearchAction","target":{"@type":"EntryPoint","urlTemplate":"https:\/\/foliobooks.pl\/en\/?s={search_term_string}"},"query-input":{"@type":"PropertyValueSpecification","valueRequired":true,"valueName":"search_term_string"}}],"inLanguage":"en-US"}]}},"_links":{"self":[{"href":"https:\/\/foliobooks.pl\/en\/wp-json\/wp\/v2\/product\/84372","targetHints":{"allow":["GET"]}}],"collection":[{"href":"https:\/\/foliobooks.pl\/en\/wp-json\/wp\/v2\/product"}],"about":[{"href":"https:\/\/foliobooks.pl\/en\/wp-json\/wp\/v2\/types\/product"}],"replies":[{"embeddable":true,"href":"https:\/\/foliobooks.pl\/en\/wp-json\/wp\/v2\/comments?post=84372"}],"wp:featuredmedia":[{"embeddable":true,"href":"https:\/\/foliobooks.pl\/en\/wp-json\/wp\/v2\/media\/84361"}],"wp:attachment":[{"href":"https:\/\/foliobooks.pl\/en\/wp-json\/wp\/v2\/media?parent=84372"}],"wp:term":[{"taxonomy":"product_brand","embeddable":true,"href":"https:\/\/foliobooks.pl\/en\/wp-json\/wp\/v2\/product_brand?post=84372"},{"taxonomy":"product_cat","embeddable":true,"href":"https:\/\/foliobooks.pl\/en\/wp-json\/wp\/v2\/product_cat?post=84372"},{"taxonomy":"product_tag","embeddable":true,"href":"https:\/\/foliobooks.pl\/en\/wp-json\/wp\/v2\/product_tag?post=84372"}],"curies":[{"name":"wp","href":"https:\/\/api.w.org\/{rel}","templated":true}]}}