{"id":8263,"date":"2015-08-20T14:50:18","date_gmt":"2015-08-20T12:50:18","guid":{"rendered":"http:\/\/foliobooks.pl\/?post_type=product&#038;p=8263"},"modified":"2020-10-19T14:21:53","modified_gmt":"2020-10-19T12:21:53","slug":"the-forest-feast-print-collection","status":"publish","type":"product","link":"https:\/\/foliobooks.pl\/en\/shop\/the-forest-feast-print-collection\/","title":{"rendered":"The Forest Feast. Print Collection"},"content":{"rendered":"<div class=\"bookinfo\">\n<p>For anyone who loves paper, this collection of watercolour prints promises manifold delights. Culled from the pages of <i>The Forest Feast<\/i>, these flat cards depict an assortment of fruits, vegetables, and whimsical hand lettering. The cards (heavy stock with gold gilt edges) are packaged with their own easel so that they can be displayed on a desk or shelf. They can also be framed individually, mailed in the enclosed envelopes, or included with other gifts.<\/p>\n<\/div>\n<div class=\"bookauthor\">Photographer and artist Erin Gleeson lives in an idyllic cabin near San Francisco, California, where she paints beautiful watercolours, cooks from her CSA box, and writes her beloved food blog <em>The Forest Feast<\/em>,<a class=\"ext_click_track\" href=\"http:\/\/theforestfeast.com\/\" target=\"_blank\" rel=\"noopener noreferrer\">\u00a0<\/a> and a weekly<em> \u00c2\u201cDelish Dish\u00c2\u201d <\/em>column for <em>Better Homes and Gardens<\/em>. She has garnered attention from <em>Design*Sponge<\/em>, <em>Food 52<\/em>, <em>Bon App\u00e9tit<\/em>, and <em>Saveur.<\/em><\/div>\n<p>8 Cards, 8 Envelopes, and a Display Easel.<\/p>\n","protected":false},"excerpt":{"rendered":"<p>For anyone who loves paper, this collection of watercolour prints promises manifold delights. Culled from the pages of The Forest Feast, these flat cards depict an assortment of fruits, vegetables, and whimsical hand lettering. The cards (heavy stock with gold gilt edges) are packaged with their own easel so that they can be displayed on&#8230;<\/p>\n","protected":false},"featured_media":8344,"comment_status":"closed","ping_status":"closed","template":"","meta":[],"product_brand":[],"product_cat":[4797,12946],"product_tag":[12983,1010,1649,12464],"class_list":{"0":"post-8263","1":"product","2":"type-product","3":"status-publish","4":"has-post-thumbnail","6":"product_cat-beautifulthings","7":"product_cat-postcards","8":"product_tag-envelopes-en","9":"product_tag-food-en","10":"product_tag-illustration","11":"product_tag-postcards-en","12":"pa_author_att-erin-gleeson-en","13":"pa_cover-box","14":"pa_format-18-x-15-cm-en","15":"pa_isbn-9781419715693-en","16":"pa_language-eng","17":"pa_published-2015-02-3-en","18":"pa_publisher-abrams-en","20":"first","21":"instock","22":"sale","23":"sold-individually","24":"shipping-taxable","25":"purchasable","26":"product-type-simple"},"yoast_head":"<!-- This site is optimized with the Yoast SEO plugin v27.4 - https:\/\/yoast.com\/product\/yoast-seo-wordpress\/ -->\n<title>The Forest Feast. Print Collection (Erin Gleeson) - book \/ album - Folio<\/title>\n<meta name=\"description\" content=\"Wejd\u017a i kup ksi\u0105\u017ck\u0119 The Forest Feast. Print Collection autorstwa Erin Gleeson wydan\u0105 przez ABRAMS (2015-02-3) w formacie 18 x 15 cm (ISBN: 9781419715693). Zapraszamy!\" \/>\n<meta name=\"robots\" content=\"index, follow, max-snippet:-1, max-image-preview:large, max-video-preview:-1\" \/>\n<link rel=\"canonical\" href=\"https:\/\/foliobooks.pl\/en\/shop\/the-forest-feast-print-collection\/\" \/>\n<meta property=\"og:locale\" content=\"en_US\" \/>\n<meta property=\"og:type\" content=\"article\" \/>\n<meta property=\"og:title\" content=\"The Forest Feast. Print Collection (Erin Gleeson) - book \/ album - Folio\" \/>\n<meta property=\"og:description\" content=\"Wejd\u017a i kup ksi\u0105\u017ck\u0119 The Forest Feast. Print Collection autorstwa Erin Gleeson wydan\u0105 przez ABRAMS (2015-02-3) w formacie 18 x 15 cm (ISBN: 9781419715693). Zapraszamy!\" \/>\n<meta property=\"og:url\" content=\"https:\/\/foliobooks.pl\/en\/shop\/the-forest-feast-print-collection\/\" \/>\n<meta property=\"og:site_name\" content=\"Folio\" \/>\n<meta property=\"article:modified_time\" content=\"2020-10-19T12:21:53+00:00\" \/>\n<meta property=\"og:image\" content=\"https:\/\/foliobooks.pl\/wp-content\/uploads\/2015\/08\/9781419715693.png\" \/>\n\t<meta property=\"og:image:width\" content=\"570\" \/>\n\t<meta property=\"og:image:height\" content=\"708\" \/>\n\t<meta property=\"og:image:type\" content=\"image\/png\" \/>\n<meta name=\"twitter:card\" content=\"summary_large_image\" \/>\n<meta name=\"twitter:label1\" content=\"Est. reading time\" \/>\n\t<meta name=\"twitter:data1\" content=\"1 minute\" \/>\n<script type=\"application\/ld+json\" class=\"yoast-schema-graph\">{\"@context\":\"https:\\\/\\\/schema.org\",\"@graph\":[{\"@type\":\"WebPage\",\"@id\":\"https:\\\/\\\/foliobooks.pl\\\/en\\\/shop\\\/the-forest-feast-print-collection\\\/\",\"url\":\"https:\\\/\\\/foliobooks.pl\\\/en\\\/shop\\\/the-forest-feast-print-collection\\\/\",\"name\":\"The Forest Feast. Print Collection (Erin Gleeson) - book \\\/ album - Folio\",\"isPartOf\":{\"@id\":\"https:\\\/\\\/foliobooks.pl\\\/en\\\/#website\"},\"primaryImageOfPage\":{\"@id\":\"https:\\\/\\\/foliobooks.pl\\\/en\\\/shop\\\/the-forest-feast-print-collection\\\/#primaryimage\"},\"image\":{\"@id\":\"https:\\\/\\\/foliobooks.pl\\\/en\\\/shop\\\/the-forest-feast-print-collection\\\/#primaryimage\"},\"thumbnailUrl\":\"https:\\\/\\\/foliobooks.pl\\\/wp-content\\\/uploads\\\/2015\\\/08\\\/9781419715693.png\",\"datePublished\":\"2015-08-20T12:50:18+00:00\",\"dateModified\":\"2020-10-19T12:21:53+00:00\",\"description\":\"Wejd\u017a i kup ksi\u0105\u017ck\u0119 The Forest Feast. Print Collection autorstwa Erin Gleeson wydan\u0105 przez ABRAMS (2015-02-3) w formacie 18 x 15 cm (ISBN: 9781419715693). Zapraszamy!\",\"breadcrumb\":{\"@id\":\"https:\\\/\\\/foliobooks.pl\\\/en\\\/shop\\\/the-forest-feast-print-collection\\\/#breadcrumb\"},\"inLanguage\":\"en-US\",\"potentialAction\":[{\"@type\":\"ReadAction\",\"target\":[\"https:\\\/\\\/foliobooks.pl\\\/en\\\/shop\\\/the-forest-feast-print-collection\\\/\"]}]},{\"@type\":\"ImageObject\",\"inLanguage\":\"en-US\",\"@id\":\"https:\\\/\\\/foliobooks.pl\\\/en\\\/shop\\\/the-forest-feast-print-collection\\\/#primaryimage\",\"url\":\"https:\\\/\\\/foliobooks.pl\\\/wp-content\\\/uploads\\\/2015\\\/08\\\/9781419715693.png\",\"contentUrl\":\"https:\\\/\\\/foliobooks.pl\\\/wp-content\\\/uploads\\\/2015\\\/08\\\/9781419715693.png\",\"width\":570,\"height\":708},{\"@type\":\"BreadcrumbList\",\"@id\":\"https:\\\/\\\/foliobooks.pl\\\/en\\\/shop\\\/the-forest-feast-print-collection\\\/#breadcrumb\",\"itemListElement\":[{\"@type\":\"ListItem\",\"position\":1,\"name\":\"Strona g\u0142\u00f3wna\",\"item\":\"https:\\\/\\\/foliobooks.pl\\\/en\\\/\"},{\"@type\":\"ListItem\",\"position\":2,\"name\":\"Shop\",\"item\":\"https:\\\/\\\/foliobooks.pl\\\/en\\\/shop\\\/\"},{\"@type\":\"ListItem\",\"position\":3,\"name\":\"The Forest Feast. Print Collection\"}]},{\"@type\":\"WebSite\",\"@id\":\"https:\\\/\\\/foliobooks.pl\\\/en\\\/#website\",\"url\":\"https:\\\/\\\/foliobooks.pl\\\/en\\\/\",\"name\":\"Folio\",\"description\":\"Ksi\u0119garnia internetowa\",\"potentialAction\":[{\"@type\":\"SearchAction\",\"target\":{\"@type\":\"EntryPoint\",\"urlTemplate\":\"https:\\\/\\\/foliobooks.pl\\\/en\\\/?s={search_term_string}\"},\"query-input\":{\"@type\":\"PropertyValueSpecification\",\"valueRequired\":true,\"valueName\":\"search_term_string\"}}],\"inLanguage\":\"en-US\"}]}<\/script>\n<!-- \/ Yoast SEO plugin. -->","yoast_head_json":{"title":"The Forest Feast. Print Collection (Erin Gleeson) - book \/ album - Folio","description":"Wejd\u017a i kup ksi\u0105\u017ck\u0119 The Forest Feast. Print Collection autorstwa Erin Gleeson wydan\u0105 przez ABRAMS (2015-02-3) w formacie 18 x 15 cm (ISBN: 9781419715693). Zapraszamy!","robots":{"index":"index","follow":"follow","max-snippet":"max-snippet:-1","max-image-preview":"max-image-preview:large","max-video-preview":"max-video-preview:-1"},"canonical":"https:\/\/foliobooks.pl\/en\/shop\/the-forest-feast-print-collection\/","og_locale":"en_US","og_type":"article","og_title":"The Forest Feast. Print Collection (Erin Gleeson) - book \/ album - Folio","og_description":"Wejd\u017a i kup ksi\u0105\u017ck\u0119 The Forest Feast. Print Collection autorstwa Erin Gleeson wydan\u0105 przez ABRAMS (2015-02-3) w formacie 18 x 15 cm (ISBN: 9781419715693). Zapraszamy!","og_url":"https:\/\/foliobooks.pl\/en\/shop\/the-forest-feast-print-collection\/","og_site_name":"Folio","article_modified_time":"2020-10-19T12:21:53+00:00","og_image":[{"width":570,"height":708,"url":"https:\/\/foliobooks.pl\/wp-content\/uploads\/2015\/08\/9781419715693.png","type":"image\/png"}],"twitter_card":"summary_large_image","twitter_misc":{"Est. reading time":"1 minute"},"schema":{"@context":"https:\/\/schema.org","@graph":[{"@type":"WebPage","@id":"https:\/\/foliobooks.pl\/en\/shop\/the-forest-feast-print-collection\/","url":"https:\/\/foliobooks.pl\/en\/shop\/the-forest-feast-print-collection\/","name":"The Forest Feast. Print Collection (Erin Gleeson) - book \/ album - Folio","isPartOf":{"@id":"https:\/\/foliobooks.pl\/en\/#website"},"primaryImageOfPage":{"@id":"https:\/\/foliobooks.pl\/en\/shop\/the-forest-feast-print-collection\/#primaryimage"},"image":{"@id":"https:\/\/foliobooks.pl\/en\/shop\/the-forest-feast-print-collection\/#primaryimage"},"thumbnailUrl":"https:\/\/foliobooks.pl\/wp-content\/uploads\/2015\/08\/9781419715693.png","datePublished":"2015-08-20T12:50:18+00:00","dateModified":"2020-10-19T12:21:53+00:00","description":"Wejd\u017a i kup ksi\u0105\u017ck\u0119 The Forest Feast. Print Collection autorstwa Erin Gleeson wydan\u0105 przez ABRAMS (2015-02-3) w formacie 18 x 15 cm (ISBN: 9781419715693). Zapraszamy!","breadcrumb":{"@id":"https:\/\/foliobooks.pl\/en\/shop\/the-forest-feast-print-collection\/#breadcrumb"},"inLanguage":"en-US","potentialAction":[{"@type":"ReadAction","target":["https:\/\/foliobooks.pl\/en\/shop\/the-forest-feast-print-collection\/"]}]},{"@type":"ImageObject","inLanguage":"en-US","@id":"https:\/\/foliobooks.pl\/en\/shop\/the-forest-feast-print-collection\/#primaryimage","url":"https:\/\/foliobooks.pl\/wp-content\/uploads\/2015\/08\/9781419715693.png","contentUrl":"https:\/\/foliobooks.pl\/wp-content\/uploads\/2015\/08\/9781419715693.png","width":570,"height":708},{"@type":"BreadcrumbList","@id":"https:\/\/foliobooks.pl\/en\/shop\/the-forest-feast-print-collection\/#breadcrumb","itemListElement":[{"@type":"ListItem","position":1,"name":"Strona g\u0142\u00f3wna","item":"https:\/\/foliobooks.pl\/en\/"},{"@type":"ListItem","position":2,"name":"Shop","item":"https:\/\/foliobooks.pl\/en\/shop\/"},{"@type":"ListItem","position":3,"name":"The Forest Feast. Print Collection"}]},{"@type":"WebSite","@id":"https:\/\/foliobooks.pl\/en\/#website","url":"https:\/\/foliobooks.pl\/en\/","name":"Folio","description":"Ksi\u0119garnia internetowa","potentialAction":[{"@type":"SearchAction","target":{"@type":"EntryPoint","urlTemplate":"https:\/\/foliobooks.pl\/en\/?s={search_term_string}"},"query-input":{"@type":"PropertyValueSpecification","valueRequired":true,"valueName":"search_term_string"}}],"inLanguage":"en-US"}]}},"_links":{"self":[{"href":"https:\/\/foliobooks.pl\/en\/wp-json\/wp\/v2\/product\/8263","targetHints":{"allow":["GET"]}}],"collection":[{"href":"https:\/\/foliobooks.pl\/en\/wp-json\/wp\/v2\/product"}],"about":[{"href":"https:\/\/foliobooks.pl\/en\/wp-json\/wp\/v2\/types\/product"}],"replies":[{"embeddable":true,"href":"https:\/\/foliobooks.pl\/en\/wp-json\/wp\/v2\/comments?post=8263"}],"wp:featuredmedia":[{"embeddable":true,"href":"https:\/\/foliobooks.pl\/en\/wp-json\/wp\/v2\/media\/8344"}],"wp:attachment":[{"href":"https:\/\/foliobooks.pl\/en\/wp-json\/wp\/v2\/media?parent=8263"}],"wp:term":[{"taxonomy":"product_brand","embeddable":true,"href":"https:\/\/foliobooks.pl\/en\/wp-json\/wp\/v2\/product_brand?post=8263"},{"taxonomy":"product_cat","embeddable":true,"href":"https:\/\/foliobooks.pl\/en\/wp-json\/wp\/v2\/product_cat?post=8263"},{"taxonomy":"product_tag","embeddable":true,"href":"https:\/\/foliobooks.pl\/en\/wp-json\/wp\/v2\/product_tag?post=8263"}],"curies":[{"name":"wp","href":"https:\/\/api.w.org\/{rel}","templated":true}]}}