{"id":8261,"date":"2015-08-20T14:36:31","date_gmt":"2015-08-20T12:36:31","guid":{"rendered":"http:\/\/foliobooks.pl\/?post_type=product&#038;p=8261"},"modified":"2020-10-19T14:14:33","modified_gmt":"2020-10-19T12:14:33","slug":"the-forest-feast","status":"publish","type":"product","link":"https:\/\/foliobooks.pl\/en\/shop\/the-forest-feast\/","title":{"rendered":"The Forest Feast"},"content":{"rendered":"<p>Talented artist and professional food photographer Erin Gleeson began her blog, <em>The Forest Feast<\/em>, in 2011 to document the beauty and simplicity of vegetarian food. Her recipes contain very few ingredients (less than 5 in many cases) and are notable for their simplicity and creative flavours. Presented in a unique design with Erin&#8217;s own watercolour paintings and hand lettering, this book is one part art book and one part cookbook in the tradition of top-selling <em>Home Made<\/em> by Yvette van Boven. The 100 recipes in the book are wholly vegetable based and organised according to dish type (appetizers, salads, main courses, sweets and cocktails). The majority are brand new and never seen before on her site.<\/p>\n<p>In a cabin in the woods, in Northern California, photographer Erin Gleeson creates simple and delicious vegetarian recipes and shares them on her blog, <em>The Forest Feast<\/em>. She has shot for the <em>New York Times<\/em> Dining section, the James Beard Foundation and numerous restaurants. Her work has appeared in <em>Gourmet, Edible Magazine, Bon Appetit<\/em> and <em>Wine Spectator. The Forest Feast<\/em> blog has been featured on design*<em>sponge, Food 52, Apartment Therapy&#8217;s The Kitchn,<\/em> and <em>Cup of Jo.<\/em>.<\/p>\n","protected":false},"excerpt":{"rendered":"<p>Talented artist and professional food photographer Erin Gleeson began her blog, The Forest Feast, in 2011 to document the beauty and simplicity of vegetarian food. Her recipes contain very few ingredients (less than 5 in many cases) and are notable for their simplicity and creative flavours. Presented in a unique design with Erin&#8217;s own watercolour&#8230;<\/p>\n","protected":false},"featured_media":8338,"comment_status":"closed","ping_status":"closed","template":"","meta":[],"product_brand":[],"product_cat":[4518],"product_tag":[1010,1649,516,1008,151],"class_list":{"0":"post-8261","1":"product","2":"type-product","3":"status-publish","4":"has-post-thumbnail","6":"product_cat-cookery-en","7":"product_tag-food-en","8":"product_tag-illustration","9":"product_tag-places-en","10":"product_tag-recipes-en","11":"product_tag-women","12":"pa_author_att-erin-gleeson-en","13":"pa_cover-hardcover","14":"pa_format-28-x-21-cm-en","15":"pa_isbn-9781617690815-en","16":"pa_language-eng","17":"pa_pages-240-en","18":"pa_published-2015-04-01-en","19":"pa_publisher-stewart-tabori-chang-en","21":"first","22":"instock","23":"sale","24":"sold-individually","25":"shipping-taxable","26":"purchasable","27":"product-type-simple"},"yoast_head":"<!-- This site is optimized with the Yoast SEO plugin v27.5 - https:\/\/yoast.com\/product\/yoast-seo-wordpress\/ -->\n<title>The Forest Feast (Erin Gleeson) - book \/ album - Folio<\/title>\n<meta name=\"description\" content=\"Wejd\u017a i kup ksi\u0105\u017ck\u0119 The Forest Feast autorstwa Erin Gleeson wydan\u0105 przez Stewart, Tabori &amp; Chang (2015-04-01) w formacie 28 x 21 cm (ISBN: 9781617690815). Zapraszamy!\" \/>\n<meta name=\"robots\" content=\"index, follow, max-snippet:-1, max-image-preview:large, max-video-preview:-1\" \/>\n<link rel=\"canonical\" href=\"https:\/\/foliobooks.pl\/en\/shop\/the-forest-feast\/\" \/>\n<meta property=\"og:locale\" content=\"en_US\" \/>\n<meta property=\"og:type\" content=\"article\" \/>\n<meta property=\"og:title\" content=\"The Forest Feast (Erin Gleeson) - book \/ album - Folio\" \/>\n<meta property=\"og:description\" content=\"Wejd\u017a i kup ksi\u0105\u017ck\u0119 The Forest Feast autorstwa Erin Gleeson wydan\u0105 przez Stewart, Tabori &amp; Chang (2015-04-01) w formacie 28 x 21 cm (ISBN: 9781617690815). Zapraszamy!\" \/>\n<meta property=\"og:url\" content=\"https:\/\/foliobooks.pl\/en\/shop\/the-forest-feast\/\" \/>\n<meta property=\"og:site_name\" content=\"Folio\" \/>\n<meta property=\"article:modified_time\" content=\"2020-10-19T12:14:33+00:00\" \/>\n<meta property=\"og:image\" content=\"https:\/\/foliobooks.pl\/wp-content\/uploads\/2015\/08\/9781617690815.png\" \/>\n\t<meta property=\"og:image:width\" content=\"570\" \/>\n\t<meta property=\"og:image:height\" content=\"708\" \/>\n\t<meta property=\"og:image:type\" content=\"image\/png\" \/>\n<meta name=\"twitter:card\" content=\"summary_large_image\" \/>\n<meta name=\"twitter:label1\" content=\"Est. reading time\" \/>\n\t<meta name=\"twitter:data1\" content=\"1 minute\" \/>\n<script type=\"application\/ld+json\" class=\"yoast-schema-graph\">{\"@context\":\"https:\\\/\\\/schema.org\",\"@graph\":[{\"@type\":\"WebPage\",\"@id\":\"https:\\\/\\\/foliobooks.pl\\\/en\\\/shop\\\/the-forest-feast\\\/\",\"url\":\"https:\\\/\\\/foliobooks.pl\\\/en\\\/shop\\\/the-forest-feast\\\/\",\"name\":\"The Forest Feast (Erin Gleeson) - book \\\/ album - Folio\",\"isPartOf\":{\"@id\":\"https:\\\/\\\/foliobooks.pl\\\/en\\\/#website\"},\"primaryImageOfPage\":{\"@id\":\"https:\\\/\\\/foliobooks.pl\\\/en\\\/shop\\\/the-forest-feast\\\/#primaryimage\"},\"image\":{\"@id\":\"https:\\\/\\\/foliobooks.pl\\\/en\\\/shop\\\/the-forest-feast\\\/#primaryimage\"},\"thumbnailUrl\":\"https:\\\/\\\/foliobooks.pl\\\/wp-content\\\/uploads\\\/2015\\\/08\\\/9781617690815.png\",\"datePublished\":\"2015-08-20T12:36:31+00:00\",\"dateModified\":\"2020-10-19T12:14:33+00:00\",\"description\":\"Wejd\u017a i kup ksi\u0105\u017ck\u0119 The Forest Feast autorstwa Erin Gleeson wydan\u0105 przez Stewart, Tabori &amp; Chang (2015-04-01) w formacie 28 x 21 cm (ISBN: 9781617690815). Zapraszamy!\",\"breadcrumb\":{\"@id\":\"https:\\\/\\\/foliobooks.pl\\\/en\\\/shop\\\/the-forest-feast\\\/#breadcrumb\"},\"inLanguage\":\"en-US\",\"potentialAction\":[{\"@type\":\"ReadAction\",\"target\":[\"https:\\\/\\\/foliobooks.pl\\\/en\\\/shop\\\/the-forest-feast\\\/\"]}]},{\"@type\":\"ImageObject\",\"inLanguage\":\"en-US\",\"@id\":\"https:\\\/\\\/foliobooks.pl\\\/en\\\/shop\\\/the-forest-feast\\\/#primaryimage\",\"url\":\"https:\\\/\\\/foliobooks.pl\\\/wp-content\\\/uploads\\\/2015\\\/08\\\/9781617690815.png\",\"contentUrl\":\"https:\\\/\\\/foliobooks.pl\\\/wp-content\\\/uploads\\\/2015\\\/08\\\/9781617690815.png\",\"width\":570,\"height\":708},{\"@type\":\"BreadcrumbList\",\"@id\":\"https:\\\/\\\/foliobooks.pl\\\/en\\\/shop\\\/the-forest-feast\\\/#breadcrumb\",\"itemListElement\":[{\"@type\":\"ListItem\",\"position\":1,\"name\":\"Strona g\u0142\u00f3wna\",\"item\":\"https:\\\/\\\/foliobooks.pl\\\/en\\\/\"},{\"@type\":\"ListItem\",\"position\":2,\"name\":\"Shop\",\"item\":\"https:\\\/\\\/foliobooks.pl\\\/en\\\/shop\\\/\"},{\"@type\":\"ListItem\",\"position\":3,\"name\":\"The Forest Feast\"}]},{\"@type\":\"WebSite\",\"@id\":\"https:\\\/\\\/foliobooks.pl\\\/en\\\/#website\",\"url\":\"https:\\\/\\\/foliobooks.pl\\\/en\\\/\",\"name\":\"Folio\",\"description\":\"Ksi\u0119garnia internetowa\",\"potentialAction\":[{\"@type\":\"SearchAction\",\"target\":{\"@type\":\"EntryPoint\",\"urlTemplate\":\"https:\\\/\\\/foliobooks.pl\\\/en\\\/?s={search_term_string}\"},\"query-input\":{\"@type\":\"PropertyValueSpecification\",\"valueRequired\":true,\"valueName\":\"search_term_string\"}}],\"inLanguage\":\"en-US\"}]}<\/script>\n<!-- \/ Yoast SEO plugin. -->","yoast_head_json":{"title":"The Forest Feast (Erin Gleeson) - book \/ album - Folio","description":"Wejd\u017a i kup ksi\u0105\u017ck\u0119 The Forest Feast autorstwa Erin Gleeson wydan\u0105 przez Stewart, Tabori &amp; Chang (2015-04-01) w formacie 28 x 21 cm (ISBN: 9781617690815). Zapraszamy!","robots":{"index":"index","follow":"follow","max-snippet":"max-snippet:-1","max-image-preview":"max-image-preview:large","max-video-preview":"max-video-preview:-1"},"canonical":"https:\/\/foliobooks.pl\/en\/shop\/the-forest-feast\/","og_locale":"en_US","og_type":"article","og_title":"The Forest Feast (Erin Gleeson) - book \/ album - Folio","og_description":"Wejd\u017a i kup ksi\u0105\u017ck\u0119 The Forest Feast autorstwa Erin Gleeson wydan\u0105 przez Stewart, Tabori &amp; Chang (2015-04-01) w formacie 28 x 21 cm (ISBN: 9781617690815). Zapraszamy!","og_url":"https:\/\/foliobooks.pl\/en\/shop\/the-forest-feast\/","og_site_name":"Folio","article_modified_time":"2020-10-19T12:14:33+00:00","og_image":[{"width":570,"height":708,"url":"https:\/\/foliobooks.pl\/wp-content\/uploads\/2015\/08\/9781617690815.png","type":"image\/png"}],"twitter_card":"summary_large_image","twitter_misc":{"Est. reading time":"1 minute"},"schema":{"@context":"https:\/\/schema.org","@graph":[{"@type":"WebPage","@id":"https:\/\/foliobooks.pl\/en\/shop\/the-forest-feast\/","url":"https:\/\/foliobooks.pl\/en\/shop\/the-forest-feast\/","name":"The Forest Feast (Erin Gleeson) - book \/ album - Folio","isPartOf":{"@id":"https:\/\/foliobooks.pl\/en\/#website"},"primaryImageOfPage":{"@id":"https:\/\/foliobooks.pl\/en\/shop\/the-forest-feast\/#primaryimage"},"image":{"@id":"https:\/\/foliobooks.pl\/en\/shop\/the-forest-feast\/#primaryimage"},"thumbnailUrl":"https:\/\/foliobooks.pl\/wp-content\/uploads\/2015\/08\/9781617690815.png","datePublished":"2015-08-20T12:36:31+00:00","dateModified":"2020-10-19T12:14:33+00:00","description":"Wejd\u017a i kup ksi\u0105\u017ck\u0119 The Forest Feast autorstwa Erin Gleeson wydan\u0105 przez Stewart, Tabori &amp; Chang (2015-04-01) w formacie 28 x 21 cm (ISBN: 9781617690815). Zapraszamy!","breadcrumb":{"@id":"https:\/\/foliobooks.pl\/en\/shop\/the-forest-feast\/#breadcrumb"},"inLanguage":"en-US","potentialAction":[{"@type":"ReadAction","target":["https:\/\/foliobooks.pl\/en\/shop\/the-forest-feast\/"]}]},{"@type":"ImageObject","inLanguage":"en-US","@id":"https:\/\/foliobooks.pl\/en\/shop\/the-forest-feast\/#primaryimage","url":"https:\/\/foliobooks.pl\/wp-content\/uploads\/2015\/08\/9781617690815.png","contentUrl":"https:\/\/foliobooks.pl\/wp-content\/uploads\/2015\/08\/9781617690815.png","width":570,"height":708},{"@type":"BreadcrumbList","@id":"https:\/\/foliobooks.pl\/en\/shop\/the-forest-feast\/#breadcrumb","itemListElement":[{"@type":"ListItem","position":1,"name":"Strona g\u0142\u00f3wna","item":"https:\/\/foliobooks.pl\/en\/"},{"@type":"ListItem","position":2,"name":"Shop","item":"https:\/\/foliobooks.pl\/en\/shop\/"},{"@type":"ListItem","position":3,"name":"The Forest Feast"}]},{"@type":"WebSite","@id":"https:\/\/foliobooks.pl\/en\/#website","url":"https:\/\/foliobooks.pl\/en\/","name":"Folio","description":"Ksi\u0119garnia internetowa","potentialAction":[{"@type":"SearchAction","target":{"@type":"EntryPoint","urlTemplate":"https:\/\/foliobooks.pl\/en\/?s={search_term_string}"},"query-input":{"@type":"PropertyValueSpecification","valueRequired":true,"valueName":"search_term_string"}}],"inLanguage":"en-US"}]}},"_links":{"self":[{"href":"https:\/\/foliobooks.pl\/en\/wp-json\/wp\/v2\/product\/8261","targetHints":{"allow":["GET"]}}],"collection":[{"href":"https:\/\/foliobooks.pl\/en\/wp-json\/wp\/v2\/product"}],"about":[{"href":"https:\/\/foliobooks.pl\/en\/wp-json\/wp\/v2\/types\/product"}],"replies":[{"embeddable":true,"href":"https:\/\/foliobooks.pl\/en\/wp-json\/wp\/v2\/comments?post=8261"}],"wp:featuredmedia":[{"embeddable":true,"href":"https:\/\/foliobooks.pl\/en\/wp-json\/wp\/v2\/media\/8338"}],"wp:attachment":[{"href":"https:\/\/foliobooks.pl\/en\/wp-json\/wp\/v2\/media?parent=8261"}],"wp:term":[{"taxonomy":"product_brand","embeddable":true,"href":"https:\/\/foliobooks.pl\/en\/wp-json\/wp\/v2\/product_brand?post=8261"},{"taxonomy":"product_cat","embeddable":true,"href":"https:\/\/foliobooks.pl\/en\/wp-json\/wp\/v2\/product_cat?post=8261"},{"taxonomy":"product_tag","embeddable":true,"href":"https:\/\/foliobooks.pl\/en\/wp-json\/wp\/v2\/product_tag?post=8261"}],"curies":[{"name":"wp","href":"https:\/\/api.w.org\/{rel}","templated":true}]}}