{"id":8119,"date":"2015-08-21T11:45:29","date_gmt":"2015-08-21T09:45:29","guid":{"rendered":"http:\/\/foliobooks.pl\/?post_type=product&#038;p=8119"},"modified":"2025-04-15T14:38:34","modified_gmt":"2025-04-15T12:38:34","slug":"freud-basic-art-series","status":"publish","type":"product","link":"https:\/\/foliobooks.pl\/en\/shop\/freud-basic-art-series\/","title":{"rendered":"Freud. Basic Art Series"},"content":{"rendered":"<p>Lucian Freud (1922\u20132011) was interested in the telling of truth. Always operating outside the main currents of 20th-century art, the esteemed portrait painter observed his subjects with the regimen and precision of a laboratory scientist. He recorded not only the blotches, bruises, and swellings of the living body, but also, beneath the flaws and folds of flesh, the microscopic details of what lies within: the sensation, the emotion, the intelligence, the bloom, and the inevitable, unstoppable decay.<\/p>\n<p>Despite rejecting parallels between him and his renowned grandfather, the correlation between Lucian Freud&#8217;s sitting process for portraiture and Sigmund Freud&#8217;s psychotherapy sessions is a fascinating element to this figurative oeuvre. Despite the thickness of the impasto surfaces, Freud&#8217;s portraits of subjects as varied as the Queen, Kate Moss, and an obese job center supervisor, penetrate the physicality of the body with a direct and often disarming insight. The result is as much a psychological interrogation as it is an uneasy examination of the relationship between artist and model.<\/p>\n<p>This book brings together some of Freud&#8217;s most outstanding and unapologetic portraits, to introduce an artist widely considered one of the finest masters of the human form.<\/p>\n<p>Sebastian Smee is art critic at the Boston Globe. He was born and raised in Australia and lived in London between 2000 and 2004. He has contributed essays to several books on Lucian Freud, and his articles have been published in The Daily Telegraph, The Guardian and The Spectator.<\/p>\n<p>Each book in TASCHEN\u2019s Basic Art series features:<br \/>\n&#8211; a detailed chronological summary of the life and oeuvre of the artist, covering his or her cultural and historical importance<br \/>\n&#8211; a concise biography<br \/>\n&#8211; approximately 100 illustrations with explanatory captions<\/p>\n","protected":false},"excerpt":{"rendered":"<p>Lucian Freud (1922\u20132011) was interested in the telling of truth. Always operating outside the main currents of 20th-century art, the esteemed portrait painter observed his subjects with the regimen and precision of a laboratory scientist. He recorded not only the blotches, bruises, and swellings of the living body, but also, beneath the flaws and folds&#8230;<\/p>\n","protected":false},"featured_media":8359,"comment_status":"closed","ping_status":"closed","template":"","meta":[],"product_brand":[],"product_cat":[4522],"product_tag":[979,1146,514,154,524],"class_list":{"0":"post-8119","1":"product","2":"type-product","3":"status-publish","4":"has-post-thumbnail","6":"product_cat-art-en","7":"product_tag-contemporary-art-en","8":"product_tag-great-masters-en","9":"product_tag-men-en","10":"product_tag-monographs","11":"product_tag-painting-en","12":"pa_author_att-sebastian-smee-en","13":"pa_cover-hardcover","14":"pa_format-26-x-21-cm-en","15":"pa_isbn-9783836560634-en","16":"pa_language-eng","17":"pa_pages-96-en","18":"pa_published-2015-05-25-en","19":"pa_publisher-taschen-en-en","21":"first","22":"instock","23":"sold-individually","24":"shipping-taxable","25":"purchasable","26":"product-type-simple"},"yoast_head":"<!-- This site is optimized with the Yoast SEO plugin v27.5 - https:\/\/yoast.com\/product\/yoast-seo-wordpress\/ -->\n<title>Freud. Basic Art Series (Sebastian Smee) - book \/ album - Folio<\/title>\n<meta name=\"description\" content=\"Wejd\u017a i kup ksi\u0105\u017ck\u0119 Freud. Basic Art Series autorstwa Sebastian Smee wydan\u0105 przez TASCHEN (2015-05-25) w formacie 26 x 21 cm (ISBN: 9783836560634). Zapraszamy!\" \/>\n<meta name=\"robots\" content=\"index, follow, max-snippet:-1, max-image-preview:large, max-video-preview:-1\" \/>\n<link rel=\"canonical\" href=\"https:\/\/foliobooks.pl\/en\/shop\/freud-basic-art-series\/\" \/>\n<meta property=\"og:locale\" content=\"en_US\" \/>\n<meta property=\"og:type\" content=\"article\" \/>\n<meta property=\"og:title\" content=\"Freud. Basic Art Series (Sebastian Smee) - book \/ album - Folio\" \/>\n<meta property=\"og:description\" content=\"Wejd\u017a i kup ksi\u0105\u017ck\u0119 Freud. Basic Art Series autorstwa Sebastian Smee wydan\u0105 przez TASCHEN (2015-05-25) w formacie 26 x 21 cm (ISBN: 9783836560634). Zapraszamy!\" \/>\n<meta property=\"og:url\" content=\"https:\/\/foliobooks.pl\/en\/shop\/freud-basic-art-series\/\" \/>\n<meta property=\"og:site_name\" content=\"Folio\" \/>\n<meta property=\"article:modified_time\" content=\"2025-04-15T12:38:34+00:00\" \/>\n<meta property=\"og:image\" content=\"https:\/\/foliobooks.pl\/wp-content\/uploads\/2015\/08\/9783836560634.png\" \/>\n\t<meta property=\"og:image:width\" content=\"570\" \/>\n\t<meta property=\"og:image:height\" content=\"708\" \/>\n\t<meta property=\"og:image:type\" content=\"image\/png\" \/>\n<meta name=\"twitter:card\" content=\"summary_large_image\" \/>\n<meta name=\"twitter:label1\" content=\"Est. reading time\" \/>\n\t<meta name=\"twitter:data1\" content=\"1 minute\" \/>\n<script type=\"application\/ld+json\" class=\"yoast-schema-graph\">{\"@context\":\"https:\\\/\\\/schema.org\",\"@graph\":[{\"@type\":\"WebPage\",\"@id\":\"https:\\\/\\\/foliobooks.pl\\\/en\\\/shop\\\/freud-basic-art-series\\\/\",\"url\":\"https:\\\/\\\/foliobooks.pl\\\/en\\\/shop\\\/freud-basic-art-series\\\/\",\"name\":\"Freud. Basic Art Series (Sebastian Smee) - book \\\/ album - Folio\",\"isPartOf\":{\"@id\":\"https:\\\/\\\/foliobooks.pl\\\/en\\\/#website\"},\"primaryImageOfPage\":{\"@id\":\"https:\\\/\\\/foliobooks.pl\\\/en\\\/shop\\\/freud-basic-art-series\\\/#primaryimage\"},\"image\":{\"@id\":\"https:\\\/\\\/foliobooks.pl\\\/en\\\/shop\\\/freud-basic-art-series\\\/#primaryimage\"},\"thumbnailUrl\":\"https:\\\/\\\/foliobooks.pl\\\/wp-content\\\/uploads\\\/2015\\\/08\\\/9783836560634.png\",\"datePublished\":\"2015-08-21T09:45:29+00:00\",\"dateModified\":\"2025-04-15T12:38:34+00:00\",\"description\":\"Wejd\u017a i kup ksi\u0105\u017ck\u0119 Freud. Basic Art Series autorstwa Sebastian Smee wydan\u0105 przez TASCHEN (2015-05-25) w formacie 26 x 21 cm (ISBN: 9783836560634). Zapraszamy!\",\"breadcrumb\":{\"@id\":\"https:\\\/\\\/foliobooks.pl\\\/en\\\/shop\\\/freud-basic-art-series\\\/#breadcrumb\"},\"inLanguage\":\"en-US\",\"potentialAction\":[{\"@type\":\"ReadAction\",\"target\":[\"https:\\\/\\\/foliobooks.pl\\\/en\\\/shop\\\/freud-basic-art-series\\\/\"]}]},{\"@type\":\"ImageObject\",\"inLanguage\":\"en-US\",\"@id\":\"https:\\\/\\\/foliobooks.pl\\\/en\\\/shop\\\/freud-basic-art-series\\\/#primaryimage\",\"url\":\"https:\\\/\\\/foliobooks.pl\\\/wp-content\\\/uploads\\\/2015\\\/08\\\/9783836560634.png\",\"contentUrl\":\"https:\\\/\\\/foliobooks.pl\\\/wp-content\\\/uploads\\\/2015\\\/08\\\/9783836560634.png\",\"width\":570,\"height\":708},{\"@type\":\"BreadcrumbList\",\"@id\":\"https:\\\/\\\/foliobooks.pl\\\/en\\\/shop\\\/freud-basic-art-series\\\/#breadcrumb\",\"itemListElement\":[{\"@type\":\"ListItem\",\"position\":1,\"name\":\"Strona g\u0142\u00f3wna\",\"item\":\"https:\\\/\\\/foliobooks.pl\\\/en\\\/\"},{\"@type\":\"ListItem\",\"position\":2,\"name\":\"Shop\",\"item\":\"https:\\\/\\\/foliobooks.pl\\\/en\\\/shop\\\/\"},{\"@type\":\"ListItem\",\"position\":3,\"name\":\"Freud. Basic Art Series\"}]},{\"@type\":\"WebSite\",\"@id\":\"https:\\\/\\\/foliobooks.pl\\\/en\\\/#website\",\"url\":\"https:\\\/\\\/foliobooks.pl\\\/en\\\/\",\"name\":\"Folio\",\"description\":\"Ksi\u0119garnia internetowa\",\"potentialAction\":[{\"@type\":\"SearchAction\",\"target\":{\"@type\":\"EntryPoint\",\"urlTemplate\":\"https:\\\/\\\/foliobooks.pl\\\/en\\\/?s={search_term_string}\"},\"query-input\":{\"@type\":\"PropertyValueSpecification\",\"valueRequired\":true,\"valueName\":\"search_term_string\"}}],\"inLanguage\":\"en-US\"}]}<\/script>\n<!-- \/ Yoast SEO plugin. -->","yoast_head_json":{"title":"Freud. Basic Art Series (Sebastian Smee) - book \/ album - Folio","description":"Wejd\u017a i kup ksi\u0105\u017ck\u0119 Freud. Basic Art Series autorstwa Sebastian Smee wydan\u0105 przez TASCHEN (2015-05-25) w formacie 26 x 21 cm (ISBN: 9783836560634). Zapraszamy!","robots":{"index":"index","follow":"follow","max-snippet":"max-snippet:-1","max-image-preview":"max-image-preview:large","max-video-preview":"max-video-preview:-1"},"canonical":"https:\/\/foliobooks.pl\/en\/shop\/freud-basic-art-series\/","og_locale":"en_US","og_type":"article","og_title":"Freud. Basic Art Series (Sebastian Smee) - book \/ album - Folio","og_description":"Wejd\u017a i kup ksi\u0105\u017ck\u0119 Freud. Basic Art Series autorstwa Sebastian Smee wydan\u0105 przez TASCHEN (2015-05-25) w formacie 26 x 21 cm (ISBN: 9783836560634). Zapraszamy!","og_url":"https:\/\/foliobooks.pl\/en\/shop\/freud-basic-art-series\/","og_site_name":"Folio","article_modified_time":"2025-04-15T12:38:34+00:00","og_image":[{"width":570,"height":708,"url":"https:\/\/foliobooks.pl\/wp-content\/uploads\/2015\/08\/9783836560634.png","type":"image\/png"}],"twitter_card":"summary_large_image","twitter_misc":{"Est. reading time":"1 minute"},"schema":{"@context":"https:\/\/schema.org","@graph":[{"@type":"WebPage","@id":"https:\/\/foliobooks.pl\/en\/shop\/freud-basic-art-series\/","url":"https:\/\/foliobooks.pl\/en\/shop\/freud-basic-art-series\/","name":"Freud. Basic Art Series (Sebastian Smee) - book \/ album - Folio","isPartOf":{"@id":"https:\/\/foliobooks.pl\/en\/#website"},"primaryImageOfPage":{"@id":"https:\/\/foliobooks.pl\/en\/shop\/freud-basic-art-series\/#primaryimage"},"image":{"@id":"https:\/\/foliobooks.pl\/en\/shop\/freud-basic-art-series\/#primaryimage"},"thumbnailUrl":"https:\/\/foliobooks.pl\/wp-content\/uploads\/2015\/08\/9783836560634.png","datePublished":"2015-08-21T09:45:29+00:00","dateModified":"2025-04-15T12:38:34+00:00","description":"Wejd\u017a i kup ksi\u0105\u017ck\u0119 Freud. Basic Art Series autorstwa Sebastian Smee wydan\u0105 przez TASCHEN (2015-05-25) w formacie 26 x 21 cm (ISBN: 9783836560634). Zapraszamy!","breadcrumb":{"@id":"https:\/\/foliobooks.pl\/en\/shop\/freud-basic-art-series\/#breadcrumb"},"inLanguage":"en-US","potentialAction":[{"@type":"ReadAction","target":["https:\/\/foliobooks.pl\/en\/shop\/freud-basic-art-series\/"]}]},{"@type":"ImageObject","inLanguage":"en-US","@id":"https:\/\/foliobooks.pl\/en\/shop\/freud-basic-art-series\/#primaryimage","url":"https:\/\/foliobooks.pl\/wp-content\/uploads\/2015\/08\/9783836560634.png","contentUrl":"https:\/\/foliobooks.pl\/wp-content\/uploads\/2015\/08\/9783836560634.png","width":570,"height":708},{"@type":"BreadcrumbList","@id":"https:\/\/foliobooks.pl\/en\/shop\/freud-basic-art-series\/#breadcrumb","itemListElement":[{"@type":"ListItem","position":1,"name":"Strona g\u0142\u00f3wna","item":"https:\/\/foliobooks.pl\/en\/"},{"@type":"ListItem","position":2,"name":"Shop","item":"https:\/\/foliobooks.pl\/en\/shop\/"},{"@type":"ListItem","position":3,"name":"Freud. Basic Art Series"}]},{"@type":"WebSite","@id":"https:\/\/foliobooks.pl\/en\/#website","url":"https:\/\/foliobooks.pl\/en\/","name":"Folio","description":"Ksi\u0119garnia internetowa","potentialAction":[{"@type":"SearchAction","target":{"@type":"EntryPoint","urlTemplate":"https:\/\/foliobooks.pl\/en\/?s={search_term_string}"},"query-input":{"@type":"PropertyValueSpecification","valueRequired":true,"valueName":"search_term_string"}}],"inLanguage":"en-US"}]}},"_links":{"self":[{"href":"https:\/\/foliobooks.pl\/en\/wp-json\/wp\/v2\/product\/8119","targetHints":{"allow":["GET"]}}],"collection":[{"href":"https:\/\/foliobooks.pl\/en\/wp-json\/wp\/v2\/product"}],"about":[{"href":"https:\/\/foliobooks.pl\/en\/wp-json\/wp\/v2\/types\/product"}],"replies":[{"embeddable":true,"href":"https:\/\/foliobooks.pl\/en\/wp-json\/wp\/v2\/comments?post=8119"}],"wp:featuredmedia":[{"embeddable":true,"href":"https:\/\/foliobooks.pl\/en\/wp-json\/wp\/v2\/media\/8359"}],"wp:attachment":[{"href":"https:\/\/foliobooks.pl\/en\/wp-json\/wp\/v2\/media?parent=8119"}],"wp:term":[{"taxonomy":"product_brand","embeddable":true,"href":"https:\/\/foliobooks.pl\/en\/wp-json\/wp\/v2\/product_brand?post=8119"},{"taxonomy":"product_cat","embeddable":true,"href":"https:\/\/foliobooks.pl\/en\/wp-json\/wp\/v2\/product_cat?post=8119"},{"taxonomy":"product_tag","embeddable":true,"href":"https:\/\/foliobooks.pl\/en\/wp-json\/wp\/v2\/product_tag?post=8119"}],"curies":[{"name":"wp","href":"https:\/\/api.w.org\/{rel}","templated":true}]}}