{"id":8087,"date":"2015-08-21T12:01:41","date_gmt":"2015-08-21T10:01:41","guid":{"rendered":"http:\/\/foliobooks.pl\/?post_type=product&#038;p=8087"},"modified":"2025-10-27T11:23:01","modified_gmt":"2025-10-27T10:23:01","slug":"dali-basic-art-series","status":"publish","type":"product","link":"https:\/\/foliobooks.pl\/en\/shop\/dali-basic-art-series\/","title":{"rendered":"Dal\u00ed. Basic Art Series"},"content":{"rendered":"<p>Painter, sculptor, writer, film-maker, and all-round showman Salvador Dal\u00ed (1904\u20131989)was one of the twentieth century\u2019s greatest exhibitionists and eccentrics. One of the first artists to apply the insights of Freudian psychoanalysis to art, he is celebrated in particular for his surrealist practice, with such conceits as the soft watches or the lobster telephone, now hallmarks of the surrealist enterprise, and of modernism in general.<\/p>\n<p>Dal\u00ed frequently described his paintings as \u201chand-painted dream photographs.\u201d Their tantalizing tension and interest resides in the precise rendering of bizarre elements and incongruous arrangements. As Dal\u00ed himself explained, he painted with \u201cthe most imperialist fury of precision,\u201d but only \u201cto systematize confusion and thus to help discredit completely the world of reality.\u201d<\/p>\n<p>Revolutionizing the role of the artist, the mustache-twirling Dal\u00ed also had the intuition to parade a controversial persona in the public arena and, through printmaking, fashion, advertising, writing, and film, to create work that could be consumed and not just contemplated on a gallery wall.<\/p>\n<p>This book explores both the painting and the personality of Dal\u00ed, introducing his technical skill as well as his provocative compositions and challenging themes of death, decay, and eroticism.<\/p>\n<p>Gilles N\u00e9ret (1933\u20132005) was an art historian, journalist, writer and museum correspondent. He organized several art retrospectives in Japan and founded the SEIBU Museum and the Wildenstein Gallery in Tokyo. He directed art reviews such as L&#8217;\u0152il and Connaissance des Arts and received the \u00c9lie Faure Prize in 1981 for his publications. His TASCHEN titles include <em>Salvador Dal\u00ed: The Paintings, Matisse,<\/em> and <em>Erotica Universalis.<\/em><\/p>\n<p>Each book in TASCHEN\u2019s Basic Art series features:<br \/>\n&#8211; a detailed chronological summary of the life and oeuvre of the artist, covering his or her cultural and historical importance<br \/>\n&#8211; a concise biography<br \/>\n&#8211; approximately 100 illustrations with explanatory captions<\/p>\n","protected":false},"excerpt":{"rendered":"<p>Painter, sculptor, writer, film-maker, and all-round showman Salvador Dal\u00ed (1904\u20131989)was one of the twentieth century\u2019s greatest exhibitionists and eccentrics. One of the first artists to apply the insights of Freudian psychoanalysis to art, he is celebrated in particular for his surrealist practice, with such conceits as the soft watches or the lobster telephone, now hallmarks&#8230;<\/p>\n","protected":false},"featured_media":8363,"comment_status":"closed","ping_status":"closed","template":"","meta":[],"product_brand":[],"product_cat":[4522],"product_tag":[979,1146,514,154,524],"class_list":{"0":"post-8087","1":"product","2":"type-product","3":"status-publish","4":"has-post-thumbnail","6":"product_cat-art-en","7":"product_tag-contemporary-art-en","8":"product_tag-great-masters-en","9":"product_tag-men-en","10":"product_tag-monographs","11":"product_tag-painting-en","12":"pa_author_att-gilles-neret-en","13":"pa_cover-hardcover","14":"pa_format-26-x-21-cm-en","15":"pa_isbn-9783836560009-en","16":"pa_language-eng","17":"pa_pages-96-en","18":"pa_published-2015-05-25-en","19":"pa_publisher-taschen-en-en","21":"first","22":"instock","23":"sold-individually","24":"shipping-taxable","25":"purchasable","26":"product-type-simple"},"yoast_head":"<!-- This site is optimized with the Yoast SEO plugin v27.4 - https:\/\/yoast.com\/product\/yoast-seo-wordpress\/ -->\n<title>Dal\u00ed. Basic Art Series (Gilles Neret) - book \/ album - Folio<\/title>\n<meta name=\"description\" content=\"Wejd\u017a i kup ksi\u0105\u017ck\u0119 Dal\u00ed. Basic Art Series autorstwa Gilles Neret wydan\u0105 przez TASCHEN (2015-05-25) w formacie 26 x 21 cm (ISBN: 9783836560009). Zapraszamy!\" \/>\n<meta name=\"robots\" content=\"index, follow, max-snippet:-1, max-image-preview:large, max-video-preview:-1\" \/>\n<link rel=\"canonical\" href=\"https:\/\/foliobooks.pl\/en\/shop\/dali-basic-art-series\/\" \/>\n<meta property=\"og:locale\" content=\"en_US\" \/>\n<meta property=\"og:type\" content=\"article\" \/>\n<meta property=\"og:title\" content=\"Dal\u00ed. Basic Art Series (Gilles Neret) - book \/ album - Folio\" \/>\n<meta property=\"og:description\" content=\"Wejd\u017a i kup ksi\u0105\u017ck\u0119 Dal\u00ed. Basic Art Series autorstwa Gilles Neret wydan\u0105 przez TASCHEN (2015-05-25) w formacie 26 x 21 cm (ISBN: 9783836560009). Zapraszamy!\" \/>\n<meta property=\"og:url\" content=\"https:\/\/foliobooks.pl\/en\/shop\/dali-basic-art-series\/\" \/>\n<meta property=\"og:site_name\" content=\"Folio\" \/>\n<meta property=\"article:modified_time\" content=\"2025-10-27T10:23:01+00:00\" \/>\n<meta property=\"og:image\" content=\"https:\/\/foliobooks.pl\/wp-content\/uploads\/2015\/08\/9783836560009.png\" \/>\n\t<meta property=\"og:image:width\" content=\"570\" \/>\n\t<meta property=\"og:image:height\" content=\"708\" \/>\n\t<meta property=\"og:image:type\" content=\"image\/png\" \/>\n<meta name=\"twitter:card\" content=\"summary_large_image\" \/>\n<meta name=\"twitter:label1\" content=\"Est. reading time\" \/>\n\t<meta name=\"twitter:data1\" content=\"1 minute\" \/>\n<script type=\"application\/ld+json\" class=\"yoast-schema-graph\">{\"@context\":\"https:\\\/\\\/schema.org\",\"@graph\":[{\"@type\":\"WebPage\",\"@id\":\"https:\\\/\\\/foliobooks.pl\\\/en\\\/shop\\\/dali-basic-art-series\\\/\",\"url\":\"https:\\\/\\\/foliobooks.pl\\\/en\\\/shop\\\/dali-basic-art-series\\\/\",\"name\":\"Dal\u00ed. Basic Art Series (Gilles Neret) - book \\\/ album - Folio\",\"isPartOf\":{\"@id\":\"https:\\\/\\\/foliobooks.pl\\\/en\\\/#website\"},\"primaryImageOfPage\":{\"@id\":\"https:\\\/\\\/foliobooks.pl\\\/en\\\/shop\\\/dali-basic-art-series\\\/#primaryimage\"},\"image\":{\"@id\":\"https:\\\/\\\/foliobooks.pl\\\/en\\\/shop\\\/dali-basic-art-series\\\/#primaryimage\"},\"thumbnailUrl\":\"https:\\\/\\\/foliobooks.pl\\\/wp-content\\\/uploads\\\/2015\\\/08\\\/9783836560009.png\",\"datePublished\":\"2015-08-21T10:01:41+00:00\",\"dateModified\":\"2025-10-27T10:23:01+00:00\",\"description\":\"Wejd\u017a i kup ksi\u0105\u017ck\u0119 Dal\u00ed. Basic Art Series autorstwa Gilles Neret wydan\u0105 przez TASCHEN (2015-05-25) w formacie 26 x 21 cm (ISBN: 9783836560009). Zapraszamy!\",\"breadcrumb\":{\"@id\":\"https:\\\/\\\/foliobooks.pl\\\/en\\\/shop\\\/dali-basic-art-series\\\/#breadcrumb\"},\"inLanguage\":\"en-US\",\"potentialAction\":[{\"@type\":\"ReadAction\",\"target\":[\"https:\\\/\\\/foliobooks.pl\\\/en\\\/shop\\\/dali-basic-art-series\\\/\"]}]},{\"@type\":\"ImageObject\",\"inLanguage\":\"en-US\",\"@id\":\"https:\\\/\\\/foliobooks.pl\\\/en\\\/shop\\\/dali-basic-art-series\\\/#primaryimage\",\"url\":\"https:\\\/\\\/foliobooks.pl\\\/wp-content\\\/uploads\\\/2015\\\/08\\\/9783836560009.png\",\"contentUrl\":\"https:\\\/\\\/foliobooks.pl\\\/wp-content\\\/uploads\\\/2015\\\/08\\\/9783836560009.png\",\"width\":570,\"height\":708},{\"@type\":\"BreadcrumbList\",\"@id\":\"https:\\\/\\\/foliobooks.pl\\\/en\\\/shop\\\/dali-basic-art-series\\\/#breadcrumb\",\"itemListElement\":[{\"@type\":\"ListItem\",\"position\":1,\"name\":\"Strona g\u0142\u00f3wna\",\"item\":\"https:\\\/\\\/foliobooks.pl\\\/en\\\/\"},{\"@type\":\"ListItem\",\"position\":2,\"name\":\"Shop\",\"item\":\"https:\\\/\\\/foliobooks.pl\\\/en\\\/shop\\\/\"},{\"@type\":\"ListItem\",\"position\":3,\"name\":\"Dal\u00ed. Basic Art Series\"}]},{\"@type\":\"WebSite\",\"@id\":\"https:\\\/\\\/foliobooks.pl\\\/en\\\/#website\",\"url\":\"https:\\\/\\\/foliobooks.pl\\\/en\\\/\",\"name\":\"Folio\",\"description\":\"Ksi\u0119garnia internetowa\",\"potentialAction\":[{\"@type\":\"SearchAction\",\"target\":{\"@type\":\"EntryPoint\",\"urlTemplate\":\"https:\\\/\\\/foliobooks.pl\\\/en\\\/?s={search_term_string}\"},\"query-input\":{\"@type\":\"PropertyValueSpecification\",\"valueRequired\":true,\"valueName\":\"search_term_string\"}}],\"inLanguage\":\"en-US\"}]}<\/script>\n<!-- \/ Yoast SEO plugin. -->","yoast_head_json":{"title":"Dal\u00ed. Basic Art Series (Gilles Neret) - book \/ album - Folio","description":"Wejd\u017a i kup ksi\u0105\u017ck\u0119 Dal\u00ed. Basic Art Series autorstwa Gilles Neret wydan\u0105 przez TASCHEN (2015-05-25) w formacie 26 x 21 cm (ISBN: 9783836560009). Zapraszamy!","robots":{"index":"index","follow":"follow","max-snippet":"max-snippet:-1","max-image-preview":"max-image-preview:large","max-video-preview":"max-video-preview:-1"},"canonical":"https:\/\/foliobooks.pl\/en\/shop\/dali-basic-art-series\/","og_locale":"en_US","og_type":"article","og_title":"Dal\u00ed. Basic Art Series (Gilles Neret) - book \/ album - Folio","og_description":"Wejd\u017a i kup ksi\u0105\u017ck\u0119 Dal\u00ed. Basic Art Series autorstwa Gilles Neret wydan\u0105 przez TASCHEN (2015-05-25) w formacie 26 x 21 cm (ISBN: 9783836560009). Zapraszamy!","og_url":"https:\/\/foliobooks.pl\/en\/shop\/dali-basic-art-series\/","og_site_name":"Folio","article_modified_time":"2025-10-27T10:23:01+00:00","og_image":[{"width":570,"height":708,"url":"https:\/\/foliobooks.pl\/wp-content\/uploads\/2015\/08\/9783836560009.png","type":"image\/png"}],"twitter_card":"summary_large_image","twitter_misc":{"Est. reading time":"1 minute"},"schema":{"@context":"https:\/\/schema.org","@graph":[{"@type":"WebPage","@id":"https:\/\/foliobooks.pl\/en\/shop\/dali-basic-art-series\/","url":"https:\/\/foliobooks.pl\/en\/shop\/dali-basic-art-series\/","name":"Dal\u00ed. Basic Art Series (Gilles Neret) - book \/ album - Folio","isPartOf":{"@id":"https:\/\/foliobooks.pl\/en\/#website"},"primaryImageOfPage":{"@id":"https:\/\/foliobooks.pl\/en\/shop\/dali-basic-art-series\/#primaryimage"},"image":{"@id":"https:\/\/foliobooks.pl\/en\/shop\/dali-basic-art-series\/#primaryimage"},"thumbnailUrl":"https:\/\/foliobooks.pl\/wp-content\/uploads\/2015\/08\/9783836560009.png","datePublished":"2015-08-21T10:01:41+00:00","dateModified":"2025-10-27T10:23:01+00:00","description":"Wejd\u017a i kup ksi\u0105\u017ck\u0119 Dal\u00ed. Basic Art Series autorstwa Gilles Neret wydan\u0105 przez TASCHEN (2015-05-25) w formacie 26 x 21 cm (ISBN: 9783836560009). Zapraszamy!","breadcrumb":{"@id":"https:\/\/foliobooks.pl\/en\/shop\/dali-basic-art-series\/#breadcrumb"},"inLanguage":"en-US","potentialAction":[{"@type":"ReadAction","target":["https:\/\/foliobooks.pl\/en\/shop\/dali-basic-art-series\/"]}]},{"@type":"ImageObject","inLanguage":"en-US","@id":"https:\/\/foliobooks.pl\/en\/shop\/dali-basic-art-series\/#primaryimage","url":"https:\/\/foliobooks.pl\/wp-content\/uploads\/2015\/08\/9783836560009.png","contentUrl":"https:\/\/foliobooks.pl\/wp-content\/uploads\/2015\/08\/9783836560009.png","width":570,"height":708},{"@type":"BreadcrumbList","@id":"https:\/\/foliobooks.pl\/en\/shop\/dali-basic-art-series\/#breadcrumb","itemListElement":[{"@type":"ListItem","position":1,"name":"Strona g\u0142\u00f3wna","item":"https:\/\/foliobooks.pl\/en\/"},{"@type":"ListItem","position":2,"name":"Shop","item":"https:\/\/foliobooks.pl\/en\/shop\/"},{"@type":"ListItem","position":3,"name":"Dal\u00ed. Basic Art Series"}]},{"@type":"WebSite","@id":"https:\/\/foliobooks.pl\/en\/#website","url":"https:\/\/foliobooks.pl\/en\/","name":"Folio","description":"Ksi\u0119garnia internetowa","potentialAction":[{"@type":"SearchAction","target":{"@type":"EntryPoint","urlTemplate":"https:\/\/foliobooks.pl\/en\/?s={search_term_string}"},"query-input":{"@type":"PropertyValueSpecification","valueRequired":true,"valueName":"search_term_string"}}],"inLanguage":"en-US"}]}},"_links":{"self":[{"href":"https:\/\/foliobooks.pl\/en\/wp-json\/wp\/v2\/product\/8087","targetHints":{"allow":["GET"]}}],"collection":[{"href":"https:\/\/foliobooks.pl\/en\/wp-json\/wp\/v2\/product"}],"about":[{"href":"https:\/\/foliobooks.pl\/en\/wp-json\/wp\/v2\/types\/product"}],"replies":[{"embeddable":true,"href":"https:\/\/foliobooks.pl\/en\/wp-json\/wp\/v2\/comments?post=8087"}],"wp:featuredmedia":[{"embeddable":true,"href":"https:\/\/foliobooks.pl\/en\/wp-json\/wp\/v2\/media\/8363"}],"wp:attachment":[{"href":"https:\/\/foliobooks.pl\/en\/wp-json\/wp\/v2\/media?parent=8087"}],"wp:term":[{"taxonomy":"product_brand","embeddable":true,"href":"https:\/\/foliobooks.pl\/en\/wp-json\/wp\/v2\/product_brand?post=8087"},{"taxonomy":"product_cat","embeddable":true,"href":"https:\/\/foliobooks.pl\/en\/wp-json\/wp\/v2\/product_cat?post=8087"},{"taxonomy":"product_tag","embeddable":true,"href":"https:\/\/foliobooks.pl\/en\/wp-json\/wp\/v2\/product_tag?post=8087"}],"curies":[{"name":"wp","href":"https:\/\/api.w.org\/{rel}","templated":true}]}}