{"id":80355,"date":"2023-02-01T11:44:30","date_gmt":"2023-02-01T10:44:30","guid":{"rendered":"https:\/\/foliobooks.pl\/sklep\/david-hockney-my-window\/"},"modified":"2024-01-03T15:32:56","modified_gmt":"2024-01-03T14:32:56","slug":"david-hockney-my-window","status":"publish","type":"product","link":"https:\/\/foliobooks.pl\/en\/shop\/david-hockney-my-window\/","title":{"rendered":"David Hockney. My Window"},"content":{"rendered":"<p>When David Hockney discovered the iPhone as an artistic medium, it opened up entirely new possibilities for his art. He made his first digital drawings in spring 2009, describing the morning landscape in broad lines and dazzling colors directly on a display that offered subtle hues as unmixed expressions of pure light. Then in 2010, Hockney started working with an iPad, and the larger screen expanded his artistic repertoire and enabled an even more complex interplay of color, light, and line.<\/p>\n<p>Each image in this book captures a fleeting moment seen through a window in Hockney\u2019s Yorkshire home: from vibrant sunrise and lilac morning sky to peaceful night-time impressions or the sudden arrival of spring. Fascinating details reveal drops on window panes, distant lights in the night, reflections on vases or an abundance of varied window-sill vegetation. In 120 drawings made between 2009 and 2012, selected and arranged by the artist himself, we experience the passage of time through the eyes of David Hockney.<\/p>\n<p>This artist\u2019s book, which first appeared in an exclusive signed edition, now returns as an unlimited run, whose still generous XL format presents Hockney\u2019s impressions in brilliant resolution. So now is the perfect occasion to heed the advice of the Times critic regarding this book: \u201cIf you would like to be given a bouquet by David Hockney, here is your chance.\u201d<\/p>\n","protected":false},"excerpt":{"rendered":"<p>When David Hockney discovered the iPhone as an artistic medium, it opened up entirely new possibilities for his art. He made his first digital drawings in spring 2009, describing the morning landscape in broad lines and dazzling colors directly on a display that offered subtle hues as unmixed expressions of pure light. Then in 2010,&#8230;<\/p>\n","protected":false},"featured_media":80344,"comment_status":"closed","ping_status":"closed","template":"","meta":[],"product_brand":[],"product_cat":[4522,13533],"product_tag":[1702,524,12936],"class_list":{"0":"post-80355","1":"product","2":"type-product","3":"status-publish","4":"has-post-thumbnail","6":"product_cat-art-en","7":"product_cat-books","8":"product_tag-artists","9":"product_tag-painting-en","10":"product_tag-still-lifes-en","11":"pa_author_att-david-hockney-en","12":"pa_cover-hardcover","13":"pa_format-298-x-396-cm-en","14":"pa_isbn-9783836593922-en","15":"pa_language-eng","16":"pa_pages-248-en","17":"pa_published-2022-11-18-en","18":"pa_publisher-taschen-en-en","20":"first","21":"instock","22":"sold-individually","23":"shipping-taxable","24":"purchasable","25":"product-type-simple"},"yoast_head":"<!-- This site is optimized with the Yoast SEO plugin v27.4 - https:\/\/yoast.com\/product\/yoast-seo-wordpress\/ -->\n<title>David Hockney. My Window (David Hockney) - book \/ album - Folio<\/title>\n<meta name=\"description\" content=\"Wejd\u017a i kup ksi\u0105\u017ck\u0119 David Hockney. My Window autorstwa David Hockney wydan\u0105 przez TASCHEN (2022-11-18) w formacie 29,8 x 39,6 cm (ISBN: 9783836593922). Zapraszamy!\" \/>\n<meta name=\"robots\" content=\"index, follow, max-snippet:-1, max-image-preview:large, max-video-preview:-1\" \/>\n<link rel=\"canonical\" href=\"https:\/\/foliobooks.pl\/en\/shop\/david-hockney-my-window\/\" \/>\n<meta property=\"og:locale\" content=\"en_US\" \/>\n<meta property=\"og:type\" content=\"article\" \/>\n<meta property=\"og:title\" content=\"David Hockney. My Window (David Hockney) - book \/ album - Folio\" \/>\n<meta property=\"og:description\" content=\"Wejd\u017a i kup ksi\u0105\u017ck\u0119 David Hockney. My Window autorstwa David Hockney wydan\u0105 przez TASCHEN (2022-11-18) w formacie 29,8 x 39,6 cm (ISBN: 9783836593922). Zapraszamy!\" \/>\n<meta property=\"og:url\" content=\"https:\/\/foliobooks.pl\/en\/shop\/david-hockney-my-window\/\" \/>\n<meta property=\"og:site_name\" content=\"Folio\" \/>\n<meta property=\"article:modified_time\" content=\"2024-01-03T14:32:56+00:00\" \/>\n<meta property=\"og:image\" content=\"https:\/\/foliobooks.pl\/wp-content\/uploads\/2023\/02\/9783836593922.png\" \/>\n\t<meta property=\"og:image:width\" content=\"570\" \/>\n\t<meta property=\"og:image:height\" content=\"708\" \/>\n\t<meta property=\"og:image:type\" content=\"image\/png\" \/>\n<meta name=\"twitter:card\" content=\"summary_large_image\" \/>\n<meta name=\"twitter:label1\" content=\"Est. reading time\" \/>\n\t<meta name=\"twitter:data1\" content=\"2 minutes\" \/>\n<script type=\"application\/ld+json\" class=\"yoast-schema-graph\">{\"@context\":\"https:\\\/\\\/schema.org\",\"@graph\":[{\"@type\":\"WebPage\",\"@id\":\"https:\\\/\\\/foliobooks.pl\\\/en\\\/shop\\\/david-hockney-my-window\\\/\",\"url\":\"https:\\\/\\\/foliobooks.pl\\\/en\\\/shop\\\/david-hockney-my-window\\\/\",\"name\":\"David Hockney. My Window (David Hockney) - book \\\/ album - Folio\",\"isPartOf\":{\"@id\":\"https:\\\/\\\/foliobooks.pl\\\/en\\\/#website\"},\"primaryImageOfPage\":{\"@id\":\"https:\\\/\\\/foliobooks.pl\\\/en\\\/shop\\\/david-hockney-my-window\\\/#primaryimage\"},\"image\":{\"@id\":\"https:\\\/\\\/foliobooks.pl\\\/en\\\/shop\\\/david-hockney-my-window\\\/#primaryimage\"},\"thumbnailUrl\":\"https:\\\/\\\/foliobooks.pl\\\/wp-content\\\/uploads\\\/2023\\\/02\\\/9783836593922.png\",\"datePublished\":\"2023-02-01T10:44:30+00:00\",\"dateModified\":\"2024-01-03T14:32:56+00:00\",\"description\":\"Wejd\u017a i kup ksi\u0105\u017ck\u0119 David Hockney. My Window autorstwa David Hockney wydan\u0105 przez TASCHEN (2022-11-18) w formacie 29,8 x 39,6 cm (ISBN: 9783836593922). Zapraszamy!\",\"breadcrumb\":{\"@id\":\"https:\\\/\\\/foliobooks.pl\\\/en\\\/shop\\\/david-hockney-my-window\\\/#breadcrumb\"},\"inLanguage\":\"en-US\",\"potentialAction\":[{\"@type\":\"ReadAction\",\"target\":[\"https:\\\/\\\/foliobooks.pl\\\/en\\\/shop\\\/david-hockney-my-window\\\/\"]}]},{\"@type\":\"ImageObject\",\"inLanguage\":\"en-US\",\"@id\":\"https:\\\/\\\/foliobooks.pl\\\/en\\\/shop\\\/david-hockney-my-window\\\/#primaryimage\",\"url\":\"https:\\\/\\\/foliobooks.pl\\\/wp-content\\\/uploads\\\/2023\\\/02\\\/9783836593922.png\",\"contentUrl\":\"https:\\\/\\\/foliobooks.pl\\\/wp-content\\\/uploads\\\/2023\\\/02\\\/9783836593922.png\",\"width\":570,\"height\":708},{\"@type\":\"BreadcrumbList\",\"@id\":\"https:\\\/\\\/foliobooks.pl\\\/en\\\/shop\\\/david-hockney-my-window\\\/#breadcrumb\",\"itemListElement\":[{\"@type\":\"ListItem\",\"position\":1,\"name\":\"Strona g\u0142\u00f3wna\",\"item\":\"https:\\\/\\\/foliobooks.pl\\\/en\\\/\"},{\"@type\":\"ListItem\",\"position\":2,\"name\":\"Shop\",\"item\":\"https:\\\/\\\/foliobooks.pl\\\/en\\\/shop\\\/\"},{\"@type\":\"ListItem\",\"position\":3,\"name\":\"David Hockney. My Window\"}]},{\"@type\":\"WebSite\",\"@id\":\"https:\\\/\\\/foliobooks.pl\\\/en\\\/#website\",\"url\":\"https:\\\/\\\/foliobooks.pl\\\/en\\\/\",\"name\":\"Folio\",\"description\":\"Ksi\u0119garnia internetowa\",\"potentialAction\":[{\"@type\":\"SearchAction\",\"target\":{\"@type\":\"EntryPoint\",\"urlTemplate\":\"https:\\\/\\\/foliobooks.pl\\\/en\\\/?s={search_term_string}\"},\"query-input\":{\"@type\":\"PropertyValueSpecification\",\"valueRequired\":true,\"valueName\":\"search_term_string\"}}],\"inLanguage\":\"en-US\"}]}<\/script>\n<!-- \/ Yoast SEO plugin. -->","yoast_head_json":{"title":"David Hockney. My Window (David Hockney) - book \/ album - Folio","description":"Wejd\u017a i kup ksi\u0105\u017ck\u0119 David Hockney. My Window autorstwa David Hockney wydan\u0105 przez TASCHEN (2022-11-18) w formacie 29,8 x 39,6 cm (ISBN: 9783836593922). Zapraszamy!","robots":{"index":"index","follow":"follow","max-snippet":"max-snippet:-1","max-image-preview":"max-image-preview:large","max-video-preview":"max-video-preview:-1"},"canonical":"https:\/\/foliobooks.pl\/en\/shop\/david-hockney-my-window\/","og_locale":"en_US","og_type":"article","og_title":"David Hockney. My Window (David Hockney) - book \/ album - Folio","og_description":"Wejd\u017a i kup ksi\u0105\u017ck\u0119 David Hockney. My Window autorstwa David Hockney wydan\u0105 przez TASCHEN (2022-11-18) w formacie 29,8 x 39,6 cm (ISBN: 9783836593922). Zapraszamy!","og_url":"https:\/\/foliobooks.pl\/en\/shop\/david-hockney-my-window\/","og_site_name":"Folio","article_modified_time":"2024-01-03T14:32:56+00:00","og_image":[{"width":570,"height":708,"url":"https:\/\/foliobooks.pl\/wp-content\/uploads\/2023\/02\/9783836593922.png","type":"image\/png"}],"twitter_card":"summary_large_image","twitter_misc":{"Est. reading time":"2 minutes"},"schema":{"@context":"https:\/\/schema.org","@graph":[{"@type":"WebPage","@id":"https:\/\/foliobooks.pl\/en\/shop\/david-hockney-my-window\/","url":"https:\/\/foliobooks.pl\/en\/shop\/david-hockney-my-window\/","name":"David Hockney. My Window (David Hockney) - book \/ album - Folio","isPartOf":{"@id":"https:\/\/foliobooks.pl\/en\/#website"},"primaryImageOfPage":{"@id":"https:\/\/foliobooks.pl\/en\/shop\/david-hockney-my-window\/#primaryimage"},"image":{"@id":"https:\/\/foliobooks.pl\/en\/shop\/david-hockney-my-window\/#primaryimage"},"thumbnailUrl":"https:\/\/foliobooks.pl\/wp-content\/uploads\/2023\/02\/9783836593922.png","datePublished":"2023-02-01T10:44:30+00:00","dateModified":"2024-01-03T14:32:56+00:00","description":"Wejd\u017a i kup ksi\u0105\u017ck\u0119 David Hockney. My Window autorstwa David Hockney wydan\u0105 przez TASCHEN (2022-11-18) w formacie 29,8 x 39,6 cm (ISBN: 9783836593922). Zapraszamy!","breadcrumb":{"@id":"https:\/\/foliobooks.pl\/en\/shop\/david-hockney-my-window\/#breadcrumb"},"inLanguage":"en-US","potentialAction":[{"@type":"ReadAction","target":["https:\/\/foliobooks.pl\/en\/shop\/david-hockney-my-window\/"]}]},{"@type":"ImageObject","inLanguage":"en-US","@id":"https:\/\/foliobooks.pl\/en\/shop\/david-hockney-my-window\/#primaryimage","url":"https:\/\/foliobooks.pl\/wp-content\/uploads\/2023\/02\/9783836593922.png","contentUrl":"https:\/\/foliobooks.pl\/wp-content\/uploads\/2023\/02\/9783836593922.png","width":570,"height":708},{"@type":"BreadcrumbList","@id":"https:\/\/foliobooks.pl\/en\/shop\/david-hockney-my-window\/#breadcrumb","itemListElement":[{"@type":"ListItem","position":1,"name":"Strona g\u0142\u00f3wna","item":"https:\/\/foliobooks.pl\/en\/"},{"@type":"ListItem","position":2,"name":"Shop","item":"https:\/\/foliobooks.pl\/en\/shop\/"},{"@type":"ListItem","position":3,"name":"David Hockney. My Window"}]},{"@type":"WebSite","@id":"https:\/\/foliobooks.pl\/en\/#website","url":"https:\/\/foliobooks.pl\/en\/","name":"Folio","description":"Ksi\u0119garnia internetowa","potentialAction":[{"@type":"SearchAction","target":{"@type":"EntryPoint","urlTemplate":"https:\/\/foliobooks.pl\/en\/?s={search_term_string}"},"query-input":{"@type":"PropertyValueSpecification","valueRequired":true,"valueName":"search_term_string"}}],"inLanguage":"en-US"}]}},"_links":{"self":[{"href":"https:\/\/foliobooks.pl\/en\/wp-json\/wp\/v2\/product\/80355","targetHints":{"allow":["GET"]}}],"collection":[{"href":"https:\/\/foliobooks.pl\/en\/wp-json\/wp\/v2\/product"}],"about":[{"href":"https:\/\/foliobooks.pl\/en\/wp-json\/wp\/v2\/types\/product"}],"replies":[{"embeddable":true,"href":"https:\/\/foliobooks.pl\/en\/wp-json\/wp\/v2\/comments?post=80355"}],"wp:featuredmedia":[{"embeddable":true,"href":"https:\/\/foliobooks.pl\/en\/wp-json\/wp\/v2\/media\/80344"}],"wp:attachment":[{"href":"https:\/\/foliobooks.pl\/en\/wp-json\/wp\/v2\/media?parent=80355"}],"wp:term":[{"taxonomy":"product_brand","embeddable":true,"href":"https:\/\/foliobooks.pl\/en\/wp-json\/wp\/v2\/product_brand?post=80355"},{"taxonomy":"product_cat","embeddable":true,"href":"https:\/\/foliobooks.pl\/en\/wp-json\/wp\/v2\/product_cat?post=80355"},{"taxonomy":"product_tag","embeddable":true,"href":"https:\/\/foliobooks.pl\/en\/wp-json\/wp\/v2\/product_tag?post=80355"}],"curies":[{"name":"wp","href":"https:\/\/api.w.org\/{rel}","templated":true}]}}