{"id":8031,"date":"2015-08-21T12:13:06","date_gmt":"2015-08-21T10:13:06","guid":{"rendered":"http:\/\/foliobooks.pl\/?post_type=product&#038;p=8031"},"modified":"2025-07-31T13:39:29","modified_gmt":"2025-07-31T11:39:29","slug":"bauhaus-basic-architecture-series","status":"publish","type":"product","link":"https:\/\/foliobooks.pl\/en\/shop\/bauhaus-basic-architecture-series\/","title":{"rendered":"Bauhaus. Basic Architecture Series"},"content":{"rendered":"<p>In a fleeting fourteen year period, sandwiched between two world wars, Germany\u2019s Bauhaus school of art and design changed the face of modernity. With utopian ideals for the future, the school developed a pioneering fusion of fine art, craftsmanship, and technology to be applied across painting, sculpture, design, architecture, film, photography, textiles, ceramics, theatre, and installation.<\/p>\n<p>As much an intense personal community as a publicly minded collective, the Bauhaus was first founded by Walter Gropius (1883\u20131969), and counted Josef and Anni Albers, Wassily Kandinsky, Paul Klee, Oskar Schlemmer, Gunta St\u00f6lzl, Marianne Brandt and Ludwig Mies van der Rohe among its members. Between its three successive locations in Weimar, Dessau and Berlin, the school fostered charistmatic and creative exchange between teachers and students, all varied in their artistic styles and preferences, but united in their idealism and their interest in a \u201ctotal\u201d work of art across different practices and media.<\/p>\n<p>This book celebrates the adventurous innovation of the Bauhaus movement, both as a trailblazer in the development of modernism, and as a paradigm of art education, where an all-encompassing freedom of creative expression and cutting-edge ideas led to functional and beautiful creations.<\/p>\n<p>Magdalena Droste studied art history and literature in Aachen and Marburg. She has worked at the Bauhaus Archiv in Berlin since 1980. She has contributed to numerous exhibitions and publications on Bauhaus artists and has also written a number of essays on the furniture and textile workshops at the Bauhaus and on arts and crafts as a women&#8217;s profession.<\/p>\n<p>Peter G\u00f6ssel runs an agency for museum and exhibition design. For TASCHEN he published monographs on Julius Shulman, R. M. Schindler, John Lautner and Richard Neutra as well as several architecture titles in the Basic Art Series.<\/p>\n<p>Each book in TASCHEN\u2019s Basic Architecture Series features:<br \/>\n&#8211; an introduction to the life and work of the architect<br \/>\n&#8211; the major works in chronological order<br \/>\n&#8211; information about the clients, architectural preconditions as well as construction problems and resolutions<br \/>\n&#8211; a list of all the selected works and a map indicating the locations of the best and most famous buildings<br \/>\n&#8211; approximately 120 illustrations (photographs, sketches, drafts and plans)<\/p>\n","protected":false},"excerpt":{"rendered":"<p>In a fleeting fourteen year period, sandwiched between two world wars, Germany\u2019s Bauhaus school of art and design changed the face of modernity. With utopian ideals for the future, the school developed a pioneering fusion of fine art, craftsmanship, and technology to be applied across painting, sculpture, design, architecture, film, photography, textiles, ceramics, theatre, and&#8230;<\/p>\n","protected":false},"featured_media":8367,"comment_status":"closed","ping_status":"closed","template":"","meta":[],"product_brand":[],"product_cat":[4516,4523],"product_tag":[1156,1126,1548,4524,157,153,1681,1122,290],"class_list":{"0":"post-8031","1":"product","2":"type-product","3":"status-publish","4":"has-post-thumbnail","6":"product_cat-architecture-en","7":"product_cat-design-en-en","8":"product_tag-appliedarts-en","9":"product_tag-architects-en","10":"product_tag-craft","11":"product_tag-design-en-en","12":"product_tag-designers","13":"product_tag-furniture","14":"product_tag-history","15":"product_tag-houses-en","16":"product_tag-interiors-en","17":"pa_author_att-magdalena-droste-en","18":"pa_author_att-peter-gossel-en","19":"pa_cover-hardcover","20":"pa_format-26-x-21-cm-en","21":"pa_isbn-9783836560146-en","22":"pa_language-eng","23":"pa_pages-96-en","24":"pa_published-2015-07-22-en","25":"pa_publisher-taschen-en-en","27":"first","28":"instock","29":"shipping-taxable","30":"purchasable","31":"product-type-simple"},"yoast_head":"<!-- This site is optimized with the Yoast SEO plugin v27.5 - https:\/\/yoast.com\/product\/yoast-seo-wordpress\/ -->\n<title>Bauhaus. Basic Architecture Series (Magdalena Droste, Peter G\u00f6ssel) - book \/ album - Folio<\/title>\n<meta name=\"description\" content=\"Wejd\u017a i kup ksi\u0105\u017ck\u0119 Bauhaus. Basic Architecture Series autorstwa Magdalena Droste, Peter G\u00f6ssel wydan\u0105 przez TASCHEN (2015-07-22) w formacie 26 x 21 cm (ISBN: 9783836560146). Zapraszamy!\" \/>\n<meta name=\"robots\" content=\"index, follow, max-snippet:-1, max-image-preview:large, max-video-preview:-1\" \/>\n<link rel=\"canonical\" href=\"https:\/\/foliobooks.pl\/en\/shop\/bauhaus-basic-architecture-series\/\" \/>\n<meta property=\"og:locale\" content=\"en_US\" \/>\n<meta property=\"og:type\" content=\"article\" \/>\n<meta property=\"og:title\" content=\"Bauhaus. Basic Architecture Series (Magdalena Droste, Peter G\u00f6ssel) - book \/ album - Folio\" \/>\n<meta property=\"og:description\" content=\"Wejd\u017a i kup ksi\u0105\u017ck\u0119 Bauhaus. Basic Architecture Series autorstwa Magdalena Droste, Peter G\u00f6ssel wydan\u0105 przez TASCHEN (2015-07-22) w formacie 26 x 21 cm (ISBN: 9783836560146). Zapraszamy!\" \/>\n<meta property=\"og:url\" content=\"https:\/\/foliobooks.pl\/en\/shop\/bauhaus-basic-architecture-series\/\" \/>\n<meta property=\"og:site_name\" content=\"Folio\" \/>\n<meta property=\"article:modified_time\" content=\"2025-07-31T11:39:29+00:00\" \/>\n<meta property=\"og:image\" content=\"https:\/\/foliobooks.pl\/wp-content\/uploads\/2015\/08\/9783836560146.png\" \/>\n\t<meta property=\"og:image:width\" content=\"570\" \/>\n\t<meta property=\"og:image:height\" content=\"708\" \/>\n\t<meta property=\"og:image:type\" content=\"image\/png\" \/>\n<meta name=\"twitter:card\" content=\"summary_large_image\" \/>\n<meta name=\"twitter:label1\" content=\"Est. reading time\" \/>\n\t<meta name=\"twitter:data1\" content=\"2 minutes\" \/>\n<script type=\"application\/ld+json\" class=\"yoast-schema-graph\">{\"@context\":\"https:\\\/\\\/schema.org\",\"@graph\":[{\"@type\":\"WebPage\",\"@id\":\"https:\\\/\\\/foliobooks.pl\\\/en\\\/shop\\\/bauhaus-basic-architecture-series\\\/\",\"url\":\"https:\\\/\\\/foliobooks.pl\\\/en\\\/shop\\\/bauhaus-basic-architecture-series\\\/\",\"name\":\"Bauhaus. Basic Architecture Series (Magdalena Droste, Peter G\u00f6ssel) - book \\\/ album - Folio\",\"isPartOf\":{\"@id\":\"https:\\\/\\\/foliobooks.pl\\\/en\\\/#website\"},\"primaryImageOfPage\":{\"@id\":\"https:\\\/\\\/foliobooks.pl\\\/en\\\/shop\\\/bauhaus-basic-architecture-series\\\/#primaryimage\"},\"image\":{\"@id\":\"https:\\\/\\\/foliobooks.pl\\\/en\\\/shop\\\/bauhaus-basic-architecture-series\\\/#primaryimage\"},\"thumbnailUrl\":\"https:\\\/\\\/foliobooks.pl\\\/wp-content\\\/uploads\\\/2015\\\/08\\\/9783836560146.png\",\"datePublished\":\"2015-08-21T10:13:06+00:00\",\"dateModified\":\"2025-07-31T11:39:29+00:00\",\"description\":\"Wejd\u017a i kup ksi\u0105\u017ck\u0119 Bauhaus. Basic Architecture Series autorstwa Magdalena Droste, Peter G\u00f6ssel wydan\u0105 przez TASCHEN (2015-07-22) w formacie 26 x 21 cm (ISBN: 9783836560146). Zapraszamy!\",\"breadcrumb\":{\"@id\":\"https:\\\/\\\/foliobooks.pl\\\/en\\\/shop\\\/bauhaus-basic-architecture-series\\\/#breadcrumb\"},\"inLanguage\":\"en-US\",\"potentialAction\":[{\"@type\":\"ReadAction\",\"target\":[\"https:\\\/\\\/foliobooks.pl\\\/en\\\/shop\\\/bauhaus-basic-architecture-series\\\/\"]}]},{\"@type\":\"ImageObject\",\"inLanguage\":\"en-US\",\"@id\":\"https:\\\/\\\/foliobooks.pl\\\/en\\\/shop\\\/bauhaus-basic-architecture-series\\\/#primaryimage\",\"url\":\"https:\\\/\\\/foliobooks.pl\\\/wp-content\\\/uploads\\\/2015\\\/08\\\/9783836560146.png\",\"contentUrl\":\"https:\\\/\\\/foliobooks.pl\\\/wp-content\\\/uploads\\\/2015\\\/08\\\/9783836560146.png\",\"width\":570,\"height\":708},{\"@type\":\"BreadcrumbList\",\"@id\":\"https:\\\/\\\/foliobooks.pl\\\/en\\\/shop\\\/bauhaus-basic-architecture-series\\\/#breadcrumb\",\"itemListElement\":[{\"@type\":\"ListItem\",\"position\":1,\"name\":\"Strona g\u0142\u00f3wna\",\"item\":\"https:\\\/\\\/foliobooks.pl\\\/en\\\/\"},{\"@type\":\"ListItem\",\"position\":2,\"name\":\"Shop\",\"item\":\"https:\\\/\\\/foliobooks.pl\\\/en\\\/shop\\\/\"},{\"@type\":\"ListItem\",\"position\":3,\"name\":\"Bauhaus. Basic Architecture Series\"}]},{\"@type\":\"WebSite\",\"@id\":\"https:\\\/\\\/foliobooks.pl\\\/en\\\/#website\",\"url\":\"https:\\\/\\\/foliobooks.pl\\\/en\\\/\",\"name\":\"Folio\",\"description\":\"Ksi\u0119garnia internetowa\",\"potentialAction\":[{\"@type\":\"SearchAction\",\"target\":{\"@type\":\"EntryPoint\",\"urlTemplate\":\"https:\\\/\\\/foliobooks.pl\\\/en\\\/?s={search_term_string}\"},\"query-input\":{\"@type\":\"PropertyValueSpecification\",\"valueRequired\":true,\"valueName\":\"search_term_string\"}}],\"inLanguage\":\"en-US\"}]}<\/script>\n<!-- \/ Yoast SEO plugin. -->","yoast_head_json":{"title":"Bauhaus. Basic Architecture Series (Magdalena Droste, Peter G\u00f6ssel) - book \/ album - Folio","description":"Wejd\u017a i kup ksi\u0105\u017ck\u0119 Bauhaus. Basic Architecture Series autorstwa Magdalena Droste, Peter G\u00f6ssel wydan\u0105 przez TASCHEN (2015-07-22) w formacie 26 x 21 cm (ISBN: 9783836560146). Zapraszamy!","robots":{"index":"index","follow":"follow","max-snippet":"max-snippet:-1","max-image-preview":"max-image-preview:large","max-video-preview":"max-video-preview:-1"},"canonical":"https:\/\/foliobooks.pl\/en\/shop\/bauhaus-basic-architecture-series\/","og_locale":"en_US","og_type":"article","og_title":"Bauhaus. Basic Architecture Series (Magdalena Droste, Peter G\u00f6ssel) - book \/ album - Folio","og_description":"Wejd\u017a i kup ksi\u0105\u017ck\u0119 Bauhaus. Basic Architecture Series autorstwa Magdalena Droste, Peter G\u00f6ssel wydan\u0105 przez TASCHEN (2015-07-22) w formacie 26 x 21 cm (ISBN: 9783836560146). Zapraszamy!","og_url":"https:\/\/foliobooks.pl\/en\/shop\/bauhaus-basic-architecture-series\/","og_site_name":"Folio","article_modified_time":"2025-07-31T11:39:29+00:00","og_image":[{"width":570,"height":708,"url":"https:\/\/foliobooks.pl\/wp-content\/uploads\/2015\/08\/9783836560146.png","type":"image\/png"}],"twitter_card":"summary_large_image","twitter_misc":{"Est. reading time":"2 minutes"},"schema":{"@context":"https:\/\/schema.org","@graph":[{"@type":"WebPage","@id":"https:\/\/foliobooks.pl\/en\/shop\/bauhaus-basic-architecture-series\/","url":"https:\/\/foliobooks.pl\/en\/shop\/bauhaus-basic-architecture-series\/","name":"Bauhaus. Basic Architecture Series (Magdalena Droste, Peter G\u00f6ssel) - book \/ album - Folio","isPartOf":{"@id":"https:\/\/foliobooks.pl\/en\/#website"},"primaryImageOfPage":{"@id":"https:\/\/foliobooks.pl\/en\/shop\/bauhaus-basic-architecture-series\/#primaryimage"},"image":{"@id":"https:\/\/foliobooks.pl\/en\/shop\/bauhaus-basic-architecture-series\/#primaryimage"},"thumbnailUrl":"https:\/\/foliobooks.pl\/wp-content\/uploads\/2015\/08\/9783836560146.png","datePublished":"2015-08-21T10:13:06+00:00","dateModified":"2025-07-31T11:39:29+00:00","description":"Wejd\u017a i kup ksi\u0105\u017ck\u0119 Bauhaus. Basic Architecture Series autorstwa Magdalena Droste, Peter G\u00f6ssel wydan\u0105 przez TASCHEN (2015-07-22) w formacie 26 x 21 cm (ISBN: 9783836560146). Zapraszamy!","breadcrumb":{"@id":"https:\/\/foliobooks.pl\/en\/shop\/bauhaus-basic-architecture-series\/#breadcrumb"},"inLanguage":"en-US","potentialAction":[{"@type":"ReadAction","target":["https:\/\/foliobooks.pl\/en\/shop\/bauhaus-basic-architecture-series\/"]}]},{"@type":"ImageObject","inLanguage":"en-US","@id":"https:\/\/foliobooks.pl\/en\/shop\/bauhaus-basic-architecture-series\/#primaryimage","url":"https:\/\/foliobooks.pl\/wp-content\/uploads\/2015\/08\/9783836560146.png","contentUrl":"https:\/\/foliobooks.pl\/wp-content\/uploads\/2015\/08\/9783836560146.png","width":570,"height":708},{"@type":"BreadcrumbList","@id":"https:\/\/foliobooks.pl\/en\/shop\/bauhaus-basic-architecture-series\/#breadcrumb","itemListElement":[{"@type":"ListItem","position":1,"name":"Strona g\u0142\u00f3wna","item":"https:\/\/foliobooks.pl\/en\/"},{"@type":"ListItem","position":2,"name":"Shop","item":"https:\/\/foliobooks.pl\/en\/shop\/"},{"@type":"ListItem","position":3,"name":"Bauhaus. Basic Architecture Series"}]},{"@type":"WebSite","@id":"https:\/\/foliobooks.pl\/en\/#website","url":"https:\/\/foliobooks.pl\/en\/","name":"Folio","description":"Ksi\u0119garnia internetowa","potentialAction":[{"@type":"SearchAction","target":{"@type":"EntryPoint","urlTemplate":"https:\/\/foliobooks.pl\/en\/?s={search_term_string}"},"query-input":{"@type":"PropertyValueSpecification","valueRequired":true,"valueName":"search_term_string"}}],"inLanguage":"en-US"}]}},"_links":{"self":[{"href":"https:\/\/foliobooks.pl\/en\/wp-json\/wp\/v2\/product\/8031","targetHints":{"allow":["GET"]}}],"collection":[{"href":"https:\/\/foliobooks.pl\/en\/wp-json\/wp\/v2\/product"}],"about":[{"href":"https:\/\/foliobooks.pl\/en\/wp-json\/wp\/v2\/types\/product"}],"replies":[{"embeddable":true,"href":"https:\/\/foliobooks.pl\/en\/wp-json\/wp\/v2\/comments?post=8031"}],"wp:featuredmedia":[{"embeddable":true,"href":"https:\/\/foliobooks.pl\/en\/wp-json\/wp\/v2\/media\/8367"}],"wp:attachment":[{"href":"https:\/\/foliobooks.pl\/en\/wp-json\/wp\/v2\/media?parent=8031"}],"wp:term":[{"taxonomy":"product_brand","embeddable":true,"href":"https:\/\/foliobooks.pl\/en\/wp-json\/wp\/v2\/product_brand?post=8031"},{"taxonomy":"product_cat","embeddable":true,"href":"https:\/\/foliobooks.pl\/en\/wp-json\/wp\/v2\/product_cat?post=8031"},{"taxonomy":"product_tag","embeddable":true,"href":"https:\/\/foliobooks.pl\/en\/wp-json\/wp\/v2\/product_tag?post=8031"}],"curies":[{"name":"wp","href":"https:\/\/api.w.org\/{rel}","templated":true}]}}