{"id":80022,"date":"2023-02-05T22:43:03","date_gmt":"2023-02-05T21:43:03","guid":{"rendered":"https:\/\/foliobooks.pl\/?post_type=product&#038;p=80022"},"modified":"2025-10-17T12:17:09","modified_gmt":"2025-10-17T10:17:09","slug":"rooftop-paris-a-panoramic-view-of-the-city-of-light","status":"publish","type":"product","link":"https:\/\/foliobooks.pl\/en\/shop\/rooftop-paris-a-panoramic-view-of-the-city-of-light\/","title":{"rendered":"Rooftop Paris: A Panoramic view of the city of light"},"content":{"rendered":"<p>A spectacular accordion-folded gift book that is a love letter to the city of Paris, as seen in panoramic views high above the city streets<\/p>\n<p>Rooftop Paris presents a unique panoramic and comprehensive visual tour of one of the world\u2019s most iconic cityscapes. From eight vantage points above the city, photographer Laurent Dequick invites you to explore, from dawn to dusk, a seemingly infinite landscape of zinc, slate, and copper from which emerge the great gilded monuments of the City of Light. Short essays focus on key Paris neighborhoods, and call-out captions on the photographs highlight notable buildings.<\/p>\n<p>The book is produced in an accordion-style concertina format that would stretch to 125 feet (38 meters) if fully unfolded. It is bound between hardcovers and inserted in a sturdy slipcase.<\/p>\n","protected":false},"excerpt":{"rendered":"<p>A spectacular accordion-folded gift book that is a love letter to the city of Paris, as seen in panoramic views high above the city streets Rooftop Paris presents a unique panoramic and comprehensive visual tour of one of the world\u2019s most iconic cityscapes. From eight vantage points above the city, photographer Laurent Dequick invites you&#8230;<\/p>\n","protected":false},"featured_media":80494,"comment_status":"closed","ping_status":"closed","template":"","meta":[],"product_brand":[],"product_cat":[4516,13533,4517],"product_tag":[11529,516],"class_list":{"0":"post-80022","1":"product","2":"type-product","3":"status-publish","4":"has-post-thumbnail","6":"product_cat-architecture-en","7":"product_cat-books","8":"product_cat-photography-en","9":"product_tag-documentary-photography-en","10":"product_tag-places-en","11":"pa_author_att-laurent-dequick-en","12":"pa_cover-hardcover","13":"pa_format-332-x-241-cm-en","14":"pa_isbn-9781419765131-en","15":"pa_language-eng","16":"pa_pages-120-en","17":"pa_published-2022-10-18-en","18":"pa_publisher-abrams-en","20":"first","21":"instock","22":"sale","23":"sold-individually","24":"shipping-taxable","25":"purchasable","26":"product-type-simple"},"yoast_head":"<!-- This site is optimized with the Yoast SEO plugin v27.4 - https:\/\/yoast.com\/product\/yoast-seo-wordpress\/ -->\n<title>Rooftop Paris: A Panoramic view of the city of light (Laurent Dequick) - book \/ album - Folio<\/title>\n<meta name=\"description\" content=\"Wejd\u017a i kup ksi\u0105\u017ck\u0119 Rooftop Paris: A Panoramic view of the city of light autorstwa Laurent Dequick wydan\u0105 przez ABRAMS (2022-10-18) w formacie 33,2 x 24,1 cm (ISBN: 9781419765131). Zapraszamy!\" \/>\n<meta name=\"robots\" content=\"index, follow, max-snippet:-1, max-image-preview:large, max-video-preview:-1\" \/>\n<link rel=\"canonical\" href=\"https:\/\/foliobooks.pl\/en\/shop\/rooftop-paris-a-panoramic-view-of-the-city-of-light\/\" \/>\n<meta property=\"og:locale\" content=\"en_US\" \/>\n<meta property=\"og:type\" content=\"article\" \/>\n<meta property=\"og:title\" content=\"Rooftop Paris: A Panoramic view of the city of light (Laurent Dequick) - book \/ album - Folio\" \/>\n<meta property=\"og:description\" content=\"Wejd\u017a i kup ksi\u0105\u017ck\u0119 Rooftop Paris: A Panoramic view of the city of light autorstwa Laurent Dequick wydan\u0105 przez ABRAMS (2022-10-18) w formacie 33,2 x 24,1 cm (ISBN: 9781419765131). Zapraszamy!\" \/>\n<meta property=\"og:url\" content=\"https:\/\/foliobooks.pl\/en\/shop\/rooftop-paris-a-panoramic-view-of-the-city-of-light\/\" \/>\n<meta property=\"og:site_name\" content=\"Folio\" \/>\n<meta property=\"article:modified_time\" content=\"2025-10-17T10:17:09+00:00\" \/>\n<meta property=\"og:image\" content=\"https:\/\/foliobooks.pl\/wp-content\/uploads\/2023\/01\/9781419765131.png\" \/>\n\t<meta property=\"og:image:width\" content=\"570\" \/>\n\t<meta property=\"og:image:height\" content=\"708\" \/>\n\t<meta property=\"og:image:type\" content=\"image\/png\" \/>\n<meta name=\"twitter:card\" content=\"summary_large_image\" \/>\n<script type=\"application\/ld+json\" class=\"yoast-schema-graph\">{\"@context\":\"https:\\\/\\\/schema.org\",\"@graph\":[{\"@type\":\"WebPage\",\"@id\":\"https:\\\/\\\/foliobooks.pl\\\/en\\\/shop\\\/rooftop-paris-a-panoramic-view-of-the-city-of-light\\\/\",\"url\":\"https:\\\/\\\/foliobooks.pl\\\/en\\\/shop\\\/rooftop-paris-a-panoramic-view-of-the-city-of-light\\\/\",\"name\":\"Rooftop Paris: A Panoramic view of the city of light (Laurent Dequick) - book \\\/ album - Folio\",\"isPartOf\":{\"@id\":\"https:\\\/\\\/foliobooks.pl\\\/en\\\/#website\"},\"primaryImageOfPage\":{\"@id\":\"https:\\\/\\\/foliobooks.pl\\\/en\\\/shop\\\/rooftop-paris-a-panoramic-view-of-the-city-of-light\\\/#primaryimage\"},\"image\":{\"@id\":\"https:\\\/\\\/foliobooks.pl\\\/en\\\/shop\\\/rooftop-paris-a-panoramic-view-of-the-city-of-light\\\/#primaryimage\"},\"thumbnailUrl\":\"https:\\\/\\\/foliobooks.pl\\\/wp-content\\\/uploads\\\/2023\\\/01\\\/9781419765131.png\",\"datePublished\":\"2023-02-05T21:43:03+00:00\",\"dateModified\":\"2025-10-17T10:17:09+00:00\",\"description\":\"Wejd\u017a i kup ksi\u0105\u017ck\u0119 Rooftop Paris: A Panoramic view of the city of light autorstwa Laurent Dequick wydan\u0105 przez ABRAMS (2022-10-18) w formacie 33,2 x 24,1 cm (ISBN: 9781419765131). Zapraszamy!\",\"breadcrumb\":{\"@id\":\"https:\\\/\\\/foliobooks.pl\\\/en\\\/shop\\\/rooftop-paris-a-panoramic-view-of-the-city-of-light\\\/#breadcrumb\"},\"inLanguage\":\"en-US\",\"potentialAction\":[{\"@type\":\"ReadAction\",\"target\":[\"https:\\\/\\\/foliobooks.pl\\\/en\\\/shop\\\/rooftop-paris-a-panoramic-view-of-the-city-of-light\\\/\"]}]},{\"@type\":\"ImageObject\",\"inLanguage\":\"en-US\",\"@id\":\"https:\\\/\\\/foliobooks.pl\\\/en\\\/shop\\\/rooftop-paris-a-panoramic-view-of-the-city-of-light\\\/#primaryimage\",\"url\":\"https:\\\/\\\/foliobooks.pl\\\/wp-content\\\/uploads\\\/2023\\\/01\\\/9781419765131.png\",\"contentUrl\":\"https:\\\/\\\/foliobooks.pl\\\/wp-content\\\/uploads\\\/2023\\\/01\\\/9781419765131.png\",\"width\":570,\"height\":708},{\"@type\":\"BreadcrumbList\",\"@id\":\"https:\\\/\\\/foliobooks.pl\\\/en\\\/shop\\\/rooftop-paris-a-panoramic-view-of-the-city-of-light\\\/#breadcrumb\",\"itemListElement\":[{\"@type\":\"ListItem\",\"position\":1,\"name\":\"Strona g\u0142\u00f3wna\",\"item\":\"https:\\\/\\\/foliobooks.pl\\\/en\\\/\"},{\"@type\":\"ListItem\",\"position\":2,\"name\":\"Shop\",\"item\":\"https:\\\/\\\/foliobooks.pl\\\/en\\\/shop\\\/\"},{\"@type\":\"ListItem\",\"position\":3,\"name\":\"Rooftop Paris: A Panoramic view of the city of light\"}]},{\"@type\":\"WebSite\",\"@id\":\"https:\\\/\\\/foliobooks.pl\\\/en\\\/#website\",\"url\":\"https:\\\/\\\/foliobooks.pl\\\/en\\\/\",\"name\":\"Folio\",\"description\":\"Ksi\u0119garnia internetowa\",\"potentialAction\":[{\"@type\":\"SearchAction\",\"target\":{\"@type\":\"EntryPoint\",\"urlTemplate\":\"https:\\\/\\\/foliobooks.pl\\\/en\\\/?s={search_term_string}\"},\"query-input\":{\"@type\":\"PropertyValueSpecification\",\"valueRequired\":true,\"valueName\":\"search_term_string\"}}],\"inLanguage\":\"en-US\"}]}<\/script>\n<!-- \/ Yoast SEO plugin. -->","yoast_head_json":{"title":"Rooftop Paris: A Panoramic view of the city of light (Laurent Dequick) - book \/ album - Folio","description":"Wejd\u017a i kup ksi\u0105\u017ck\u0119 Rooftop Paris: A Panoramic view of the city of light autorstwa Laurent Dequick wydan\u0105 przez ABRAMS (2022-10-18) w formacie 33,2 x 24,1 cm (ISBN: 9781419765131). Zapraszamy!","robots":{"index":"index","follow":"follow","max-snippet":"max-snippet:-1","max-image-preview":"max-image-preview:large","max-video-preview":"max-video-preview:-1"},"canonical":"https:\/\/foliobooks.pl\/en\/shop\/rooftop-paris-a-panoramic-view-of-the-city-of-light\/","og_locale":"en_US","og_type":"article","og_title":"Rooftop Paris: A Panoramic view of the city of light (Laurent Dequick) - book \/ album - Folio","og_description":"Wejd\u017a i kup ksi\u0105\u017ck\u0119 Rooftop Paris: A Panoramic view of the city of light autorstwa Laurent Dequick wydan\u0105 przez ABRAMS (2022-10-18) w formacie 33,2 x 24,1 cm (ISBN: 9781419765131). Zapraszamy!","og_url":"https:\/\/foliobooks.pl\/en\/shop\/rooftop-paris-a-panoramic-view-of-the-city-of-light\/","og_site_name":"Folio","article_modified_time":"2025-10-17T10:17:09+00:00","og_image":[{"width":570,"height":708,"url":"https:\/\/foliobooks.pl\/wp-content\/uploads\/2023\/01\/9781419765131.png","type":"image\/png"}],"twitter_card":"summary_large_image","schema":{"@context":"https:\/\/schema.org","@graph":[{"@type":"WebPage","@id":"https:\/\/foliobooks.pl\/en\/shop\/rooftop-paris-a-panoramic-view-of-the-city-of-light\/","url":"https:\/\/foliobooks.pl\/en\/shop\/rooftop-paris-a-panoramic-view-of-the-city-of-light\/","name":"Rooftop Paris: A Panoramic view of the city of light (Laurent Dequick) - book \/ album - Folio","isPartOf":{"@id":"https:\/\/foliobooks.pl\/en\/#website"},"primaryImageOfPage":{"@id":"https:\/\/foliobooks.pl\/en\/shop\/rooftop-paris-a-panoramic-view-of-the-city-of-light\/#primaryimage"},"image":{"@id":"https:\/\/foliobooks.pl\/en\/shop\/rooftop-paris-a-panoramic-view-of-the-city-of-light\/#primaryimage"},"thumbnailUrl":"https:\/\/foliobooks.pl\/wp-content\/uploads\/2023\/01\/9781419765131.png","datePublished":"2023-02-05T21:43:03+00:00","dateModified":"2025-10-17T10:17:09+00:00","description":"Wejd\u017a i kup ksi\u0105\u017ck\u0119 Rooftop Paris: A Panoramic view of the city of light autorstwa Laurent Dequick wydan\u0105 przez ABRAMS (2022-10-18) w formacie 33,2 x 24,1 cm (ISBN: 9781419765131). Zapraszamy!","breadcrumb":{"@id":"https:\/\/foliobooks.pl\/en\/shop\/rooftop-paris-a-panoramic-view-of-the-city-of-light\/#breadcrumb"},"inLanguage":"en-US","potentialAction":[{"@type":"ReadAction","target":["https:\/\/foliobooks.pl\/en\/shop\/rooftop-paris-a-panoramic-view-of-the-city-of-light\/"]}]},{"@type":"ImageObject","inLanguage":"en-US","@id":"https:\/\/foliobooks.pl\/en\/shop\/rooftop-paris-a-panoramic-view-of-the-city-of-light\/#primaryimage","url":"https:\/\/foliobooks.pl\/wp-content\/uploads\/2023\/01\/9781419765131.png","contentUrl":"https:\/\/foliobooks.pl\/wp-content\/uploads\/2023\/01\/9781419765131.png","width":570,"height":708},{"@type":"BreadcrumbList","@id":"https:\/\/foliobooks.pl\/en\/shop\/rooftop-paris-a-panoramic-view-of-the-city-of-light\/#breadcrumb","itemListElement":[{"@type":"ListItem","position":1,"name":"Strona g\u0142\u00f3wna","item":"https:\/\/foliobooks.pl\/en\/"},{"@type":"ListItem","position":2,"name":"Shop","item":"https:\/\/foliobooks.pl\/en\/shop\/"},{"@type":"ListItem","position":3,"name":"Rooftop Paris: A Panoramic view of the city of light"}]},{"@type":"WebSite","@id":"https:\/\/foliobooks.pl\/en\/#website","url":"https:\/\/foliobooks.pl\/en\/","name":"Folio","description":"Ksi\u0119garnia internetowa","potentialAction":[{"@type":"SearchAction","target":{"@type":"EntryPoint","urlTemplate":"https:\/\/foliobooks.pl\/en\/?s={search_term_string}"},"query-input":{"@type":"PropertyValueSpecification","valueRequired":true,"valueName":"search_term_string"}}],"inLanguage":"en-US"}]}},"_links":{"self":[{"href":"https:\/\/foliobooks.pl\/en\/wp-json\/wp\/v2\/product\/80022","targetHints":{"allow":["GET"]}}],"collection":[{"href":"https:\/\/foliobooks.pl\/en\/wp-json\/wp\/v2\/product"}],"about":[{"href":"https:\/\/foliobooks.pl\/en\/wp-json\/wp\/v2\/types\/product"}],"replies":[{"embeddable":true,"href":"https:\/\/foliobooks.pl\/en\/wp-json\/wp\/v2\/comments?post=80022"}],"wp:featuredmedia":[{"embeddable":true,"href":"https:\/\/foliobooks.pl\/en\/wp-json\/wp\/v2\/media\/80494"}],"wp:attachment":[{"href":"https:\/\/foliobooks.pl\/en\/wp-json\/wp\/v2\/media?parent=80022"}],"wp:term":[{"taxonomy":"product_brand","embeddable":true,"href":"https:\/\/foliobooks.pl\/en\/wp-json\/wp\/v2\/product_brand?post=80022"},{"taxonomy":"product_cat","embeddable":true,"href":"https:\/\/foliobooks.pl\/en\/wp-json\/wp\/v2\/product_cat?post=80022"},{"taxonomy":"product_tag","embeddable":true,"href":"https:\/\/foliobooks.pl\/en\/wp-json\/wp\/v2\/product_tag?post=80022"}],"curies":[{"name":"wp","href":"https:\/\/api.w.org\/{rel}","templated":true}]}}