{"id":80006,"date":"2023-02-01T15:39:20","date_gmt":"2023-02-01T14:39:20","guid":{"rendered":"https:\/\/foliobooks.pl\/?post_type=product&#038;p=80006"},"modified":"2023-02-01T15:39:21","modified_gmt":"2023-02-01T14:39:21","slug":"auto-america-car-culture-1950s-1970s","status":"publish","type":"product","link":"https:\/\/foliobooks.pl\/en\/shop\/auto-america-car-culture-1950s-1970s\/","title":{"rendered":"Auto America: Car Culture 1950s-1970s"},"content":{"rendered":"<p>A glorious and nostalgic celebration of a defining period in American car culture\u2014the 1950s to the 1970s, the golden age of Detroit\u2019s icons of the road\u2014when automobile design was at its peak and the car itself was synonymous with a vision of success in America.<\/p>\n<p>Auto America offers a compelling look at three decades (the 1950s, \u201960s, and \u201970s) of America\u2019s fascination with the automobile. At a time when self-driving vehicles and climate change are transforming driving around the world, John G. Zimmerman\u2019s pictures capture the optimism and even utopianism of a beloved period in American car culture.<\/p>\n<p>Many of Zimmerman\u2019s photographs were originally taken for Life, Time, and Sports Illustrated magazines and highlight diverse aspects of America\u2019s auto industry at its zenith; they feature not only iconic cars of the era, which Zimmerman chronicled comprehensively at car shows and in studio assignments throughout the period, but also a behind-the-scenes look at the people who designed, built, collected, exhibited, and raced them.<\/p>\n","protected":false},"excerpt":{"rendered":"<p>A glorious and nostalgic celebration of a defining period in American car culture\u2014the 1950s to the 1970s, the golden age of Detroit\u2019s icons of the road\u2014when automobile design was at its peak and the car itself was synonymous with a vision of success in America. Auto America offers a compelling look at three decades (the&#8230;<\/p>\n","protected":false},"featured_media":80367,"comment_status":"closed","ping_status":"closed","template":"","meta":[],"product_brand":[],"product_cat":[13533,4520],"product_tag":[216,334,1681],"class_list":{"0":"post-80006","1":"product","2":"type-product","3":"status-publish","4":"has-post-thumbnail","6":"product_cat-books","7":"product_cat-motorsport-en","8":"product_tag-cars-en","9":"product_tag-collections-en","10":"product_tag-history","11":"pa_author_att-john-g-zimmerman-en","12":"pa_cover-hardcover","13":"pa_format-239-x-287-cm-en","14":"pa_isbn-9780847872749-en","15":"pa_language-eng","16":"pa_pages-224-2-en","17":"pa_published-2022-10-18-en","18":"pa_publisher-rizzoli-en","20":"first","21":"outofstock","22":"sold-individually","23":"shipping-taxable","24":"purchasable","25":"product-type-simple"},"yoast_head":"<!-- This site is optimized with the Yoast SEO plugin v27.4 - https:\/\/yoast.com\/product\/yoast-seo-wordpress\/ -->\n<title>Auto America: Car Culture 1950s-1970s (John G. Zimmerman) - book \/ album - Folio<\/title>\n<meta name=\"description\" content=\"Wejd\u017a i kup ksi\u0105\u017ck\u0119 Auto America: Car Culture 1950s-1970s autorstwa John G. Zimmerman wydan\u0105 przez Rizzoli (2022-10-18) w formacie 23,9 x 28,7 cm (ISBN: 9780847872749). Zapraszamy!\" \/>\n<meta name=\"robots\" content=\"index, follow, max-snippet:-1, max-image-preview:large, max-video-preview:-1\" \/>\n<link rel=\"canonical\" href=\"https:\/\/foliobooks.pl\/en\/shop\/auto-america-car-culture-1950s-1970s\/\" \/>\n<meta property=\"og:locale\" content=\"en_US\" \/>\n<meta property=\"og:type\" content=\"article\" \/>\n<meta property=\"og:title\" content=\"Auto America: Car Culture 1950s-1970s (John G. Zimmerman) - book \/ album - Folio\" \/>\n<meta property=\"og:description\" content=\"Wejd\u017a i kup ksi\u0105\u017ck\u0119 Auto America: Car Culture 1950s-1970s autorstwa John G. Zimmerman wydan\u0105 przez Rizzoli (2022-10-18) w formacie 23,9 x 28,7 cm (ISBN: 9780847872749). Zapraszamy!\" \/>\n<meta property=\"og:url\" content=\"https:\/\/foliobooks.pl\/en\/shop\/auto-america-car-culture-1950s-1970s\/\" \/>\n<meta property=\"og:site_name\" content=\"Folio\" \/>\n<meta property=\"article:modified_time\" content=\"2023-02-01T14:39:21+00:00\" \/>\n<meta property=\"og:image\" content=\"https:\/\/foliobooks.pl\/wp-content\/uploads\/2023\/01\/9780847872749.png\" \/>\n\t<meta property=\"og:image:width\" content=\"570\" \/>\n\t<meta property=\"og:image:height\" content=\"708\" \/>\n\t<meta property=\"og:image:type\" content=\"image\/png\" \/>\n<meta name=\"twitter:card\" content=\"summary_large_image\" \/>\n<script type=\"application\/ld+json\" class=\"yoast-schema-graph\">{\"@context\":\"https:\\\/\\\/schema.org\",\"@graph\":[{\"@type\":\"WebPage\",\"@id\":\"https:\\\/\\\/foliobooks.pl\\\/en\\\/shop\\\/auto-america-car-culture-1950s-1970s\\\/\",\"url\":\"https:\\\/\\\/foliobooks.pl\\\/en\\\/shop\\\/auto-america-car-culture-1950s-1970s\\\/\",\"name\":\"Auto America: Car Culture 1950s-1970s (John G. Zimmerman) - book \\\/ album - Folio\",\"isPartOf\":{\"@id\":\"https:\\\/\\\/foliobooks.pl\\\/en\\\/#website\"},\"primaryImageOfPage\":{\"@id\":\"https:\\\/\\\/foliobooks.pl\\\/en\\\/shop\\\/auto-america-car-culture-1950s-1970s\\\/#primaryimage\"},\"image\":{\"@id\":\"https:\\\/\\\/foliobooks.pl\\\/en\\\/shop\\\/auto-america-car-culture-1950s-1970s\\\/#primaryimage\"},\"thumbnailUrl\":\"https:\\\/\\\/foliobooks.pl\\\/wp-content\\\/uploads\\\/2023\\\/01\\\/9780847872749.png\",\"datePublished\":\"2023-02-01T14:39:20+00:00\",\"dateModified\":\"2023-02-01T14:39:21+00:00\",\"description\":\"Wejd\u017a i kup ksi\u0105\u017ck\u0119 Auto America: Car Culture 1950s-1970s autorstwa John G. Zimmerman wydan\u0105 przez Rizzoli (2022-10-18) w formacie 23,9 x 28,7 cm (ISBN: 9780847872749). Zapraszamy!\",\"breadcrumb\":{\"@id\":\"https:\\\/\\\/foliobooks.pl\\\/en\\\/shop\\\/auto-america-car-culture-1950s-1970s\\\/#breadcrumb\"},\"inLanguage\":\"en-US\",\"potentialAction\":[{\"@type\":\"ReadAction\",\"target\":[\"https:\\\/\\\/foliobooks.pl\\\/en\\\/shop\\\/auto-america-car-culture-1950s-1970s\\\/\"]}]},{\"@type\":\"ImageObject\",\"inLanguage\":\"en-US\",\"@id\":\"https:\\\/\\\/foliobooks.pl\\\/en\\\/shop\\\/auto-america-car-culture-1950s-1970s\\\/#primaryimage\",\"url\":\"https:\\\/\\\/foliobooks.pl\\\/wp-content\\\/uploads\\\/2023\\\/01\\\/9780847872749.png\",\"contentUrl\":\"https:\\\/\\\/foliobooks.pl\\\/wp-content\\\/uploads\\\/2023\\\/01\\\/9780847872749.png\",\"width\":570,\"height\":708},{\"@type\":\"BreadcrumbList\",\"@id\":\"https:\\\/\\\/foliobooks.pl\\\/en\\\/shop\\\/auto-america-car-culture-1950s-1970s\\\/#breadcrumb\",\"itemListElement\":[{\"@type\":\"ListItem\",\"position\":1,\"name\":\"Strona g\u0142\u00f3wna\",\"item\":\"https:\\\/\\\/foliobooks.pl\\\/en\\\/\"},{\"@type\":\"ListItem\",\"position\":2,\"name\":\"Shop\",\"item\":\"https:\\\/\\\/foliobooks.pl\\\/en\\\/shop\\\/\"},{\"@type\":\"ListItem\",\"position\":3,\"name\":\"Auto America: Car Culture 1950s-1970s\"}]},{\"@type\":\"WebSite\",\"@id\":\"https:\\\/\\\/foliobooks.pl\\\/en\\\/#website\",\"url\":\"https:\\\/\\\/foliobooks.pl\\\/en\\\/\",\"name\":\"Folio\",\"description\":\"Ksi\u0119garnia internetowa\",\"potentialAction\":[{\"@type\":\"SearchAction\",\"target\":{\"@type\":\"EntryPoint\",\"urlTemplate\":\"https:\\\/\\\/foliobooks.pl\\\/en\\\/?s={search_term_string}\"},\"query-input\":{\"@type\":\"PropertyValueSpecification\",\"valueRequired\":true,\"valueName\":\"search_term_string\"}}],\"inLanguage\":\"en-US\"}]}<\/script>\n<!-- \/ Yoast SEO plugin. -->","yoast_head_json":{"title":"Auto America: Car Culture 1950s-1970s (John G. Zimmerman) - book \/ album - Folio","description":"Wejd\u017a i kup ksi\u0105\u017ck\u0119 Auto America: Car Culture 1950s-1970s autorstwa John G. Zimmerman wydan\u0105 przez Rizzoli (2022-10-18) w formacie 23,9 x 28,7 cm (ISBN: 9780847872749). Zapraszamy!","robots":{"index":"index","follow":"follow","max-snippet":"max-snippet:-1","max-image-preview":"max-image-preview:large","max-video-preview":"max-video-preview:-1"},"canonical":"https:\/\/foliobooks.pl\/en\/shop\/auto-america-car-culture-1950s-1970s\/","og_locale":"en_US","og_type":"article","og_title":"Auto America: Car Culture 1950s-1970s (John G. Zimmerman) - book \/ album - Folio","og_description":"Wejd\u017a i kup ksi\u0105\u017ck\u0119 Auto America: Car Culture 1950s-1970s autorstwa John G. Zimmerman wydan\u0105 przez Rizzoli (2022-10-18) w formacie 23,9 x 28,7 cm (ISBN: 9780847872749). Zapraszamy!","og_url":"https:\/\/foliobooks.pl\/en\/shop\/auto-america-car-culture-1950s-1970s\/","og_site_name":"Folio","article_modified_time":"2023-02-01T14:39:21+00:00","og_image":[{"width":570,"height":708,"url":"https:\/\/foliobooks.pl\/wp-content\/uploads\/2023\/01\/9780847872749.png","type":"image\/png"}],"twitter_card":"summary_large_image","schema":{"@context":"https:\/\/schema.org","@graph":[{"@type":"WebPage","@id":"https:\/\/foliobooks.pl\/en\/shop\/auto-america-car-culture-1950s-1970s\/","url":"https:\/\/foliobooks.pl\/en\/shop\/auto-america-car-culture-1950s-1970s\/","name":"Auto America: Car Culture 1950s-1970s (John G. Zimmerman) - book \/ album - Folio","isPartOf":{"@id":"https:\/\/foliobooks.pl\/en\/#website"},"primaryImageOfPage":{"@id":"https:\/\/foliobooks.pl\/en\/shop\/auto-america-car-culture-1950s-1970s\/#primaryimage"},"image":{"@id":"https:\/\/foliobooks.pl\/en\/shop\/auto-america-car-culture-1950s-1970s\/#primaryimage"},"thumbnailUrl":"https:\/\/foliobooks.pl\/wp-content\/uploads\/2023\/01\/9780847872749.png","datePublished":"2023-02-01T14:39:20+00:00","dateModified":"2023-02-01T14:39:21+00:00","description":"Wejd\u017a i kup ksi\u0105\u017ck\u0119 Auto America: Car Culture 1950s-1970s autorstwa John G. Zimmerman wydan\u0105 przez Rizzoli (2022-10-18) w formacie 23,9 x 28,7 cm (ISBN: 9780847872749). Zapraszamy!","breadcrumb":{"@id":"https:\/\/foliobooks.pl\/en\/shop\/auto-america-car-culture-1950s-1970s\/#breadcrumb"},"inLanguage":"en-US","potentialAction":[{"@type":"ReadAction","target":["https:\/\/foliobooks.pl\/en\/shop\/auto-america-car-culture-1950s-1970s\/"]}]},{"@type":"ImageObject","inLanguage":"en-US","@id":"https:\/\/foliobooks.pl\/en\/shop\/auto-america-car-culture-1950s-1970s\/#primaryimage","url":"https:\/\/foliobooks.pl\/wp-content\/uploads\/2023\/01\/9780847872749.png","contentUrl":"https:\/\/foliobooks.pl\/wp-content\/uploads\/2023\/01\/9780847872749.png","width":570,"height":708},{"@type":"BreadcrumbList","@id":"https:\/\/foliobooks.pl\/en\/shop\/auto-america-car-culture-1950s-1970s\/#breadcrumb","itemListElement":[{"@type":"ListItem","position":1,"name":"Strona g\u0142\u00f3wna","item":"https:\/\/foliobooks.pl\/en\/"},{"@type":"ListItem","position":2,"name":"Shop","item":"https:\/\/foliobooks.pl\/en\/shop\/"},{"@type":"ListItem","position":3,"name":"Auto America: Car Culture 1950s-1970s"}]},{"@type":"WebSite","@id":"https:\/\/foliobooks.pl\/en\/#website","url":"https:\/\/foliobooks.pl\/en\/","name":"Folio","description":"Ksi\u0119garnia internetowa","potentialAction":[{"@type":"SearchAction","target":{"@type":"EntryPoint","urlTemplate":"https:\/\/foliobooks.pl\/en\/?s={search_term_string}"},"query-input":{"@type":"PropertyValueSpecification","valueRequired":true,"valueName":"search_term_string"}}],"inLanguage":"en-US"}]}},"_links":{"self":[{"href":"https:\/\/foliobooks.pl\/en\/wp-json\/wp\/v2\/product\/80006","targetHints":{"allow":["GET"]}}],"collection":[{"href":"https:\/\/foliobooks.pl\/en\/wp-json\/wp\/v2\/product"}],"about":[{"href":"https:\/\/foliobooks.pl\/en\/wp-json\/wp\/v2\/types\/product"}],"replies":[{"embeddable":true,"href":"https:\/\/foliobooks.pl\/en\/wp-json\/wp\/v2\/comments?post=80006"}],"wp:featuredmedia":[{"embeddable":true,"href":"https:\/\/foliobooks.pl\/en\/wp-json\/wp\/v2\/media\/80367"}],"wp:attachment":[{"href":"https:\/\/foliobooks.pl\/en\/wp-json\/wp\/v2\/media?parent=80006"}],"wp:term":[{"taxonomy":"product_brand","embeddable":true,"href":"https:\/\/foliobooks.pl\/en\/wp-json\/wp\/v2\/product_brand?post=80006"},{"taxonomy":"product_cat","embeddable":true,"href":"https:\/\/foliobooks.pl\/en\/wp-json\/wp\/v2\/product_cat?post=80006"},{"taxonomy":"product_tag","embeddable":true,"href":"https:\/\/foliobooks.pl\/en\/wp-json\/wp\/v2\/product_tag?post=80006"}],"curies":[{"name":"wp","href":"https:\/\/api.w.org\/{rel}","templated":true}]}}