{"id":80004,"date":"2023-02-05T22:25:39","date_gmt":"2023-02-05T21:25:39","guid":{"rendered":"https:\/\/foliobooks.pl\/?post_type=product&#038;p=80004"},"modified":"2025-02-10T15:49:29","modified_gmt":"2025-02-10T14:49:29","slug":"paradise-found-an-erotic-treasury-for-sybarites","status":"publish","type":"product","link":"https:\/\/foliobooks.pl\/en\/shop\/paradise-found-an-erotic-treasury-for-sybarites\/","title":{"rendered":"Paradise Found: An Erotic Treasury for Sybarites"},"content":{"rendered":"<p>For those who desire to expand their amorous repertoire and a lush visual complement to the groundbreaking Boudoir Bible.<\/p>\n<p>A celebrated pioneer in the field of sexology and erotic design, Vernon unlocks the secrets of the sensual realm, taking us on a visual journey to a sexual paradise. This enlightening, luxurious tome features Vernon\u2019s renowned \u201cjewel-tools\u201d\u2014artisanal erotic jewelry and instruments of ecstasy of her own design coveted by collectors around the world\u2014alongside extensive advice on their use to reach new levels of pleasure.<\/p>\n<p>The mysteries of the tantalizing ascent to paradise unfold as we are invited to explore empowerment through the sleek chains and cuffs of \u201cSado-Chic.\u201d \u201cOrchestrating the Senses,\u201d \u201cTickle Your Fantasies,\u201d \u201cErecting the Temple,\u201d and \u201cRole Play\u201d heighten anticipation within the boudoir. \u201cIntimate Bonds\u201d and \u201cScepters of Desire\u201d illuminate pushing limits with refined implements of desire, while \u201cThe Ceremony\u201d teases a dreamworld of pleasure, with Vernon\u2019s infamous Boudoir Box showing the infinite possibilities of sensual realms.<\/p>\n<p>Vernon\u2019s work has been documented by some of the top names in fashion photography and illustration, from Douglas Kirkland and Ellen von Unwerth to Nick Knight and David Downton, Jeff Burton, Fran\u00e7ois Berthoud, and many others. Their riveting images beckon us to explore the world of intimacy and sensual satisfaction with creative new eyes.<\/p>\n","protected":false},"excerpt":{"rendered":"<p>For those who desire to expand their amorous repertoire and a lush visual complement to the groundbreaking Boudoir Bible. A celebrated pioneer in the field of sexology and erotic design, Vernon unlocks the secrets of the sensual realm, taking us on a visual journey to a sexual paradise. This enlightening, luxurious tome features Vernon\u2019s renowned&#8230;<\/p>\n","protected":false},"featured_media":80482,"comment_status":"closed","ping_status":"closed","template":"","meta":[],"product_brand":[],"product_cat":[13533,4523],"product_tag":[1156,1702,4524],"class_list":{"0":"post-80004","1":"product","2":"type-product","3":"status-publish","4":"has-post-thumbnail","6":"product_cat-books","7":"product_cat-design-en-en","8":"product_tag-appliedarts-en","9":"product_tag-artists","10":"product_tag-design-en-en","11":"pa_author_att-betony-vernon-en","12":"pa_cover-hardcover","13":"pa_format-236-x-297-cm-en","14":"pa_isbn-9780847872169-en","15":"pa_language-eng","16":"pa_pages-224-2-en","17":"pa_published-2022-09-06-en","18":"pa_publisher-rizzoli-en","20":"first","21":"outofstock","22":"sale","23":"sold-individually","24":"shipping-taxable","25":"purchasable","26":"product-type-simple"},"yoast_head":"<!-- This site is optimized with the Yoast SEO plugin v27.4 - https:\/\/yoast.com\/product\/yoast-seo-wordpress\/ -->\n<title>Paradise Found: An Erotic Treasury for Sybarites (Betony Vernon) - book \/ album - Folio<\/title>\n<meta name=\"description\" content=\"Wejd\u017a i kup ksi\u0105\u017ck\u0119 Paradise Found: An Erotic Treasury for Sybarites autorstwa Betony Vernon wydan\u0105 przez Rizzoli (2022-09-06) w formacie 23,6 x 29,7 cm (ISBN: 9780847872169). Zapraszamy!\" \/>\n<meta name=\"robots\" content=\"index, follow, max-snippet:-1, max-image-preview:large, max-video-preview:-1\" \/>\n<link rel=\"canonical\" href=\"https:\/\/foliobooks.pl\/en\/shop\/paradise-found-an-erotic-treasury-for-sybarites\/\" \/>\n<meta property=\"og:locale\" content=\"en_US\" \/>\n<meta property=\"og:type\" content=\"article\" \/>\n<meta property=\"og:title\" content=\"Paradise Found: An Erotic Treasury for Sybarites (Betony Vernon) - book \/ album - Folio\" \/>\n<meta property=\"og:description\" content=\"Wejd\u017a i kup ksi\u0105\u017ck\u0119 Paradise Found: An Erotic Treasury for Sybarites autorstwa Betony Vernon wydan\u0105 przez Rizzoli (2022-09-06) w formacie 23,6 x 29,7 cm (ISBN: 9780847872169). Zapraszamy!\" \/>\n<meta property=\"og:url\" content=\"https:\/\/foliobooks.pl\/en\/shop\/paradise-found-an-erotic-treasury-for-sybarites\/\" \/>\n<meta property=\"og:site_name\" content=\"Folio\" \/>\n<meta property=\"article:modified_time\" content=\"2025-02-10T14:49:29+00:00\" \/>\n<meta property=\"og:image\" content=\"https:\/\/foliobooks.pl\/wp-content\/uploads\/2023\/01\/9780847872169.png\" \/>\n\t<meta property=\"og:image:width\" content=\"570\" \/>\n\t<meta property=\"og:image:height\" content=\"708\" \/>\n\t<meta property=\"og:image:type\" content=\"image\/png\" \/>\n<meta name=\"twitter:card\" content=\"summary_large_image\" \/>\n<script type=\"application\/ld+json\" class=\"yoast-schema-graph\">{\"@context\":\"https:\\\/\\\/schema.org\",\"@graph\":[{\"@type\":\"WebPage\",\"@id\":\"https:\\\/\\\/foliobooks.pl\\\/en\\\/shop\\\/paradise-found-an-erotic-treasury-for-sybarites\\\/\",\"url\":\"https:\\\/\\\/foliobooks.pl\\\/en\\\/shop\\\/paradise-found-an-erotic-treasury-for-sybarites\\\/\",\"name\":\"Paradise Found: An Erotic Treasury for Sybarites (Betony Vernon) - book \\\/ album - Folio\",\"isPartOf\":{\"@id\":\"https:\\\/\\\/foliobooks.pl\\\/en\\\/#website\"},\"primaryImageOfPage\":{\"@id\":\"https:\\\/\\\/foliobooks.pl\\\/en\\\/shop\\\/paradise-found-an-erotic-treasury-for-sybarites\\\/#primaryimage\"},\"image\":{\"@id\":\"https:\\\/\\\/foliobooks.pl\\\/en\\\/shop\\\/paradise-found-an-erotic-treasury-for-sybarites\\\/#primaryimage\"},\"thumbnailUrl\":\"https:\\\/\\\/foliobooks.pl\\\/wp-content\\\/uploads\\\/2023\\\/01\\\/9780847872169.png\",\"datePublished\":\"2023-02-05T21:25:39+00:00\",\"dateModified\":\"2025-02-10T14:49:29+00:00\",\"description\":\"Wejd\u017a i kup ksi\u0105\u017ck\u0119 Paradise Found: An Erotic Treasury for Sybarites autorstwa Betony Vernon wydan\u0105 przez Rizzoli (2022-09-06) w formacie 23,6 x 29,7 cm (ISBN: 9780847872169). Zapraszamy!\",\"breadcrumb\":{\"@id\":\"https:\\\/\\\/foliobooks.pl\\\/en\\\/shop\\\/paradise-found-an-erotic-treasury-for-sybarites\\\/#breadcrumb\"},\"inLanguage\":\"en-US\",\"potentialAction\":[{\"@type\":\"ReadAction\",\"target\":[\"https:\\\/\\\/foliobooks.pl\\\/en\\\/shop\\\/paradise-found-an-erotic-treasury-for-sybarites\\\/\"]}]},{\"@type\":\"ImageObject\",\"inLanguage\":\"en-US\",\"@id\":\"https:\\\/\\\/foliobooks.pl\\\/en\\\/shop\\\/paradise-found-an-erotic-treasury-for-sybarites\\\/#primaryimage\",\"url\":\"https:\\\/\\\/foliobooks.pl\\\/wp-content\\\/uploads\\\/2023\\\/01\\\/9780847872169.png\",\"contentUrl\":\"https:\\\/\\\/foliobooks.pl\\\/wp-content\\\/uploads\\\/2023\\\/01\\\/9780847872169.png\",\"width\":570,\"height\":708},{\"@type\":\"BreadcrumbList\",\"@id\":\"https:\\\/\\\/foliobooks.pl\\\/en\\\/shop\\\/paradise-found-an-erotic-treasury-for-sybarites\\\/#breadcrumb\",\"itemListElement\":[{\"@type\":\"ListItem\",\"position\":1,\"name\":\"Strona g\u0142\u00f3wna\",\"item\":\"https:\\\/\\\/foliobooks.pl\\\/en\\\/\"},{\"@type\":\"ListItem\",\"position\":2,\"name\":\"Shop\",\"item\":\"https:\\\/\\\/foliobooks.pl\\\/en\\\/shop\\\/\"},{\"@type\":\"ListItem\",\"position\":3,\"name\":\"Paradise Found: An Erotic Treasury for Sybarites\"}]},{\"@type\":\"WebSite\",\"@id\":\"https:\\\/\\\/foliobooks.pl\\\/en\\\/#website\",\"url\":\"https:\\\/\\\/foliobooks.pl\\\/en\\\/\",\"name\":\"Folio\",\"description\":\"Ksi\u0119garnia internetowa\",\"potentialAction\":[{\"@type\":\"SearchAction\",\"target\":{\"@type\":\"EntryPoint\",\"urlTemplate\":\"https:\\\/\\\/foliobooks.pl\\\/en\\\/?s={search_term_string}\"},\"query-input\":{\"@type\":\"PropertyValueSpecification\",\"valueRequired\":true,\"valueName\":\"search_term_string\"}}],\"inLanguage\":\"en-US\"}]}<\/script>\n<!-- \/ Yoast SEO plugin. -->","yoast_head_json":{"title":"Paradise Found: An Erotic Treasury for Sybarites (Betony Vernon) - book \/ album - Folio","description":"Wejd\u017a i kup ksi\u0105\u017ck\u0119 Paradise Found: An Erotic Treasury for Sybarites autorstwa Betony Vernon wydan\u0105 przez Rizzoli (2022-09-06) w formacie 23,6 x 29,7 cm (ISBN: 9780847872169). Zapraszamy!","robots":{"index":"index","follow":"follow","max-snippet":"max-snippet:-1","max-image-preview":"max-image-preview:large","max-video-preview":"max-video-preview:-1"},"canonical":"https:\/\/foliobooks.pl\/en\/shop\/paradise-found-an-erotic-treasury-for-sybarites\/","og_locale":"en_US","og_type":"article","og_title":"Paradise Found: An Erotic Treasury for Sybarites (Betony Vernon) - book \/ album - Folio","og_description":"Wejd\u017a i kup ksi\u0105\u017ck\u0119 Paradise Found: An Erotic Treasury for Sybarites autorstwa Betony Vernon wydan\u0105 przez Rizzoli (2022-09-06) w formacie 23,6 x 29,7 cm (ISBN: 9780847872169). Zapraszamy!","og_url":"https:\/\/foliobooks.pl\/en\/shop\/paradise-found-an-erotic-treasury-for-sybarites\/","og_site_name":"Folio","article_modified_time":"2025-02-10T14:49:29+00:00","og_image":[{"width":570,"height":708,"url":"https:\/\/foliobooks.pl\/wp-content\/uploads\/2023\/01\/9780847872169.png","type":"image\/png"}],"twitter_card":"summary_large_image","schema":{"@context":"https:\/\/schema.org","@graph":[{"@type":"WebPage","@id":"https:\/\/foliobooks.pl\/en\/shop\/paradise-found-an-erotic-treasury-for-sybarites\/","url":"https:\/\/foliobooks.pl\/en\/shop\/paradise-found-an-erotic-treasury-for-sybarites\/","name":"Paradise Found: An Erotic Treasury for Sybarites (Betony Vernon) - book \/ album - Folio","isPartOf":{"@id":"https:\/\/foliobooks.pl\/en\/#website"},"primaryImageOfPage":{"@id":"https:\/\/foliobooks.pl\/en\/shop\/paradise-found-an-erotic-treasury-for-sybarites\/#primaryimage"},"image":{"@id":"https:\/\/foliobooks.pl\/en\/shop\/paradise-found-an-erotic-treasury-for-sybarites\/#primaryimage"},"thumbnailUrl":"https:\/\/foliobooks.pl\/wp-content\/uploads\/2023\/01\/9780847872169.png","datePublished":"2023-02-05T21:25:39+00:00","dateModified":"2025-02-10T14:49:29+00:00","description":"Wejd\u017a i kup ksi\u0105\u017ck\u0119 Paradise Found: An Erotic Treasury for Sybarites autorstwa Betony Vernon wydan\u0105 przez Rizzoli (2022-09-06) w formacie 23,6 x 29,7 cm (ISBN: 9780847872169). Zapraszamy!","breadcrumb":{"@id":"https:\/\/foliobooks.pl\/en\/shop\/paradise-found-an-erotic-treasury-for-sybarites\/#breadcrumb"},"inLanguage":"en-US","potentialAction":[{"@type":"ReadAction","target":["https:\/\/foliobooks.pl\/en\/shop\/paradise-found-an-erotic-treasury-for-sybarites\/"]}]},{"@type":"ImageObject","inLanguage":"en-US","@id":"https:\/\/foliobooks.pl\/en\/shop\/paradise-found-an-erotic-treasury-for-sybarites\/#primaryimage","url":"https:\/\/foliobooks.pl\/wp-content\/uploads\/2023\/01\/9780847872169.png","contentUrl":"https:\/\/foliobooks.pl\/wp-content\/uploads\/2023\/01\/9780847872169.png","width":570,"height":708},{"@type":"BreadcrumbList","@id":"https:\/\/foliobooks.pl\/en\/shop\/paradise-found-an-erotic-treasury-for-sybarites\/#breadcrumb","itemListElement":[{"@type":"ListItem","position":1,"name":"Strona g\u0142\u00f3wna","item":"https:\/\/foliobooks.pl\/en\/"},{"@type":"ListItem","position":2,"name":"Shop","item":"https:\/\/foliobooks.pl\/en\/shop\/"},{"@type":"ListItem","position":3,"name":"Paradise Found: An Erotic Treasury for Sybarites"}]},{"@type":"WebSite","@id":"https:\/\/foliobooks.pl\/en\/#website","url":"https:\/\/foliobooks.pl\/en\/","name":"Folio","description":"Ksi\u0119garnia internetowa","potentialAction":[{"@type":"SearchAction","target":{"@type":"EntryPoint","urlTemplate":"https:\/\/foliobooks.pl\/en\/?s={search_term_string}"},"query-input":{"@type":"PropertyValueSpecification","valueRequired":true,"valueName":"search_term_string"}}],"inLanguage":"en-US"}]}},"_links":{"self":[{"href":"https:\/\/foliobooks.pl\/en\/wp-json\/wp\/v2\/product\/80004","targetHints":{"allow":["GET"]}}],"collection":[{"href":"https:\/\/foliobooks.pl\/en\/wp-json\/wp\/v2\/product"}],"about":[{"href":"https:\/\/foliobooks.pl\/en\/wp-json\/wp\/v2\/types\/product"}],"replies":[{"embeddable":true,"href":"https:\/\/foliobooks.pl\/en\/wp-json\/wp\/v2\/comments?post=80004"}],"wp:featuredmedia":[{"embeddable":true,"href":"https:\/\/foliobooks.pl\/en\/wp-json\/wp\/v2\/media\/80482"}],"wp:attachment":[{"href":"https:\/\/foliobooks.pl\/en\/wp-json\/wp\/v2\/media?parent=80004"}],"wp:term":[{"taxonomy":"product_brand","embeddable":true,"href":"https:\/\/foliobooks.pl\/en\/wp-json\/wp\/v2\/product_brand?post=80004"},{"taxonomy":"product_cat","embeddable":true,"href":"https:\/\/foliobooks.pl\/en\/wp-json\/wp\/v2\/product_cat?post=80004"},{"taxonomy":"product_tag","embeddable":true,"href":"https:\/\/foliobooks.pl\/en\/wp-json\/wp\/v2\/product_tag?post=80004"}],"curies":[{"name":"wp","href":"https:\/\/api.w.org\/{rel}","templated":true}]}}