{"id":79987,"date":"2023-02-01T15:48:33","date_gmt":"2023-02-01T14:48:33","guid":{"rendered":"https:\/\/foliobooks.pl\/?post_type=product&#038;p=79987"},"modified":"2025-01-03T15:26:20","modified_gmt":"2025-01-03T14:26:20","slug":"this-must-be-paradise-conscious-travel-inspirations","status":"publish","type":"product","link":"https:\/\/foliobooks.pl\/en\/shop\/this-must-be-paradise-conscious-travel-inspirations\/","title":{"rendered":"This must be Paradise: Conscious Travel Inspirations"},"content":{"rendered":"<p>25 extraordinary destinations that combine a sustainable nature experience with adventure and comfort<\/p>\n<p>Glamping for the seasoned traveler: from the Pushkar Camel Fair in India to the Coquillade Village in France<\/p>\n<p>Stunning photography by renowned travel photographer Reto Guntli<\/p>\n<p>For adventurers who love nature but desire comfort, and all those who want to support and protect local communities when they travel<\/p>\n<p>How can we explore the world in a way that respects the environment and local communities, but do so without sacrificing comfort? Renowned photographer Reto Guntli has photographed 25 beautiful destinations that combine sustainability, adventure, and upscale appeal. These hotels and resorts pay strict attention to complying with climate-related standards such as avoiding greenhouse gas emissions, conserving resources, and eliminating plastic. They all support the local people and are committed to preserving cultural heritage. Fantastic destinations such as the Genghis Khan Retreat in Mongolia, the Beau Rivage Palace in Switzerland, eco-lodges near Siwa Oasis in Egypt and the Finca Serena in Portugal offer a variety of activities and opportunities for relaxation, surrounded by the breathtaking beauty of nature. <\/p>\n","protected":false},"excerpt":{"rendered":"<p>25 extraordinary destinations that combine a sustainable nature experience with adventure and comfort Glamping for the seasoned traveler: from the Pushkar Camel Fair in India to the Coquillade Village in France Stunning photography by renowned travel photographer Reto Guntli For adventurers who love nature but desire comfort, and all those who want to support and&#8230;<\/p>\n","protected":false},"featured_media":80375,"comment_status":"closed","ping_status":"closed","template":"","meta":[],"product_brand":[],"product_cat":[13533,4517],"product_tag":[11529,6478,6121,156],"class_list":{"0":"post-79987","1":"product","2":"type-product","3":"status-publish","4":"has-post-thumbnail","6":"product_cat-books","7":"product_cat-photography-en","8":"product_tag-documentary-photography-en","9":"product_tag-landscapes","10":"product_tag-photography","11":"product_tag-travel","12":"pa_author_att-agi-simoes-en","13":"pa_author_att-reto-guntli-en","14":"pa_cover-hardcover","15":"pa_format-279-x-341-cm-en","16":"pa_isbn-9783961713868-en","17":"pa_language-eng-ger","18":"pa_pages-256-en-2","19":"pa_published-2022-11-28-en","20":"pa_publisher-teneues-en","22":"first","23":"outofstock","24":"sale","25":"sold-individually","26":"shipping-taxable","27":"purchasable","28":"product-type-simple"},"yoast_head":"<!-- This site is optimized with the Yoast SEO plugin v27.4 - https:\/\/yoast.com\/product\/yoast-seo-wordpress\/ -->\n<title>This must be Paradise: Conscious Travel Inspirations (Agi Simoes, Reto Guntli) - book \/ album - Folio<\/title>\n<meta name=\"description\" content=\"Wejd\u017a i kup ksi\u0105\u017ck\u0119 This must be Paradise: Conscious Travel Inspirations autorstwa Agi Simoes, Reto Guntli wydan\u0105 przez teNeues (2022-11-28) w formacie 27,9 x 34,1 cm (ISBN: 9783961713868). Zapraszamy!\" \/>\n<meta name=\"robots\" content=\"index, follow, max-snippet:-1, max-image-preview:large, max-video-preview:-1\" \/>\n<link rel=\"canonical\" href=\"https:\/\/foliobooks.pl\/en\/shop\/this-must-be-paradise-conscious-travel-inspirations\/\" \/>\n<meta property=\"og:locale\" content=\"en_US\" \/>\n<meta property=\"og:type\" content=\"article\" \/>\n<meta property=\"og:title\" content=\"This must be Paradise: Conscious Travel Inspirations (Agi Simoes, Reto Guntli) - book \/ album - Folio\" \/>\n<meta property=\"og:description\" content=\"Wejd\u017a i kup ksi\u0105\u017ck\u0119 This must be Paradise: Conscious Travel Inspirations autorstwa Agi Simoes, Reto Guntli wydan\u0105 przez teNeues (2022-11-28) w formacie 27,9 x 34,1 cm (ISBN: 9783961713868). Zapraszamy!\" \/>\n<meta property=\"og:url\" content=\"https:\/\/foliobooks.pl\/en\/shop\/this-must-be-paradise-conscious-travel-inspirations\/\" \/>\n<meta property=\"og:site_name\" content=\"Folio\" \/>\n<meta property=\"article:modified_time\" content=\"2025-01-03T14:26:20+00:00\" \/>\n<meta property=\"og:image\" content=\"https:\/\/foliobooks.pl\/wp-content\/uploads\/2023\/01\/9783961713868.png\" \/>\n\t<meta property=\"og:image:width\" content=\"570\" \/>\n\t<meta property=\"og:image:height\" content=\"708\" \/>\n\t<meta property=\"og:image:type\" content=\"image\/png\" \/>\n<meta name=\"twitter:card\" content=\"summary_large_image\" \/>\n<script type=\"application\/ld+json\" class=\"yoast-schema-graph\">{\"@context\":\"https:\\\/\\\/schema.org\",\"@graph\":[{\"@type\":\"WebPage\",\"@id\":\"https:\\\/\\\/foliobooks.pl\\\/en\\\/shop\\\/this-must-be-paradise-conscious-travel-inspirations\\\/\",\"url\":\"https:\\\/\\\/foliobooks.pl\\\/en\\\/shop\\\/this-must-be-paradise-conscious-travel-inspirations\\\/\",\"name\":\"This must be Paradise: Conscious Travel Inspirations (Agi Simoes, Reto Guntli) - book \\\/ album - Folio\",\"isPartOf\":{\"@id\":\"https:\\\/\\\/foliobooks.pl\\\/en\\\/#website\"},\"primaryImageOfPage\":{\"@id\":\"https:\\\/\\\/foliobooks.pl\\\/en\\\/shop\\\/this-must-be-paradise-conscious-travel-inspirations\\\/#primaryimage\"},\"image\":{\"@id\":\"https:\\\/\\\/foliobooks.pl\\\/en\\\/shop\\\/this-must-be-paradise-conscious-travel-inspirations\\\/#primaryimage\"},\"thumbnailUrl\":\"https:\\\/\\\/foliobooks.pl\\\/wp-content\\\/uploads\\\/2023\\\/01\\\/9783961713868.png\",\"datePublished\":\"2023-02-01T14:48:33+00:00\",\"dateModified\":\"2025-01-03T14:26:20+00:00\",\"description\":\"Wejd\u017a i kup ksi\u0105\u017ck\u0119 This must be Paradise: Conscious Travel Inspirations autorstwa Agi Simoes, Reto Guntli wydan\u0105 przez teNeues (2022-11-28) w formacie 27,9 x 34,1 cm (ISBN: 9783961713868). Zapraszamy!\",\"breadcrumb\":{\"@id\":\"https:\\\/\\\/foliobooks.pl\\\/en\\\/shop\\\/this-must-be-paradise-conscious-travel-inspirations\\\/#breadcrumb\"},\"inLanguage\":\"en-US\",\"potentialAction\":[{\"@type\":\"ReadAction\",\"target\":[\"https:\\\/\\\/foliobooks.pl\\\/en\\\/shop\\\/this-must-be-paradise-conscious-travel-inspirations\\\/\"]}]},{\"@type\":\"ImageObject\",\"inLanguage\":\"en-US\",\"@id\":\"https:\\\/\\\/foliobooks.pl\\\/en\\\/shop\\\/this-must-be-paradise-conscious-travel-inspirations\\\/#primaryimage\",\"url\":\"https:\\\/\\\/foliobooks.pl\\\/wp-content\\\/uploads\\\/2023\\\/01\\\/9783961713868.png\",\"contentUrl\":\"https:\\\/\\\/foliobooks.pl\\\/wp-content\\\/uploads\\\/2023\\\/01\\\/9783961713868.png\",\"width\":570,\"height\":708},{\"@type\":\"BreadcrumbList\",\"@id\":\"https:\\\/\\\/foliobooks.pl\\\/en\\\/shop\\\/this-must-be-paradise-conscious-travel-inspirations\\\/#breadcrumb\",\"itemListElement\":[{\"@type\":\"ListItem\",\"position\":1,\"name\":\"Strona g\u0142\u00f3wna\",\"item\":\"https:\\\/\\\/foliobooks.pl\\\/en\\\/\"},{\"@type\":\"ListItem\",\"position\":2,\"name\":\"Shop\",\"item\":\"https:\\\/\\\/foliobooks.pl\\\/en\\\/shop\\\/\"},{\"@type\":\"ListItem\",\"position\":3,\"name\":\"This must be Paradise: Conscious Travel Inspirations\"}]},{\"@type\":\"WebSite\",\"@id\":\"https:\\\/\\\/foliobooks.pl\\\/en\\\/#website\",\"url\":\"https:\\\/\\\/foliobooks.pl\\\/en\\\/\",\"name\":\"Folio\",\"description\":\"Ksi\u0119garnia internetowa\",\"potentialAction\":[{\"@type\":\"SearchAction\",\"target\":{\"@type\":\"EntryPoint\",\"urlTemplate\":\"https:\\\/\\\/foliobooks.pl\\\/en\\\/?s={search_term_string}\"},\"query-input\":{\"@type\":\"PropertyValueSpecification\",\"valueRequired\":true,\"valueName\":\"search_term_string\"}}],\"inLanguage\":\"en-US\"}]}<\/script>\n<!-- \/ Yoast SEO plugin. -->","yoast_head_json":{"title":"This must be Paradise: Conscious Travel Inspirations (Agi Simoes, Reto Guntli) - book \/ album - Folio","description":"Wejd\u017a i kup ksi\u0105\u017ck\u0119 This must be Paradise: Conscious Travel Inspirations autorstwa Agi Simoes, Reto Guntli wydan\u0105 przez teNeues (2022-11-28) w formacie 27,9 x 34,1 cm (ISBN: 9783961713868). Zapraszamy!","robots":{"index":"index","follow":"follow","max-snippet":"max-snippet:-1","max-image-preview":"max-image-preview:large","max-video-preview":"max-video-preview:-1"},"canonical":"https:\/\/foliobooks.pl\/en\/shop\/this-must-be-paradise-conscious-travel-inspirations\/","og_locale":"en_US","og_type":"article","og_title":"This must be Paradise: Conscious Travel Inspirations (Agi Simoes, Reto Guntli) - book \/ album - Folio","og_description":"Wejd\u017a i kup ksi\u0105\u017ck\u0119 This must be Paradise: Conscious Travel Inspirations autorstwa Agi Simoes, Reto Guntli wydan\u0105 przez teNeues (2022-11-28) w formacie 27,9 x 34,1 cm (ISBN: 9783961713868). Zapraszamy!","og_url":"https:\/\/foliobooks.pl\/en\/shop\/this-must-be-paradise-conscious-travel-inspirations\/","og_site_name":"Folio","article_modified_time":"2025-01-03T14:26:20+00:00","og_image":[{"width":570,"height":708,"url":"https:\/\/foliobooks.pl\/wp-content\/uploads\/2023\/01\/9783961713868.png","type":"image\/png"}],"twitter_card":"summary_large_image","schema":{"@context":"https:\/\/schema.org","@graph":[{"@type":"WebPage","@id":"https:\/\/foliobooks.pl\/en\/shop\/this-must-be-paradise-conscious-travel-inspirations\/","url":"https:\/\/foliobooks.pl\/en\/shop\/this-must-be-paradise-conscious-travel-inspirations\/","name":"This must be Paradise: Conscious Travel Inspirations (Agi Simoes, Reto Guntli) - book \/ album - Folio","isPartOf":{"@id":"https:\/\/foliobooks.pl\/en\/#website"},"primaryImageOfPage":{"@id":"https:\/\/foliobooks.pl\/en\/shop\/this-must-be-paradise-conscious-travel-inspirations\/#primaryimage"},"image":{"@id":"https:\/\/foliobooks.pl\/en\/shop\/this-must-be-paradise-conscious-travel-inspirations\/#primaryimage"},"thumbnailUrl":"https:\/\/foliobooks.pl\/wp-content\/uploads\/2023\/01\/9783961713868.png","datePublished":"2023-02-01T14:48:33+00:00","dateModified":"2025-01-03T14:26:20+00:00","description":"Wejd\u017a i kup ksi\u0105\u017ck\u0119 This must be Paradise: Conscious Travel Inspirations autorstwa Agi Simoes, Reto Guntli wydan\u0105 przez teNeues (2022-11-28) w formacie 27,9 x 34,1 cm (ISBN: 9783961713868). Zapraszamy!","breadcrumb":{"@id":"https:\/\/foliobooks.pl\/en\/shop\/this-must-be-paradise-conscious-travel-inspirations\/#breadcrumb"},"inLanguage":"en-US","potentialAction":[{"@type":"ReadAction","target":["https:\/\/foliobooks.pl\/en\/shop\/this-must-be-paradise-conscious-travel-inspirations\/"]}]},{"@type":"ImageObject","inLanguage":"en-US","@id":"https:\/\/foliobooks.pl\/en\/shop\/this-must-be-paradise-conscious-travel-inspirations\/#primaryimage","url":"https:\/\/foliobooks.pl\/wp-content\/uploads\/2023\/01\/9783961713868.png","contentUrl":"https:\/\/foliobooks.pl\/wp-content\/uploads\/2023\/01\/9783961713868.png","width":570,"height":708},{"@type":"BreadcrumbList","@id":"https:\/\/foliobooks.pl\/en\/shop\/this-must-be-paradise-conscious-travel-inspirations\/#breadcrumb","itemListElement":[{"@type":"ListItem","position":1,"name":"Strona g\u0142\u00f3wna","item":"https:\/\/foliobooks.pl\/en\/"},{"@type":"ListItem","position":2,"name":"Shop","item":"https:\/\/foliobooks.pl\/en\/shop\/"},{"@type":"ListItem","position":3,"name":"This must be Paradise: Conscious Travel Inspirations"}]},{"@type":"WebSite","@id":"https:\/\/foliobooks.pl\/en\/#website","url":"https:\/\/foliobooks.pl\/en\/","name":"Folio","description":"Ksi\u0119garnia internetowa","potentialAction":[{"@type":"SearchAction","target":{"@type":"EntryPoint","urlTemplate":"https:\/\/foliobooks.pl\/en\/?s={search_term_string}"},"query-input":{"@type":"PropertyValueSpecification","valueRequired":true,"valueName":"search_term_string"}}],"inLanguage":"en-US"}]}},"_links":{"self":[{"href":"https:\/\/foliobooks.pl\/en\/wp-json\/wp\/v2\/product\/79987","targetHints":{"allow":["GET"]}}],"collection":[{"href":"https:\/\/foliobooks.pl\/en\/wp-json\/wp\/v2\/product"}],"about":[{"href":"https:\/\/foliobooks.pl\/en\/wp-json\/wp\/v2\/types\/product"}],"replies":[{"embeddable":true,"href":"https:\/\/foliobooks.pl\/en\/wp-json\/wp\/v2\/comments?post=79987"}],"wp:featuredmedia":[{"embeddable":true,"href":"https:\/\/foliobooks.pl\/en\/wp-json\/wp\/v2\/media\/80375"}],"wp:attachment":[{"href":"https:\/\/foliobooks.pl\/en\/wp-json\/wp\/v2\/media?parent=79987"}],"wp:term":[{"taxonomy":"product_brand","embeddable":true,"href":"https:\/\/foliobooks.pl\/en\/wp-json\/wp\/v2\/product_brand?post=79987"},{"taxonomy":"product_cat","embeddable":true,"href":"https:\/\/foliobooks.pl\/en\/wp-json\/wp\/v2\/product_cat?post=79987"},{"taxonomy":"product_tag","embeddable":true,"href":"https:\/\/foliobooks.pl\/en\/wp-json\/wp\/v2\/product_tag?post=79987"}],"curies":[{"name":"wp","href":"https:\/\/api.w.org\/{rel}","templated":true}]}}