{"id":79985,"date":"2023-02-01T15:38:22","date_gmt":"2023-02-01T14:38:22","guid":{"rendered":"https:\/\/foliobooks.pl\/?post_type=product&#038;p=79985"},"modified":"2025-10-17T12:06:32","modified_gmt":"2025-10-17T10:06:32","slug":"storytelling-david-yarrow","status":"publish","type":"product","link":"https:\/\/foliobooks.pl\/en\/shop\/storytelling-david-yarrow\/","title":{"rendered":"Storytelling. David Yarrow"},"content":{"rendered":"<p>David Yarrow takes his work to the next level in these tales of adventure and misadventure on an epic scale.<\/p>\n<p>For more than two decades, legendary British photographer David Yarrow has created evocative photography of some of the world\u2019s most iconic personalities, sporting moments, and endangered wildlife. With his images raising huge sums for charity, he is one of the most relevant and best-selling photographers in the world today.<\/p>\n<p>This stunning volumeis a retrospective of Yarrow\u2019s storytelling work, which has earned him wide acclaim in the fine-art market. This assemblage of truly unmatched work brings the magic and brilliance of the big screen to each singular image. Inspired by the great cinematic directors, Yarrow tells stories from the Wild West to the pirates of the Caribbean, the coasts of Alaska to the plains of Africa, Manhattan to an old saloon in Montana. Whether poignant, dramatic, or provocative, they are always epic. Offering additional insight are behind-the-scenes photos and Yarrow\u2019s own first-person contextual narratives.<\/p>\n<p>The book features a mix of more than 150 yet-to-be-published and already iconic photographs, including work from assignments with some of the biggest names and brands in fashion, sports, and culture, like Cindy Crawford, Cara Delevingne, Russell Wilson, Ciara, and Alessandra Ambrosio.<\/p>\n","protected":false},"excerpt":{"rendered":"<p>David Yarrow takes his work to the next level in these tales of adventure and misadventure on an epic scale. For more than two decades, legendary British photographer David Yarrow has created evocative photography of some of the world\u2019s most iconic personalities, sporting moments, and endangered wildlife. With his images raising huge sums for charity,&#8230;<\/p>\n","protected":false},"featured_media":80365,"comment_status":"closed","ping_status":"closed","template":"","meta":[],"product_brand":[],"product_cat":[4517],"product_tag":[11529,1681,6121,1185],"class_list":{"0":"post-79985","1":"product","2":"type-product","3":"status-publish","4":"has-post-thumbnail","6":"product_cat-photography-en","7":"product_tag-documentary-photography-en","8":"product_tag-history","9":"product_tag-photography","10":"product_tag-world-en","11":"pa_author_att-cindy-crawford-en","12":"pa_author_att-david-yarrow-en","13":"pa_cover-hardcover","14":"pa_format-341-x-387-cm-en","15":"pa_isbn-9780847872299-en","16":"pa_language-eng","17":"pa_pages-336-en","18":"pa_published-2022-10-18-en","19":"pa_publisher-rizzoli-en","21":"first","22":"instock","23":"sale","24":"sold-individually","25":"shipping-taxable","26":"purchasable","27":"product-type-simple"},"yoast_head":"<!-- This site is optimized with the Yoast SEO plugin v27.4 - https:\/\/yoast.com\/product\/yoast-seo-wordpress\/ -->\n<title>Storytelling. David Yarrow (Cindy Crawford, David Yarrow) - book \/ album - Folio<\/title>\n<meta name=\"description\" content=\"Wejd\u017a i kup ksi\u0105\u017ck\u0119 Storytelling. David Yarrow autorstwa Cindy Crawford, David Yarrow wydan\u0105 przez Rizzoli (2022-10-18) w formacie 34,1 x 38,7 cm (ISBN: 9780847872299). Zapraszamy!\" \/>\n<meta name=\"robots\" content=\"index, follow, max-snippet:-1, max-image-preview:large, max-video-preview:-1\" \/>\n<link rel=\"canonical\" href=\"https:\/\/foliobooks.pl\/en\/shop\/storytelling-david-yarrow\/\" \/>\n<meta property=\"og:locale\" content=\"en_US\" \/>\n<meta property=\"og:type\" content=\"article\" \/>\n<meta property=\"og:title\" content=\"Storytelling. David Yarrow (Cindy Crawford, David Yarrow) - book \/ album - Folio\" \/>\n<meta property=\"og:description\" content=\"Wejd\u017a i kup ksi\u0105\u017ck\u0119 Storytelling. David Yarrow autorstwa Cindy Crawford, David Yarrow wydan\u0105 przez Rizzoli (2022-10-18) w formacie 34,1 x 38,7 cm (ISBN: 9780847872299). Zapraszamy!\" \/>\n<meta property=\"og:url\" content=\"https:\/\/foliobooks.pl\/en\/shop\/storytelling-david-yarrow\/\" \/>\n<meta property=\"og:site_name\" content=\"Folio\" \/>\n<meta property=\"article:modified_time\" content=\"2025-10-17T10:06:32+00:00\" \/>\n<meta property=\"og:image\" content=\"https:\/\/foliobooks.pl\/wp-content\/uploads\/2023\/02\/9780847872299.png\" \/>\n\t<meta property=\"og:image:width\" content=\"570\" \/>\n\t<meta property=\"og:image:height\" content=\"708\" \/>\n\t<meta property=\"og:image:type\" content=\"image\/png\" \/>\n<meta name=\"twitter:card\" content=\"summary_large_image\" \/>\n<script type=\"application\/ld+json\" class=\"yoast-schema-graph\">{\"@context\":\"https:\\\/\\\/schema.org\",\"@graph\":[{\"@type\":\"WebPage\",\"@id\":\"https:\\\/\\\/foliobooks.pl\\\/en\\\/shop\\\/storytelling-david-yarrow\\\/\",\"url\":\"https:\\\/\\\/foliobooks.pl\\\/en\\\/shop\\\/storytelling-david-yarrow\\\/\",\"name\":\"Storytelling. David Yarrow (Cindy Crawford, David Yarrow) - book \\\/ album - Folio\",\"isPartOf\":{\"@id\":\"https:\\\/\\\/foliobooks.pl\\\/en\\\/#website\"},\"primaryImageOfPage\":{\"@id\":\"https:\\\/\\\/foliobooks.pl\\\/en\\\/shop\\\/storytelling-david-yarrow\\\/#primaryimage\"},\"image\":{\"@id\":\"https:\\\/\\\/foliobooks.pl\\\/en\\\/shop\\\/storytelling-david-yarrow\\\/#primaryimage\"},\"thumbnailUrl\":\"https:\\\/\\\/foliobooks.pl\\\/wp-content\\\/uploads\\\/2023\\\/02\\\/9780847872299.png\",\"datePublished\":\"2023-02-01T14:38:22+00:00\",\"dateModified\":\"2025-10-17T10:06:32+00:00\",\"description\":\"Wejd\u017a i kup ksi\u0105\u017ck\u0119 Storytelling. David Yarrow autorstwa Cindy Crawford, David Yarrow wydan\u0105 przez Rizzoli (2022-10-18) w formacie 34,1 x 38,7 cm (ISBN: 9780847872299). Zapraszamy!\",\"breadcrumb\":{\"@id\":\"https:\\\/\\\/foliobooks.pl\\\/en\\\/shop\\\/storytelling-david-yarrow\\\/#breadcrumb\"},\"inLanguage\":\"en-US\",\"potentialAction\":[{\"@type\":\"ReadAction\",\"target\":[\"https:\\\/\\\/foliobooks.pl\\\/en\\\/shop\\\/storytelling-david-yarrow\\\/\"]}]},{\"@type\":\"ImageObject\",\"inLanguage\":\"en-US\",\"@id\":\"https:\\\/\\\/foliobooks.pl\\\/en\\\/shop\\\/storytelling-david-yarrow\\\/#primaryimage\",\"url\":\"https:\\\/\\\/foliobooks.pl\\\/wp-content\\\/uploads\\\/2023\\\/02\\\/9780847872299.png\",\"contentUrl\":\"https:\\\/\\\/foliobooks.pl\\\/wp-content\\\/uploads\\\/2023\\\/02\\\/9780847872299.png\",\"width\":570,\"height\":708},{\"@type\":\"BreadcrumbList\",\"@id\":\"https:\\\/\\\/foliobooks.pl\\\/en\\\/shop\\\/storytelling-david-yarrow\\\/#breadcrumb\",\"itemListElement\":[{\"@type\":\"ListItem\",\"position\":1,\"name\":\"Strona g\u0142\u00f3wna\",\"item\":\"https:\\\/\\\/foliobooks.pl\\\/en\\\/\"},{\"@type\":\"ListItem\",\"position\":2,\"name\":\"Shop\",\"item\":\"https:\\\/\\\/foliobooks.pl\\\/en\\\/shop\\\/\"},{\"@type\":\"ListItem\",\"position\":3,\"name\":\"Storytelling. David Yarrow\"}]},{\"@type\":\"WebSite\",\"@id\":\"https:\\\/\\\/foliobooks.pl\\\/en\\\/#website\",\"url\":\"https:\\\/\\\/foliobooks.pl\\\/en\\\/\",\"name\":\"Folio\",\"description\":\"Ksi\u0119garnia internetowa\",\"potentialAction\":[{\"@type\":\"SearchAction\",\"target\":{\"@type\":\"EntryPoint\",\"urlTemplate\":\"https:\\\/\\\/foliobooks.pl\\\/en\\\/?s={search_term_string}\"},\"query-input\":{\"@type\":\"PropertyValueSpecification\",\"valueRequired\":true,\"valueName\":\"search_term_string\"}}],\"inLanguage\":\"en-US\"}]}<\/script>\n<!-- \/ Yoast SEO plugin. -->","yoast_head_json":{"title":"Storytelling. David Yarrow (Cindy Crawford, David Yarrow) - book \/ album - Folio","description":"Wejd\u017a i kup ksi\u0105\u017ck\u0119 Storytelling. David Yarrow autorstwa Cindy Crawford, David Yarrow wydan\u0105 przez Rizzoli (2022-10-18) w formacie 34,1 x 38,7 cm (ISBN: 9780847872299). Zapraszamy!","robots":{"index":"index","follow":"follow","max-snippet":"max-snippet:-1","max-image-preview":"max-image-preview:large","max-video-preview":"max-video-preview:-1"},"canonical":"https:\/\/foliobooks.pl\/en\/shop\/storytelling-david-yarrow\/","og_locale":"en_US","og_type":"article","og_title":"Storytelling. David Yarrow (Cindy Crawford, David Yarrow) - book \/ album - Folio","og_description":"Wejd\u017a i kup ksi\u0105\u017ck\u0119 Storytelling. David Yarrow autorstwa Cindy Crawford, David Yarrow wydan\u0105 przez Rizzoli (2022-10-18) w formacie 34,1 x 38,7 cm (ISBN: 9780847872299). Zapraszamy!","og_url":"https:\/\/foliobooks.pl\/en\/shop\/storytelling-david-yarrow\/","og_site_name":"Folio","article_modified_time":"2025-10-17T10:06:32+00:00","og_image":[{"width":570,"height":708,"url":"https:\/\/foliobooks.pl\/wp-content\/uploads\/2023\/02\/9780847872299.png","type":"image\/png"}],"twitter_card":"summary_large_image","schema":{"@context":"https:\/\/schema.org","@graph":[{"@type":"WebPage","@id":"https:\/\/foliobooks.pl\/en\/shop\/storytelling-david-yarrow\/","url":"https:\/\/foliobooks.pl\/en\/shop\/storytelling-david-yarrow\/","name":"Storytelling. David Yarrow (Cindy Crawford, David Yarrow) - book \/ album - Folio","isPartOf":{"@id":"https:\/\/foliobooks.pl\/en\/#website"},"primaryImageOfPage":{"@id":"https:\/\/foliobooks.pl\/en\/shop\/storytelling-david-yarrow\/#primaryimage"},"image":{"@id":"https:\/\/foliobooks.pl\/en\/shop\/storytelling-david-yarrow\/#primaryimage"},"thumbnailUrl":"https:\/\/foliobooks.pl\/wp-content\/uploads\/2023\/02\/9780847872299.png","datePublished":"2023-02-01T14:38:22+00:00","dateModified":"2025-10-17T10:06:32+00:00","description":"Wejd\u017a i kup ksi\u0105\u017ck\u0119 Storytelling. David Yarrow autorstwa Cindy Crawford, David Yarrow wydan\u0105 przez Rizzoli (2022-10-18) w formacie 34,1 x 38,7 cm (ISBN: 9780847872299). Zapraszamy!","breadcrumb":{"@id":"https:\/\/foliobooks.pl\/en\/shop\/storytelling-david-yarrow\/#breadcrumb"},"inLanguage":"en-US","potentialAction":[{"@type":"ReadAction","target":["https:\/\/foliobooks.pl\/en\/shop\/storytelling-david-yarrow\/"]}]},{"@type":"ImageObject","inLanguage":"en-US","@id":"https:\/\/foliobooks.pl\/en\/shop\/storytelling-david-yarrow\/#primaryimage","url":"https:\/\/foliobooks.pl\/wp-content\/uploads\/2023\/02\/9780847872299.png","contentUrl":"https:\/\/foliobooks.pl\/wp-content\/uploads\/2023\/02\/9780847872299.png","width":570,"height":708},{"@type":"BreadcrumbList","@id":"https:\/\/foliobooks.pl\/en\/shop\/storytelling-david-yarrow\/#breadcrumb","itemListElement":[{"@type":"ListItem","position":1,"name":"Strona g\u0142\u00f3wna","item":"https:\/\/foliobooks.pl\/en\/"},{"@type":"ListItem","position":2,"name":"Shop","item":"https:\/\/foliobooks.pl\/en\/shop\/"},{"@type":"ListItem","position":3,"name":"Storytelling. David Yarrow"}]},{"@type":"WebSite","@id":"https:\/\/foliobooks.pl\/en\/#website","url":"https:\/\/foliobooks.pl\/en\/","name":"Folio","description":"Ksi\u0119garnia internetowa","potentialAction":[{"@type":"SearchAction","target":{"@type":"EntryPoint","urlTemplate":"https:\/\/foliobooks.pl\/en\/?s={search_term_string}"},"query-input":{"@type":"PropertyValueSpecification","valueRequired":true,"valueName":"search_term_string"}}],"inLanguage":"en-US"}]}},"_links":{"self":[{"href":"https:\/\/foliobooks.pl\/en\/wp-json\/wp\/v2\/product\/79985","targetHints":{"allow":["GET"]}}],"collection":[{"href":"https:\/\/foliobooks.pl\/en\/wp-json\/wp\/v2\/product"}],"about":[{"href":"https:\/\/foliobooks.pl\/en\/wp-json\/wp\/v2\/types\/product"}],"replies":[{"embeddable":true,"href":"https:\/\/foliobooks.pl\/en\/wp-json\/wp\/v2\/comments?post=79985"}],"wp:featuredmedia":[{"embeddable":true,"href":"https:\/\/foliobooks.pl\/en\/wp-json\/wp\/v2\/media\/80365"}],"wp:attachment":[{"href":"https:\/\/foliobooks.pl\/en\/wp-json\/wp\/v2\/media?parent=79985"}],"wp:term":[{"taxonomy":"product_brand","embeddable":true,"href":"https:\/\/foliobooks.pl\/en\/wp-json\/wp\/v2\/product_brand?post=79985"},{"taxonomy":"product_cat","embeddable":true,"href":"https:\/\/foliobooks.pl\/en\/wp-json\/wp\/v2\/product_cat?post=79985"},{"taxonomy":"product_tag","embeddable":true,"href":"https:\/\/foliobooks.pl\/en\/wp-json\/wp\/v2\/product_tag?post=79985"}],"curies":[{"name":"wp","href":"https:\/\/api.w.org\/{rel}","templated":true}]}}