{"id":79983,"date":"2023-02-01T15:41:02","date_gmt":"2023-02-01T14:41:02","guid":{"rendered":"https:\/\/foliobooks.pl\/?post_type=product&#038;p=79983"},"modified":"2023-02-01T15:41:03","modified_gmt":"2023-02-01T14:41:03","slug":"smashbox-make-sht-happen","status":"publish","type":"product","link":"https:\/\/foliobooks.pl\/en\/shop\/smashbox-make-sht-happen\/","title":{"rendered":"Smashbox: Make Sh*t Happen"},"content":{"rendered":"<p>A collection of stunning portraits of Hollywood stars, including Jennifer Lopez, Kim Kardashian, Charlize Theron, Samuel L. Jackson, and Angelina Jolie, captured by Davis Factor, the great-grandson of legendary cosmetics pioneer Max Factor.<\/p>\n<p>Founded in 1990 by Davis and Dean Factor, the great-grandsons of Max Factor, Smashbox Studios and the Smashbox brand have become legendary in the world of glamour and makeup.<\/p>\n<p>Born in a Los Angeles studio and put to the test by professional makeup artists and photographers, Smashbox is the heir to the most storied brand in American cosmetics. Known for makeup on and off the set, Smashbox draws from a legacy of over a century of Hollywood glamour, creating for today\u2019s celebrities what the house of Factor had done for the likes of Clara Bow, Joan Crawford, Jean Harlow, Bette Davis, Judy Garland, and many other icons of the golden age of cinema.<\/p>\n<p>Collected together for the very first time are more than three decades of portraits of women\u2014and quite a few men\u2014taken by Davis Factor at Smashbox Studios. Capturing some of the most important actors and celebrities of the era, the book is a snapshot of Hollywood glamour today, in the tradition of George Hurrell and other legends of the golden age of film.<\/p>\n","protected":false},"excerpt":{"rendered":"<p>A collection of stunning portraits of Hollywood stars, including Jennifer Lopez, Kim Kardashian, Charlize Theron, Samuel L. Jackson, and Angelina Jolie, captured by Davis Factor, the great-grandson of legendary cosmetics pioneer Max Factor. Founded in 1990 by Davis and Dean Factor, the great-grandsons of Max Factor, Smashbox Studios and the Smashbox brand have become legendary&#8230;<\/p>\n","protected":false},"featured_media":80369,"comment_status":"closed","ping_status":"closed","template":"","meta":[],"product_brand":[],"product_cat":[4522,4517],"product_tag":[10664,1702,11529,6121,1066,151],"class_list":{"0":"post-79983","1":"product","2":"type-product","3":"status-publish","4":"has-post-thumbnail","6":"product_cat-art-en","7":"product_cat-photography-en","8":"product_tag-america-en","9":"product_tag-artists","10":"product_tag-documentary-photography-en","11":"product_tag-photography","12":"product_tag-portraits-en","13":"product_tag-women","14":"pa_author_att-davis-factor-en","15":"pa_cover-hardcover","16":"pa_format-275-x-355-cm-en","17":"pa_isbn-9780847872213-en","18":"pa_language-eng","19":"pa_pages-248-en","20":"pa_published-2022-10-25-en","21":"pa_publisher-rizzoli-en","23":"first","24":"outofstock","25":"sold-individually","26":"shipping-taxable","27":"purchasable","28":"product-type-simple"},"yoast_head":"<!-- This site is optimized with the Yoast SEO plugin v27.4 - https:\/\/yoast.com\/product\/yoast-seo-wordpress\/ -->\n<title>Smashbox: Make Sh*t Happen (Davis Factor) - book \/ album - Folio<\/title>\n<meta name=\"description\" content=\"Wejd\u017a i kup ksi\u0105\u017ck\u0119 Smashbox: Make Sh*t Happen autorstwa Davis Factor wydan\u0105 przez Rizzoli (2022-10-25) w formacie 27,5 x 35,5 cm (ISBN: 9780847872213). Zapraszamy!\" \/>\n<meta name=\"robots\" content=\"index, follow, max-snippet:-1, max-image-preview:large, max-video-preview:-1\" \/>\n<link rel=\"canonical\" href=\"https:\/\/foliobooks.pl\/en\/shop\/smashbox-make-sht-happen\/\" \/>\n<meta property=\"og:locale\" content=\"en_US\" \/>\n<meta property=\"og:type\" content=\"article\" \/>\n<meta property=\"og:title\" content=\"Smashbox: Make Sh*t Happen (Davis Factor) - book \/ album - Folio\" \/>\n<meta property=\"og:description\" content=\"Wejd\u017a i kup ksi\u0105\u017ck\u0119 Smashbox: Make Sh*t Happen autorstwa Davis Factor wydan\u0105 przez Rizzoli (2022-10-25) w formacie 27,5 x 35,5 cm (ISBN: 9780847872213). Zapraszamy!\" \/>\n<meta property=\"og:url\" content=\"https:\/\/foliobooks.pl\/en\/shop\/smashbox-make-sht-happen\/\" \/>\n<meta property=\"og:site_name\" content=\"Folio\" \/>\n<meta property=\"article:modified_time\" content=\"2023-02-01T14:41:03+00:00\" \/>\n<meta property=\"og:image\" content=\"https:\/\/foliobooks.pl\/wp-content\/uploads\/2023\/01\/9780847872213.png\" \/>\n\t<meta property=\"og:image:width\" content=\"570\" \/>\n\t<meta property=\"og:image:height\" content=\"708\" \/>\n\t<meta property=\"og:image:type\" content=\"image\/png\" \/>\n<meta name=\"twitter:card\" content=\"summary_large_image\" \/>\n<script type=\"application\/ld+json\" class=\"yoast-schema-graph\">{\"@context\":\"https:\\\/\\\/schema.org\",\"@graph\":[{\"@type\":\"WebPage\",\"@id\":\"https:\\\/\\\/foliobooks.pl\\\/en\\\/shop\\\/smashbox-make-sht-happen\\\/\",\"url\":\"https:\\\/\\\/foliobooks.pl\\\/en\\\/shop\\\/smashbox-make-sht-happen\\\/\",\"name\":\"Smashbox: Make Sh*t Happen (Davis Factor) - book \\\/ album - Folio\",\"isPartOf\":{\"@id\":\"https:\\\/\\\/foliobooks.pl\\\/en\\\/#website\"},\"primaryImageOfPage\":{\"@id\":\"https:\\\/\\\/foliobooks.pl\\\/en\\\/shop\\\/smashbox-make-sht-happen\\\/#primaryimage\"},\"image\":{\"@id\":\"https:\\\/\\\/foliobooks.pl\\\/en\\\/shop\\\/smashbox-make-sht-happen\\\/#primaryimage\"},\"thumbnailUrl\":\"https:\\\/\\\/foliobooks.pl\\\/wp-content\\\/uploads\\\/2023\\\/01\\\/9780847872213.png\",\"datePublished\":\"2023-02-01T14:41:02+00:00\",\"dateModified\":\"2023-02-01T14:41:03+00:00\",\"description\":\"Wejd\u017a i kup ksi\u0105\u017ck\u0119 Smashbox: Make Sh*t Happen autorstwa Davis Factor wydan\u0105 przez Rizzoli (2022-10-25) w formacie 27,5 x 35,5 cm (ISBN: 9780847872213). Zapraszamy!\",\"breadcrumb\":{\"@id\":\"https:\\\/\\\/foliobooks.pl\\\/en\\\/shop\\\/smashbox-make-sht-happen\\\/#breadcrumb\"},\"inLanguage\":\"en-US\",\"potentialAction\":[{\"@type\":\"ReadAction\",\"target\":[\"https:\\\/\\\/foliobooks.pl\\\/en\\\/shop\\\/smashbox-make-sht-happen\\\/\"]}]},{\"@type\":\"ImageObject\",\"inLanguage\":\"en-US\",\"@id\":\"https:\\\/\\\/foliobooks.pl\\\/en\\\/shop\\\/smashbox-make-sht-happen\\\/#primaryimage\",\"url\":\"https:\\\/\\\/foliobooks.pl\\\/wp-content\\\/uploads\\\/2023\\\/01\\\/9780847872213.png\",\"contentUrl\":\"https:\\\/\\\/foliobooks.pl\\\/wp-content\\\/uploads\\\/2023\\\/01\\\/9780847872213.png\",\"width\":570,\"height\":708},{\"@type\":\"BreadcrumbList\",\"@id\":\"https:\\\/\\\/foliobooks.pl\\\/en\\\/shop\\\/smashbox-make-sht-happen\\\/#breadcrumb\",\"itemListElement\":[{\"@type\":\"ListItem\",\"position\":1,\"name\":\"Strona g\u0142\u00f3wna\",\"item\":\"https:\\\/\\\/foliobooks.pl\\\/en\\\/\"},{\"@type\":\"ListItem\",\"position\":2,\"name\":\"Shop\",\"item\":\"https:\\\/\\\/foliobooks.pl\\\/en\\\/shop\\\/\"},{\"@type\":\"ListItem\",\"position\":3,\"name\":\"Smashbox: Make Sh*t Happen\"}]},{\"@type\":\"WebSite\",\"@id\":\"https:\\\/\\\/foliobooks.pl\\\/en\\\/#website\",\"url\":\"https:\\\/\\\/foliobooks.pl\\\/en\\\/\",\"name\":\"Folio\",\"description\":\"Ksi\u0119garnia internetowa\",\"potentialAction\":[{\"@type\":\"SearchAction\",\"target\":{\"@type\":\"EntryPoint\",\"urlTemplate\":\"https:\\\/\\\/foliobooks.pl\\\/en\\\/?s={search_term_string}\"},\"query-input\":{\"@type\":\"PropertyValueSpecification\",\"valueRequired\":true,\"valueName\":\"search_term_string\"}}],\"inLanguage\":\"en-US\"}]}<\/script>\n<!-- \/ Yoast SEO plugin. -->","yoast_head_json":{"title":"Smashbox: Make Sh*t Happen (Davis Factor) - book \/ album - Folio","description":"Wejd\u017a i kup ksi\u0105\u017ck\u0119 Smashbox: Make Sh*t Happen autorstwa Davis Factor wydan\u0105 przez Rizzoli (2022-10-25) w formacie 27,5 x 35,5 cm (ISBN: 9780847872213). Zapraszamy!","robots":{"index":"index","follow":"follow","max-snippet":"max-snippet:-1","max-image-preview":"max-image-preview:large","max-video-preview":"max-video-preview:-1"},"canonical":"https:\/\/foliobooks.pl\/en\/shop\/smashbox-make-sht-happen\/","og_locale":"en_US","og_type":"article","og_title":"Smashbox: Make Sh*t Happen (Davis Factor) - book \/ album - Folio","og_description":"Wejd\u017a i kup ksi\u0105\u017ck\u0119 Smashbox: Make Sh*t Happen autorstwa Davis Factor wydan\u0105 przez Rizzoli (2022-10-25) w formacie 27,5 x 35,5 cm (ISBN: 9780847872213). Zapraszamy!","og_url":"https:\/\/foliobooks.pl\/en\/shop\/smashbox-make-sht-happen\/","og_site_name":"Folio","article_modified_time":"2023-02-01T14:41:03+00:00","og_image":[{"width":570,"height":708,"url":"https:\/\/foliobooks.pl\/wp-content\/uploads\/2023\/01\/9780847872213.png","type":"image\/png"}],"twitter_card":"summary_large_image","schema":{"@context":"https:\/\/schema.org","@graph":[{"@type":"WebPage","@id":"https:\/\/foliobooks.pl\/en\/shop\/smashbox-make-sht-happen\/","url":"https:\/\/foliobooks.pl\/en\/shop\/smashbox-make-sht-happen\/","name":"Smashbox: Make Sh*t Happen (Davis Factor) - book \/ album - Folio","isPartOf":{"@id":"https:\/\/foliobooks.pl\/en\/#website"},"primaryImageOfPage":{"@id":"https:\/\/foliobooks.pl\/en\/shop\/smashbox-make-sht-happen\/#primaryimage"},"image":{"@id":"https:\/\/foliobooks.pl\/en\/shop\/smashbox-make-sht-happen\/#primaryimage"},"thumbnailUrl":"https:\/\/foliobooks.pl\/wp-content\/uploads\/2023\/01\/9780847872213.png","datePublished":"2023-02-01T14:41:02+00:00","dateModified":"2023-02-01T14:41:03+00:00","description":"Wejd\u017a i kup ksi\u0105\u017ck\u0119 Smashbox: Make Sh*t Happen autorstwa Davis Factor wydan\u0105 przez Rizzoli (2022-10-25) w formacie 27,5 x 35,5 cm (ISBN: 9780847872213). Zapraszamy!","breadcrumb":{"@id":"https:\/\/foliobooks.pl\/en\/shop\/smashbox-make-sht-happen\/#breadcrumb"},"inLanguage":"en-US","potentialAction":[{"@type":"ReadAction","target":["https:\/\/foliobooks.pl\/en\/shop\/smashbox-make-sht-happen\/"]}]},{"@type":"ImageObject","inLanguage":"en-US","@id":"https:\/\/foliobooks.pl\/en\/shop\/smashbox-make-sht-happen\/#primaryimage","url":"https:\/\/foliobooks.pl\/wp-content\/uploads\/2023\/01\/9780847872213.png","contentUrl":"https:\/\/foliobooks.pl\/wp-content\/uploads\/2023\/01\/9780847872213.png","width":570,"height":708},{"@type":"BreadcrumbList","@id":"https:\/\/foliobooks.pl\/en\/shop\/smashbox-make-sht-happen\/#breadcrumb","itemListElement":[{"@type":"ListItem","position":1,"name":"Strona g\u0142\u00f3wna","item":"https:\/\/foliobooks.pl\/en\/"},{"@type":"ListItem","position":2,"name":"Shop","item":"https:\/\/foliobooks.pl\/en\/shop\/"},{"@type":"ListItem","position":3,"name":"Smashbox: Make Sh*t Happen"}]},{"@type":"WebSite","@id":"https:\/\/foliobooks.pl\/en\/#website","url":"https:\/\/foliobooks.pl\/en\/","name":"Folio","description":"Ksi\u0119garnia internetowa","potentialAction":[{"@type":"SearchAction","target":{"@type":"EntryPoint","urlTemplate":"https:\/\/foliobooks.pl\/en\/?s={search_term_string}"},"query-input":{"@type":"PropertyValueSpecification","valueRequired":true,"valueName":"search_term_string"}}],"inLanguage":"en-US"}]}},"_links":{"self":[{"href":"https:\/\/foliobooks.pl\/en\/wp-json\/wp\/v2\/product\/79983","targetHints":{"allow":["GET"]}}],"collection":[{"href":"https:\/\/foliobooks.pl\/en\/wp-json\/wp\/v2\/product"}],"about":[{"href":"https:\/\/foliobooks.pl\/en\/wp-json\/wp\/v2\/types\/product"}],"replies":[{"embeddable":true,"href":"https:\/\/foliobooks.pl\/en\/wp-json\/wp\/v2\/comments?post=79983"}],"wp:featuredmedia":[{"embeddable":true,"href":"https:\/\/foliobooks.pl\/en\/wp-json\/wp\/v2\/media\/80369"}],"wp:attachment":[{"href":"https:\/\/foliobooks.pl\/en\/wp-json\/wp\/v2\/media?parent=79983"}],"wp:term":[{"taxonomy":"product_brand","embeddable":true,"href":"https:\/\/foliobooks.pl\/en\/wp-json\/wp\/v2\/product_brand?post=79983"},{"taxonomy":"product_cat","embeddable":true,"href":"https:\/\/foliobooks.pl\/en\/wp-json\/wp\/v2\/product_cat?post=79983"},{"taxonomy":"product_tag","embeddable":true,"href":"https:\/\/foliobooks.pl\/en\/wp-json\/wp\/v2\/product_tag?post=79983"}],"curies":[{"name":"wp","href":"https:\/\/api.w.org\/{rel}","templated":true}]}}