{"id":79975,"date":"2023-02-01T15:35:36","date_gmt":"2023-02-01T14:35:36","guid":{"rendered":"https:\/\/foliobooks.pl\/?post_type=product&#038;p=79975"},"modified":"2025-10-17T11:59:42","modified_gmt":"2025-10-17T09:59:42","slug":"alaia-afore-alaia","status":"publish","type":"product","link":"https:\/\/foliobooks.pl\/en\/shop\/alaia-afore-alaia\/","title":{"rendered":"Ala\u00efa afore Ala\u00efa"},"content":{"rendered":"<p>Unveiling Azzedine Ala\u00efa\u2019s story before his milestone 1982 show, this book offers a never-before-seen look into one of fashion\u2019s most enigmatic icons.<\/p>\n<p>Azzedine Ala\u00efa (1935\u20132017) was regarded as a contemporary fashion genius. Edited by his closest friend, Carla Sozzani, this new volume presents an unprecedented view into Ala\u00efa\u2019s early life and career, from his native Tunisia and 1956 arrival in Paris to his breakthrough 1982 New York show.<\/p>\n<p>From apprenticeships to encounters with Paris\u2019s creative and society crowds, this book pays homage to Ala\u00efa\u2019s evolution. Chronological chapters depict a designer devoted to his work while enjoying friendships with such individuals as Arletty, Louise de Vilmorin, C\u00e9sar, Andr\u00e9e Putman, and Thierry Mugler. Quotes by Ala\u00efa accompany gorgeous photographs of iconic dresses and lesser-known designs, providing captivating stories behind the inspirations for his creations. Interviews share intimate anecdotes from Serge Lutens, Edgar Morin, Carlyne Cerf de Dudzeele, Marie Rucki, and more. Accompanying an exhibition at the Azzedine Ala\u00efa Foundation, this unique publication delves into rare archival materials, private photographs, and prominent publications to powerfully illustrate the fascinating journey of a fashion legend.<\/p>\n","protected":false},"excerpt":{"rendered":"<p>Unveiling Azzedine Ala\u00efa\u2019s story before his milestone 1982 show, this book offers a never-before-seen look into one of fashion\u2019s most enigmatic icons. Azzedine Ala\u00efa (1935\u20132017) was regarded as a contemporary fashion genius. Edited by his closest friend, Carla Sozzani, this new volume presents an unprecedented view into Ala\u00efa\u2019s early life and career, from his native&#8230;<\/p>\n","protected":false},"featured_media":80363,"comment_status":"closed","ping_status":"closed","template":"","meta":[],"product_brand":[],"product_cat":[13533,4519],"product_tag":[6693,6125,1146,1710],"class_list":{"0":"post-79975","1":"product","2":"type-product","3":"status-publish","4":"has-post-thumbnail","6":"product_cat-books","7":"product_cat-fashion-en-en","8":"product_tag-famous-people","9":"product_tag-fashion","10":"product_tag-great-masters-en","11":"product_tag-models","12":"pa_author_att-carla-sozzani-en","13":"pa_cover-hardcover","14":"pa_format-242-x-297-cm-en","15":"pa_isbn-9780847871124-en","16":"pa_language-eng","17":"pa_pages-340-en","18":"pa_published-2022-02-28-en","19":"pa_publisher-rizzoli-en","21":"first","22":"instock","23":"sale","24":"sold-individually","25":"shipping-taxable","26":"purchasable","27":"product-type-simple"},"yoast_head":"<!-- This site is optimized with the Yoast SEO plugin v27.4 - https:\/\/yoast.com\/product\/yoast-seo-wordpress\/ -->\n<title>Ala\u00efa afore Ala\u00efa (Carla Sozzani) - book \/ album - Folio<\/title>\n<meta name=\"description\" content=\"Wejd\u017a i kup ksi\u0105\u017ck\u0119 Ala\u00efa afore Ala\u00efa autorstwa Carla Sozzani wydan\u0105 przez Rizzoli (2022-02-28) w formacie 24,2 x 29,7 cm (ISBN: 9780847871124). Zapraszamy!\" \/>\n<meta name=\"robots\" content=\"index, follow, max-snippet:-1, max-image-preview:large, max-video-preview:-1\" \/>\n<link rel=\"canonical\" href=\"https:\/\/foliobooks.pl\/en\/shop\/alaia-afore-alaia\/\" \/>\n<meta property=\"og:locale\" content=\"en_US\" \/>\n<meta property=\"og:type\" content=\"article\" \/>\n<meta property=\"og:title\" content=\"Ala\u00efa afore Ala\u00efa (Carla Sozzani) - book \/ album - Folio\" \/>\n<meta property=\"og:description\" content=\"Wejd\u017a i kup ksi\u0105\u017ck\u0119 Ala\u00efa afore Ala\u00efa autorstwa Carla Sozzani wydan\u0105 przez Rizzoli (2022-02-28) w formacie 24,2 x 29,7 cm (ISBN: 9780847871124). Zapraszamy!\" \/>\n<meta property=\"og:url\" content=\"https:\/\/foliobooks.pl\/en\/shop\/alaia-afore-alaia\/\" \/>\n<meta property=\"og:site_name\" content=\"Folio\" \/>\n<meta property=\"article:modified_time\" content=\"2025-10-17T09:59:42+00:00\" \/>\n<meta property=\"og:image\" content=\"https:\/\/foliobooks.pl\/wp-content\/uploads\/2023\/01\/9780847871124.png\" \/>\n\t<meta property=\"og:image:width\" content=\"570\" \/>\n\t<meta property=\"og:image:height\" content=\"708\" \/>\n\t<meta property=\"og:image:type\" content=\"image\/png\" \/>\n<meta name=\"twitter:card\" content=\"summary_large_image\" \/>\n<script type=\"application\/ld+json\" class=\"yoast-schema-graph\">{\"@context\":\"https:\\\/\\\/schema.org\",\"@graph\":[{\"@type\":\"WebPage\",\"@id\":\"https:\\\/\\\/foliobooks.pl\\\/en\\\/shop\\\/alaia-afore-alaia\\\/\",\"url\":\"https:\\\/\\\/foliobooks.pl\\\/en\\\/shop\\\/alaia-afore-alaia\\\/\",\"name\":\"Ala\u00efa afore Ala\u00efa (Carla Sozzani) - book \\\/ album - Folio\",\"isPartOf\":{\"@id\":\"https:\\\/\\\/foliobooks.pl\\\/en\\\/#website\"},\"primaryImageOfPage\":{\"@id\":\"https:\\\/\\\/foliobooks.pl\\\/en\\\/shop\\\/alaia-afore-alaia\\\/#primaryimage\"},\"image\":{\"@id\":\"https:\\\/\\\/foliobooks.pl\\\/en\\\/shop\\\/alaia-afore-alaia\\\/#primaryimage\"},\"thumbnailUrl\":\"https:\\\/\\\/foliobooks.pl\\\/wp-content\\\/uploads\\\/2023\\\/01\\\/9780847871124.png\",\"datePublished\":\"2023-02-01T14:35:36+00:00\",\"dateModified\":\"2025-10-17T09:59:42+00:00\",\"description\":\"Wejd\u017a i kup ksi\u0105\u017ck\u0119 Ala\u00efa afore Ala\u00efa autorstwa Carla Sozzani wydan\u0105 przez Rizzoli (2022-02-28) w formacie 24,2 x 29,7 cm (ISBN: 9780847871124). Zapraszamy!\",\"breadcrumb\":{\"@id\":\"https:\\\/\\\/foliobooks.pl\\\/en\\\/shop\\\/alaia-afore-alaia\\\/#breadcrumb\"},\"inLanguage\":\"en-US\",\"potentialAction\":[{\"@type\":\"ReadAction\",\"target\":[\"https:\\\/\\\/foliobooks.pl\\\/en\\\/shop\\\/alaia-afore-alaia\\\/\"]}]},{\"@type\":\"ImageObject\",\"inLanguage\":\"en-US\",\"@id\":\"https:\\\/\\\/foliobooks.pl\\\/en\\\/shop\\\/alaia-afore-alaia\\\/#primaryimage\",\"url\":\"https:\\\/\\\/foliobooks.pl\\\/wp-content\\\/uploads\\\/2023\\\/01\\\/9780847871124.png\",\"contentUrl\":\"https:\\\/\\\/foliobooks.pl\\\/wp-content\\\/uploads\\\/2023\\\/01\\\/9780847871124.png\",\"width\":570,\"height\":708},{\"@type\":\"BreadcrumbList\",\"@id\":\"https:\\\/\\\/foliobooks.pl\\\/en\\\/shop\\\/alaia-afore-alaia\\\/#breadcrumb\",\"itemListElement\":[{\"@type\":\"ListItem\",\"position\":1,\"name\":\"Strona g\u0142\u00f3wna\",\"item\":\"https:\\\/\\\/foliobooks.pl\\\/en\\\/\"},{\"@type\":\"ListItem\",\"position\":2,\"name\":\"Shop\",\"item\":\"https:\\\/\\\/foliobooks.pl\\\/en\\\/shop\\\/\"},{\"@type\":\"ListItem\",\"position\":3,\"name\":\"Ala\u00efa afore Ala\u00efa\"}]},{\"@type\":\"WebSite\",\"@id\":\"https:\\\/\\\/foliobooks.pl\\\/en\\\/#website\",\"url\":\"https:\\\/\\\/foliobooks.pl\\\/en\\\/\",\"name\":\"Folio\",\"description\":\"Ksi\u0119garnia internetowa\",\"potentialAction\":[{\"@type\":\"SearchAction\",\"target\":{\"@type\":\"EntryPoint\",\"urlTemplate\":\"https:\\\/\\\/foliobooks.pl\\\/en\\\/?s={search_term_string}\"},\"query-input\":{\"@type\":\"PropertyValueSpecification\",\"valueRequired\":true,\"valueName\":\"search_term_string\"}}],\"inLanguage\":\"en-US\"}]}<\/script>\n<!-- \/ Yoast SEO plugin. -->","yoast_head_json":{"title":"Ala\u00efa afore Ala\u00efa (Carla Sozzani) - book \/ album - Folio","description":"Wejd\u017a i kup ksi\u0105\u017ck\u0119 Ala\u00efa afore Ala\u00efa autorstwa Carla Sozzani wydan\u0105 przez Rizzoli (2022-02-28) w formacie 24,2 x 29,7 cm (ISBN: 9780847871124). Zapraszamy!","robots":{"index":"index","follow":"follow","max-snippet":"max-snippet:-1","max-image-preview":"max-image-preview:large","max-video-preview":"max-video-preview:-1"},"canonical":"https:\/\/foliobooks.pl\/en\/shop\/alaia-afore-alaia\/","og_locale":"en_US","og_type":"article","og_title":"Ala\u00efa afore Ala\u00efa (Carla Sozzani) - book \/ album - Folio","og_description":"Wejd\u017a i kup ksi\u0105\u017ck\u0119 Ala\u00efa afore Ala\u00efa autorstwa Carla Sozzani wydan\u0105 przez Rizzoli (2022-02-28) w formacie 24,2 x 29,7 cm (ISBN: 9780847871124). Zapraszamy!","og_url":"https:\/\/foliobooks.pl\/en\/shop\/alaia-afore-alaia\/","og_site_name":"Folio","article_modified_time":"2025-10-17T09:59:42+00:00","og_image":[{"width":570,"height":708,"url":"https:\/\/foliobooks.pl\/wp-content\/uploads\/2023\/01\/9780847871124.png","type":"image\/png"}],"twitter_card":"summary_large_image","schema":{"@context":"https:\/\/schema.org","@graph":[{"@type":"WebPage","@id":"https:\/\/foliobooks.pl\/en\/shop\/alaia-afore-alaia\/","url":"https:\/\/foliobooks.pl\/en\/shop\/alaia-afore-alaia\/","name":"Ala\u00efa afore Ala\u00efa (Carla Sozzani) - book \/ album - Folio","isPartOf":{"@id":"https:\/\/foliobooks.pl\/en\/#website"},"primaryImageOfPage":{"@id":"https:\/\/foliobooks.pl\/en\/shop\/alaia-afore-alaia\/#primaryimage"},"image":{"@id":"https:\/\/foliobooks.pl\/en\/shop\/alaia-afore-alaia\/#primaryimage"},"thumbnailUrl":"https:\/\/foliobooks.pl\/wp-content\/uploads\/2023\/01\/9780847871124.png","datePublished":"2023-02-01T14:35:36+00:00","dateModified":"2025-10-17T09:59:42+00:00","description":"Wejd\u017a i kup ksi\u0105\u017ck\u0119 Ala\u00efa afore Ala\u00efa autorstwa Carla Sozzani wydan\u0105 przez Rizzoli (2022-02-28) w formacie 24,2 x 29,7 cm (ISBN: 9780847871124). Zapraszamy!","breadcrumb":{"@id":"https:\/\/foliobooks.pl\/en\/shop\/alaia-afore-alaia\/#breadcrumb"},"inLanguage":"en-US","potentialAction":[{"@type":"ReadAction","target":["https:\/\/foliobooks.pl\/en\/shop\/alaia-afore-alaia\/"]}]},{"@type":"ImageObject","inLanguage":"en-US","@id":"https:\/\/foliobooks.pl\/en\/shop\/alaia-afore-alaia\/#primaryimage","url":"https:\/\/foliobooks.pl\/wp-content\/uploads\/2023\/01\/9780847871124.png","contentUrl":"https:\/\/foliobooks.pl\/wp-content\/uploads\/2023\/01\/9780847871124.png","width":570,"height":708},{"@type":"BreadcrumbList","@id":"https:\/\/foliobooks.pl\/en\/shop\/alaia-afore-alaia\/#breadcrumb","itemListElement":[{"@type":"ListItem","position":1,"name":"Strona g\u0142\u00f3wna","item":"https:\/\/foliobooks.pl\/en\/"},{"@type":"ListItem","position":2,"name":"Shop","item":"https:\/\/foliobooks.pl\/en\/shop\/"},{"@type":"ListItem","position":3,"name":"Ala\u00efa afore Ala\u00efa"}]},{"@type":"WebSite","@id":"https:\/\/foliobooks.pl\/en\/#website","url":"https:\/\/foliobooks.pl\/en\/","name":"Folio","description":"Ksi\u0119garnia internetowa","potentialAction":[{"@type":"SearchAction","target":{"@type":"EntryPoint","urlTemplate":"https:\/\/foliobooks.pl\/en\/?s={search_term_string}"},"query-input":{"@type":"PropertyValueSpecification","valueRequired":true,"valueName":"search_term_string"}}],"inLanguage":"en-US"}]}},"_links":{"self":[{"href":"https:\/\/foliobooks.pl\/en\/wp-json\/wp\/v2\/product\/79975","targetHints":{"allow":["GET"]}}],"collection":[{"href":"https:\/\/foliobooks.pl\/en\/wp-json\/wp\/v2\/product"}],"about":[{"href":"https:\/\/foliobooks.pl\/en\/wp-json\/wp\/v2\/types\/product"}],"replies":[{"embeddable":true,"href":"https:\/\/foliobooks.pl\/en\/wp-json\/wp\/v2\/comments?post=79975"}],"wp:featuredmedia":[{"embeddable":true,"href":"https:\/\/foliobooks.pl\/en\/wp-json\/wp\/v2\/media\/80363"}],"wp:attachment":[{"href":"https:\/\/foliobooks.pl\/en\/wp-json\/wp\/v2\/media?parent=79975"}],"wp:term":[{"taxonomy":"product_brand","embeddable":true,"href":"https:\/\/foliobooks.pl\/en\/wp-json\/wp\/v2\/product_brand?post=79975"},{"taxonomy":"product_cat","embeddable":true,"href":"https:\/\/foliobooks.pl\/en\/wp-json\/wp\/v2\/product_cat?post=79975"},{"taxonomy":"product_tag","embeddable":true,"href":"https:\/\/foliobooks.pl\/en\/wp-json\/wp\/v2\/product_tag?post=79975"}],"curies":[{"name":"wp","href":"https:\/\/api.w.org\/{rel}","templated":true}]}}