{"id":7814,"date":"2015-07-31T16:16:44","date_gmt":"2015-07-31T14:16:44","guid":{"rendered":"http:\/\/foliobooks.pl\/?post_type=product&#038;p=7814"},"modified":"2023-01-03T16:59:55","modified_gmt":"2023-01-03T15:59:55","slug":"salmagundi","status":"publish","type":"product","link":"https:\/\/foliobooks.pl\/en\/shop\/salmagundi\/","title":{"rendered":"Salmagundi"},"content":{"rendered":"<p>Salmagundi is a 17th-century English word denoting a salad dish comprising, well, everything. The nearest modern equivalent is Fiambre, a Guatemalan salad containing in excess of twenty ingredients. This comprehensive new book from acclaimed author Sally Butcher looks at salad bowls across the world in 150 recipes. The recipes feature a number of archaic, traditional and staple dishes &#8211; and a whole lot of funky new stuff as well. Divided into fourteen chapters (Herbs and Leaves; Vegetables; Beans; Roots; Grains and Pasta, Rice, Cheese, Fish, Meat, Dips, Fruity Salads, Salads for Pudding, The Dressing Room, The Prop Cupboard), no stone is left unturned in pursuit of the ultimate salad recipe. Recipes are flagged where relevant with tags such as &#8216;super-healthy&#8217; or &#8216;skinny-minny&#8217; or &#8216;main course&#8217; to make it more user-friendly. Seasoned with Sally&#8217;s trademark mixture of folklore and anecdotes, and with photography from renowned food photographer Yuki Sugiura, this is an essential update for the foodie bookshelf.<\/p>\n","protected":false},"excerpt":{"rendered":"<p>Salmagundi is a 17th-century English word denoting a salad dish comprising, well, everything. The nearest modern equivalent is Fiambre, a Guatemalan salad containing in excess of twenty ingredients. This comprehensive new book from acclaimed author Sally Butcher looks at salad bowls across the world in 150 recipes. The recipes feature a number of archaic, traditional&#8230;<\/p>\n","protected":false},"featured_media":7813,"comment_status":"closed","ping_status":"closed","template":"","meta":[],"product_brand":[],"product_cat":[4518],"product_tag":[1010,1008],"class_list":{"0":"post-7814","1":"product","2":"type-product","3":"status-publish","4":"has-post-thumbnail","6":"product_cat-cookery-en","7":"product_tag-food-en","8":"product_tag-recipes-en","9":"pa_author_att-sally-butcher-en","10":"pa_cover-hardcover","11":"pa_format-20-x-25-cm-en","12":"pa_isbn-9781909815285-en","13":"pa_language-eng","14":"pa_pages-272-en-2","15":"pa_published-2014-08-07-en","16":"pa_publisher-pavilion-en","18":"first","19":"instock","20":"sale","21":"sold-individually","22":"shipping-taxable","23":"purchasable","24":"product-type-simple"},"yoast_head":"<!-- This site is optimized with the Yoast SEO plugin v27.4 - https:\/\/yoast.com\/product\/yoast-seo-wordpress\/ -->\n<title>Salmagundi (Sally Butcher) - book \/ album - Folio<\/title>\n<meta name=\"description\" content=\"Wejd\u017a i kup ksi\u0105\u017ck\u0119 Salmagundi autorstwa Sally Butcher wydan\u0105 przez Pavilion (2014-08-07) w formacie 20 x 25 cm (ISBN: 9781909815285). Zapraszamy!\" \/>\n<meta name=\"robots\" content=\"index, follow, max-snippet:-1, max-image-preview:large, max-video-preview:-1\" \/>\n<link rel=\"canonical\" href=\"https:\/\/foliobooks.pl\/en\/shop\/salmagundi\/\" \/>\n<meta property=\"og:locale\" content=\"en_US\" \/>\n<meta property=\"og:type\" content=\"article\" \/>\n<meta property=\"og:title\" content=\"Salmagundi (Sally Butcher) - book \/ album - Folio\" \/>\n<meta property=\"og:description\" content=\"Wejd\u017a i kup ksi\u0105\u017ck\u0119 Salmagundi autorstwa Sally Butcher wydan\u0105 przez Pavilion (2014-08-07) w formacie 20 x 25 cm (ISBN: 9781909815285). Zapraszamy!\" \/>\n<meta property=\"og:url\" content=\"https:\/\/foliobooks.pl\/en\/shop\/salmagundi\/\" \/>\n<meta property=\"og:site_name\" content=\"Folio\" \/>\n<meta property=\"article:modified_time\" content=\"2023-01-03T15:59:55+00:00\" \/>\n<meta property=\"og:image\" content=\"https:\/\/foliobooks.pl\/wp-content\/uploads\/2015\/07\/9781909815285.png\" \/>\n\t<meta property=\"og:image:width\" content=\"570\" \/>\n\t<meta property=\"og:image:height\" content=\"708\" \/>\n\t<meta property=\"og:image:type\" content=\"image\/png\" \/>\n<meta name=\"twitter:card\" content=\"summary_large_image\" \/>\n<meta name=\"twitter:label1\" content=\"Est. reading time\" \/>\n\t<meta name=\"twitter:data1\" content=\"1 minute\" \/>\n<script type=\"application\/ld+json\" class=\"yoast-schema-graph\">{\"@context\":\"https:\\\/\\\/schema.org\",\"@graph\":[{\"@type\":\"WebPage\",\"@id\":\"https:\\\/\\\/foliobooks.pl\\\/en\\\/shop\\\/salmagundi\\\/\",\"url\":\"https:\\\/\\\/foliobooks.pl\\\/en\\\/shop\\\/salmagundi\\\/\",\"name\":\"Salmagundi (Sally Butcher) - book \\\/ album - Folio\",\"isPartOf\":{\"@id\":\"https:\\\/\\\/foliobooks.pl\\\/en\\\/#website\"},\"primaryImageOfPage\":{\"@id\":\"https:\\\/\\\/foliobooks.pl\\\/en\\\/shop\\\/salmagundi\\\/#primaryimage\"},\"image\":{\"@id\":\"https:\\\/\\\/foliobooks.pl\\\/en\\\/shop\\\/salmagundi\\\/#primaryimage\"},\"thumbnailUrl\":\"https:\\\/\\\/foliobooks.pl\\\/wp-content\\\/uploads\\\/2015\\\/07\\\/9781909815285.png\",\"datePublished\":\"2015-07-31T14:16:44+00:00\",\"dateModified\":\"2023-01-03T15:59:55+00:00\",\"description\":\"Wejd\u017a i kup ksi\u0105\u017ck\u0119 Salmagundi autorstwa Sally Butcher wydan\u0105 przez Pavilion (2014-08-07) w formacie 20 x 25 cm (ISBN: 9781909815285). Zapraszamy!\",\"breadcrumb\":{\"@id\":\"https:\\\/\\\/foliobooks.pl\\\/en\\\/shop\\\/salmagundi\\\/#breadcrumb\"},\"inLanguage\":\"en-US\",\"potentialAction\":[{\"@type\":\"ReadAction\",\"target\":[\"https:\\\/\\\/foliobooks.pl\\\/en\\\/shop\\\/salmagundi\\\/\"]}]},{\"@type\":\"ImageObject\",\"inLanguage\":\"en-US\",\"@id\":\"https:\\\/\\\/foliobooks.pl\\\/en\\\/shop\\\/salmagundi\\\/#primaryimage\",\"url\":\"https:\\\/\\\/foliobooks.pl\\\/wp-content\\\/uploads\\\/2015\\\/07\\\/9781909815285.png\",\"contentUrl\":\"https:\\\/\\\/foliobooks.pl\\\/wp-content\\\/uploads\\\/2015\\\/07\\\/9781909815285.png\",\"width\":570,\"height\":708},{\"@type\":\"BreadcrumbList\",\"@id\":\"https:\\\/\\\/foliobooks.pl\\\/en\\\/shop\\\/salmagundi\\\/#breadcrumb\",\"itemListElement\":[{\"@type\":\"ListItem\",\"position\":1,\"name\":\"Strona g\u0142\u00f3wna\",\"item\":\"https:\\\/\\\/foliobooks.pl\\\/en\\\/\"},{\"@type\":\"ListItem\",\"position\":2,\"name\":\"Shop\",\"item\":\"https:\\\/\\\/foliobooks.pl\\\/en\\\/shop\\\/\"},{\"@type\":\"ListItem\",\"position\":3,\"name\":\"Salmagundi\"}]},{\"@type\":\"WebSite\",\"@id\":\"https:\\\/\\\/foliobooks.pl\\\/en\\\/#website\",\"url\":\"https:\\\/\\\/foliobooks.pl\\\/en\\\/\",\"name\":\"Folio\",\"description\":\"Ksi\u0119garnia internetowa\",\"potentialAction\":[{\"@type\":\"SearchAction\",\"target\":{\"@type\":\"EntryPoint\",\"urlTemplate\":\"https:\\\/\\\/foliobooks.pl\\\/en\\\/?s={search_term_string}\"},\"query-input\":{\"@type\":\"PropertyValueSpecification\",\"valueRequired\":true,\"valueName\":\"search_term_string\"}}],\"inLanguage\":\"en-US\"}]}<\/script>\n<!-- \/ Yoast SEO plugin. -->","yoast_head_json":{"title":"Salmagundi (Sally Butcher) - book \/ album - Folio","description":"Wejd\u017a i kup ksi\u0105\u017ck\u0119 Salmagundi autorstwa Sally Butcher wydan\u0105 przez Pavilion (2014-08-07) w formacie 20 x 25 cm (ISBN: 9781909815285). Zapraszamy!","robots":{"index":"index","follow":"follow","max-snippet":"max-snippet:-1","max-image-preview":"max-image-preview:large","max-video-preview":"max-video-preview:-1"},"canonical":"https:\/\/foliobooks.pl\/en\/shop\/salmagundi\/","og_locale":"en_US","og_type":"article","og_title":"Salmagundi (Sally Butcher) - book \/ album - Folio","og_description":"Wejd\u017a i kup ksi\u0105\u017ck\u0119 Salmagundi autorstwa Sally Butcher wydan\u0105 przez Pavilion (2014-08-07) w formacie 20 x 25 cm (ISBN: 9781909815285). Zapraszamy!","og_url":"https:\/\/foliobooks.pl\/en\/shop\/salmagundi\/","og_site_name":"Folio","article_modified_time":"2023-01-03T15:59:55+00:00","og_image":[{"width":570,"height":708,"url":"https:\/\/foliobooks.pl\/wp-content\/uploads\/2015\/07\/9781909815285.png","type":"image\/png"}],"twitter_card":"summary_large_image","twitter_misc":{"Est. reading time":"1 minute"},"schema":{"@context":"https:\/\/schema.org","@graph":[{"@type":"WebPage","@id":"https:\/\/foliobooks.pl\/en\/shop\/salmagundi\/","url":"https:\/\/foliobooks.pl\/en\/shop\/salmagundi\/","name":"Salmagundi (Sally Butcher) - book \/ album - Folio","isPartOf":{"@id":"https:\/\/foliobooks.pl\/en\/#website"},"primaryImageOfPage":{"@id":"https:\/\/foliobooks.pl\/en\/shop\/salmagundi\/#primaryimage"},"image":{"@id":"https:\/\/foliobooks.pl\/en\/shop\/salmagundi\/#primaryimage"},"thumbnailUrl":"https:\/\/foliobooks.pl\/wp-content\/uploads\/2015\/07\/9781909815285.png","datePublished":"2015-07-31T14:16:44+00:00","dateModified":"2023-01-03T15:59:55+00:00","description":"Wejd\u017a i kup ksi\u0105\u017ck\u0119 Salmagundi autorstwa Sally Butcher wydan\u0105 przez Pavilion (2014-08-07) w formacie 20 x 25 cm (ISBN: 9781909815285). Zapraszamy!","breadcrumb":{"@id":"https:\/\/foliobooks.pl\/en\/shop\/salmagundi\/#breadcrumb"},"inLanguage":"en-US","potentialAction":[{"@type":"ReadAction","target":["https:\/\/foliobooks.pl\/en\/shop\/salmagundi\/"]}]},{"@type":"ImageObject","inLanguage":"en-US","@id":"https:\/\/foliobooks.pl\/en\/shop\/salmagundi\/#primaryimage","url":"https:\/\/foliobooks.pl\/wp-content\/uploads\/2015\/07\/9781909815285.png","contentUrl":"https:\/\/foliobooks.pl\/wp-content\/uploads\/2015\/07\/9781909815285.png","width":570,"height":708},{"@type":"BreadcrumbList","@id":"https:\/\/foliobooks.pl\/en\/shop\/salmagundi\/#breadcrumb","itemListElement":[{"@type":"ListItem","position":1,"name":"Strona g\u0142\u00f3wna","item":"https:\/\/foliobooks.pl\/en\/"},{"@type":"ListItem","position":2,"name":"Shop","item":"https:\/\/foliobooks.pl\/en\/shop\/"},{"@type":"ListItem","position":3,"name":"Salmagundi"}]},{"@type":"WebSite","@id":"https:\/\/foliobooks.pl\/en\/#website","url":"https:\/\/foliobooks.pl\/en\/","name":"Folio","description":"Ksi\u0119garnia internetowa","potentialAction":[{"@type":"SearchAction","target":{"@type":"EntryPoint","urlTemplate":"https:\/\/foliobooks.pl\/en\/?s={search_term_string}"},"query-input":{"@type":"PropertyValueSpecification","valueRequired":true,"valueName":"search_term_string"}}],"inLanguage":"en-US"}]}},"_links":{"self":[{"href":"https:\/\/foliobooks.pl\/en\/wp-json\/wp\/v2\/product\/7814","targetHints":{"allow":["GET"]}}],"collection":[{"href":"https:\/\/foliobooks.pl\/en\/wp-json\/wp\/v2\/product"}],"about":[{"href":"https:\/\/foliobooks.pl\/en\/wp-json\/wp\/v2\/types\/product"}],"replies":[{"embeddable":true,"href":"https:\/\/foliobooks.pl\/en\/wp-json\/wp\/v2\/comments?post=7814"}],"wp:featuredmedia":[{"embeddable":true,"href":"https:\/\/foliobooks.pl\/en\/wp-json\/wp\/v2\/media\/7813"}],"wp:attachment":[{"href":"https:\/\/foliobooks.pl\/en\/wp-json\/wp\/v2\/media?parent=7814"}],"wp:term":[{"taxonomy":"product_brand","embeddable":true,"href":"https:\/\/foliobooks.pl\/en\/wp-json\/wp\/v2\/product_brand?post=7814"},{"taxonomy":"product_cat","embeddable":true,"href":"https:\/\/foliobooks.pl\/en\/wp-json\/wp\/v2\/product_cat?post=7814"},{"taxonomy":"product_tag","embeddable":true,"href":"https:\/\/foliobooks.pl\/en\/wp-json\/wp\/v2\/product_tag?post=7814"}],"curies":[{"name":"wp","href":"https:\/\/api.w.org\/{rel}","templated":true}]}}