{"id":77892,"date":"2022-12-19T21:44:53","date_gmt":"2022-12-19T20:44:53","guid":{"rendered":"https:\/\/foliobooks.pl\/?post_type=product&#038;p=77892"},"modified":"2025-09-30T16:23:33","modified_gmt":"2025-09-30T14:23:33","slug":"phaenomena-doppelmayrs-celestial-atlas","status":"publish","type":"product","link":"https:\/\/foliobooks.pl\/en\/shop\/phaenomena-doppelmayrs-celestial-atlas\/","title":{"rendered":"Phaenomena : Doppelmayr&#8217;s Celestial Atlas"},"content":{"rendered":"<p>A beautiful showcase of Johann Doppelmayr&#8217;s magnificent Atlas Coelestis that deconstructs its intricately drawn plates and explores its influential ideas.<\/p>\n<p>Showcasing Johann Doppelmayr&#8217;s magnificent 1742 map of the cosmos, Atlas Coelestis, this spectacular guide to the heavens is also a superb introduction to the fundamentals and history of astronomy.<\/p>\n<p>Charting constellations, planets, comets and moons, Doppelmayr&#8217;s Atlas presents the ideas and discoveries of many famous and influential astronomers, including Copernicus, Riccioli, Kepler, Newton and Halley, in intricate colour plates that interweave annotated diagrams and tables with figurative drawings and ornamental features. Here, you can appreciate the beauty of those exquisite astronomical and cosmographical plates and comprehend the details, which are also presented in step-by-step deconstructed form. Astronomer Giles Sparrow elucidates the scientific ideas inherent in each plate, expertly decoding and analysing the complex information contained in them and placing Doppelmayr&#8217;s sumptuous Atlas in the context of the ground-breaking discoveries made during the Renaissance and Enlightenment periods.<\/p>\n<p>A spectacular, revelatory celestial compendium to the cosmos, Phaenomena expands on and explains Doppelmayr&#8217;s original, awe-inspiring Atlas and reflects upon its influence on the development of the science of astronomy to the present day.<\/p>\n","protected":false},"excerpt":{"rendered":"<p>A beautiful showcase of Johann Doppelmayr&#8217;s magnificent Atlas Coelestis that deconstructs its intricately drawn plates and explores its influential ideas. Showcasing Johann Doppelmayr&#8217;s magnificent 1742 map of the cosmos, Atlas Coelestis, this spectacular guide to the heavens is also a superb introduction to the fundamentals and history of astronomy. Charting constellations, planets, comets and moons,&#8230;<\/p>\n","protected":false},"featured_media":77900,"comment_status":"closed","ping_status":"closed","template":"","meta":[],"product_brand":[],"product_cat":[13533,4517],"product_tag":[10772,1667,1681],"class_list":{"0":"post-77892","1":"product","2":"type-product","3":"status-publish","4":"has-post-thumbnail","6":"product_cat-books","7":"product_cat-photography-en","8":"product_tag-astronomy-en","9":"product_tag-cosmos","10":"product_tag-history","11":"pa_author_att-martin-rees-en","12":"pa_cover-hardcover","13":"pa_format-265-x-365-cm-en","14":"pa_isbn-9780500024294-en","15":"pa_language-eng","16":"pa_published-2022-10-25-en","17":"pa_publisher-thames-hudson-en","19":"first","20":"outofstock","21":"sale","22":"sold-individually","23":"shipping-taxable","24":"purchasable","25":"product-type-simple"},"yoast_head":"<!-- This site is optimized with the Yoast SEO plugin v27.4 - https:\/\/yoast.com\/product\/yoast-seo-wordpress\/ -->\n<title>Phaenomena : Doppelmayr&#039;s Celestial Atlas (Martin Rees) - book \/ album - Folio<\/title>\n<meta name=\"description\" content=\"Wejd\u017a i kup ksi\u0105\u017ck\u0119 Phaenomena : Doppelmayr&#039;s Celestial Atlas autorstwa Martin Rees wydan\u0105 przez Thames &amp; Hudson (2022-10-25) w formacie 26,5 x 36,5 cm (ISBN: 9780500024294). Zapraszamy!\" \/>\n<meta name=\"robots\" content=\"index, follow, max-snippet:-1, max-image-preview:large, max-video-preview:-1\" \/>\n<link rel=\"canonical\" href=\"https:\/\/foliobooks.pl\/en\/shop\/phaenomena-doppelmayrs-celestial-atlas\/\" \/>\n<meta property=\"og:locale\" content=\"en_US\" \/>\n<meta property=\"og:type\" content=\"article\" \/>\n<meta property=\"og:title\" content=\"Phaenomena : Doppelmayr&#039;s Celestial Atlas (Martin Rees) - book \/ album - Folio\" \/>\n<meta property=\"og:description\" content=\"Wejd\u017a i kup ksi\u0105\u017ck\u0119 Phaenomena : Doppelmayr&#039;s Celestial Atlas autorstwa Martin Rees wydan\u0105 przez Thames &amp; Hudson (2022-10-25) w formacie 26,5 x 36,5 cm (ISBN: 9780500024294). Zapraszamy!\" \/>\n<meta property=\"og:url\" content=\"https:\/\/foliobooks.pl\/en\/shop\/phaenomena-doppelmayrs-celestial-atlas\/\" \/>\n<meta property=\"og:site_name\" content=\"Folio\" \/>\n<meta property=\"article:modified_time\" content=\"2025-09-30T14:23:33+00:00\" \/>\n<meta property=\"og:image\" content=\"https:\/\/foliobooks.pl\/wp-content\/uploads\/2022\/12\/9780500024294.png\" \/>\n\t<meta property=\"og:image:width\" content=\"570\" \/>\n\t<meta property=\"og:image:height\" content=\"708\" \/>\n\t<meta property=\"og:image:type\" content=\"image\/png\" \/>\n<meta name=\"twitter:card\" content=\"summary_large_image\" \/>\n<meta name=\"twitter:label1\" content=\"Est. reading time\" \/>\n\t<meta name=\"twitter:data1\" content=\"2 minutes\" \/>\n<script type=\"application\/ld+json\" class=\"yoast-schema-graph\">{\"@context\":\"https:\\\/\\\/schema.org\",\"@graph\":[{\"@type\":\"WebPage\",\"@id\":\"https:\\\/\\\/foliobooks.pl\\\/en\\\/shop\\\/phaenomena-doppelmayrs-celestial-atlas\\\/\",\"url\":\"https:\\\/\\\/foliobooks.pl\\\/en\\\/shop\\\/phaenomena-doppelmayrs-celestial-atlas\\\/\",\"name\":\"Phaenomena : Doppelmayr's Celestial Atlas (Martin Rees) - book \\\/ album - Folio\",\"isPartOf\":{\"@id\":\"https:\\\/\\\/foliobooks.pl\\\/en\\\/#website\"},\"primaryImageOfPage\":{\"@id\":\"https:\\\/\\\/foliobooks.pl\\\/en\\\/shop\\\/phaenomena-doppelmayrs-celestial-atlas\\\/#primaryimage\"},\"image\":{\"@id\":\"https:\\\/\\\/foliobooks.pl\\\/en\\\/shop\\\/phaenomena-doppelmayrs-celestial-atlas\\\/#primaryimage\"},\"thumbnailUrl\":\"https:\\\/\\\/foliobooks.pl\\\/wp-content\\\/uploads\\\/2022\\\/12\\\/9780500024294.png\",\"datePublished\":\"2022-12-19T20:44:53+00:00\",\"dateModified\":\"2025-09-30T14:23:33+00:00\",\"description\":\"Wejd\u017a i kup ksi\u0105\u017ck\u0119 Phaenomena : Doppelmayr's Celestial Atlas autorstwa Martin Rees wydan\u0105 przez Thames &amp; Hudson (2022-10-25) w formacie 26,5 x 36,5 cm (ISBN: 9780500024294). Zapraszamy!\",\"breadcrumb\":{\"@id\":\"https:\\\/\\\/foliobooks.pl\\\/en\\\/shop\\\/phaenomena-doppelmayrs-celestial-atlas\\\/#breadcrumb\"},\"inLanguage\":\"en-US\",\"potentialAction\":[{\"@type\":\"ReadAction\",\"target\":[\"https:\\\/\\\/foliobooks.pl\\\/en\\\/shop\\\/phaenomena-doppelmayrs-celestial-atlas\\\/\"]}]},{\"@type\":\"ImageObject\",\"inLanguage\":\"en-US\",\"@id\":\"https:\\\/\\\/foliobooks.pl\\\/en\\\/shop\\\/phaenomena-doppelmayrs-celestial-atlas\\\/#primaryimage\",\"url\":\"https:\\\/\\\/foliobooks.pl\\\/wp-content\\\/uploads\\\/2022\\\/12\\\/9780500024294.png\",\"contentUrl\":\"https:\\\/\\\/foliobooks.pl\\\/wp-content\\\/uploads\\\/2022\\\/12\\\/9780500024294.png\",\"width\":570,\"height\":708},{\"@type\":\"BreadcrumbList\",\"@id\":\"https:\\\/\\\/foliobooks.pl\\\/en\\\/shop\\\/phaenomena-doppelmayrs-celestial-atlas\\\/#breadcrumb\",\"itemListElement\":[{\"@type\":\"ListItem\",\"position\":1,\"name\":\"Strona g\u0142\u00f3wna\",\"item\":\"https:\\\/\\\/foliobooks.pl\\\/en\\\/\"},{\"@type\":\"ListItem\",\"position\":2,\"name\":\"Shop\",\"item\":\"https:\\\/\\\/foliobooks.pl\\\/en\\\/shop\\\/\"},{\"@type\":\"ListItem\",\"position\":3,\"name\":\"Phaenomena : Doppelmayr&#8217;s Celestial Atlas\"}]},{\"@type\":\"WebSite\",\"@id\":\"https:\\\/\\\/foliobooks.pl\\\/en\\\/#website\",\"url\":\"https:\\\/\\\/foliobooks.pl\\\/en\\\/\",\"name\":\"Folio\",\"description\":\"Ksi\u0119garnia internetowa\",\"potentialAction\":[{\"@type\":\"SearchAction\",\"target\":{\"@type\":\"EntryPoint\",\"urlTemplate\":\"https:\\\/\\\/foliobooks.pl\\\/en\\\/?s={search_term_string}\"},\"query-input\":{\"@type\":\"PropertyValueSpecification\",\"valueRequired\":true,\"valueName\":\"search_term_string\"}}],\"inLanguage\":\"en-US\"}]}<\/script>\n<!-- \/ Yoast SEO plugin. -->","yoast_head_json":{"title":"Phaenomena : Doppelmayr's Celestial Atlas (Martin Rees) - book \/ album - Folio","description":"Wejd\u017a i kup ksi\u0105\u017ck\u0119 Phaenomena : Doppelmayr's Celestial Atlas autorstwa Martin Rees wydan\u0105 przez Thames &amp; Hudson (2022-10-25) w formacie 26,5 x 36,5 cm (ISBN: 9780500024294). Zapraszamy!","robots":{"index":"index","follow":"follow","max-snippet":"max-snippet:-1","max-image-preview":"max-image-preview:large","max-video-preview":"max-video-preview:-1"},"canonical":"https:\/\/foliobooks.pl\/en\/shop\/phaenomena-doppelmayrs-celestial-atlas\/","og_locale":"en_US","og_type":"article","og_title":"Phaenomena : Doppelmayr's Celestial Atlas (Martin Rees) - book \/ album - Folio","og_description":"Wejd\u017a i kup ksi\u0105\u017ck\u0119 Phaenomena : Doppelmayr's Celestial Atlas autorstwa Martin Rees wydan\u0105 przez Thames &amp; Hudson (2022-10-25) w formacie 26,5 x 36,5 cm (ISBN: 9780500024294). Zapraszamy!","og_url":"https:\/\/foliobooks.pl\/en\/shop\/phaenomena-doppelmayrs-celestial-atlas\/","og_site_name":"Folio","article_modified_time":"2025-09-30T14:23:33+00:00","og_image":[{"width":570,"height":708,"url":"https:\/\/foliobooks.pl\/wp-content\/uploads\/2022\/12\/9780500024294.png","type":"image\/png"}],"twitter_card":"summary_large_image","twitter_misc":{"Est. reading time":"2 minutes"},"schema":{"@context":"https:\/\/schema.org","@graph":[{"@type":"WebPage","@id":"https:\/\/foliobooks.pl\/en\/shop\/phaenomena-doppelmayrs-celestial-atlas\/","url":"https:\/\/foliobooks.pl\/en\/shop\/phaenomena-doppelmayrs-celestial-atlas\/","name":"Phaenomena : Doppelmayr's Celestial Atlas (Martin Rees) - book \/ album - Folio","isPartOf":{"@id":"https:\/\/foliobooks.pl\/en\/#website"},"primaryImageOfPage":{"@id":"https:\/\/foliobooks.pl\/en\/shop\/phaenomena-doppelmayrs-celestial-atlas\/#primaryimage"},"image":{"@id":"https:\/\/foliobooks.pl\/en\/shop\/phaenomena-doppelmayrs-celestial-atlas\/#primaryimage"},"thumbnailUrl":"https:\/\/foliobooks.pl\/wp-content\/uploads\/2022\/12\/9780500024294.png","datePublished":"2022-12-19T20:44:53+00:00","dateModified":"2025-09-30T14:23:33+00:00","description":"Wejd\u017a i kup ksi\u0105\u017ck\u0119 Phaenomena : Doppelmayr's Celestial Atlas autorstwa Martin Rees wydan\u0105 przez Thames &amp; Hudson (2022-10-25) w formacie 26,5 x 36,5 cm (ISBN: 9780500024294). Zapraszamy!","breadcrumb":{"@id":"https:\/\/foliobooks.pl\/en\/shop\/phaenomena-doppelmayrs-celestial-atlas\/#breadcrumb"},"inLanguage":"en-US","potentialAction":[{"@type":"ReadAction","target":["https:\/\/foliobooks.pl\/en\/shop\/phaenomena-doppelmayrs-celestial-atlas\/"]}]},{"@type":"ImageObject","inLanguage":"en-US","@id":"https:\/\/foliobooks.pl\/en\/shop\/phaenomena-doppelmayrs-celestial-atlas\/#primaryimage","url":"https:\/\/foliobooks.pl\/wp-content\/uploads\/2022\/12\/9780500024294.png","contentUrl":"https:\/\/foliobooks.pl\/wp-content\/uploads\/2022\/12\/9780500024294.png","width":570,"height":708},{"@type":"BreadcrumbList","@id":"https:\/\/foliobooks.pl\/en\/shop\/phaenomena-doppelmayrs-celestial-atlas\/#breadcrumb","itemListElement":[{"@type":"ListItem","position":1,"name":"Strona g\u0142\u00f3wna","item":"https:\/\/foliobooks.pl\/en\/"},{"@type":"ListItem","position":2,"name":"Shop","item":"https:\/\/foliobooks.pl\/en\/shop\/"},{"@type":"ListItem","position":3,"name":"Phaenomena : Doppelmayr&#8217;s Celestial Atlas"}]},{"@type":"WebSite","@id":"https:\/\/foliobooks.pl\/en\/#website","url":"https:\/\/foliobooks.pl\/en\/","name":"Folio","description":"Ksi\u0119garnia internetowa","potentialAction":[{"@type":"SearchAction","target":{"@type":"EntryPoint","urlTemplate":"https:\/\/foliobooks.pl\/en\/?s={search_term_string}"},"query-input":{"@type":"PropertyValueSpecification","valueRequired":true,"valueName":"search_term_string"}}],"inLanguage":"en-US"}]}},"_links":{"self":[{"href":"https:\/\/foliobooks.pl\/en\/wp-json\/wp\/v2\/product\/77892","targetHints":{"allow":["GET"]}}],"collection":[{"href":"https:\/\/foliobooks.pl\/en\/wp-json\/wp\/v2\/product"}],"about":[{"href":"https:\/\/foliobooks.pl\/en\/wp-json\/wp\/v2\/types\/product"}],"replies":[{"embeddable":true,"href":"https:\/\/foliobooks.pl\/en\/wp-json\/wp\/v2\/comments?post=77892"}],"wp:featuredmedia":[{"embeddable":true,"href":"https:\/\/foliobooks.pl\/en\/wp-json\/wp\/v2\/media\/77900"}],"wp:attachment":[{"href":"https:\/\/foliobooks.pl\/en\/wp-json\/wp\/v2\/media?parent=77892"}],"wp:term":[{"taxonomy":"product_brand","embeddable":true,"href":"https:\/\/foliobooks.pl\/en\/wp-json\/wp\/v2\/product_brand?post=77892"},{"taxonomy":"product_cat","embeddable":true,"href":"https:\/\/foliobooks.pl\/en\/wp-json\/wp\/v2\/product_cat?post=77892"},{"taxonomy":"product_tag","embeddable":true,"href":"https:\/\/foliobooks.pl\/en\/wp-json\/wp\/v2\/product_tag?post=77892"}],"curies":[{"name":"wp","href":"https:\/\/api.w.org\/{rel}","templated":true}]}}