{"id":77869,"date":"2022-12-19T22:57:42","date_gmt":"2022-12-19T21:57:42","guid":{"rendered":"https:\/\/foliobooks.pl\/?post_type=product&#038;p=77869"},"modified":"2024-11-25T14:04:45","modified_gmt":"2024-11-25T13:04:45","slug":"the-new-york-times-explorer-100-trips-around-the-world","status":"publish","type":"product","link":"https:\/\/foliobooks.pl\/en\/shop\/the-new-york-times-explorer-100-trips-around-the-world\/","title":{"rendered":"The New York Times Explorer. 100 Trips Around the World"},"content":{"rendered":"<p>Whether it&#8217;s a culinary adventure in vibrant Mexico City, an historic and meditative train ride through Siberia, or a solo trip to Paris, get your bucket lists ready with the discoveries of Explorer a curated collection of 100 dream trips from the distinguished travel writers and photographers of The New York Times.<\/p>\n<p>In four volumes&#8217; worth of adventures in one, the Times writers offer guidance, from the personal to the practical, along with a wealth of color photographs that capture the catch-your-breath awe of each destination. Motor past pink sands and bougainvillea in Bermuda with Andrew McCarthy, follow Virginia Woolf&#8217;s footsteps through the English countryside with Francine Prose, or dare to pilot a boat through the Venice lagoon with Tony Perrottet.<\/p>\n<p>NYT Explorer. 100 Trips Around the World takes travel beyond the obvious with adventures in exotic places and new perspectives in familiar ones, all based on the distinguished travel journalism of The New York Times. Each journey features a first-person narrative and postcard-perfect photography, capturing the unique personality of the destination-as well as practical information to help get you on your way. Edited by Barbara Ireland, whose 36 Hours travel series has been a TASCHEN best seller, Explorer features color-coded tabs and a ribbon to bookmark your favorite stops in each region. Even in times when physical travel is not possible, you can just flip through the pages of this book, marvel at the beauty and wonder in our world, and dream.<\/p>\n","protected":false},"excerpt":{"rendered":"<p>Whether it&#8217;s a culinary adventure in vibrant Mexico City, an historic and meditative train ride through Siberia, or a solo trip to Paris, get your bucket lists ready with the discoveries of Explorer a curated collection of 100 dream trips from the distinguished travel writers and photographers of The New York Times. In four volumes&#8217;&#8230;<\/p>\n","protected":false},"featured_media":77958,"comment_status":"closed","ping_status":"closed","template":"","meta":[],"product_brand":[],"product_cat":[13533,4517],"product_tag":[11529,6121,516,156],"class_list":{"0":"post-77869","1":"product","2":"type-product","3":"status-publish","4":"has-post-thumbnail","6":"product_cat-books","7":"product_cat-photography-en","8":"product_tag-documentary-photography-en","9":"product_tag-photography","10":"product_tag-places-en","11":"product_tag-travel","12":"pa_author_att-edited-by-barbara-ireland-en","13":"pa_cover-hardcover","14":"pa_format-168-x-24-cm-en","15":"pa_isbn-9783836584173-en","16":"pa_language-eng","17":"pa_pages-712-en","18":"pa_published-2022-08-10-en","19":"pa_publisher-taschen-en-en","21":"first","22":"outofstock","23":"sold-individually","24":"shipping-taxable","25":"purchasable","26":"product-type-simple"},"yoast_head":"<!-- This site is optimized with the Yoast SEO plugin v27.4 - https:\/\/yoast.com\/product\/yoast-seo-wordpress\/ -->\n<title>The New York Times Explorer. 100 Trips Around the World (Edited by Barbara Ireland) - book \/ album - Folio<\/title>\n<meta name=\"description\" content=\"Wejd\u017a i kup ksi\u0105\u017ck\u0119 The New York Times Explorer. 100 Trips Around the World autorstwa Edited by Barbara Ireland wydan\u0105 przez TASCHEN (2022-08-10) w formacie 16,8 x 24 cm (ISBN: 9783836584173). Zapraszamy!\" \/>\n<meta name=\"robots\" content=\"index, follow, max-snippet:-1, max-image-preview:large, max-video-preview:-1\" \/>\n<link rel=\"canonical\" href=\"https:\/\/foliobooks.pl\/en\/shop\/the-new-york-times-explorer-100-trips-around-the-world\/\" \/>\n<meta property=\"og:locale\" content=\"en_US\" \/>\n<meta property=\"og:type\" content=\"article\" \/>\n<meta property=\"og:title\" content=\"The New York Times Explorer. 100 Trips Around the World (Edited by Barbara Ireland) - book \/ album - Folio\" \/>\n<meta property=\"og:description\" content=\"Wejd\u017a i kup ksi\u0105\u017ck\u0119 The New York Times Explorer. 100 Trips Around the World autorstwa Edited by Barbara Ireland wydan\u0105 przez TASCHEN (2022-08-10) w formacie 16,8 x 24 cm (ISBN: 9783836584173). Zapraszamy!\" \/>\n<meta property=\"og:url\" content=\"https:\/\/foliobooks.pl\/en\/shop\/the-new-york-times-explorer-100-trips-around-the-world\/\" \/>\n<meta property=\"og:site_name\" content=\"Folio\" \/>\n<meta property=\"article:modified_time\" content=\"2024-11-25T13:04:45+00:00\" \/>\n<meta property=\"og:image\" content=\"https:\/\/foliobooks.pl\/wp-content\/uploads\/2022\/12\/9783836584173.png\" \/>\n\t<meta property=\"og:image:width\" content=\"570\" \/>\n\t<meta property=\"og:image:height\" content=\"708\" \/>\n\t<meta property=\"og:image:type\" content=\"image\/png\" \/>\n<meta name=\"twitter:card\" content=\"summary_large_image\" \/>\n<meta name=\"twitter:label1\" content=\"Est. reading time\" \/>\n\t<meta name=\"twitter:data1\" content=\"2 minutes\" \/>\n<script type=\"application\/ld+json\" class=\"yoast-schema-graph\">{\"@context\":\"https:\\\/\\\/schema.org\",\"@graph\":[{\"@type\":\"WebPage\",\"@id\":\"https:\\\/\\\/foliobooks.pl\\\/en\\\/shop\\\/the-new-york-times-explorer-100-trips-around-the-world\\\/\",\"url\":\"https:\\\/\\\/foliobooks.pl\\\/en\\\/shop\\\/the-new-york-times-explorer-100-trips-around-the-world\\\/\",\"name\":\"The New York Times Explorer. 100 Trips Around the World (Edited by Barbara Ireland) - book \\\/ album - Folio\",\"isPartOf\":{\"@id\":\"https:\\\/\\\/foliobooks.pl\\\/en\\\/#website\"},\"primaryImageOfPage\":{\"@id\":\"https:\\\/\\\/foliobooks.pl\\\/en\\\/shop\\\/the-new-york-times-explorer-100-trips-around-the-world\\\/#primaryimage\"},\"image\":{\"@id\":\"https:\\\/\\\/foliobooks.pl\\\/en\\\/shop\\\/the-new-york-times-explorer-100-trips-around-the-world\\\/#primaryimage\"},\"thumbnailUrl\":\"https:\\\/\\\/foliobooks.pl\\\/wp-content\\\/uploads\\\/2022\\\/12\\\/9783836584173.png\",\"datePublished\":\"2022-12-19T21:57:42+00:00\",\"dateModified\":\"2024-11-25T13:04:45+00:00\",\"description\":\"Wejd\u017a i kup ksi\u0105\u017ck\u0119 The New York Times Explorer. 100 Trips Around the World autorstwa Edited by Barbara Ireland wydan\u0105 przez TASCHEN (2022-08-10) w formacie 16,8 x 24 cm (ISBN: 9783836584173). Zapraszamy!\",\"breadcrumb\":{\"@id\":\"https:\\\/\\\/foliobooks.pl\\\/en\\\/shop\\\/the-new-york-times-explorer-100-trips-around-the-world\\\/#breadcrumb\"},\"inLanguage\":\"en-US\",\"potentialAction\":[{\"@type\":\"ReadAction\",\"target\":[\"https:\\\/\\\/foliobooks.pl\\\/en\\\/shop\\\/the-new-york-times-explorer-100-trips-around-the-world\\\/\"]}]},{\"@type\":\"ImageObject\",\"inLanguage\":\"en-US\",\"@id\":\"https:\\\/\\\/foliobooks.pl\\\/en\\\/shop\\\/the-new-york-times-explorer-100-trips-around-the-world\\\/#primaryimage\",\"url\":\"https:\\\/\\\/foliobooks.pl\\\/wp-content\\\/uploads\\\/2022\\\/12\\\/9783836584173.png\",\"contentUrl\":\"https:\\\/\\\/foliobooks.pl\\\/wp-content\\\/uploads\\\/2022\\\/12\\\/9783836584173.png\",\"width\":570,\"height\":708},{\"@type\":\"BreadcrumbList\",\"@id\":\"https:\\\/\\\/foliobooks.pl\\\/en\\\/shop\\\/the-new-york-times-explorer-100-trips-around-the-world\\\/#breadcrumb\",\"itemListElement\":[{\"@type\":\"ListItem\",\"position\":1,\"name\":\"Strona g\u0142\u00f3wna\",\"item\":\"https:\\\/\\\/foliobooks.pl\\\/en\\\/\"},{\"@type\":\"ListItem\",\"position\":2,\"name\":\"Shop\",\"item\":\"https:\\\/\\\/foliobooks.pl\\\/en\\\/shop\\\/\"},{\"@type\":\"ListItem\",\"position\":3,\"name\":\"The New York Times Explorer. 100 Trips Around the World\"}]},{\"@type\":\"WebSite\",\"@id\":\"https:\\\/\\\/foliobooks.pl\\\/en\\\/#website\",\"url\":\"https:\\\/\\\/foliobooks.pl\\\/en\\\/\",\"name\":\"Folio\",\"description\":\"Ksi\u0119garnia internetowa\",\"potentialAction\":[{\"@type\":\"SearchAction\",\"target\":{\"@type\":\"EntryPoint\",\"urlTemplate\":\"https:\\\/\\\/foliobooks.pl\\\/en\\\/?s={search_term_string}\"},\"query-input\":{\"@type\":\"PropertyValueSpecification\",\"valueRequired\":true,\"valueName\":\"search_term_string\"}}],\"inLanguage\":\"en-US\"}]}<\/script>\n<!-- \/ Yoast SEO plugin. -->","yoast_head_json":{"title":"The New York Times Explorer. 100 Trips Around the World (Edited by Barbara Ireland) - book \/ album - Folio","description":"Wejd\u017a i kup ksi\u0105\u017ck\u0119 The New York Times Explorer. 100 Trips Around the World autorstwa Edited by Barbara Ireland wydan\u0105 przez TASCHEN (2022-08-10) w formacie 16,8 x 24 cm (ISBN: 9783836584173). Zapraszamy!","robots":{"index":"index","follow":"follow","max-snippet":"max-snippet:-1","max-image-preview":"max-image-preview:large","max-video-preview":"max-video-preview:-1"},"canonical":"https:\/\/foliobooks.pl\/en\/shop\/the-new-york-times-explorer-100-trips-around-the-world\/","og_locale":"en_US","og_type":"article","og_title":"The New York Times Explorer. 100 Trips Around the World (Edited by Barbara Ireland) - book \/ album - Folio","og_description":"Wejd\u017a i kup ksi\u0105\u017ck\u0119 The New York Times Explorer. 100 Trips Around the World autorstwa Edited by Barbara Ireland wydan\u0105 przez TASCHEN (2022-08-10) w formacie 16,8 x 24 cm (ISBN: 9783836584173). Zapraszamy!","og_url":"https:\/\/foliobooks.pl\/en\/shop\/the-new-york-times-explorer-100-trips-around-the-world\/","og_site_name":"Folio","article_modified_time":"2024-11-25T13:04:45+00:00","og_image":[{"width":570,"height":708,"url":"https:\/\/foliobooks.pl\/wp-content\/uploads\/2022\/12\/9783836584173.png","type":"image\/png"}],"twitter_card":"summary_large_image","twitter_misc":{"Est. reading time":"2 minutes"},"schema":{"@context":"https:\/\/schema.org","@graph":[{"@type":"WebPage","@id":"https:\/\/foliobooks.pl\/en\/shop\/the-new-york-times-explorer-100-trips-around-the-world\/","url":"https:\/\/foliobooks.pl\/en\/shop\/the-new-york-times-explorer-100-trips-around-the-world\/","name":"The New York Times Explorer. 100 Trips Around the World (Edited by Barbara Ireland) - book \/ album - Folio","isPartOf":{"@id":"https:\/\/foliobooks.pl\/en\/#website"},"primaryImageOfPage":{"@id":"https:\/\/foliobooks.pl\/en\/shop\/the-new-york-times-explorer-100-trips-around-the-world\/#primaryimage"},"image":{"@id":"https:\/\/foliobooks.pl\/en\/shop\/the-new-york-times-explorer-100-trips-around-the-world\/#primaryimage"},"thumbnailUrl":"https:\/\/foliobooks.pl\/wp-content\/uploads\/2022\/12\/9783836584173.png","datePublished":"2022-12-19T21:57:42+00:00","dateModified":"2024-11-25T13:04:45+00:00","description":"Wejd\u017a i kup ksi\u0105\u017ck\u0119 The New York Times Explorer. 100 Trips Around the World autorstwa Edited by Barbara Ireland wydan\u0105 przez TASCHEN (2022-08-10) w formacie 16,8 x 24 cm (ISBN: 9783836584173). Zapraszamy!","breadcrumb":{"@id":"https:\/\/foliobooks.pl\/en\/shop\/the-new-york-times-explorer-100-trips-around-the-world\/#breadcrumb"},"inLanguage":"en-US","potentialAction":[{"@type":"ReadAction","target":["https:\/\/foliobooks.pl\/en\/shop\/the-new-york-times-explorer-100-trips-around-the-world\/"]}]},{"@type":"ImageObject","inLanguage":"en-US","@id":"https:\/\/foliobooks.pl\/en\/shop\/the-new-york-times-explorer-100-trips-around-the-world\/#primaryimage","url":"https:\/\/foliobooks.pl\/wp-content\/uploads\/2022\/12\/9783836584173.png","contentUrl":"https:\/\/foliobooks.pl\/wp-content\/uploads\/2022\/12\/9783836584173.png","width":570,"height":708},{"@type":"BreadcrumbList","@id":"https:\/\/foliobooks.pl\/en\/shop\/the-new-york-times-explorer-100-trips-around-the-world\/#breadcrumb","itemListElement":[{"@type":"ListItem","position":1,"name":"Strona g\u0142\u00f3wna","item":"https:\/\/foliobooks.pl\/en\/"},{"@type":"ListItem","position":2,"name":"Shop","item":"https:\/\/foliobooks.pl\/en\/shop\/"},{"@type":"ListItem","position":3,"name":"The New York Times Explorer. 100 Trips Around the World"}]},{"@type":"WebSite","@id":"https:\/\/foliobooks.pl\/en\/#website","url":"https:\/\/foliobooks.pl\/en\/","name":"Folio","description":"Ksi\u0119garnia internetowa","potentialAction":[{"@type":"SearchAction","target":{"@type":"EntryPoint","urlTemplate":"https:\/\/foliobooks.pl\/en\/?s={search_term_string}"},"query-input":{"@type":"PropertyValueSpecification","valueRequired":true,"valueName":"search_term_string"}}],"inLanguage":"en-US"}]}},"_links":{"self":[{"href":"https:\/\/foliobooks.pl\/en\/wp-json\/wp\/v2\/product\/77869","targetHints":{"allow":["GET"]}}],"collection":[{"href":"https:\/\/foliobooks.pl\/en\/wp-json\/wp\/v2\/product"}],"about":[{"href":"https:\/\/foliobooks.pl\/en\/wp-json\/wp\/v2\/types\/product"}],"replies":[{"embeddable":true,"href":"https:\/\/foliobooks.pl\/en\/wp-json\/wp\/v2\/comments?post=77869"}],"wp:featuredmedia":[{"embeddable":true,"href":"https:\/\/foliobooks.pl\/en\/wp-json\/wp\/v2\/media\/77958"}],"wp:attachment":[{"href":"https:\/\/foliobooks.pl\/en\/wp-json\/wp\/v2\/media?parent=77869"}],"wp:term":[{"taxonomy":"product_brand","embeddable":true,"href":"https:\/\/foliobooks.pl\/en\/wp-json\/wp\/v2\/product_brand?post=77869"},{"taxonomy":"product_cat","embeddable":true,"href":"https:\/\/foliobooks.pl\/en\/wp-json\/wp\/v2\/product_cat?post=77869"},{"taxonomy":"product_tag","embeddable":true,"href":"https:\/\/foliobooks.pl\/en\/wp-json\/wp\/v2\/product_tag?post=77869"}],"curies":[{"name":"wp","href":"https:\/\/api.w.org\/{rel}","templated":true}]}}