{"id":77867,"date":"2022-12-19T22:53:52","date_gmt":"2022-12-19T21:53:52","guid":{"rendered":"https:\/\/foliobooks.pl\/?post_type=product&#038;p=77867"},"modified":"2025-04-15T13:34:01","modified_gmt":"2025-04-15T11:34:01","slug":"massimo-listri-cabinet-of-curiosities-40th-ed","status":"publish","type":"product","link":"https:\/\/foliobooks.pl\/en\/shop\/massimo-listri-cabinet-of-curiosities-40th-ed\/","title":{"rendered":"Massimo Listri. Cabinet of Curiosities. 40th Ed."},"content":{"rendered":"<p>The Wunderkammer, or &#8220;cabinet of curiosities,&#8221; saw collectors gathering objects from many strands of artistic, scientific, and intellectual endeavor, in an ambitious attempt to encompass all of humankind&#8217;s knowledge in a single room.<\/p>\n<p>From the Grand Duke Francesco I de&#8217; Medici and Holy Roman Emperor Rudolf II to Archduke Ferdinand II of Habsburg, these aristocratic virtuosos acquired, selected, and displayed the objects in real-life catalogues that represented the entire world-spanning architecture, interior design, painting, sculpture, gemology, geology, botany, biology and taxonomy, astrology, alchemy, anthropology, ethnography, and history.<\/p>\n<p>Marvel at the unicorn horns (narwhal tusks), gems, rare coral growths, Murano glasswork, paintings and peculiar mechanical automata. Browse through illustrations of exotic and mythical creatures and discover the famed &#8220;Coburg ivories,&#8221; an astounding collection of crafted artifacts. These collections are nothing short of a journey through time, from the Renaissance and Age of Discovery, the Mannerist and Baroque periods, up to the present day. Although many of these cabinets of curiosities no longer exist, others have been meticulously reconstructed, and new ones born.<\/p>\n<p>These marvelous cabinets of curiosities can now be explored by all in this collection. To realize this mammoth undertaking, Massimo Listri traveled to seven European countries over several decades; the result is a set of gorgeous photographs, an authoritative yet accessible introduction, and detailed commentary on each of the 19 chambers highlighting the most remarkable items in each collection. Discover how these timeless treasures both describe and defined civilization, the modern concept of the museum, and our very knowledge of the universe.<\/p>\n","protected":false},"excerpt":{"rendered":"<p>The Wunderkammer, or &#8220;cabinet of curiosities,&#8221; saw collectors gathering objects from many strands of artistic, scientific, and intellectual endeavor, in an ambitious attempt to encompass all of humankind&#8217;s knowledge in a single room. From the Grand Duke Francesco I de&#8217; Medici and Holy Roman Emperor Rudolf II to Archduke Ferdinand II of Habsburg, these aristocratic&#8230;<\/p>\n","protected":false},"featured_media":77956,"comment_status":"closed","ping_status":"closed","template":"","meta":[],"product_brand":[],"product_cat":[4522,13533,4517],"product_tag":[1702,4524,2253,1649,6121,1066],"class_list":{"0":"post-77867","1":"product","2":"type-product","3":"status-publish","4":"has-post-thumbnail","6":"product_cat-art-en","7":"product_cat-books","8":"product_cat-photography-en","9":"product_tag-artists","10":"product_tag-design-en-en","11":"product_tag-graphics","12":"product_tag-illustration","13":"product_tag-photography","14":"product_tag-portraits-en","15":"pa_author_att-antonio-paolucci-en","16":"pa_author_att-giulia-carciotto-en","17":"pa_cover-hardcover","18":"pa_format-156-x-217-cm-en","19":"pa_isbn-9783836593786-en","20":"pa_language-multi","21":"pa_pages-448-en","22":"pa_published-2023-01-14-en","23":"pa_publisher-taschen-en-en","25":"first","26":"instock","27":"sold-individually","28":"shipping-taxable","29":"purchasable","30":"product-type-simple"},"yoast_head":"<!-- This site is optimized with the Yoast SEO plugin v27.4 - https:\/\/yoast.com\/product\/yoast-seo-wordpress\/ -->\n<title>Massimo Listri. Cabinet of Curiosities. 40th Ed. (Antonio Paolucci, Giulia Carciotto) - book \/ album - Folio<\/title>\n<meta name=\"description\" content=\"Wejd\u017a i kup ksi\u0105\u017ck\u0119 Massimo Listri. Cabinet of Curiosities. 40th Ed. autorstwa Antonio Paolucci, Giulia Carciotto wydan\u0105 przez TASCHEN (2023-01-14) w formacie 15,6 x 21,7 cm (ISBN: 9783836593786). Zapraszamy!\" \/>\n<meta name=\"robots\" content=\"index, follow, max-snippet:-1, max-image-preview:large, max-video-preview:-1\" \/>\n<link rel=\"canonical\" href=\"https:\/\/foliobooks.pl\/en\/shop\/massimo-listri-cabinet-of-curiosities-40th-ed\/\" \/>\n<meta property=\"og:locale\" content=\"en_US\" \/>\n<meta property=\"og:type\" content=\"article\" \/>\n<meta property=\"og:title\" content=\"Massimo Listri. Cabinet of Curiosities. 40th Ed. (Antonio Paolucci, Giulia Carciotto) - book \/ album - Folio\" \/>\n<meta property=\"og:description\" content=\"Wejd\u017a i kup ksi\u0105\u017ck\u0119 Massimo Listri. Cabinet of Curiosities. 40th Ed. autorstwa Antonio Paolucci, Giulia Carciotto wydan\u0105 przez TASCHEN (2023-01-14) w formacie 15,6 x 21,7 cm (ISBN: 9783836593786). Zapraszamy!\" \/>\n<meta property=\"og:url\" content=\"https:\/\/foliobooks.pl\/en\/shop\/massimo-listri-cabinet-of-curiosities-40th-ed\/\" \/>\n<meta property=\"og:site_name\" content=\"Folio\" \/>\n<meta property=\"article:modified_time\" content=\"2025-04-15T11:34:01+00:00\" \/>\n<meta property=\"og:image\" content=\"https:\/\/foliobooks.pl\/wp-content\/uploads\/2022\/12\/9783836593786.png\" \/>\n\t<meta property=\"og:image:width\" content=\"570\" \/>\n\t<meta property=\"og:image:height\" content=\"708\" \/>\n\t<meta property=\"og:image:type\" content=\"image\/png\" \/>\n<meta name=\"twitter:card\" content=\"summary_large_image\" \/>\n<meta name=\"twitter:label1\" content=\"Est. reading time\" \/>\n\t<meta name=\"twitter:data1\" content=\"2 minutes\" \/>\n<script type=\"application\/ld+json\" class=\"yoast-schema-graph\">{\"@context\":\"https:\\\/\\\/schema.org\",\"@graph\":[{\"@type\":\"WebPage\",\"@id\":\"https:\\\/\\\/foliobooks.pl\\\/en\\\/shop\\\/massimo-listri-cabinet-of-curiosities-40th-ed\\\/\",\"url\":\"https:\\\/\\\/foliobooks.pl\\\/en\\\/shop\\\/massimo-listri-cabinet-of-curiosities-40th-ed\\\/\",\"name\":\"Massimo Listri. Cabinet of Curiosities. 40th Ed. (Antonio Paolucci, Giulia Carciotto) - book \\\/ album - Folio\",\"isPartOf\":{\"@id\":\"https:\\\/\\\/foliobooks.pl\\\/en\\\/#website\"},\"primaryImageOfPage\":{\"@id\":\"https:\\\/\\\/foliobooks.pl\\\/en\\\/shop\\\/massimo-listri-cabinet-of-curiosities-40th-ed\\\/#primaryimage\"},\"image\":{\"@id\":\"https:\\\/\\\/foliobooks.pl\\\/en\\\/shop\\\/massimo-listri-cabinet-of-curiosities-40th-ed\\\/#primaryimage\"},\"thumbnailUrl\":\"https:\\\/\\\/foliobooks.pl\\\/wp-content\\\/uploads\\\/2022\\\/12\\\/9783836593786.png\",\"datePublished\":\"2022-12-19T21:53:52+00:00\",\"dateModified\":\"2025-04-15T11:34:01+00:00\",\"description\":\"Wejd\u017a i kup ksi\u0105\u017ck\u0119 Massimo Listri. Cabinet of Curiosities. 40th Ed. autorstwa Antonio Paolucci, Giulia Carciotto wydan\u0105 przez TASCHEN (2023-01-14) w formacie 15,6 x 21,7 cm (ISBN: 9783836593786). Zapraszamy!\",\"breadcrumb\":{\"@id\":\"https:\\\/\\\/foliobooks.pl\\\/en\\\/shop\\\/massimo-listri-cabinet-of-curiosities-40th-ed\\\/#breadcrumb\"},\"inLanguage\":\"en-US\",\"potentialAction\":[{\"@type\":\"ReadAction\",\"target\":[\"https:\\\/\\\/foliobooks.pl\\\/en\\\/shop\\\/massimo-listri-cabinet-of-curiosities-40th-ed\\\/\"]}]},{\"@type\":\"ImageObject\",\"inLanguage\":\"en-US\",\"@id\":\"https:\\\/\\\/foliobooks.pl\\\/en\\\/shop\\\/massimo-listri-cabinet-of-curiosities-40th-ed\\\/#primaryimage\",\"url\":\"https:\\\/\\\/foliobooks.pl\\\/wp-content\\\/uploads\\\/2022\\\/12\\\/9783836593786.png\",\"contentUrl\":\"https:\\\/\\\/foliobooks.pl\\\/wp-content\\\/uploads\\\/2022\\\/12\\\/9783836593786.png\",\"width\":570,\"height\":708},{\"@type\":\"BreadcrumbList\",\"@id\":\"https:\\\/\\\/foliobooks.pl\\\/en\\\/shop\\\/massimo-listri-cabinet-of-curiosities-40th-ed\\\/#breadcrumb\",\"itemListElement\":[{\"@type\":\"ListItem\",\"position\":1,\"name\":\"Strona g\u0142\u00f3wna\",\"item\":\"https:\\\/\\\/foliobooks.pl\\\/en\\\/\"},{\"@type\":\"ListItem\",\"position\":2,\"name\":\"Shop\",\"item\":\"https:\\\/\\\/foliobooks.pl\\\/en\\\/shop\\\/\"},{\"@type\":\"ListItem\",\"position\":3,\"name\":\"Massimo Listri. Cabinet of Curiosities. 40th Ed.\"}]},{\"@type\":\"WebSite\",\"@id\":\"https:\\\/\\\/foliobooks.pl\\\/en\\\/#website\",\"url\":\"https:\\\/\\\/foliobooks.pl\\\/en\\\/\",\"name\":\"Folio\",\"description\":\"Ksi\u0119garnia internetowa\",\"potentialAction\":[{\"@type\":\"SearchAction\",\"target\":{\"@type\":\"EntryPoint\",\"urlTemplate\":\"https:\\\/\\\/foliobooks.pl\\\/en\\\/?s={search_term_string}\"},\"query-input\":{\"@type\":\"PropertyValueSpecification\",\"valueRequired\":true,\"valueName\":\"search_term_string\"}}],\"inLanguage\":\"en-US\"}]}<\/script>\n<!-- \/ Yoast SEO plugin. -->","yoast_head_json":{"title":"Massimo Listri. Cabinet of Curiosities. 40th Ed. (Antonio Paolucci, Giulia Carciotto) - book \/ album - Folio","description":"Wejd\u017a i kup ksi\u0105\u017ck\u0119 Massimo Listri. Cabinet of Curiosities. 40th Ed. autorstwa Antonio Paolucci, Giulia Carciotto wydan\u0105 przez TASCHEN (2023-01-14) w formacie 15,6 x 21,7 cm (ISBN: 9783836593786). Zapraszamy!","robots":{"index":"index","follow":"follow","max-snippet":"max-snippet:-1","max-image-preview":"max-image-preview:large","max-video-preview":"max-video-preview:-1"},"canonical":"https:\/\/foliobooks.pl\/en\/shop\/massimo-listri-cabinet-of-curiosities-40th-ed\/","og_locale":"en_US","og_type":"article","og_title":"Massimo Listri. Cabinet of Curiosities. 40th Ed. (Antonio Paolucci, Giulia Carciotto) - book \/ album - Folio","og_description":"Wejd\u017a i kup ksi\u0105\u017ck\u0119 Massimo Listri. Cabinet of Curiosities. 40th Ed. autorstwa Antonio Paolucci, Giulia Carciotto wydan\u0105 przez TASCHEN (2023-01-14) w formacie 15,6 x 21,7 cm (ISBN: 9783836593786). Zapraszamy!","og_url":"https:\/\/foliobooks.pl\/en\/shop\/massimo-listri-cabinet-of-curiosities-40th-ed\/","og_site_name":"Folio","article_modified_time":"2025-04-15T11:34:01+00:00","og_image":[{"width":570,"height":708,"url":"https:\/\/foliobooks.pl\/wp-content\/uploads\/2022\/12\/9783836593786.png","type":"image\/png"}],"twitter_card":"summary_large_image","twitter_misc":{"Est. reading time":"2 minutes"},"schema":{"@context":"https:\/\/schema.org","@graph":[{"@type":"WebPage","@id":"https:\/\/foliobooks.pl\/en\/shop\/massimo-listri-cabinet-of-curiosities-40th-ed\/","url":"https:\/\/foliobooks.pl\/en\/shop\/massimo-listri-cabinet-of-curiosities-40th-ed\/","name":"Massimo Listri. Cabinet of Curiosities. 40th Ed. (Antonio Paolucci, Giulia Carciotto) - book \/ album - Folio","isPartOf":{"@id":"https:\/\/foliobooks.pl\/en\/#website"},"primaryImageOfPage":{"@id":"https:\/\/foliobooks.pl\/en\/shop\/massimo-listri-cabinet-of-curiosities-40th-ed\/#primaryimage"},"image":{"@id":"https:\/\/foliobooks.pl\/en\/shop\/massimo-listri-cabinet-of-curiosities-40th-ed\/#primaryimage"},"thumbnailUrl":"https:\/\/foliobooks.pl\/wp-content\/uploads\/2022\/12\/9783836593786.png","datePublished":"2022-12-19T21:53:52+00:00","dateModified":"2025-04-15T11:34:01+00:00","description":"Wejd\u017a i kup ksi\u0105\u017ck\u0119 Massimo Listri. Cabinet of Curiosities. 40th Ed. autorstwa Antonio Paolucci, Giulia Carciotto wydan\u0105 przez TASCHEN (2023-01-14) w formacie 15,6 x 21,7 cm (ISBN: 9783836593786). Zapraszamy!","breadcrumb":{"@id":"https:\/\/foliobooks.pl\/en\/shop\/massimo-listri-cabinet-of-curiosities-40th-ed\/#breadcrumb"},"inLanguage":"en-US","potentialAction":[{"@type":"ReadAction","target":["https:\/\/foliobooks.pl\/en\/shop\/massimo-listri-cabinet-of-curiosities-40th-ed\/"]}]},{"@type":"ImageObject","inLanguage":"en-US","@id":"https:\/\/foliobooks.pl\/en\/shop\/massimo-listri-cabinet-of-curiosities-40th-ed\/#primaryimage","url":"https:\/\/foliobooks.pl\/wp-content\/uploads\/2022\/12\/9783836593786.png","contentUrl":"https:\/\/foliobooks.pl\/wp-content\/uploads\/2022\/12\/9783836593786.png","width":570,"height":708},{"@type":"BreadcrumbList","@id":"https:\/\/foliobooks.pl\/en\/shop\/massimo-listri-cabinet-of-curiosities-40th-ed\/#breadcrumb","itemListElement":[{"@type":"ListItem","position":1,"name":"Strona g\u0142\u00f3wna","item":"https:\/\/foliobooks.pl\/en\/"},{"@type":"ListItem","position":2,"name":"Shop","item":"https:\/\/foliobooks.pl\/en\/shop\/"},{"@type":"ListItem","position":3,"name":"Massimo Listri. Cabinet of Curiosities. 40th Ed."}]},{"@type":"WebSite","@id":"https:\/\/foliobooks.pl\/en\/#website","url":"https:\/\/foliobooks.pl\/en\/","name":"Folio","description":"Ksi\u0119garnia internetowa","potentialAction":[{"@type":"SearchAction","target":{"@type":"EntryPoint","urlTemplate":"https:\/\/foliobooks.pl\/en\/?s={search_term_string}"},"query-input":{"@type":"PropertyValueSpecification","valueRequired":true,"valueName":"search_term_string"}}],"inLanguage":"en-US"}]}},"_links":{"self":[{"href":"https:\/\/foliobooks.pl\/en\/wp-json\/wp\/v2\/product\/77867","targetHints":{"allow":["GET"]}}],"collection":[{"href":"https:\/\/foliobooks.pl\/en\/wp-json\/wp\/v2\/product"}],"about":[{"href":"https:\/\/foliobooks.pl\/en\/wp-json\/wp\/v2\/types\/product"}],"replies":[{"embeddable":true,"href":"https:\/\/foliobooks.pl\/en\/wp-json\/wp\/v2\/comments?post=77867"}],"wp:featuredmedia":[{"embeddable":true,"href":"https:\/\/foliobooks.pl\/en\/wp-json\/wp\/v2\/media\/77956"}],"wp:attachment":[{"href":"https:\/\/foliobooks.pl\/en\/wp-json\/wp\/v2\/media?parent=77867"}],"wp:term":[{"taxonomy":"product_brand","embeddable":true,"href":"https:\/\/foliobooks.pl\/en\/wp-json\/wp\/v2\/product_brand?post=77867"},{"taxonomy":"product_cat","embeddable":true,"href":"https:\/\/foliobooks.pl\/en\/wp-json\/wp\/v2\/product_cat?post=77867"},{"taxonomy":"product_tag","embeddable":true,"href":"https:\/\/foliobooks.pl\/en\/wp-json\/wp\/v2\/product_tag?post=77867"}],"curies":[{"name":"wp","href":"https:\/\/api.w.org\/{rel}","templated":true}]}}