{"id":77784,"date":"2022-12-19T22:44:46","date_gmt":"2022-12-19T21:44:46","guid":{"rendered":"https:\/\/foliobooks.pl\/?post_type=product&#038;p=77784"},"modified":"2025-10-16T16:38:28","modified_gmt":"2025-10-16T14:38:28","slug":"house-beautiful-live-colorfully","status":"publish","type":"product","link":"https:\/\/foliobooks.pl\/en\/shop\/house-beautiful-live-colorfully\/","title":{"rendered":"House Beautiful. Live Colorfully"},"content":{"rendered":"<p>An inspiring, accessible collection of the colorful interiors at the heart of the House Beautiful brandHouse Beautiful: Live Colorfully showcases a wide range of colorful homes, with an emphasis on spaces that have a distinctive &#8220;color point of view.&#8221; Maybe it&#8217;s how to pair multiple bright paints in one room, or how to build a palette from a prized textile or wallcovering-no color is off-limits. In addition to super-pigmented lacquers and a rainbow of pastels, chapters also feature neutrals such as an all-wood interior and a home in creams and whites that still has tons of personality. Each of these homes are shown across multiple spreads that feature highlights from both the interiors and exteriors. Additionally, sidebars sprinkled throughout offer a wide array of tips for both the novice and expert interior designer, including smart paint pairings, how to read a room&#8217;s light before committing to a color, how to stencil paint onto a wall, and much more. House Beautiful: Live Colorfully will be a timeless collection of inspiring homes with all of the unexpected takeaways that readers of the magazine have loved for years.<\/p>\n","protected":false},"excerpt":{"rendered":"<p>An inspiring, accessible collection of the colorful interiors at the heart of the House Beautiful brandHouse Beautiful: Live Colorfully showcases a wide range of colorful homes, with an emphasis on spaces that have a distinctive &#8220;color point of view.&#8221; Maybe it&#8217;s how to pair multiple bright paints in one room, or how to build a&#8230;<\/p>\n","protected":false},"featured_media":77950,"comment_status":"closed","ping_status":"closed","template":"","meta":[],"product_brand":[],"product_cat":[13533,4517],"product_tag":[157,6125,6121,18135],"class_list":{"0":"post-77784","1":"product","2":"type-product","3":"status-publish","4":"has-post-thumbnail","6":"product_cat-books","7":"product_cat-photography-en","8":"product_tag-designers","9":"product_tag-fashion","10":"product_tag-photography","11":"product_tag-wystroj-wnetrz-en","12":"pa_author_att-editors-of-hb-en","13":"pa_cover-hardcover","14":"pa_format-216-x-254-cm-en","15":"pa_isbn-9781419762864-en","16":"pa_language-eng","17":"pa_pages-256-en-2","18":"pa_published-2022-11-01-en","19":"pa_publisher-abrams-en","21":"first","22":"outofstock","23":"sale","24":"sold-individually","25":"shipping-taxable","26":"purchasable","27":"product-type-simple"},"yoast_head":"<!-- This site is optimized with the Yoast SEO plugin v27.4 - https:\/\/yoast.com\/product\/yoast-seo-wordpress\/ -->\n<title>House Beautiful. Live Colorfully (Editors of HB) - book \/ album - Folio<\/title>\n<meta name=\"description\" content=\"Wejd\u017a i kup ksi\u0105\u017ck\u0119 House Beautiful. Live Colorfully autorstwa Editors of HB wydan\u0105 przez ABRAMS (2022-11-01) w formacie 21,6 x 25,4 cm (ISBN: 9781419762864). Zapraszamy!\" \/>\n<meta name=\"robots\" content=\"index, follow, max-snippet:-1, max-image-preview:large, max-video-preview:-1\" \/>\n<link rel=\"canonical\" href=\"https:\/\/foliobooks.pl\/en\/shop\/house-beautiful-live-colorfully\/\" \/>\n<meta property=\"og:locale\" content=\"en_US\" \/>\n<meta property=\"og:type\" content=\"article\" \/>\n<meta property=\"og:title\" content=\"House Beautiful. Live Colorfully (Editors of HB) - book \/ album - Folio\" \/>\n<meta property=\"og:description\" content=\"Wejd\u017a i kup ksi\u0105\u017ck\u0119 House Beautiful. Live Colorfully autorstwa Editors of HB wydan\u0105 przez ABRAMS (2022-11-01) w formacie 21,6 x 25,4 cm (ISBN: 9781419762864). Zapraszamy!\" \/>\n<meta property=\"og:url\" content=\"https:\/\/foliobooks.pl\/en\/shop\/house-beautiful-live-colorfully\/\" \/>\n<meta property=\"og:site_name\" content=\"Folio\" \/>\n<meta property=\"article:modified_time\" content=\"2025-10-16T14:38:28+00:00\" \/>\n<meta property=\"og:image\" content=\"https:\/\/foliobooks.pl\/wp-content\/uploads\/2022\/12\/9781419762864.png\" \/>\n\t<meta property=\"og:image:width\" content=\"570\" \/>\n\t<meta property=\"og:image:height\" content=\"708\" \/>\n\t<meta property=\"og:image:type\" content=\"image\/png\" \/>\n<meta name=\"twitter:card\" content=\"summary_large_image\" \/>\n<meta name=\"twitter:label1\" content=\"Est. reading time\" \/>\n\t<meta name=\"twitter:data1\" content=\"2 minutes\" \/>\n<script type=\"application\/ld+json\" class=\"yoast-schema-graph\">{\"@context\":\"https:\\\/\\\/schema.org\",\"@graph\":[{\"@type\":\"WebPage\",\"@id\":\"https:\\\/\\\/foliobooks.pl\\\/en\\\/shop\\\/house-beautiful-live-colorfully\\\/\",\"url\":\"https:\\\/\\\/foliobooks.pl\\\/en\\\/shop\\\/house-beautiful-live-colorfully\\\/\",\"name\":\"House Beautiful. Live Colorfully (Editors of HB) - book \\\/ album - Folio\",\"isPartOf\":{\"@id\":\"https:\\\/\\\/foliobooks.pl\\\/en\\\/#website\"},\"primaryImageOfPage\":{\"@id\":\"https:\\\/\\\/foliobooks.pl\\\/en\\\/shop\\\/house-beautiful-live-colorfully\\\/#primaryimage\"},\"image\":{\"@id\":\"https:\\\/\\\/foliobooks.pl\\\/en\\\/shop\\\/house-beautiful-live-colorfully\\\/#primaryimage\"},\"thumbnailUrl\":\"https:\\\/\\\/foliobooks.pl\\\/wp-content\\\/uploads\\\/2022\\\/12\\\/9781419762864.png\",\"datePublished\":\"2022-12-19T21:44:46+00:00\",\"dateModified\":\"2025-10-16T14:38:28+00:00\",\"description\":\"Wejd\u017a i kup ksi\u0105\u017ck\u0119 House Beautiful. Live Colorfully autorstwa Editors of HB wydan\u0105 przez ABRAMS (2022-11-01) w formacie 21,6 x 25,4 cm (ISBN: 9781419762864). Zapraszamy!\",\"breadcrumb\":{\"@id\":\"https:\\\/\\\/foliobooks.pl\\\/en\\\/shop\\\/house-beautiful-live-colorfully\\\/#breadcrumb\"},\"inLanguage\":\"en-US\",\"potentialAction\":[{\"@type\":\"ReadAction\",\"target\":[\"https:\\\/\\\/foliobooks.pl\\\/en\\\/shop\\\/house-beautiful-live-colorfully\\\/\"]}]},{\"@type\":\"ImageObject\",\"inLanguage\":\"en-US\",\"@id\":\"https:\\\/\\\/foliobooks.pl\\\/en\\\/shop\\\/house-beautiful-live-colorfully\\\/#primaryimage\",\"url\":\"https:\\\/\\\/foliobooks.pl\\\/wp-content\\\/uploads\\\/2022\\\/12\\\/9781419762864.png\",\"contentUrl\":\"https:\\\/\\\/foliobooks.pl\\\/wp-content\\\/uploads\\\/2022\\\/12\\\/9781419762864.png\",\"width\":570,\"height\":708},{\"@type\":\"BreadcrumbList\",\"@id\":\"https:\\\/\\\/foliobooks.pl\\\/en\\\/shop\\\/house-beautiful-live-colorfully\\\/#breadcrumb\",\"itemListElement\":[{\"@type\":\"ListItem\",\"position\":1,\"name\":\"Strona g\u0142\u00f3wna\",\"item\":\"https:\\\/\\\/foliobooks.pl\\\/en\\\/\"},{\"@type\":\"ListItem\",\"position\":2,\"name\":\"Shop\",\"item\":\"https:\\\/\\\/foliobooks.pl\\\/en\\\/shop\\\/\"},{\"@type\":\"ListItem\",\"position\":3,\"name\":\"House Beautiful. Live Colorfully\"}]},{\"@type\":\"WebSite\",\"@id\":\"https:\\\/\\\/foliobooks.pl\\\/en\\\/#website\",\"url\":\"https:\\\/\\\/foliobooks.pl\\\/en\\\/\",\"name\":\"Folio\",\"description\":\"Ksi\u0119garnia internetowa\",\"potentialAction\":[{\"@type\":\"SearchAction\",\"target\":{\"@type\":\"EntryPoint\",\"urlTemplate\":\"https:\\\/\\\/foliobooks.pl\\\/en\\\/?s={search_term_string}\"},\"query-input\":{\"@type\":\"PropertyValueSpecification\",\"valueRequired\":true,\"valueName\":\"search_term_string\"}}],\"inLanguage\":\"en-US\"}]}<\/script>\n<!-- \/ Yoast SEO plugin. -->","yoast_head_json":{"title":"House Beautiful. Live Colorfully (Editors of HB) - book \/ album - Folio","description":"Wejd\u017a i kup ksi\u0105\u017ck\u0119 House Beautiful. Live Colorfully autorstwa Editors of HB wydan\u0105 przez ABRAMS (2022-11-01) w formacie 21,6 x 25,4 cm (ISBN: 9781419762864). Zapraszamy!","robots":{"index":"index","follow":"follow","max-snippet":"max-snippet:-1","max-image-preview":"max-image-preview:large","max-video-preview":"max-video-preview:-1"},"canonical":"https:\/\/foliobooks.pl\/en\/shop\/house-beautiful-live-colorfully\/","og_locale":"en_US","og_type":"article","og_title":"House Beautiful. Live Colorfully (Editors of HB) - book \/ album - Folio","og_description":"Wejd\u017a i kup ksi\u0105\u017ck\u0119 House Beautiful. Live Colorfully autorstwa Editors of HB wydan\u0105 przez ABRAMS (2022-11-01) w formacie 21,6 x 25,4 cm (ISBN: 9781419762864). Zapraszamy!","og_url":"https:\/\/foliobooks.pl\/en\/shop\/house-beautiful-live-colorfully\/","og_site_name":"Folio","article_modified_time":"2025-10-16T14:38:28+00:00","og_image":[{"width":570,"height":708,"url":"https:\/\/foliobooks.pl\/wp-content\/uploads\/2022\/12\/9781419762864.png","type":"image\/png"}],"twitter_card":"summary_large_image","twitter_misc":{"Est. reading time":"2 minutes"},"schema":{"@context":"https:\/\/schema.org","@graph":[{"@type":"WebPage","@id":"https:\/\/foliobooks.pl\/en\/shop\/house-beautiful-live-colorfully\/","url":"https:\/\/foliobooks.pl\/en\/shop\/house-beautiful-live-colorfully\/","name":"House Beautiful. Live Colorfully (Editors of HB) - book \/ album - Folio","isPartOf":{"@id":"https:\/\/foliobooks.pl\/en\/#website"},"primaryImageOfPage":{"@id":"https:\/\/foliobooks.pl\/en\/shop\/house-beautiful-live-colorfully\/#primaryimage"},"image":{"@id":"https:\/\/foliobooks.pl\/en\/shop\/house-beautiful-live-colorfully\/#primaryimage"},"thumbnailUrl":"https:\/\/foliobooks.pl\/wp-content\/uploads\/2022\/12\/9781419762864.png","datePublished":"2022-12-19T21:44:46+00:00","dateModified":"2025-10-16T14:38:28+00:00","description":"Wejd\u017a i kup ksi\u0105\u017ck\u0119 House Beautiful. Live Colorfully autorstwa Editors of HB wydan\u0105 przez ABRAMS (2022-11-01) w formacie 21,6 x 25,4 cm (ISBN: 9781419762864). Zapraszamy!","breadcrumb":{"@id":"https:\/\/foliobooks.pl\/en\/shop\/house-beautiful-live-colorfully\/#breadcrumb"},"inLanguage":"en-US","potentialAction":[{"@type":"ReadAction","target":["https:\/\/foliobooks.pl\/en\/shop\/house-beautiful-live-colorfully\/"]}]},{"@type":"ImageObject","inLanguage":"en-US","@id":"https:\/\/foliobooks.pl\/en\/shop\/house-beautiful-live-colorfully\/#primaryimage","url":"https:\/\/foliobooks.pl\/wp-content\/uploads\/2022\/12\/9781419762864.png","contentUrl":"https:\/\/foliobooks.pl\/wp-content\/uploads\/2022\/12\/9781419762864.png","width":570,"height":708},{"@type":"BreadcrumbList","@id":"https:\/\/foliobooks.pl\/en\/shop\/house-beautiful-live-colorfully\/#breadcrumb","itemListElement":[{"@type":"ListItem","position":1,"name":"Strona g\u0142\u00f3wna","item":"https:\/\/foliobooks.pl\/en\/"},{"@type":"ListItem","position":2,"name":"Shop","item":"https:\/\/foliobooks.pl\/en\/shop\/"},{"@type":"ListItem","position":3,"name":"House Beautiful. Live Colorfully"}]},{"@type":"WebSite","@id":"https:\/\/foliobooks.pl\/en\/#website","url":"https:\/\/foliobooks.pl\/en\/","name":"Folio","description":"Ksi\u0119garnia internetowa","potentialAction":[{"@type":"SearchAction","target":{"@type":"EntryPoint","urlTemplate":"https:\/\/foliobooks.pl\/en\/?s={search_term_string}"},"query-input":{"@type":"PropertyValueSpecification","valueRequired":true,"valueName":"search_term_string"}}],"inLanguage":"en-US"}]}},"_links":{"self":[{"href":"https:\/\/foliobooks.pl\/en\/wp-json\/wp\/v2\/product\/77784","targetHints":{"allow":["GET"]}}],"collection":[{"href":"https:\/\/foliobooks.pl\/en\/wp-json\/wp\/v2\/product"}],"about":[{"href":"https:\/\/foliobooks.pl\/en\/wp-json\/wp\/v2\/types\/product"}],"replies":[{"embeddable":true,"href":"https:\/\/foliobooks.pl\/en\/wp-json\/wp\/v2\/comments?post=77784"}],"wp:featuredmedia":[{"embeddable":true,"href":"https:\/\/foliobooks.pl\/en\/wp-json\/wp\/v2\/media\/77950"}],"wp:attachment":[{"href":"https:\/\/foliobooks.pl\/en\/wp-json\/wp\/v2\/media?parent=77784"}],"wp:term":[{"taxonomy":"product_brand","embeddable":true,"href":"https:\/\/foliobooks.pl\/en\/wp-json\/wp\/v2\/product_brand?post=77784"},{"taxonomy":"product_cat","embeddable":true,"href":"https:\/\/foliobooks.pl\/en\/wp-json\/wp\/v2\/product_cat?post=77784"},{"taxonomy":"product_tag","embeddable":true,"href":"https:\/\/foliobooks.pl\/en\/wp-json\/wp\/v2\/product_tag?post=77784"}],"curies":[{"name":"wp","href":"https:\/\/api.w.org\/{rel}","templated":true}]}}