{"id":77774,"date":"2022-12-19T22:38:48","date_gmt":"2022-12-19T21:38:48","guid":{"rendered":"https:\/\/foliobooks.pl\/?post_type=product&#038;p=77774"},"modified":"2025-10-16T16:31:50","modified_gmt":"2025-10-16T14:31:50","slug":"life-in-plastik","status":"publish","type":"product","link":"https:\/\/foliobooks.pl\/en\/shop\/life-in-plastik\/","title":{"rendered":"Life in Plastik"},"content":{"rendered":"<p>Beirut born and based visual artist and creative director Eli Rezkallah founded the visual arts magazine Plastik in 2009. It was unlike anything that had been produced in the Middle East previously, with photographs of drag queens, nudity, bold colour, dramatic staging, and cutting edge visual stories by himself and other artists. In addition to the magazine, Plastik is now a studio, a gallery, and a social media presence. This book is a best-of celebration of Eli Rezkallah&#8217;s work from Plastik, capturing his accessible, provocative, and socially astute work in a single volume.<\/p>\n","protected":false},"excerpt":{"rendered":"<p>Beirut born and based visual artist and creative director Eli Rezkallah founded the visual arts magazine Plastik in 2009. It was unlike anything that had been produced in the Middle East previously, with photographs of drag queens, nudity, bold colour, dramatic staging, and cutting edge visual stories by himself and other artists. In addition to&#8230;<\/p>\n","protected":false},"featured_media":77944,"comment_status":"closed","ping_status":"closed","template":"","meta":[],"product_brand":[],"product_cat":[4522,13533,4523],"product_tag":[2767,1702,979,4524,11529],"class_list":{"0":"post-77774","1":"product","2":"type-product","3":"status-publish","4":"has-post-thumbnail","6":"product_cat-art-en","7":"product_cat-books","8":"product_cat-design-en-en","9":"product_tag-art-history","10":"product_tag-artists","11":"product_tag-contemporary-art-en","12":"product_tag-design-en-en","13":"product_tag-documentary-photography-en","14":"pa_author_att-eli-rezkallah-en","15":"pa_cover-hardcover","16":"pa_format-24-x-316-cm-en","17":"pa_isbn-9789401483339-en","18":"pa_language-eng","19":"pa_pages-240-en","20":"pa_published-2022-09-15-en","21":"pa_publisher-lannoo-publishers-en","23":"first","24":"instock","25":"sale","26":"sold-individually","27":"shipping-taxable","28":"purchasable","29":"product-type-simple"},"yoast_head":"<!-- This site is optimized with the Yoast SEO plugin v27.4 - https:\/\/yoast.com\/product\/yoast-seo-wordpress\/ -->\n<title>Life in Plastik (Eli Rezkallah) - book \/ album - Folio<\/title>\n<meta name=\"description\" content=\"Wejd\u017a i kup ksi\u0105\u017ck\u0119 Life in Plastik autorstwa Eli Rezkallah wydan\u0105 przez Lannoo Publishers (2022-09-15) w formacie 24 x 31,6 cm (ISBN: 9789401483339). Zapraszamy!\" \/>\n<meta name=\"robots\" content=\"index, follow, max-snippet:-1, max-image-preview:large, max-video-preview:-1\" \/>\n<link rel=\"canonical\" href=\"https:\/\/foliobooks.pl\/en\/shop\/life-in-plastik\/\" \/>\n<meta property=\"og:locale\" content=\"en_US\" \/>\n<meta property=\"og:type\" content=\"article\" \/>\n<meta property=\"og:title\" content=\"Life in Plastik (Eli Rezkallah) - book \/ album - Folio\" \/>\n<meta property=\"og:description\" content=\"Wejd\u017a i kup ksi\u0105\u017ck\u0119 Life in Plastik autorstwa Eli Rezkallah wydan\u0105 przez Lannoo Publishers (2022-09-15) w formacie 24 x 31,6 cm (ISBN: 9789401483339). Zapraszamy!\" \/>\n<meta property=\"og:url\" content=\"https:\/\/foliobooks.pl\/en\/shop\/life-in-plastik\/\" \/>\n<meta property=\"og:site_name\" content=\"Folio\" \/>\n<meta property=\"article:modified_time\" content=\"2025-10-16T14:31:50+00:00\" \/>\n<meta property=\"og:image\" content=\"https:\/\/foliobooks.pl\/wp-content\/uploads\/2022\/12\/9789401483339.png\" \/>\n\t<meta property=\"og:image:width\" content=\"570\" \/>\n\t<meta property=\"og:image:height\" content=\"708\" \/>\n\t<meta property=\"og:image:type\" content=\"image\/png\" \/>\n<meta name=\"twitter:card\" content=\"summary_large_image\" \/>\n<meta name=\"twitter:label1\" content=\"Est. reading time\" \/>\n\t<meta name=\"twitter:data1\" content=\"1 minute\" \/>\n<script type=\"application\/ld+json\" class=\"yoast-schema-graph\">{\"@context\":\"https:\\\/\\\/schema.org\",\"@graph\":[{\"@type\":\"WebPage\",\"@id\":\"https:\\\/\\\/foliobooks.pl\\\/en\\\/shop\\\/life-in-plastik\\\/\",\"url\":\"https:\\\/\\\/foliobooks.pl\\\/en\\\/shop\\\/life-in-plastik\\\/\",\"name\":\"Life in Plastik (Eli Rezkallah) - book \\\/ album - Folio\",\"isPartOf\":{\"@id\":\"https:\\\/\\\/foliobooks.pl\\\/en\\\/#website\"},\"primaryImageOfPage\":{\"@id\":\"https:\\\/\\\/foliobooks.pl\\\/en\\\/shop\\\/life-in-plastik\\\/#primaryimage\"},\"image\":{\"@id\":\"https:\\\/\\\/foliobooks.pl\\\/en\\\/shop\\\/life-in-plastik\\\/#primaryimage\"},\"thumbnailUrl\":\"https:\\\/\\\/foliobooks.pl\\\/wp-content\\\/uploads\\\/2022\\\/12\\\/9789401483339.png\",\"datePublished\":\"2022-12-19T21:38:48+00:00\",\"dateModified\":\"2025-10-16T14:31:50+00:00\",\"description\":\"Wejd\u017a i kup ksi\u0105\u017ck\u0119 Life in Plastik autorstwa Eli Rezkallah wydan\u0105 przez Lannoo Publishers (2022-09-15) w formacie 24 x 31,6 cm (ISBN: 9789401483339). Zapraszamy!\",\"breadcrumb\":{\"@id\":\"https:\\\/\\\/foliobooks.pl\\\/en\\\/shop\\\/life-in-plastik\\\/#breadcrumb\"},\"inLanguage\":\"en-US\",\"potentialAction\":[{\"@type\":\"ReadAction\",\"target\":[\"https:\\\/\\\/foliobooks.pl\\\/en\\\/shop\\\/life-in-plastik\\\/\"]}]},{\"@type\":\"ImageObject\",\"inLanguage\":\"en-US\",\"@id\":\"https:\\\/\\\/foliobooks.pl\\\/en\\\/shop\\\/life-in-plastik\\\/#primaryimage\",\"url\":\"https:\\\/\\\/foliobooks.pl\\\/wp-content\\\/uploads\\\/2022\\\/12\\\/9789401483339.png\",\"contentUrl\":\"https:\\\/\\\/foliobooks.pl\\\/wp-content\\\/uploads\\\/2022\\\/12\\\/9789401483339.png\",\"width\":570,\"height\":708},{\"@type\":\"BreadcrumbList\",\"@id\":\"https:\\\/\\\/foliobooks.pl\\\/en\\\/shop\\\/life-in-plastik\\\/#breadcrumb\",\"itemListElement\":[{\"@type\":\"ListItem\",\"position\":1,\"name\":\"Strona g\u0142\u00f3wna\",\"item\":\"https:\\\/\\\/foliobooks.pl\\\/en\\\/\"},{\"@type\":\"ListItem\",\"position\":2,\"name\":\"Shop\",\"item\":\"https:\\\/\\\/foliobooks.pl\\\/en\\\/shop\\\/\"},{\"@type\":\"ListItem\",\"position\":3,\"name\":\"Life in Plastik\"}]},{\"@type\":\"WebSite\",\"@id\":\"https:\\\/\\\/foliobooks.pl\\\/en\\\/#website\",\"url\":\"https:\\\/\\\/foliobooks.pl\\\/en\\\/\",\"name\":\"Folio\",\"description\":\"Ksi\u0119garnia internetowa\",\"potentialAction\":[{\"@type\":\"SearchAction\",\"target\":{\"@type\":\"EntryPoint\",\"urlTemplate\":\"https:\\\/\\\/foliobooks.pl\\\/en\\\/?s={search_term_string}\"},\"query-input\":{\"@type\":\"PropertyValueSpecification\",\"valueRequired\":true,\"valueName\":\"search_term_string\"}}],\"inLanguage\":\"en-US\"}]}<\/script>\n<!-- \/ Yoast SEO plugin. -->","yoast_head_json":{"title":"Life in Plastik (Eli Rezkallah) - book \/ album - Folio","description":"Wejd\u017a i kup ksi\u0105\u017ck\u0119 Life in Plastik autorstwa Eli Rezkallah wydan\u0105 przez Lannoo Publishers (2022-09-15) w formacie 24 x 31,6 cm (ISBN: 9789401483339). Zapraszamy!","robots":{"index":"index","follow":"follow","max-snippet":"max-snippet:-1","max-image-preview":"max-image-preview:large","max-video-preview":"max-video-preview:-1"},"canonical":"https:\/\/foliobooks.pl\/en\/shop\/life-in-plastik\/","og_locale":"en_US","og_type":"article","og_title":"Life in Plastik (Eli Rezkallah) - book \/ album - Folio","og_description":"Wejd\u017a i kup ksi\u0105\u017ck\u0119 Life in Plastik autorstwa Eli Rezkallah wydan\u0105 przez Lannoo Publishers (2022-09-15) w formacie 24 x 31,6 cm (ISBN: 9789401483339). Zapraszamy!","og_url":"https:\/\/foliobooks.pl\/en\/shop\/life-in-plastik\/","og_site_name":"Folio","article_modified_time":"2025-10-16T14:31:50+00:00","og_image":[{"width":570,"height":708,"url":"https:\/\/foliobooks.pl\/wp-content\/uploads\/2022\/12\/9789401483339.png","type":"image\/png"}],"twitter_card":"summary_large_image","twitter_misc":{"Est. reading time":"1 minute"},"schema":{"@context":"https:\/\/schema.org","@graph":[{"@type":"WebPage","@id":"https:\/\/foliobooks.pl\/en\/shop\/life-in-plastik\/","url":"https:\/\/foliobooks.pl\/en\/shop\/life-in-plastik\/","name":"Life in Plastik (Eli Rezkallah) - book \/ album - Folio","isPartOf":{"@id":"https:\/\/foliobooks.pl\/en\/#website"},"primaryImageOfPage":{"@id":"https:\/\/foliobooks.pl\/en\/shop\/life-in-plastik\/#primaryimage"},"image":{"@id":"https:\/\/foliobooks.pl\/en\/shop\/life-in-plastik\/#primaryimage"},"thumbnailUrl":"https:\/\/foliobooks.pl\/wp-content\/uploads\/2022\/12\/9789401483339.png","datePublished":"2022-12-19T21:38:48+00:00","dateModified":"2025-10-16T14:31:50+00:00","description":"Wejd\u017a i kup ksi\u0105\u017ck\u0119 Life in Plastik autorstwa Eli Rezkallah wydan\u0105 przez Lannoo Publishers (2022-09-15) w formacie 24 x 31,6 cm (ISBN: 9789401483339). Zapraszamy!","breadcrumb":{"@id":"https:\/\/foliobooks.pl\/en\/shop\/life-in-plastik\/#breadcrumb"},"inLanguage":"en-US","potentialAction":[{"@type":"ReadAction","target":["https:\/\/foliobooks.pl\/en\/shop\/life-in-plastik\/"]}]},{"@type":"ImageObject","inLanguage":"en-US","@id":"https:\/\/foliobooks.pl\/en\/shop\/life-in-plastik\/#primaryimage","url":"https:\/\/foliobooks.pl\/wp-content\/uploads\/2022\/12\/9789401483339.png","contentUrl":"https:\/\/foliobooks.pl\/wp-content\/uploads\/2022\/12\/9789401483339.png","width":570,"height":708},{"@type":"BreadcrumbList","@id":"https:\/\/foliobooks.pl\/en\/shop\/life-in-plastik\/#breadcrumb","itemListElement":[{"@type":"ListItem","position":1,"name":"Strona g\u0142\u00f3wna","item":"https:\/\/foliobooks.pl\/en\/"},{"@type":"ListItem","position":2,"name":"Shop","item":"https:\/\/foliobooks.pl\/en\/shop\/"},{"@type":"ListItem","position":3,"name":"Life in Plastik"}]},{"@type":"WebSite","@id":"https:\/\/foliobooks.pl\/en\/#website","url":"https:\/\/foliobooks.pl\/en\/","name":"Folio","description":"Ksi\u0119garnia internetowa","potentialAction":[{"@type":"SearchAction","target":{"@type":"EntryPoint","urlTemplate":"https:\/\/foliobooks.pl\/en\/?s={search_term_string}"},"query-input":{"@type":"PropertyValueSpecification","valueRequired":true,"valueName":"search_term_string"}}],"inLanguage":"en-US"}]}},"_links":{"self":[{"href":"https:\/\/foliobooks.pl\/en\/wp-json\/wp\/v2\/product\/77774","targetHints":{"allow":["GET"]}}],"collection":[{"href":"https:\/\/foliobooks.pl\/en\/wp-json\/wp\/v2\/product"}],"about":[{"href":"https:\/\/foliobooks.pl\/en\/wp-json\/wp\/v2\/types\/product"}],"replies":[{"embeddable":true,"href":"https:\/\/foliobooks.pl\/en\/wp-json\/wp\/v2\/comments?post=77774"}],"wp:featuredmedia":[{"embeddable":true,"href":"https:\/\/foliobooks.pl\/en\/wp-json\/wp\/v2\/media\/77944"}],"wp:attachment":[{"href":"https:\/\/foliobooks.pl\/en\/wp-json\/wp\/v2\/media?parent=77774"}],"wp:term":[{"taxonomy":"product_brand","embeddable":true,"href":"https:\/\/foliobooks.pl\/en\/wp-json\/wp\/v2\/product_brand?post=77774"},{"taxonomy":"product_cat","embeddable":true,"href":"https:\/\/foliobooks.pl\/en\/wp-json\/wp\/v2\/product_cat?post=77774"},{"taxonomy":"product_tag","embeddable":true,"href":"https:\/\/foliobooks.pl\/en\/wp-json\/wp\/v2\/product_tag?post=77774"}],"curies":[{"name":"wp","href":"https:\/\/api.w.org\/{rel}","templated":true}]}}