{"id":77767,"date":"2022-12-19T22:33:08","date_gmt":"2022-12-19T21:33:08","guid":{"rendered":"https:\/\/foliobooks.pl\/?post_type=product&#038;p=77767"},"modified":"2023-03-15T14:14:32","modified_gmt":"2023-03-15T13:14:32","slug":"minimalism-in-photography-the-original","status":"publish","type":"product","link":"https:\/\/foliobooks.pl\/en\/shop\/minimalism-in-photography-the-original\/","title":{"rendered":"Minimalism in Photography : The Original"},"content":{"rendered":"<p>We live in turbulent times, which arouses a longing to pare down to the essentials in many people. The trend towards minimalism is reflected in the worlds of home living, environmental awareness, and mindfulness, to be sure, but it is also reflected in art and photography.<\/p>\n<p>The minimalist photographer&#8217;s eye directs the viewer&#8217;s gaze to the aesthetics of the ordinary, transforming them into something extraordinary, something inspiring. The resulting photographs always use clean lines, often arranged in geometric compositions.<\/p>\n<p>Minimalist artists such as Maria Svarbova, Maarten Rots, Matthieu Venot, and Natalie Christensen borrow their motifs from everyday life. They can be schematic depictions of topography, or purely two-dimensional, abstract compositions. Sometimes they are detailed, sometimes large-scale. The point is always reduction.<\/p>\n","protected":false},"excerpt":{"rendered":"<p>We live in turbulent times, which arouses a longing to pare down to the essentials in many people. The trend towards minimalism is reflected in the worlds of home living, environmental awareness, and mindfulness, to be sure, but it is also reflected in art and photography. The minimalist photographer&#8217;s eye directs the viewer&#8217;s gaze to&#8230;<\/p>\n","protected":false},"featured_media":77938,"comment_status":"closed","ping_status":"closed","template":"","meta":[],"product_brand":[],"product_cat":[4522,13533,4523,4517],"product_tag":[1156,6124,159,4524,6121],"class_list":{"0":"post-77767","1":"product","2":"type-product","3":"status-publish","4":"has-post-thumbnail","6":"product_cat-art-en","7":"product_cat-books","8":"product_cat-design-en-en","9":"product_cat-photography-en","10":"product_tag-appliedarts-en","11":"product_tag-architecture-en","12":"product_tag-art-movements-en","13":"product_tag-design-en-en","14":"product_tag-photography","15":"pa_author_att-edited-by-teneues-en","16":"pa_cover-hardcover","17":"pa_format-235-x-30-cm-en","18":"pa_isbn-9783961714148-en","19":"pa_language-eng-ger","20":"pa_pages-256-en-2","21":"pa_published-2022-11-01-en","22":"pa_publisher-teneues-en","24":"first","25":"outofstock","26":"sold-individually","27":"shipping-taxable","28":"purchasable","29":"product-type-simple"},"yoast_head":"<!-- This site is optimized with the Yoast SEO plugin v27.4 - https:\/\/yoast.com\/product\/yoast-seo-wordpress\/ -->\n<title>Minimalism in Photography : The Original (Edited by teNeues) - book \/ album - Folio<\/title>\n<meta name=\"description\" content=\"Wejd\u017a i kup ksi\u0105\u017ck\u0119 Minimalism in Photography : The Original autorstwa Edited by teNeues wydan\u0105 przez teNeues (2022-11-01) w formacie 23,5 x 30 cm (ISBN: 9783961714148). Zapraszamy!\" \/>\n<meta name=\"robots\" content=\"index, follow, max-snippet:-1, max-image-preview:large, max-video-preview:-1\" \/>\n<link rel=\"canonical\" href=\"https:\/\/foliobooks.pl\/en\/shop\/minimalism-in-photography-the-original\/\" \/>\n<meta property=\"og:locale\" content=\"en_US\" \/>\n<meta property=\"og:type\" content=\"article\" \/>\n<meta property=\"og:title\" content=\"Minimalism in Photography : The Original (Edited by teNeues) - book \/ album - Folio\" \/>\n<meta property=\"og:description\" content=\"Wejd\u017a i kup ksi\u0105\u017ck\u0119 Minimalism in Photography : The Original autorstwa Edited by teNeues wydan\u0105 przez teNeues (2022-11-01) w formacie 23,5 x 30 cm (ISBN: 9783961714148). Zapraszamy!\" \/>\n<meta property=\"og:url\" content=\"https:\/\/foliobooks.pl\/en\/shop\/minimalism-in-photography-the-original\/\" \/>\n<meta property=\"og:site_name\" content=\"Folio\" \/>\n<meta property=\"article:modified_time\" content=\"2023-03-15T13:14:32+00:00\" \/>\n<meta property=\"og:image\" content=\"https:\/\/foliobooks.pl\/wp-content\/uploads\/2022\/12\/9783961714148.png\" \/>\n\t<meta property=\"og:image:width\" content=\"570\" \/>\n\t<meta property=\"og:image:height\" content=\"708\" \/>\n\t<meta property=\"og:image:type\" content=\"image\/png\" \/>\n<meta name=\"twitter:card\" content=\"summary_large_image\" \/>\n<meta name=\"twitter:label1\" content=\"Est. reading time\" \/>\n\t<meta name=\"twitter:data1\" content=\"1 minute\" \/>\n<script type=\"application\/ld+json\" class=\"yoast-schema-graph\">{\"@context\":\"https:\\\/\\\/schema.org\",\"@graph\":[{\"@type\":\"WebPage\",\"@id\":\"https:\\\/\\\/foliobooks.pl\\\/en\\\/shop\\\/minimalism-in-photography-the-original\\\/\",\"url\":\"https:\\\/\\\/foliobooks.pl\\\/en\\\/shop\\\/minimalism-in-photography-the-original\\\/\",\"name\":\"Minimalism in Photography : The Original (Edited by teNeues) - book \\\/ album - Folio\",\"isPartOf\":{\"@id\":\"https:\\\/\\\/foliobooks.pl\\\/en\\\/#website\"},\"primaryImageOfPage\":{\"@id\":\"https:\\\/\\\/foliobooks.pl\\\/en\\\/shop\\\/minimalism-in-photography-the-original\\\/#primaryimage\"},\"image\":{\"@id\":\"https:\\\/\\\/foliobooks.pl\\\/en\\\/shop\\\/minimalism-in-photography-the-original\\\/#primaryimage\"},\"thumbnailUrl\":\"https:\\\/\\\/foliobooks.pl\\\/wp-content\\\/uploads\\\/2022\\\/12\\\/9783961714148.png\",\"datePublished\":\"2022-12-19T21:33:08+00:00\",\"dateModified\":\"2023-03-15T13:14:32+00:00\",\"description\":\"Wejd\u017a i kup ksi\u0105\u017ck\u0119 Minimalism in Photography : The Original autorstwa Edited by teNeues wydan\u0105 przez teNeues (2022-11-01) w formacie 23,5 x 30 cm (ISBN: 9783961714148). Zapraszamy!\",\"breadcrumb\":{\"@id\":\"https:\\\/\\\/foliobooks.pl\\\/en\\\/shop\\\/minimalism-in-photography-the-original\\\/#breadcrumb\"},\"inLanguage\":\"en-US\",\"potentialAction\":[{\"@type\":\"ReadAction\",\"target\":[\"https:\\\/\\\/foliobooks.pl\\\/en\\\/shop\\\/minimalism-in-photography-the-original\\\/\"]}]},{\"@type\":\"ImageObject\",\"inLanguage\":\"en-US\",\"@id\":\"https:\\\/\\\/foliobooks.pl\\\/en\\\/shop\\\/minimalism-in-photography-the-original\\\/#primaryimage\",\"url\":\"https:\\\/\\\/foliobooks.pl\\\/wp-content\\\/uploads\\\/2022\\\/12\\\/9783961714148.png\",\"contentUrl\":\"https:\\\/\\\/foliobooks.pl\\\/wp-content\\\/uploads\\\/2022\\\/12\\\/9783961714148.png\",\"width\":570,\"height\":708},{\"@type\":\"BreadcrumbList\",\"@id\":\"https:\\\/\\\/foliobooks.pl\\\/en\\\/shop\\\/minimalism-in-photography-the-original\\\/#breadcrumb\",\"itemListElement\":[{\"@type\":\"ListItem\",\"position\":1,\"name\":\"Strona g\u0142\u00f3wna\",\"item\":\"https:\\\/\\\/foliobooks.pl\\\/en\\\/\"},{\"@type\":\"ListItem\",\"position\":2,\"name\":\"Shop\",\"item\":\"https:\\\/\\\/foliobooks.pl\\\/en\\\/shop\\\/\"},{\"@type\":\"ListItem\",\"position\":3,\"name\":\"Minimalism in Photography : The Original\"}]},{\"@type\":\"WebSite\",\"@id\":\"https:\\\/\\\/foliobooks.pl\\\/en\\\/#website\",\"url\":\"https:\\\/\\\/foliobooks.pl\\\/en\\\/\",\"name\":\"Folio\",\"description\":\"Ksi\u0119garnia internetowa\",\"potentialAction\":[{\"@type\":\"SearchAction\",\"target\":{\"@type\":\"EntryPoint\",\"urlTemplate\":\"https:\\\/\\\/foliobooks.pl\\\/en\\\/?s={search_term_string}\"},\"query-input\":{\"@type\":\"PropertyValueSpecification\",\"valueRequired\":true,\"valueName\":\"search_term_string\"}}],\"inLanguage\":\"en-US\"}]}<\/script>\n<!-- \/ Yoast SEO plugin. -->","yoast_head_json":{"title":"Minimalism in Photography : The Original (Edited by teNeues) - book \/ album - Folio","description":"Wejd\u017a i kup ksi\u0105\u017ck\u0119 Minimalism in Photography : The Original autorstwa Edited by teNeues wydan\u0105 przez teNeues (2022-11-01) w formacie 23,5 x 30 cm (ISBN: 9783961714148). Zapraszamy!","robots":{"index":"index","follow":"follow","max-snippet":"max-snippet:-1","max-image-preview":"max-image-preview:large","max-video-preview":"max-video-preview:-1"},"canonical":"https:\/\/foliobooks.pl\/en\/shop\/minimalism-in-photography-the-original\/","og_locale":"en_US","og_type":"article","og_title":"Minimalism in Photography : The Original (Edited by teNeues) - book \/ album - Folio","og_description":"Wejd\u017a i kup ksi\u0105\u017ck\u0119 Minimalism in Photography : The Original autorstwa Edited by teNeues wydan\u0105 przez teNeues (2022-11-01) w formacie 23,5 x 30 cm (ISBN: 9783961714148). Zapraszamy!","og_url":"https:\/\/foliobooks.pl\/en\/shop\/minimalism-in-photography-the-original\/","og_site_name":"Folio","article_modified_time":"2023-03-15T13:14:32+00:00","og_image":[{"width":570,"height":708,"url":"https:\/\/foliobooks.pl\/wp-content\/uploads\/2022\/12\/9783961714148.png","type":"image\/png"}],"twitter_card":"summary_large_image","twitter_misc":{"Est. reading time":"1 minute"},"schema":{"@context":"https:\/\/schema.org","@graph":[{"@type":"WebPage","@id":"https:\/\/foliobooks.pl\/en\/shop\/minimalism-in-photography-the-original\/","url":"https:\/\/foliobooks.pl\/en\/shop\/minimalism-in-photography-the-original\/","name":"Minimalism in Photography : The Original (Edited by teNeues) - book \/ album - Folio","isPartOf":{"@id":"https:\/\/foliobooks.pl\/en\/#website"},"primaryImageOfPage":{"@id":"https:\/\/foliobooks.pl\/en\/shop\/minimalism-in-photography-the-original\/#primaryimage"},"image":{"@id":"https:\/\/foliobooks.pl\/en\/shop\/minimalism-in-photography-the-original\/#primaryimage"},"thumbnailUrl":"https:\/\/foliobooks.pl\/wp-content\/uploads\/2022\/12\/9783961714148.png","datePublished":"2022-12-19T21:33:08+00:00","dateModified":"2023-03-15T13:14:32+00:00","description":"Wejd\u017a i kup ksi\u0105\u017ck\u0119 Minimalism in Photography : The Original autorstwa Edited by teNeues wydan\u0105 przez teNeues (2022-11-01) w formacie 23,5 x 30 cm (ISBN: 9783961714148). Zapraszamy!","breadcrumb":{"@id":"https:\/\/foliobooks.pl\/en\/shop\/minimalism-in-photography-the-original\/#breadcrumb"},"inLanguage":"en-US","potentialAction":[{"@type":"ReadAction","target":["https:\/\/foliobooks.pl\/en\/shop\/minimalism-in-photography-the-original\/"]}]},{"@type":"ImageObject","inLanguage":"en-US","@id":"https:\/\/foliobooks.pl\/en\/shop\/minimalism-in-photography-the-original\/#primaryimage","url":"https:\/\/foliobooks.pl\/wp-content\/uploads\/2022\/12\/9783961714148.png","contentUrl":"https:\/\/foliobooks.pl\/wp-content\/uploads\/2022\/12\/9783961714148.png","width":570,"height":708},{"@type":"BreadcrumbList","@id":"https:\/\/foliobooks.pl\/en\/shop\/minimalism-in-photography-the-original\/#breadcrumb","itemListElement":[{"@type":"ListItem","position":1,"name":"Strona g\u0142\u00f3wna","item":"https:\/\/foliobooks.pl\/en\/"},{"@type":"ListItem","position":2,"name":"Shop","item":"https:\/\/foliobooks.pl\/en\/shop\/"},{"@type":"ListItem","position":3,"name":"Minimalism in Photography : The Original"}]},{"@type":"WebSite","@id":"https:\/\/foliobooks.pl\/en\/#website","url":"https:\/\/foliobooks.pl\/en\/","name":"Folio","description":"Ksi\u0119garnia internetowa","potentialAction":[{"@type":"SearchAction","target":{"@type":"EntryPoint","urlTemplate":"https:\/\/foliobooks.pl\/en\/?s={search_term_string}"},"query-input":{"@type":"PropertyValueSpecification","valueRequired":true,"valueName":"search_term_string"}}],"inLanguage":"en-US"}]}},"_links":{"self":[{"href":"https:\/\/foliobooks.pl\/en\/wp-json\/wp\/v2\/product\/77767","targetHints":{"allow":["GET"]}}],"collection":[{"href":"https:\/\/foliobooks.pl\/en\/wp-json\/wp\/v2\/product"}],"about":[{"href":"https:\/\/foliobooks.pl\/en\/wp-json\/wp\/v2\/types\/product"}],"replies":[{"embeddable":true,"href":"https:\/\/foliobooks.pl\/en\/wp-json\/wp\/v2\/comments?post=77767"}],"wp:featuredmedia":[{"embeddable":true,"href":"https:\/\/foliobooks.pl\/en\/wp-json\/wp\/v2\/media\/77938"}],"wp:attachment":[{"href":"https:\/\/foliobooks.pl\/en\/wp-json\/wp\/v2\/media?parent=77767"}],"wp:term":[{"taxonomy":"product_brand","embeddable":true,"href":"https:\/\/foliobooks.pl\/en\/wp-json\/wp\/v2\/product_brand?post=77767"},{"taxonomy":"product_cat","embeddable":true,"href":"https:\/\/foliobooks.pl\/en\/wp-json\/wp\/v2\/product_cat?post=77767"},{"taxonomy":"product_tag","embeddable":true,"href":"https:\/\/foliobooks.pl\/en\/wp-json\/wp\/v2\/product_tag?post=77767"}],"curies":[{"name":"wp","href":"https:\/\/api.w.org\/{rel}","templated":true}]}}