{"id":77744,"date":"2022-12-19T22:09:14","date_gmt":"2022-12-19T21:09:14","guid":{"rendered":"https:\/\/foliobooks.pl\/?post_type=product&#038;p=77744"},"modified":"2024-12-20T11:54:40","modified_gmt":"2024-12-20T10:54:40","slug":"an-alternative-history-of-photography","status":"publish","type":"product","link":"https:\/\/foliobooks.pl\/en\/shop\/an-alternative-history-of-photography\/","title":{"rendered":"An Alternative History of Photography"},"content":{"rendered":"<p>The real history of photography is a vast collection of inter- connected stories stretching from East Asia to West Africa, from New Zealand to Uzbekistan.<\/p>\n<p>It parallels acknowledged greats with forgotten masters, and lesser-known works with regional champions. It is a complex interplay of fine art, scientific, anthropological, documentary, and amateur traditions forged by women and men alike. Drawn from the extraordinary Solander Collection, this pioneering, alternative history of photography is based on principles of diversity and democracy, allowing famous works to be seen with fresh eyes, and giving more obscure works the platform they deserve. Images by Robert Frank, Diane Arbus, Man Ray, Ansel Adams, and Edward Weston are seen alongside those of Helen Stuart and John Lindt, early, self- trained practitioners Lady Augusta Mostyn and Major Francis Greeley, and African studio photographers Sanle Sory, Michel Kameni, and Malick Sidibe. It contains many rarities and &#8220;firsts&#8221; and spans photography&#8217;s early decades with linchpin works by Sir John Herschel, William Henry Fox Talbot, Hippolyte Bayard, and Julia Margaret Cameron.<\/p>\n<p>Contemporary in outlook, visually captivating, and with contributions from leading curators and photo historians, this book will prove essential reading for those looking for an introduction to the field, as well as informed readers looking for more complete knowledge.<\/p>\n","protected":false},"excerpt":{"rendered":"<p>The real history of photography is a vast collection of inter- connected stories stretching from East Asia to West Africa, from New Zealand to Uzbekistan. It parallels acknowledged greats with forgotten masters, and lesser-known works with regional champions. It is a complex interplay of fine art, scientific, anthropological, documentary, and amateur traditions forged by women&#8230;<\/p>\n","protected":false},"featured_media":77920,"comment_status":"closed","ping_status":"closed","template":"","meta":[],"product_brand":[],"product_cat":[13533,4517],"product_tag":[1702,1681,6632,6121],"class_list":{"0":"post-77744","1":"product","2":"type-product","3":"status-publish","4":"has-post-thumbnail","6":"product_cat-books","7":"product_cat-photography-en","8":"product_tag-artists","9":"product_tag-history","10":"product_tag-photographers","11":"product_tag-photography","12":"pa_author_att-phillip-prodger-en","13":"pa_cover-hardcover","14":"pa_format-219-x-267-cm-en","15":"pa_isbn-9783791387826-en","16":"pa_language-eng","17":"pa_pages-256-en-2","18":"pa_published-2022-11-08-en","19":"pa_publisher-prestel-en","21":"first","22":"outofstock","23":"sale","24":"sold-individually","25":"shipping-taxable","26":"purchasable","27":"product-type-simple"},"yoast_head":"<!-- This site is optimized with the Yoast SEO plugin v27.4 - https:\/\/yoast.com\/product\/yoast-seo-wordpress\/ -->\n<title>An Alternative History of Photography (Phillip Prodger) - book \/ album - Folio<\/title>\n<meta name=\"description\" content=\"Wejd\u017a i kup ksi\u0105\u017ck\u0119 An Alternative History of Photography autorstwa Phillip Prodger wydan\u0105 przez PRESTEL (2022-11-08) w formacie 21,9 x 26,7 cm (ISBN: 9783791387826). Zapraszamy!\" \/>\n<meta name=\"robots\" content=\"index, follow, max-snippet:-1, max-image-preview:large, max-video-preview:-1\" \/>\n<link rel=\"canonical\" href=\"https:\/\/foliobooks.pl\/en\/shop\/an-alternative-history-of-photography\/\" \/>\n<meta property=\"og:locale\" content=\"en_US\" \/>\n<meta property=\"og:type\" content=\"article\" \/>\n<meta property=\"og:title\" content=\"An Alternative History of Photography (Phillip Prodger) - book \/ album - Folio\" \/>\n<meta property=\"og:description\" content=\"Wejd\u017a i kup ksi\u0105\u017ck\u0119 An Alternative History of Photography autorstwa Phillip Prodger wydan\u0105 przez PRESTEL (2022-11-08) w formacie 21,9 x 26,7 cm (ISBN: 9783791387826). Zapraszamy!\" \/>\n<meta property=\"og:url\" content=\"https:\/\/foliobooks.pl\/en\/shop\/an-alternative-history-of-photography\/\" \/>\n<meta property=\"og:site_name\" content=\"Folio\" \/>\n<meta property=\"article:modified_time\" content=\"2024-12-20T10:54:40+00:00\" \/>\n<meta property=\"og:image\" content=\"https:\/\/foliobooks.pl\/wp-content\/uploads\/2022\/12\/9783791387826.png\" \/>\n\t<meta property=\"og:image:width\" content=\"570\" \/>\n\t<meta property=\"og:image:height\" content=\"708\" \/>\n\t<meta property=\"og:image:type\" content=\"image\/png\" \/>\n<meta name=\"twitter:card\" content=\"summary_large_image\" \/>\n<meta name=\"twitter:label1\" content=\"Est. reading time\" \/>\n\t<meta name=\"twitter:data1\" content=\"2 minutes\" \/>\n<script type=\"application\/ld+json\" class=\"yoast-schema-graph\">{\"@context\":\"https:\\\/\\\/schema.org\",\"@graph\":[{\"@type\":\"WebPage\",\"@id\":\"https:\\\/\\\/foliobooks.pl\\\/en\\\/shop\\\/an-alternative-history-of-photography\\\/\",\"url\":\"https:\\\/\\\/foliobooks.pl\\\/en\\\/shop\\\/an-alternative-history-of-photography\\\/\",\"name\":\"An Alternative History of Photography (Phillip Prodger) - book \\\/ album - Folio\",\"isPartOf\":{\"@id\":\"https:\\\/\\\/foliobooks.pl\\\/en\\\/#website\"},\"primaryImageOfPage\":{\"@id\":\"https:\\\/\\\/foliobooks.pl\\\/en\\\/shop\\\/an-alternative-history-of-photography\\\/#primaryimage\"},\"image\":{\"@id\":\"https:\\\/\\\/foliobooks.pl\\\/en\\\/shop\\\/an-alternative-history-of-photography\\\/#primaryimage\"},\"thumbnailUrl\":\"https:\\\/\\\/foliobooks.pl\\\/wp-content\\\/uploads\\\/2022\\\/12\\\/9783791387826.png\",\"datePublished\":\"2022-12-19T21:09:14+00:00\",\"dateModified\":\"2024-12-20T10:54:40+00:00\",\"description\":\"Wejd\u017a i kup ksi\u0105\u017ck\u0119 An Alternative History of Photography autorstwa Phillip Prodger wydan\u0105 przez PRESTEL (2022-11-08) w formacie 21,9 x 26,7 cm (ISBN: 9783791387826). Zapraszamy!\",\"breadcrumb\":{\"@id\":\"https:\\\/\\\/foliobooks.pl\\\/en\\\/shop\\\/an-alternative-history-of-photography\\\/#breadcrumb\"},\"inLanguage\":\"en-US\",\"potentialAction\":[{\"@type\":\"ReadAction\",\"target\":[\"https:\\\/\\\/foliobooks.pl\\\/en\\\/shop\\\/an-alternative-history-of-photography\\\/\"]}]},{\"@type\":\"ImageObject\",\"inLanguage\":\"en-US\",\"@id\":\"https:\\\/\\\/foliobooks.pl\\\/en\\\/shop\\\/an-alternative-history-of-photography\\\/#primaryimage\",\"url\":\"https:\\\/\\\/foliobooks.pl\\\/wp-content\\\/uploads\\\/2022\\\/12\\\/9783791387826.png\",\"contentUrl\":\"https:\\\/\\\/foliobooks.pl\\\/wp-content\\\/uploads\\\/2022\\\/12\\\/9783791387826.png\",\"width\":570,\"height\":708},{\"@type\":\"BreadcrumbList\",\"@id\":\"https:\\\/\\\/foliobooks.pl\\\/en\\\/shop\\\/an-alternative-history-of-photography\\\/#breadcrumb\",\"itemListElement\":[{\"@type\":\"ListItem\",\"position\":1,\"name\":\"Strona g\u0142\u00f3wna\",\"item\":\"https:\\\/\\\/foliobooks.pl\\\/en\\\/\"},{\"@type\":\"ListItem\",\"position\":2,\"name\":\"Shop\",\"item\":\"https:\\\/\\\/foliobooks.pl\\\/en\\\/shop\\\/\"},{\"@type\":\"ListItem\",\"position\":3,\"name\":\"An Alternative History of Photography\"}]},{\"@type\":\"WebSite\",\"@id\":\"https:\\\/\\\/foliobooks.pl\\\/en\\\/#website\",\"url\":\"https:\\\/\\\/foliobooks.pl\\\/en\\\/\",\"name\":\"Folio\",\"description\":\"Ksi\u0119garnia internetowa\",\"potentialAction\":[{\"@type\":\"SearchAction\",\"target\":{\"@type\":\"EntryPoint\",\"urlTemplate\":\"https:\\\/\\\/foliobooks.pl\\\/en\\\/?s={search_term_string}\"},\"query-input\":{\"@type\":\"PropertyValueSpecification\",\"valueRequired\":true,\"valueName\":\"search_term_string\"}}],\"inLanguage\":\"en-US\"}]}<\/script>\n<!-- \/ Yoast SEO plugin. -->","yoast_head_json":{"title":"An Alternative History of Photography (Phillip Prodger) - book \/ album - Folio","description":"Wejd\u017a i kup ksi\u0105\u017ck\u0119 An Alternative History of Photography autorstwa Phillip Prodger wydan\u0105 przez PRESTEL (2022-11-08) w formacie 21,9 x 26,7 cm (ISBN: 9783791387826). Zapraszamy!","robots":{"index":"index","follow":"follow","max-snippet":"max-snippet:-1","max-image-preview":"max-image-preview:large","max-video-preview":"max-video-preview:-1"},"canonical":"https:\/\/foliobooks.pl\/en\/shop\/an-alternative-history-of-photography\/","og_locale":"en_US","og_type":"article","og_title":"An Alternative History of Photography (Phillip Prodger) - book \/ album - Folio","og_description":"Wejd\u017a i kup ksi\u0105\u017ck\u0119 An Alternative History of Photography autorstwa Phillip Prodger wydan\u0105 przez PRESTEL (2022-11-08) w formacie 21,9 x 26,7 cm (ISBN: 9783791387826). Zapraszamy!","og_url":"https:\/\/foliobooks.pl\/en\/shop\/an-alternative-history-of-photography\/","og_site_name":"Folio","article_modified_time":"2024-12-20T10:54:40+00:00","og_image":[{"width":570,"height":708,"url":"https:\/\/foliobooks.pl\/wp-content\/uploads\/2022\/12\/9783791387826.png","type":"image\/png"}],"twitter_card":"summary_large_image","twitter_misc":{"Est. reading time":"2 minutes"},"schema":{"@context":"https:\/\/schema.org","@graph":[{"@type":"WebPage","@id":"https:\/\/foliobooks.pl\/en\/shop\/an-alternative-history-of-photography\/","url":"https:\/\/foliobooks.pl\/en\/shop\/an-alternative-history-of-photography\/","name":"An Alternative History of Photography (Phillip Prodger) - book \/ album - Folio","isPartOf":{"@id":"https:\/\/foliobooks.pl\/en\/#website"},"primaryImageOfPage":{"@id":"https:\/\/foliobooks.pl\/en\/shop\/an-alternative-history-of-photography\/#primaryimage"},"image":{"@id":"https:\/\/foliobooks.pl\/en\/shop\/an-alternative-history-of-photography\/#primaryimage"},"thumbnailUrl":"https:\/\/foliobooks.pl\/wp-content\/uploads\/2022\/12\/9783791387826.png","datePublished":"2022-12-19T21:09:14+00:00","dateModified":"2024-12-20T10:54:40+00:00","description":"Wejd\u017a i kup ksi\u0105\u017ck\u0119 An Alternative History of Photography autorstwa Phillip Prodger wydan\u0105 przez PRESTEL (2022-11-08) w formacie 21,9 x 26,7 cm (ISBN: 9783791387826). Zapraszamy!","breadcrumb":{"@id":"https:\/\/foliobooks.pl\/en\/shop\/an-alternative-history-of-photography\/#breadcrumb"},"inLanguage":"en-US","potentialAction":[{"@type":"ReadAction","target":["https:\/\/foliobooks.pl\/en\/shop\/an-alternative-history-of-photography\/"]}]},{"@type":"ImageObject","inLanguage":"en-US","@id":"https:\/\/foliobooks.pl\/en\/shop\/an-alternative-history-of-photography\/#primaryimage","url":"https:\/\/foliobooks.pl\/wp-content\/uploads\/2022\/12\/9783791387826.png","contentUrl":"https:\/\/foliobooks.pl\/wp-content\/uploads\/2022\/12\/9783791387826.png","width":570,"height":708},{"@type":"BreadcrumbList","@id":"https:\/\/foliobooks.pl\/en\/shop\/an-alternative-history-of-photography\/#breadcrumb","itemListElement":[{"@type":"ListItem","position":1,"name":"Strona g\u0142\u00f3wna","item":"https:\/\/foliobooks.pl\/en\/"},{"@type":"ListItem","position":2,"name":"Shop","item":"https:\/\/foliobooks.pl\/en\/shop\/"},{"@type":"ListItem","position":3,"name":"An Alternative History of Photography"}]},{"@type":"WebSite","@id":"https:\/\/foliobooks.pl\/en\/#website","url":"https:\/\/foliobooks.pl\/en\/","name":"Folio","description":"Ksi\u0119garnia internetowa","potentialAction":[{"@type":"SearchAction","target":{"@type":"EntryPoint","urlTemplate":"https:\/\/foliobooks.pl\/en\/?s={search_term_string}"},"query-input":{"@type":"PropertyValueSpecification","valueRequired":true,"valueName":"search_term_string"}}],"inLanguage":"en-US"}]}},"_links":{"self":[{"href":"https:\/\/foliobooks.pl\/en\/wp-json\/wp\/v2\/product\/77744","targetHints":{"allow":["GET"]}}],"collection":[{"href":"https:\/\/foliobooks.pl\/en\/wp-json\/wp\/v2\/product"}],"about":[{"href":"https:\/\/foliobooks.pl\/en\/wp-json\/wp\/v2\/types\/product"}],"replies":[{"embeddable":true,"href":"https:\/\/foliobooks.pl\/en\/wp-json\/wp\/v2\/comments?post=77744"}],"wp:featuredmedia":[{"embeddable":true,"href":"https:\/\/foliobooks.pl\/en\/wp-json\/wp\/v2\/media\/77920"}],"wp:attachment":[{"href":"https:\/\/foliobooks.pl\/en\/wp-json\/wp\/v2\/media?parent=77744"}],"wp:term":[{"taxonomy":"product_brand","embeddable":true,"href":"https:\/\/foliobooks.pl\/en\/wp-json\/wp\/v2\/product_brand?post=77744"},{"taxonomy":"product_cat","embeddable":true,"href":"https:\/\/foliobooks.pl\/en\/wp-json\/wp\/v2\/product_cat?post=77744"},{"taxonomy":"product_tag","embeddable":true,"href":"https:\/\/foliobooks.pl\/en\/wp-json\/wp\/v2\/product_tag?post=77744"}],"curies":[{"name":"wp","href":"https:\/\/api.w.org\/{rel}","templated":true}]}}