{"id":77728,"date":"2022-12-19T18:59:24","date_gmt":"2022-12-19T17:59:24","guid":{"rendered":"https:\/\/foliobooks.pl\/?post_type=product&#038;p=77728"},"modified":"2024-08-06T14:17:21","modified_gmt":"2024-08-06T12:17:21","slug":"diego-rivera-the-complete-murals","status":"publish","type":"product","link":"https:\/\/foliobooks.pl\/en\/shop\/diego-rivera-the-complete-murals\/","title":{"rendered":"Diego Rivera. The Complete Murals"},"content":{"rendered":"<p>A veritable folk hero in Latin America and Mexico&#8217;s most important artist-along with his wife, painter Frida Kahlo-Diego Rivera (1886-1957) led a passionate life devoted to art and communism. After spending the 1910s in Europe, where he surrounded himself with other artists and embraced the Cubist movement, he returned to Mexico and began to paint the large-scale murals for which he is most famous. In his murals, he addressed social and political issues relating to the working class, earning him prophetic status among the peasants of Mexico. He was invited to create works abroad, most notably in the United States, where he stirred up controversy by depicting Lenin in his mural for the Rockefeller Center in New York City (the mural was destroyed before it was finished). Rivera&#8217;s most remarkable work is his 1932 Detroit Industry, a group of 27 frescos at the Detroit Institute of Art in Michigan.<\/p>\n<p>This volume features numerous large-scale details of the murals, allowing their various components and subtleties to be closely examined. In addition to the murals is a vast selection of paintings, vintage photos, documents, and drawings from public and private collections around the world, many of which the whereabouts were previously unknown to scholars and whose inclusion here is thanks to the most intense research performed on Rivera&#8217;s work since his death. Texts include an illustrated biography and essays by prominent art historians offering interpretations of each mural. One could not ask for a more comprehensive study of Rivera&#8217;s oeuvre; finally his work is the subject of the sweeping retrospective it deserves.<\/p>\n","protected":false},"excerpt":{"rendered":"<p>A veritable folk hero in Latin America and Mexico&#8217;s most important artist-along with his wife, painter Frida Kahlo-Diego Rivera (1886-1957) led a passionate life devoted to art and communism. After spending the 1910s in Europe, where he surrounded himself with other artists and embraced the Cubist movement, he returned to Mexico and began to paint&#8230;<\/p>\n","protected":false},"featured_media":77826,"comment_status":"closed","ping_status":"closed","template":"","meta":[],"product_brand":[],"product_cat":[4522,13533],"product_tag":[1156,9083,4524,2253,6121],"class_list":{"0":"post-77728","1":"product","2":"type-product","3":"status-publish","4":"has-post-thumbnail","6":"product_cat-art-en","7":"product_cat-books","8":"product_tag-appliedarts-en","9":"product_tag-art-en","10":"product_tag-design-en-en","11":"product_tag-graphics","12":"product_tag-photography","13":"pa_author_att-luis-martin-lozano-en","14":"pa_cover-hardcover","15":"pa_format-25-x-34-cm-en","16":"pa_isbn-9783836591195-en","17":"pa_language-eng","18":"pa_pages-636-en","19":"pa_published-2022-11-21-en","20":"pa_publisher-taschen-en-en","22":"first","23":"outofstock","24":"sold-individually","25":"shipping-taxable","26":"purchasable","27":"product-type-simple"},"yoast_head":"<!-- This site is optimized with the Yoast SEO plugin v27.4 - https:\/\/yoast.com\/product\/yoast-seo-wordpress\/ -->\n<title>Diego Rivera. The Complete Murals (Luis-Mart\u00edn Lozano) - book \/ album - Folio<\/title>\n<meta name=\"description\" content=\"Wejd\u017a i kup ksi\u0105\u017ck\u0119 Diego Rivera. The Complete Murals autorstwa Luis-Mart\u00edn Lozano wydan\u0105 przez TASCHEN (2022-11-21) w formacie 25 x 34 cm (ISBN: 9783836591195). Zapraszamy!\" \/>\n<meta name=\"robots\" content=\"index, follow, max-snippet:-1, max-image-preview:large, max-video-preview:-1\" \/>\n<link rel=\"canonical\" href=\"https:\/\/foliobooks.pl\/en\/shop\/diego-rivera-the-complete-murals\/\" \/>\n<meta property=\"og:locale\" content=\"en_US\" \/>\n<meta property=\"og:type\" content=\"article\" \/>\n<meta property=\"og:title\" content=\"Diego Rivera. The Complete Murals (Luis-Mart\u00edn Lozano) - book \/ album - Folio\" \/>\n<meta property=\"og:description\" content=\"Wejd\u017a i kup ksi\u0105\u017ck\u0119 Diego Rivera. The Complete Murals autorstwa Luis-Mart\u00edn Lozano wydan\u0105 przez TASCHEN (2022-11-21) w formacie 25 x 34 cm (ISBN: 9783836591195). Zapraszamy!\" \/>\n<meta property=\"og:url\" content=\"https:\/\/foliobooks.pl\/en\/shop\/diego-rivera-the-complete-murals\/\" \/>\n<meta property=\"og:site_name\" content=\"Folio\" \/>\n<meta property=\"article:modified_time\" content=\"2024-08-06T12:17:21+00:00\" \/>\n<meta property=\"og:image\" content=\"https:\/\/foliobooks.pl\/wp-content\/uploads\/2022\/12\/9783836591195.png\" \/>\n\t<meta property=\"og:image:width\" content=\"570\" \/>\n\t<meta property=\"og:image:height\" content=\"708\" \/>\n\t<meta property=\"og:image:type\" content=\"image\/png\" \/>\n<meta name=\"twitter:card\" content=\"summary_large_image\" \/>\n<meta name=\"twitter:label1\" content=\"Est. reading time\" \/>\n\t<meta name=\"twitter:data1\" content=\"2 minutes\" \/>\n<script type=\"application\/ld+json\" class=\"yoast-schema-graph\">{\"@context\":\"https:\\\/\\\/schema.org\",\"@graph\":[{\"@type\":\"WebPage\",\"@id\":\"https:\\\/\\\/foliobooks.pl\\\/en\\\/shop\\\/diego-rivera-the-complete-murals\\\/\",\"url\":\"https:\\\/\\\/foliobooks.pl\\\/en\\\/shop\\\/diego-rivera-the-complete-murals\\\/\",\"name\":\"Diego Rivera. The Complete Murals (Luis-Mart\u00edn Lozano) - book \\\/ album - Folio\",\"isPartOf\":{\"@id\":\"https:\\\/\\\/foliobooks.pl\\\/en\\\/#website\"},\"primaryImageOfPage\":{\"@id\":\"https:\\\/\\\/foliobooks.pl\\\/en\\\/shop\\\/diego-rivera-the-complete-murals\\\/#primaryimage\"},\"image\":{\"@id\":\"https:\\\/\\\/foliobooks.pl\\\/en\\\/shop\\\/diego-rivera-the-complete-murals\\\/#primaryimage\"},\"thumbnailUrl\":\"https:\\\/\\\/foliobooks.pl\\\/wp-content\\\/uploads\\\/2022\\\/12\\\/9783836591195.png\",\"datePublished\":\"2022-12-19T17:59:24+00:00\",\"dateModified\":\"2024-08-06T12:17:21+00:00\",\"description\":\"Wejd\u017a i kup ksi\u0105\u017ck\u0119 Diego Rivera. The Complete Murals autorstwa Luis-Mart\u00edn Lozano wydan\u0105 przez TASCHEN (2022-11-21) w formacie 25 x 34 cm (ISBN: 9783836591195). Zapraszamy!\",\"breadcrumb\":{\"@id\":\"https:\\\/\\\/foliobooks.pl\\\/en\\\/shop\\\/diego-rivera-the-complete-murals\\\/#breadcrumb\"},\"inLanguage\":\"en-US\",\"potentialAction\":[{\"@type\":\"ReadAction\",\"target\":[\"https:\\\/\\\/foliobooks.pl\\\/en\\\/shop\\\/diego-rivera-the-complete-murals\\\/\"]}]},{\"@type\":\"ImageObject\",\"inLanguage\":\"en-US\",\"@id\":\"https:\\\/\\\/foliobooks.pl\\\/en\\\/shop\\\/diego-rivera-the-complete-murals\\\/#primaryimage\",\"url\":\"https:\\\/\\\/foliobooks.pl\\\/wp-content\\\/uploads\\\/2022\\\/12\\\/9783836591195.png\",\"contentUrl\":\"https:\\\/\\\/foliobooks.pl\\\/wp-content\\\/uploads\\\/2022\\\/12\\\/9783836591195.png\",\"width\":570,\"height\":708},{\"@type\":\"BreadcrumbList\",\"@id\":\"https:\\\/\\\/foliobooks.pl\\\/en\\\/shop\\\/diego-rivera-the-complete-murals\\\/#breadcrumb\",\"itemListElement\":[{\"@type\":\"ListItem\",\"position\":1,\"name\":\"Strona g\u0142\u00f3wna\",\"item\":\"https:\\\/\\\/foliobooks.pl\\\/en\\\/\"},{\"@type\":\"ListItem\",\"position\":2,\"name\":\"Shop\",\"item\":\"https:\\\/\\\/foliobooks.pl\\\/en\\\/shop\\\/\"},{\"@type\":\"ListItem\",\"position\":3,\"name\":\"Diego Rivera. The Complete Murals\"}]},{\"@type\":\"WebSite\",\"@id\":\"https:\\\/\\\/foliobooks.pl\\\/en\\\/#website\",\"url\":\"https:\\\/\\\/foliobooks.pl\\\/en\\\/\",\"name\":\"Folio\",\"description\":\"Ksi\u0119garnia internetowa\",\"potentialAction\":[{\"@type\":\"SearchAction\",\"target\":{\"@type\":\"EntryPoint\",\"urlTemplate\":\"https:\\\/\\\/foliobooks.pl\\\/en\\\/?s={search_term_string}\"},\"query-input\":{\"@type\":\"PropertyValueSpecification\",\"valueRequired\":true,\"valueName\":\"search_term_string\"}}],\"inLanguage\":\"en-US\"}]}<\/script>\n<!-- \/ Yoast SEO plugin. -->","yoast_head_json":{"title":"Diego Rivera. The Complete Murals (Luis-Mart\u00edn Lozano) - book \/ album - Folio","description":"Wejd\u017a i kup ksi\u0105\u017ck\u0119 Diego Rivera. The Complete Murals autorstwa Luis-Mart\u00edn Lozano wydan\u0105 przez TASCHEN (2022-11-21) w formacie 25 x 34 cm (ISBN: 9783836591195). Zapraszamy!","robots":{"index":"index","follow":"follow","max-snippet":"max-snippet:-1","max-image-preview":"max-image-preview:large","max-video-preview":"max-video-preview:-1"},"canonical":"https:\/\/foliobooks.pl\/en\/shop\/diego-rivera-the-complete-murals\/","og_locale":"en_US","og_type":"article","og_title":"Diego Rivera. The Complete Murals (Luis-Mart\u00edn Lozano) - book \/ album - Folio","og_description":"Wejd\u017a i kup ksi\u0105\u017ck\u0119 Diego Rivera. The Complete Murals autorstwa Luis-Mart\u00edn Lozano wydan\u0105 przez TASCHEN (2022-11-21) w formacie 25 x 34 cm (ISBN: 9783836591195). Zapraszamy!","og_url":"https:\/\/foliobooks.pl\/en\/shop\/diego-rivera-the-complete-murals\/","og_site_name":"Folio","article_modified_time":"2024-08-06T12:17:21+00:00","og_image":[{"width":570,"height":708,"url":"https:\/\/foliobooks.pl\/wp-content\/uploads\/2022\/12\/9783836591195.png","type":"image\/png"}],"twitter_card":"summary_large_image","twitter_misc":{"Est. reading time":"2 minutes"},"schema":{"@context":"https:\/\/schema.org","@graph":[{"@type":"WebPage","@id":"https:\/\/foliobooks.pl\/en\/shop\/diego-rivera-the-complete-murals\/","url":"https:\/\/foliobooks.pl\/en\/shop\/diego-rivera-the-complete-murals\/","name":"Diego Rivera. The Complete Murals (Luis-Mart\u00edn Lozano) - book \/ album - Folio","isPartOf":{"@id":"https:\/\/foliobooks.pl\/en\/#website"},"primaryImageOfPage":{"@id":"https:\/\/foliobooks.pl\/en\/shop\/diego-rivera-the-complete-murals\/#primaryimage"},"image":{"@id":"https:\/\/foliobooks.pl\/en\/shop\/diego-rivera-the-complete-murals\/#primaryimage"},"thumbnailUrl":"https:\/\/foliobooks.pl\/wp-content\/uploads\/2022\/12\/9783836591195.png","datePublished":"2022-12-19T17:59:24+00:00","dateModified":"2024-08-06T12:17:21+00:00","description":"Wejd\u017a i kup ksi\u0105\u017ck\u0119 Diego Rivera. The Complete Murals autorstwa Luis-Mart\u00edn Lozano wydan\u0105 przez TASCHEN (2022-11-21) w formacie 25 x 34 cm (ISBN: 9783836591195). Zapraszamy!","breadcrumb":{"@id":"https:\/\/foliobooks.pl\/en\/shop\/diego-rivera-the-complete-murals\/#breadcrumb"},"inLanguage":"en-US","potentialAction":[{"@type":"ReadAction","target":["https:\/\/foliobooks.pl\/en\/shop\/diego-rivera-the-complete-murals\/"]}]},{"@type":"ImageObject","inLanguage":"en-US","@id":"https:\/\/foliobooks.pl\/en\/shop\/diego-rivera-the-complete-murals\/#primaryimage","url":"https:\/\/foliobooks.pl\/wp-content\/uploads\/2022\/12\/9783836591195.png","contentUrl":"https:\/\/foliobooks.pl\/wp-content\/uploads\/2022\/12\/9783836591195.png","width":570,"height":708},{"@type":"BreadcrumbList","@id":"https:\/\/foliobooks.pl\/en\/shop\/diego-rivera-the-complete-murals\/#breadcrumb","itemListElement":[{"@type":"ListItem","position":1,"name":"Strona g\u0142\u00f3wna","item":"https:\/\/foliobooks.pl\/en\/"},{"@type":"ListItem","position":2,"name":"Shop","item":"https:\/\/foliobooks.pl\/en\/shop\/"},{"@type":"ListItem","position":3,"name":"Diego Rivera. The Complete Murals"}]},{"@type":"WebSite","@id":"https:\/\/foliobooks.pl\/en\/#website","url":"https:\/\/foliobooks.pl\/en\/","name":"Folio","description":"Ksi\u0119garnia internetowa","potentialAction":[{"@type":"SearchAction","target":{"@type":"EntryPoint","urlTemplate":"https:\/\/foliobooks.pl\/en\/?s={search_term_string}"},"query-input":{"@type":"PropertyValueSpecification","valueRequired":true,"valueName":"search_term_string"}}],"inLanguage":"en-US"}]}},"_links":{"self":[{"href":"https:\/\/foliobooks.pl\/en\/wp-json\/wp\/v2\/product\/77728","targetHints":{"allow":["GET"]}}],"collection":[{"href":"https:\/\/foliobooks.pl\/en\/wp-json\/wp\/v2\/product"}],"about":[{"href":"https:\/\/foliobooks.pl\/en\/wp-json\/wp\/v2\/types\/product"}],"replies":[{"embeddable":true,"href":"https:\/\/foliobooks.pl\/en\/wp-json\/wp\/v2\/comments?post=77728"}],"wp:featuredmedia":[{"embeddable":true,"href":"https:\/\/foliobooks.pl\/en\/wp-json\/wp\/v2\/media\/77826"}],"wp:attachment":[{"href":"https:\/\/foliobooks.pl\/en\/wp-json\/wp\/v2\/media?parent=77728"}],"wp:term":[{"taxonomy":"product_brand","embeddable":true,"href":"https:\/\/foliobooks.pl\/en\/wp-json\/wp\/v2\/product_brand?post=77728"},{"taxonomy":"product_cat","embeddable":true,"href":"https:\/\/foliobooks.pl\/en\/wp-json\/wp\/v2\/product_cat?post=77728"},{"taxonomy":"product_tag","embeddable":true,"href":"https:\/\/foliobooks.pl\/en\/wp-json\/wp\/v2\/product_tag?post=77728"}],"curies":[{"name":"wp","href":"https:\/\/api.w.org\/{rel}","templated":true}]}}