{"id":77723,"date":"2022-12-19T18:43:41","date_gmt":"2022-12-19T17:43:41","guid":{"rendered":"https:\/\/foliobooks.pl\/?post_type=product&#038;p=77723"},"modified":"2024-07-04T09:44:42","modified_gmt":"2024-07-04T07:44:42","slug":"italy-1900-a-portrait-in-color","status":"publish","type":"product","link":"https:\/\/foliobooks.pl\/en\/shop\/italy-1900-a-portrait-in-color\/","title":{"rendered":"Italy 1900. A Portrait in Color"},"content":{"rendered":"<p>\u201cYou may have the universe,\u201d composer Giuseppe Verdi once said, \u201cif I can have Italy.\u201d Back in the mid-19th century, Verdi\u2019s emotive language appealed to the patriotic sentiments of an emergent nation state. After decades of struggle and bloodshed, the movement known as Risorgimento triumphed with the 1861 proclamation of Italian Unity, assembling disparate kingdoms, territories, and borders that had hitherto been ruled by Austria, the Kingdom of Sardinia, and the Papal States.<\/p>\n<p>Today, Verdi\u2019s call to Italy resounds not only for its native patriots, but for the millions around the world who look upon this peninsula shaped like a boot and delight in a land of light, art, and sensuality. This collection is a fascinating visual document of Italy at the turn of the century, gathering photochromes and vintage colored prints.<\/p>\n<p>From coast to coast, through classical sites and Renaissance wonders, down beguiling Venetian waterways and along the dappled shores of the Amalfi coast, each evocative image impresses as much for its color clarity as for the vivid evocation of times gone by. As if in an enchanted dream, we walk an empty and dusklit St. Mark\u2019s Square, stroll the shady Uffizi courtyard alone, and find just a few horse carts pulled up in front of the Pantheon in Rome. In place of cameras, guides, and tour groups, we find ordinary traders and laborers, quiet street scenes, and humble settlements. As sunlit charms and historic reality combine, the result is an unrivaled record of this young nation that fought hard to exist, and went on to win the world\u2019s hearts.<\/p>\n","protected":false},"excerpt":{"rendered":"<p>\u201cYou may have the universe,\u201d composer Giuseppe Verdi once said, \u201cif I can have Italy.\u201d Back in the mid-19th century, Verdi\u2019s emotive language appealed to the patriotic sentiments of an emergent nation state. After decades of struggle and bloodshed, the movement known as Risorgimento triumphed with the 1861 proclamation of Italian Unity, assembling disparate kingdoms,&#8230;<\/p>\n","protected":false},"featured_media":77788,"comment_status":"closed","ping_status":"closed","template":"","meta":[],"product_brand":[],"product_cat":[4522,13533],"product_tag":[6121],"class_list":{"0":"post-77723","1":"product","2":"type-product","3":"status-publish","4":"has-post-thumbnail","6":"product_cat-art-en","7":"product_cat-books","8":"product_tag-photography","9":"pa_author_att-giovanni-fanelli-en","10":"pa_cover-hardcover","11":"pa_format-25-x-31-cm-en","12":"pa_isbn-9783836591973-en","13":"pa_language-eng-f-ger","14":"pa_pages-580-en","15":"pa_published-2022-06-04-en","16":"pa_publisher-taschen-en-en","18":"first","19":"outofstock","20":"sold-individually","21":"shipping-taxable","22":"purchasable","23":"product-type-simple"},"yoast_head":"<!-- This site is optimized with the Yoast SEO plugin v27.4 - https:\/\/yoast.com\/product\/yoast-seo-wordpress\/ -->\n<title>Italy 1900. A Portrait in Color (Giovanni Fanelli) - book \/ album - Folio<\/title>\n<meta name=\"description\" content=\"Wejd\u017a i kup ksi\u0105\u017ck\u0119 Italy 1900. A Portrait in Color autorstwa Giovanni Fanelli wydan\u0105 przez TASCHEN (2022-06-04) w formacie 25 x 31 cm (ISBN: 9783836591973). Zapraszamy!\" \/>\n<meta name=\"robots\" content=\"index, follow, max-snippet:-1, max-image-preview:large, max-video-preview:-1\" \/>\n<link rel=\"canonical\" href=\"https:\/\/foliobooks.pl\/en\/shop\/italy-1900-a-portrait-in-color\/\" \/>\n<meta property=\"og:locale\" content=\"en_US\" \/>\n<meta property=\"og:type\" content=\"article\" \/>\n<meta property=\"og:title\" content=\"Italy 1900. A Portrait in Color (Giovanni Fanelli) - book \/ album - Folio\" \/>\n<meta property=\"og:description\" content=\"Wejd\u017a i kup ksi\u0105\u017ck\u0119 Italy 1900. A Portrait in Color autorstwa Giovanni Fanelli wydan\u0105 przez TASCHEN (2022-06-04) w formacie 25 x 31 cm (ISBN: 9783836591973). Zapraszamy!\" \/>\n<meta property=\"og:url\" content=\"https:\/\/foliobooks.pl\/en\/shop\/italy-1900-a-portrait-in-color\/\" \/>\n<meta property=\"og:site_name\" content=\"Folio\" \/>\n<meta property=\"article:modified_time\" content=\"2024-07-04T07:44:42+00:00\" \/>\n<meta property=\"og:image\" content=\"https:\/\/foliobooks.pl\/wp-content\/uploads\/2022\/12\/9783836591973.png\" \/>\n\t<meta property=\"og:image:width\" content=\"570\" \/>\n\t<meta property=\"og:image:height\" content=\"708\" \/>\n\t<meta property=\"og:image:type\" content=\"image\/png\" \/>\n<meta name=\"twitter:card\" content=\"summary_large_image\" \/>\n<meta name=\"twitter:label1\" content=\"Est. reading time\" \/>\n\t<meta name=\"twitter:data1\" content=\"2 minutes\" \/>\n<script type=\"application\/ld+json\" class=\"yoast-schema-graph\">{\"@context\":\"https:\\\/\\\/schema.org\",\"@graph\":[{\"@type\":\"WebPage\",\"@id\":\"https:\\\/\\\/foliobooks.pl\\\/en\\\/shop\\\/italy-1900-a-portrait-in-color\\\/\",\"url\":\"https:\\\/\\\/foliobooks.pl\\\/en\\\/shop\\\/italy-1900-a-portrait-in-color\\\/\",\"name\":\"Italy 1900. A Portrait in Color (Giovanni Fanelli) - book \\\/ album - Folio\",\"isPartOf\":{\"@id\":\"https:\\\/\\\/foliobooks.pl\\\/en\\\/#website\"},\"primaryImageOfPage\":{\"@id\":\"https:\\\/\\\/foliobooks.pl\\\/en\\\/shop\\\/italy-1900-a-portrait-in-color\\\/#primaryimage\"},\"image\":{\"@id\":\"https:\\\/\\\/foliobooks.pl\\\/en\\\/shop\\\/italy-1900-a-portrait-in-color\\\/#primaryimage\"},\"thumbnailUrl\":\"https:\\\/\\\/foliobooks.pl\\\/wp-content\\\/uploads\\\/2022\\\/12\\\/9783836591973.png\",\"datePublished\":\"2022-12-19T17:43:41+00:00\",\"dateModified\":\"2024-07-04T07:44:42+00:00\",\"description\":\"Wejd\u017a i kup ksi\u0105\u017ck\u0119 Italy 1900. A Portrait in Color autorstwa Giovanni Fanelli wydan\u0105 przez TASCHEN (2022-06-04) w formacie 25 x 31 cm (ISBN: 9783836591973). Zapraszamy!\",\"breadcrumb\":{\"@id\":\"https:\\\/\\\/foliobooks.pl\\\/en\\\/shop\\\/italy-1900-a-portrait-in-color\\\/#breadcrumb\"},\"inLanguage\":\"en-US\",\"potentialAction\":[{\"@type\":\"ReadAction\",\"target\":[\"https:\\\/\\\/foliobooks.pl\\\/en\\\/shop\\\/italy-1900-a-portrait-in-color\\\/\"]}]},{\"@type\":\"ImageObject\",\"inLanguage\":\"en-US\",\"@id\":\"https:\\\/\\\/foliobooks.pl\\\/en\\\/shop\\\/italy-1900-a-portrait-in-color\\\/#primaryimage\",\"url\":\"https:\\\/\\\/foliobooks.pl\\\/wp-content\\\/uploads\\\/2022\\\/12\\\/9783836591973.png\",\"contentUrl\":\"https:\\\/\\\/foliobooks.pl\\\/wp-content\\\/uploads\\\/2022\\\/12\\\/9783836591973.png\",\"width\":570,\"height\":708},{\"@type\":\"BreadcrumbList\",\"@id\":\"https:\\\/\\\/foliobooks.pl\\\/en\\\/shop\\\/italy-1900-a-portrait-in-color\\\/#breadcrumb\",\"itemListElement\":[{\"@type\":\"ListItem\",\"position\":1,\"name\":\"Strona g\u0142\u00f3wna\",\"item\":\"https:\\\/\\\/foliobooks.pl\\\/en\\\/\"},{\"@type\":\"ListItem\",\"position\":2,\"name\":\"Shop\",\"item\":\"https:\\\/\\\/foliobooks.pl\\\/en\\\/shop\\\/\"},{\"@type\":\"ListItem\",\"position\":3,\"name\":\"Italy 1900. A Portrait in Color\"}]},{\"@type\":\"WebSite\",\"@id\":\"https:\\\/\\\/foliobooks.pl\\\/en\\\/#website\",\"url\":\"https:\\\/\\\/foliobooks.pl\\\/en\\\/\",\"name\":\"Folio\",\"description\":\"Ksi\u0119garnia internetowa\",\"potentialAction\":[{\"@type\":\"SearchAction\",\"target\":{\"@type\":\"EntryPoint\",\"urlTemplate\":\"https:\\\/\\\/foliobooks.pl\\\/en\\\/?s={search_term_string}\"},\"query-input\":{\"@type\":\"PropertyValueSpecification\",\"valueRequired\":true,\"valueName\":\"search_term_string\"}}],\"inLanguage\":\"en-US\"}]}<\/script>\n<!-- \/ Yoast SEO plugin. -->","yoast_head_json":{"title":"Italy 1900. A Portrait in Color (Giovanni Fanelli) - book \/ album - Folio","description":"Wejd\u017a i kup ksi\u0105\u017ck\u0119 Italy 1900. A Portrait in Color autorstwa Giovanni Fanelli wydan\u0105 przez TASCHEN (2022-06-04) w formacie 25 x 31 cm (ISBN: 9783836591973). Zapraszamy!","robots":{"index":"index","follow":"follow","max-snippet":"max-snippet:-1","max-image-preview":"max-image-preview:large","max-video-preview":"max-video-preview:-1"},"canonical":"https:\/\/foliobooks.pl\/en\/shop\/italy-1900-a-portrait-in-color\/","og_locale":"en_US","og_type":"article","og_title":"Italy 1900. A Portrait in Color (Giovanni Fanelli) - book \/ album - Folio","og_description":"Wejd\u017a i kup ksi\u0105\u017ck\u0119 Italy 1900. A Portrait in Color autorstwa Giovanni Fanelli wydan\u0105 przez TASCHEN (2022-06-04) w formacie 25 x 31 cm (ISBN: 9783836591973). Zapraszamy!","og_url":"https:\/\/foliobooks.pl\/en\/shop\/italy-1900-a-portrait-in-color\/","og_site_name":"Folio","article_modified_time":"2024-07-04T07:44:42+00:00","og_image":[{"width":570,"height":708,"url":"https:\/\/foliobooks.pl\/wp-content\/uploads\/2022\/12\/9783836591973.png","type":"image\/png"}],"twitter_card":"summary_large_image","twitter_misc":{"Est. reading time":"2 minutes"},"schema":{"@context":"https:\/\/schema.org","@graph":[{"@type":"WebPage","@id":"https:\/\/foliobooks.pl\/en\/shop\/italy-1900-a-portrait-in-color\/","url":"https:\/\/foliobooks.pl\/en\/shop\/italy-1900-a-portrait-in-color\/","name":"Italy 1900. A Portrait in Color (Giovanni Fanelli) - book \/ album - Folio","isPartOf":{"@id":"https:\/\/foliobooks.pl\/en\/#website"},"primaryImageOfPage":{"@id":"https:\/\/foliobooks.pl\/en\/shop\/italy-1900-a-portrait-in-color\/#primaryimage"},"image":{"@id":"https:\/\/foliobooks.pl\/en\/shop\/italy-1900-a-portrait-in-color\/#primaryimage"},"thumbnailUrl":"https:\/\/foliobooks.pl\/wp-content\/uploads\/2022\/12\/9783836591973.png","datePublished":"2022-12-19T17:43:41+00:00","dateModified":"2024-07-04T07:44:42+00:00","description":"Wejd\u017a i kup ksi\u0105\u017ck\u0119 Italy 1900. A Portrait in Color autorstwa Giovanni Fanelli wydan\u0105 przez TASCHEN (2022-06-04) w formacie 25 x 31 cm (ISBN: 9783836591973). Zapraszamy!","breadcrumb":{"@id":"https:\/\/foliobooks.pl\/en\/shop\/italy-1900-a-portrait-in-color\/#breadcrumb"},"inLanguage":"en-US","potentialAction":[{"@type":"ReadAction","target":["https:\/\/foliobooks.pl\/en\/shop\/italy-1900-a-portrait-in-color\/"]}]},{"@type":"ImageObject","inLanguage":"en-US","@id":"https:\/\/foliobooks.pl\/en\/shop\/italy-1900-a-portrait-in-color\/#primaryimage","url":"https:\/\/foliobooks.pl\/wp-content\/uploads\/2022\/12\/9783836591973.png","contentUrl":"https:\/\/foliobooks.pl\/wp-content\/uploads\/2022\/12\/9783836591973.png","width":570,"height":708},{"@type":"BreadcrumbList","@id":"https:\/\/foliobooks.pl\/en\/shop\/italy-1900-a-portrait-in-color\/#breadcrumb","itemListElement":[{"@type":"ListItem","position":1,"name":"Strona g\u0142\u00f3wna","item":"https:\/\/foliobooks.pl\/en\/"},{"@type":"ListItem","position":2,"name":"Shop","item":"https:\/\/foliobooks.pl\/en\/shop\/"},{"@type":"ListItem","position":3,"name":"Italy 1900. A Portrait in Color"}]},{"@type":"WebSite","@id":"https:\/\/foliobooks.pl\/en\/#website","url":"https:\/\/foliobooks.pl\/en\/","name":"Folio","description":"Ksi\u0119garnia internetowa","potentialAction":[{"@type":"SearchAction","target":{"@type":"EntryPoint","urlTemplate":"https:\/\/foliobooks.pl\/en\/?s={search_term_string}"},"query-input":{"@type":"PropertyValueSpecification","valueRequired":true,"valueName":"search_term_string"}}],"inLanguage":"en-US"}]}},"_links":{"self":[{"href":"https:\/\/foliobooks.pl\/en\/wp-json\/wp\/v2\/product\/77723","targetHints":{"allow":["GET"]}}],"collection":[{"href":"https:\/\/foliobooks.pl\/en\/wp-json\/wp\/v2\/product"}],"about":[{"href":"https:\/\/foliobooks.pl\/en\/wp-json\/wp\/v2\/types\/product"}],"replies":[{"embeddable":true,"href":"https:\/\/foliobooks.pl\/en\/wp-json\/wp\/v2\/comments?post=77723"}],"wp:featuredmedia":[{"embeddable":true,"href":"https:\/\/foliobooks.pl\/en\/wp-json\/wp\/v2\/media\/77788"}],"wp:attachment":[{"href":"https:\/\/foliobooks.pl\/en\/wp-json\/wp\/v2\/media?parent=77723"}],"wp:term":[{"taxonomy":"product_brand","embeddable":true,"href":"https:\/\/foliobooks.pl\/en\/wp-json\/wp\/v2\/product_brand?post=77723"},{"taxonomy":"product_cat","embeddable":true,"href":"https:\/\/foliobooks.pl\/en\/wp-json\/wp\/v2\/product_cat?post=77723"},{"taxonomy":"product_tag","embeddable":true,"href":"https:\/\/foliobooks.pl\/en\/wp-json\/wp\/v2\/product_tag?post=77723"}],"curies":[{"name":"wp","href":"https:\/\/api.w.org\/{rel}","templated":true}]}}