{"id":7747,"date":"2015-07-31T11:36:15","date_gmt":"2015-07-31T09:36:15","guid":{"rendered":"http:\/\/foliobooks.pl\/?post_type=product&#038;p=7747"},"modified":"2022-09-20T16:21:13","modified_gmt":"2022-09-20T14:21:13","slug":"mailer-moonfire-the-epic-journey-of-apollo-11","status":"publish","type":"product","link":"https:\/\/foliobooks.pl\/en\/shop\/mailer-moonfire-the-epic-journey-of-apollo-11\/","title":{"rendered":"Mailer. MoonFire. The Epic Journey of Apollo 11"},"content":{"rendered":"<p>It has been called the single most historic event of the 20th century: On July 20, 1969, after a decade of tests and training, supported by a staff of 400,000 engineers and scientists, and with a budget of billions, the most powerful rocket ever launched brought Neil Armstrong, Buzz Aldrin, and Michael Collins to the moon.<\/p>\n<p>Nobody captured the men, the mood, and the machinery like Norman Mailer, hired by LIFE magazine to cover the mission in a dazzling reportage he later enhanced into the brilliantly crafted book, Of a Fire on the Moon.<\/p>\n<p>Rediscover this epoch-making event with TASCHEN\u2019s adaptation of Mailer\u2019s account, now in our popular Reader&#8217;s Edition so you can really curl up and travel not just back in time, but into outer space. The text is accompanied by hundreds of photographs from the NASA vaults, the archives of LIFE, and other leading magazines of the day, documenting the development of the agency and the mission, life inside the command module and on the moon\u2019s surface, as well as the world\u2019s jubilant reaction to the landing.<\/p>\n<p>Captions by leading Apollo 11 experts explain the history and science behind the images, citing the mission log, publications of the day, and postflight astronaut interviews, while an evocative introduction by Colum McCann celebrates Mailer\u2019s incomparable skill at transforming \u201cthe science of space&#8230;the weight of history&#8230;the breadth of mythology\u201d into prose.<\/p>\n<p>The author<\/p>\n<p>Norman Mailer (1923\u20132007) was one of the 20th century\u2019s greatest and most influential writers, as well as one of America\u2019s most renowned and controversial literary figures. The best-selling author of a dozen novels and 20 works of nonfiction, he also wrote stage plays, screenplays, television miniseries, hundreds of essays, two books of poetry, and a collection of short stories. A two-time Pulitzer Prize winner, he lived in Brooklyn, New York, and Provincetown, Massachusetts.<br \/>\nThe contributing author<\/p>\n<p>Colum McCann is the author of seven books, including Let the Great World Spin. He has written for The New York Times, Atlantic Monthly, GQ, The Times (London), The Irish Times, and La Rep\u00fablica.<\/p>\n<p>About the series<\/p>\n<p>Bibliotheca Universalis \u2014 Compact cultural companions celebrating the eclectic TASCHEN universe at an unbeatable, democratic price!<br \/>\nSince we started our work as cultural archaeologists in 1980, the name TASCHEN has become synonymous with accessible, open-minded publishing. Bibliotheca Universalis brings together nearly 100 of our all-time favorite titles in a neat new format so you can curate your own affordable library of art, anthropology, and aphrodisia.<br \/>\nBookworm\u2019s delight \u2014 never bore, always excite!<\/p>\n","protected":false},"excerpt":{"rendered":"<p>It has been called the single most historic event of the 20th century: On July 20, 1969, after a decade of tests and training, supported by a staff of 400,000 engineers and scientists, and with a budget of billions, the most powerful rocket ever launched brought Neil Armstrong, Buzz Aldrin, and Michael Collins to the&#8230;<\/p>\n","protected":false},"featured_media":7763,"comment_status":"closed","ping_status":"closed","template":"","meta":[],"product_brand":[],"product_cat":[4517,4521],"product_tag":[1681,1175,514,516,1267,156],"class_list":{"0":"post-7747","1":"product","2":"type-product","3":"status-publish","4":"has-post-thumbnail","6":"product_cat-photography-en","7":"product_cat-silva-rerum-en-en","8":"product_tag-history","9":"product_tag-iconic-photographs","10":"product_tag-men-en","11":"product_tag-places-en","12":"product_tag-reportage","13":"product_tag-travel","14":"pa_author_att-norman-mailer-en","15":"pa_cover-hardcover","16":"pa_format-20-x-145-cm-en","17":"pa_isbn-9783836556224-en","18":"pa_language-eng","19":"pa_pages-616-en","20":"pa_published-2015-06-25-en","21":"pa_publisher-taschen-en-en","23":"first","24":"outofstock","25":"sold-individually","26":"shipping-taxable","27":"purchasable","28":"product-type-simple"},"yoast_head":"<!-- This site is optimized with the Yoast SEO plugin v27.4 - https:\/\/yoast.com\/product\/yoast-seo-wordpress\/ -->\n<title>Mailer. MoonFire. The Epic Journey of Apollo 11 (Norman Mailer) - book \/ album - Folio<\/title>\n<meta name=\"description\" content=\"Wejd\u017a i kup ksi\u0105\u017ck\u0119 Mailer. MoonFire. The Epic Journey of Apollo 11 autorstwa Norman Mailer wydan\u0105 przez TASCHEN (2015-06-25) w formacie 20 x 14,5 cm (ISBN: 9783836556224). Zapraszamy!\" \/>\n<meta name=\"robots\" content=\"index, follow, max-snippet:-1, max-image-preview:large, max-video-preview:-1\" \/>\n<link rel=\"canonical\" href=\"https:\/\/foliobooks.pl\/en\/shop\/mailer-moonfire-the-epic-journey-of-apollo-11\/\" \/>\n<meta property=\"og:locale\" content=\"en_US\" \/>\n<meta property=\"og:type\" content=\"article\" \/>\n<meta property=\"og:title\" content=\"Mailer. MoonFire. The Epic Journey of Apollo 11 (Norman Mailer) - book \/ album - Folio\" \/>\n<meta property=\"og:description\" content=\"Wejd\u017a i kup ksi\u0105\u017ck\u0119 Mailer. MoonFire. The Epic Journey of Apollo 11 autorstwa Norman Mailer wydan\u0105 przez TASCHEN (2015-06-25) w formacie 20 x 14,5 cm (ISBN: 9783836556224). Zapraszamy!\" \/>\n<meta property=\"og:url\" content=\"https:\/\/foliobooks.pl\/en\/shop\/mailer-moonfire-the-epic-journey-of-apollo-11\/\" \/>\n<meta property=\"og:site_name\" content=\"Folio\" \/>\n<meta property=\"article:modified_time\" content=\"2022-09-20T14:21:13+00:00\" \/>\n<meta property=\"og:image\" content=\"https:\/\/foliobooks.pl\/wp-content\/uploads\/2015\/07\/9783836556224.png\" \/>\n\t<meta property=\"og:image:width\" content=\"570\" \/>\n\t<meta property=\"og:image:height\" content=\"708\" \/>\n\t<meta property=\"og:image:type\" content=\"image\/png\" \/>\n<meta name=\"twitter:card\" content=\"summary_large_image\" \/>\n<meta name=\"twitter:label1\" content=\"Est. reading time\" \/>\n\t<meta name=\"twitter:data1\" content=\"2 minutes\" \/>\n<script type=\"application\/ld+json\" class=\"yoast-schema-graph\">{\"@context\":\"https:\\\/\\\/schema.org\",\"@graph\":[{\"@type\":\"WebPage\",\"@id\":\"https:\\\/\\\/foliobooks.pl\\\/en\\\/shop\\\/mailer-moonfire-the-epic-journey-of-apollo-11\\\/\",\"url\":\"https:\\\/\\\/foliobooks.pl\\\/en\\\/shop\\\/mailer-moonfire-the-epic-journey-of-apollo-11\\\/\",\"name\":\"Mailer. MoonFire. The Epic Journey of Apollo 11 (Norman Mailer) - book \\\/ album - Folio\",\"isPartOf\":{\"@id\":\"https:\\\/\\\/foliobooks.pl\\\/en\\\/#website\"},\"primaryImageOfPage\":{\"@id\":\"https:\\\/\\\/foliobooks.pl\\\/en\\\/shop\\\/mailer-moonfire-the-epic-journey-of-apollo-11\\\/#primaryimage\"},\"image\":{\"@id\":\"https:\\\/\\\/foliobooks.pl\\\/en\\\/shop\\\/mailer-moonfire-the-epic-journey-of-apollo-11\\\/#primaryimage\"},\"thumbnailUrl\":\"https:\\\/\\\/foliobooks.pl\\\/wp-content\\\/uploads\\\/2015\\\/07\\\/9783836556224.png\",\"datePublished\":\"2015-07-31T09:36:15+00:00\",\"dateModified\":\"2022-09-20T14:21:13+00:00\",\"description\":\"Wejd\u017a i kup ksi\u0105\u017ck\u0119 Mailer. MoonFire. The Epic Journey of Apollo 11 autorstwa Norman Mailer wydan\u0105 przez TASCHEN (2015-06-25) w formacie 20 x 14,5 cm (ISBN: 9783836556224). Zapraszamy!\",\"breadcrumb\":{\"@id\":\"https:\\\/\\\/foliobooks.pl\\\/en\\\/shop\\\/mailer-moonfire-the-epic-journey-of-apollo-11\\\/#breadcrumb\"},\"inLanguage\":\"en-US\",\"potentialAction\":[{\"@type\":\"ReadAction\",\"target\":[\"https:\\\/\\\/foliobooks.pl\\\/en\\\/shop\\\/mailer-moonfire-the-epic-journey-of-apollo-11\\\/\"]}]},{\"@type\":\"ImageObject\",\"inLanguage\":\"en-US\",\"@id\":\"https:\\\/\\\/foliobooks.pl\\\/en\\\/shop\\\/mailer-moonfire-the-epic-journey-of-apollo-11\\\/#primaryimage\",\"url\":\"https:\\\/\\\/foliobooks.pl\\\/wp-content\\\/uploads\\\/2015\\\/07\\\/9783836556224.png\",\"contentUrl\":\"https:\\\/\\\/foliobooks.pl\\\/wp-content\\\/uploads\\\/2015\\\/07\\\/9783836556224.png\",\"width\":570,\"height\":708},{\"@type\":\"BreadcrumbList\",\"@id\":\"https:\\\/\\\/foliobooks.pl\\\/en\\\/shop\\\/mailer-moonfire-the-epic-journey-of-apollo-11\\\/#breadcrumb\",\"itemListElement\":[{\"@type\":\"ListItem\",\"position\":1,\"name\":\"Strona g\u0142\u00f3wna\",\"item\":\"https:\\\/\\\/foliobooks.pl\\\/en\\\/\"},{\"@type\":\"ListItem\",\"position\":2,\"name\":\"Shop\",\"item\":\"https:\\\/\\\/foliobooks.pl\\\/en\\\/shop\\\/\"},{\"@type\":\"ListItem\",\"position\":3,\"name\":\"Mailer. MoonFire. The Epic Journey of Apollo 11\"}]},{\"@type\":\"WebSite\",\"@id\":\"https:\\\/\\\/foliobooks.pl\\\/en\\\/#website\",\"url\":\"https:\\\/\\\/foliobooks.pl\\\/en\\\/\",\"name\":\"Folio\",\"description\":\"Ksi\u0119garnia internetowa\",\"potentialAction\":[{\"@type\":\"SearchAction\",\"target\":{\"@type\":\"EntryPoint\",\"urlTemplate\":\"https:\\\/\\\/foliobooks.pl\\\/en\\\/?s={search_term_string}\"},\"query-input\":{\"@type\":\"PropertyValueSpecification\",\"valueRequired\":true,\"valueName\":\"search_term_string\"}}],\"inLanguage\":\"en-US\"}]}<\/script>\n<!-- \/ Yoast SEO plugin. -->","yoast_head_json":{"title":"Mailer. MoonFire. The Epic Journey of Apollo 11 (Norman Mailer) - book \/ album - Folio","description":"Wejd\u017a i kup ksi\u0105\u017ck\u0119 Mailer. MoonFire. The Epic Journey of Apollo 11 autorstwa Norman Mailer wydan\u0105 przez TASCHEN (2015-06-25) w formacie 20 x 14,5 cm (ISBN: 9783836556224). Zapraszamy!","robots":{"index":"index","follow":"follow","max-snippet":"max-snippet:-1","max-image-preview":"max-image-preview:large","max-video-preview":"max-video-preview:-1"},"canonical":"https:\/\/foliobooks.pl\/en\/shop\/mailer-moonfire-the-epic-journey-of-apollo-11\/","og_locale":"en_US","og_type":"article","og_title":"Mailer. MoonFire. The Epic Journey of Apollo 11 (Norman Mailer) - book \/ album - Folio","og_description":"Wejd\u017a i kup ksi\u0105\u017ck\u0119 Mailer. MoonFire. The Epic Journey of Apollo 11 autorstwa Norman Mailer wydan\u0105 przez TASCHEN (2015-06-25) w formacie 20 x 14,5 cm (ISBN: 9783836556224). Zapraszamy!","og_url":"https:\/\/foliobooks.pl\/en\/shop\/mailer-moonfire-the-epic-journey-of-apollo-11\/","og_site_name":"Folio","article_modified_time":"2022-09-20T14:21:13+00:00","og_image":[{"width":570,"height":708,"url":"https:\/\/foliobooks.pl\/wp-content\/uploads\/2015\/07\/9783836556224.png","type":"image\/png"}],"twitter_card":"summary_large_image","twitter_misc":{"Est. reading time":"2 minutes"},"schema":{"@context":"https:\/\/schema.org","@graph":[{"@type":"WebPage","@id":"https:\/\/foliobooks.pl\/en\/shop\/mailer-moonfire-the-epic-journey-of-apollo-11\/","url":"https:\/\/foliobooks.pl\/en\/shop\/mailer-moonfire-the-epic-journey-of-apollo-11\/","name":"Mailer. MoonFire. The Epic Journey of Apollo 11 (Norman Mailer) - book \/ album - Folio","isPartOf":{"@id":"https:\/\/foliobooks.pl\/en\/#website"},"primaryImageOfPage":{"@id":"https:\/\/foliobooks.pl\/en\/shop\/mailer-moonfire-the-epic-journey-of-apollo-11\/#primaryimage"},"image":{"@id":"https:\/\/foliobooks.pl\/en\/shop\/mailer-moonfire-the-epic-journey-of-apollo-11\/#primaryimage"},"thumbnailUrl":"https:\/\/foliobooks.pl\/wp-content\/uploads\/2015\/07\/9783836556224.png","datePublished":"2015-07-31T09:36:15+00:00","dateModified":"2022-09-20T14:21:13+00:00","description":"Wejd\u017a i kup ksi\u0105\u017ck\u0119 Mailer. MoonFire. The Epic Journey of Apollo 11 autorstwa Norman Mailer wydan\u0105 przez TASCHEN (2015-06-25) w formacie 20 x 14,5 cm (ISBN: 9783836556224). Zapraszamy!","breadcrumb":{"@id":"https:\/\/foliobooks.pl\/en\/shop\/mailer-moonfire-the-epic-journey-of-apollo-11\/#breadcrumb"},"inLanguage":"en-US","potentialAction":[{"@type":"ReadAction","target":["https:\/\/foliobooks.pl\/en\/shop\/mailer-moonfire-the-epic-journey-of-apollo-11\/"]}]},{"@type":"ImageObject","inLanguage":"en-US","@id":"https:\/\/foliobooks.pl\/en\/shop\/mailer-moonfire-the-epic-journey-of-apollo-11\/#primaryimage","url":"https:\/\/foliobooks.pl\/wp-content\/uploads\/2015\/07\/9783836556224.png","contentUrl":"https:\/\/foliobooks.pl\/wp-content\/uploads\/2015\/07\/9783836556224.png","width":570,"height":708},{"@type":"BreadcrumbList","@id":"https:\/\/foliobooks.pl\/en\/shop\/mailer-moonfire-the-epic-journey-of-apollo-11\/#breadcrumb","itemListElement":[{"@type":"ListItem","position":1,"name":"Strona g\u0142\u00f3wna","item":"https:\/\/foliobooks.pl\/en\/"},{"@type":"ListItem","position":2,"name":"Shop","item":"https:\/\/foliobooks.pl\/en\/shop\/"},{"@type":"ListItem","position":3,"name":"Mailer. MoonFire. The Epic Journey of Apollo 11"}]},{"@type":"WebSite","@id":"https:\/\/foliobooks.pl\/en\/#website","url":"https:\/\/foliobooks.pl\/en\/","name":"Folio","description":"Ksi\u0119garnia internetowa","potentialAction":[{"@type":"SearchAction","target":{"@type":"EntryPoint","urlTemplate":"https:\/\/foliobooks.pl\/en\/?s={search_term_string}"},"query-input":{"@type":"PropertyValueSpecification","valueRequired":true,"valueName":"search_term_string"}}],"inLanguage":"en-US"}]}},"_links":{"self":[{"href":"https:\/\/foliobooks.pl\/en\/wp-json\/wp\/v2\/product\/7747","targetHints":{"allow":["GET"]}}],"collection":[{"href":"https:\/\/foliobooks.pl\/en\/wp-json\/wp\/v2\/product"}],"about":[{"href":"https:\/\/foliobooks.pl\/en\/wp-json\/wp\/v2\/types\/product"}],"replies":[{"embeddable":true,"href":"https:\/\/foliobooks.pl\/en\/wp-json\/wp\/v2\/comments?post=7747"}],"wp:featuredmedia":[{"embeddable":true,"href":"https:\/\/foliobooks.pl\/en\/wp-json\/wp\/v2\/media\/7763"}],"wp:attachment":[{"href":"https:\/\/foliobooks.pl\/en\/wp-json\/wp\/v2\/media?parent=7747"}],"wp:term":[{"taxonomy":"product_brand","embeddable":true,"href":"https:\/\/foliobooks.pl\/en\/wp-json\/wp\/v2\/product_brand?post=7747"},{"taxonomy":"product_cat","embeddable":true,"href":"https:\/\/foliobooks.pl\/en\/wp-json\/wp\/v2\/product_cat?post=7747"},{"taxonomy":"product_tag","embeddable":true,"href":"https:\/\/foliobooks.pl\/en\/wp-json\/wp\/v2\/product_tag?post=7747"}],"curies":[{"name":"wp","href":"https:\/\/api.w.org\/{rel}","templated":true}]}}