{"id":76875,"date":"2022-12-03T22:19:16","date_gmt":"2022-12-03T21:19:16","guid":{"rendered":"https:\/\/foliobooks.pl\/sklep\/the-luxury-of-private-aviation\/"},"modified":"2025-09-30T16:18:00","modified_gmt":"2025-09-30T14:18:00","slug":"the-luxury-of-private-aviation","status":"publish","type":"product","link":"https:\/\/foliobooks.pl\/en\/shop\/the-luxury-of-private-aviation\/","title":{"rendered":"The Luxury of Private Aviation"},"content":{"rendered":"<p>Embrace the intricacies of private aviation while exploring the art of flying and the evolution of luxury throughout the history of aviation. Inspired by its passengers, each flight and each aircraft are part of a creative process built to serve the most discerning clients. You will be amazed by the design, the beauty and the endless creative possibilities of aircraft interiors. Follow service expert Jana App-Sandering, Chief of Client Service at Luxaviation, into the luxurious world of private aviation.<\/p>\n","protected":false},"excerpt":{"rendered":"<p>Embrace the intricacies of private aviation while exploring the art of flying and the evolution of luxury throughout the history of aviation. Inspired by its passengers, each flight and each aircraft are part of a creative process built to serve the most discerning clients. You will be amazed by the design, the beauty and the&#8230;<\/p>\n","protected":false},"featured_media":76864,"comment_status":"closed","ping_status":"closed","template":"","meta":[],"product_brand":[],"product_cat":[4516,13533,4523,4526],"product_tag":[6537],"class_list":{"0":"post-76875","1":"product","2":"type-product","3":"status-publish","4":"has-post-thumbnail","6":"product_cat-architecture-en","7":"product_cat-books","8":"product_cat-design-en-en","9":"product_cat-industrial-design","10":"product_tag-planes","11":"pa_cover-hardcover","12":"pa_format-29-x-37-cm-en","13":"pa_isbn-9783961712649-en","14":"pa_language-eng","15":"pa_pages-240-en","16":"pa_published-2022-07-08-en","17":"pa_publisher-teneues-en","19":"first","20":"instock","21":"sale","22":"sold-individually","23":"shipping-taxable","24":"purchasable","25":"product-type-simple"},"yoast_head":"<!-- This site is optimized with the Yoast SEO plugin v27.4 - https:\/\/yoast.com\/product\/yoast-seo-wordpress\/ -->\n<title>The Luxury of Private Aviation () - book \/ album - Folio<\/title>\n<meta name=\"description\" content=\"Wejd\u017a i kup ksi\u0105\u017ck\u0119 The Luxury of Private Aviation autorstwa wydan\u0105 przez teNeues (2022-07-08) w formacie 29 x 37 cm (ISBN: 9783961712649). Zapraszamy!\" \/>\n<meta name=\"robots\" content=\"index, follow, max-snippet:-1, max-image-preview:large, max-video-preview:-1\" \/>\n<link rel=\"canonical\" href=\"https:\/\/foliobooks.pl\/en\/shop\/the-luxury-of-private-aviation\/\" \/>\n<meta property=\"og:locale\" content=\"en_US\" \/>\n<meta property=\"og:type\" content=\"article\" \/>\n<meta property=\"og:title\" content=\"The Luxury of Private Aviation () - book \/ album - Folio\" \/>\n<meta property=\"og:description\" content=\"Wejd\u017a i kup ksi\u0105\u017ck\u0119 The Luxury of Private Aviation autorstwa wydan\u0105 przez teNeues (2022-07-08) w formacie 29 x 37 cm (ISBN: 9783961712649). Zapraszamy!\" \/>\n<meta property=\"og:url\" content=\"https:\/\/foliobooks.pl\/en\/shop\/the-luxury-of-private-aviation\/\" \/>\n<meta property=\"og:site_name\" content=\"Folio\" \/>\n<meta property=\"article:modified_time\" content=\"2025-09-30T14:18:00+00:00\" \/>\n<meta property=\"og:image\" content=\"https:\/\/foliobooks.pl\/wp-content\/uploads\/2022\/12\/9783961712649.png\" \/>\n\t<meta property=\"og:image:width\" content=\"570\" \/>\n\t<meta property=\"og:image:height\" content=\"708\" \/>\n\t<meta property=\"og:image:type\" content=\"image\/png\" \/>\n<meta name=\"twitter:card\" content=\"summary_large_image\" \/>\n<meta name=\"twitter:label1\" content=\"Est. reading time\" \/>\n\t<meta name=\"twitter:data1\" content=\"1 minute\" \/>\n<script type=\"application\/ld+json\" class=\"yoast-schema-graph\">{\"@context\":\"https:\\\/\\\/schema.org\",\"@graph\":[{\"@type\":\"WebPage\",\"@id\":\"https:\\\/\\\/foliobooks.pl\\\/en\\\/shop\\\/the-luxury-of-private-aviation\\\/\",\"url\":\"https:\\\/\\\/foliobooks.pl\\\/en\\\/shop\\\/the-luxury-of-private-aviation\\\/\",\"name\":\"The Luxury of Private Aviation () - book \\\/ album - Folio\",\"isPartOf\":{\"@id\":\"https:\\\/\\\/foliobooks.pl\\\/en\\\/#website\"},\"primaryImageOfPage\":{\"@id\":\"https:\\\/\\\/foliobooks.pl\\\/en\\\/shop\\\/the-luxury-of-private-aviation\\\/#primaryimage\"},\"image\":{\"@id\":\"https:\\\/\\\/foliobooks.pl\\\/en\\\/shop\\\/the-luxury-of-private-aviation\\\/#primaryimage\"},\"thumbnailUrl\":\"https:\\\/\\\/foliobooks.pl\\\/wp-content\\\/uploads\\\/2022\\\/12\\\/9783961712649.png\",\"datePublished\":\"2022-12-03T21:19:16+00:00\",\"dateModified\":\"2025-09-30T14:18:00+00:00\",\"description\":\"Wejd\u017a i kup ksi\u0105\u017ck\u0119 The Luxury of Private Aviation autorstwa wydan\u0105 przez teNeues (2022-07-08) w formacie 29 x 37 cm (ISBN: 9783961712649). Zapraszamy!\",\"breadcrumb\":{\"@id\":\"https:\\\/\\\/foliobooks.pl\\\/en\\\/shop\\\/the-luxury-of-private-aviation\\\/#breadcrumb\"},\"inLanguage\":\"en-US\",\"potentialAction\":[{\"@type\":\"ReadAction\",\"target\":[\"https:\\\/\\\/foliobooks.pl\\\/en\\\/shop\\\/the-luxury-of-private-aviation\\\/\"]}]},{\"@type\":\"ImageObject\",\"inLanguage\":\"en-US\",\"@id\":\"https:\\\/\\\/foliobooks.pl\\\/en\\\/shop\\\/the-luxury-of-private-aviation\\\/#primaryimage\",\"url\":\"https:\\\/\\\/foliobooks.pl\\\/wp-content\\\/uploads\\\/2022\\\/12\\\/9783961712649.png\",\"contentUrl\":\"https:\\\/\\\/foliobooks.pl\\\/wp-content\\\/uploads\\\/2022\\\/12\\\/9783961712649.png\",\"width\":570,\"height\":708},{\"@type\":\"BreadcrumbList\",\"@id\":\"https:\\\/\\\/foliobooks.pl\\\/en\\\/shop\\\/the-luxury-of-private-aviation\\\/#breadcrumb\",\"itemListElement\":[{\"@type\":\"ListItem\",\"position\":1,\"name\":\"Strona g\u0142\u00f3wna\",\"item\":\"https:\\\/\\\/foliobooks.pl\\\/en\\\/\"},{\"@type\":\"ListItem\",\"position\":2,\"name\":\"Shop\",\"item\":\"https:\\\/\\\/foliobooks.pl\\\/en\\\/shop\\\/\"},{\"@type\":\"ListItem\",\"position\":3,\"name\":\"The Luxury of Private Aviation\"}]},{\"@type\":\"WebSite\",\"@id\":\"https:\\\/\\\/foliobooks.pl\\\/en\\\/#website\",\"url\":\"https:\\\/\\\/foliobooks.pl\\\/en\\\/\",\"name\":\"Folio\",\"description\":\"Ksi\u0119garnia internetowa\",\"potentialAction\":[{\"@type\":\"SearchAction\",\"target\":{\"@type\":\"EntryPoint\",\"urlTemplate\":\"https:\\\/\\\/foliobooks.pl\\\/en\\\/?s={search_term_string}\"},\"query-input\":{\"@type\":\"PropertyValueSpecification\",\"valueRequired\":true,\"valueName\":\"search_term_string\"}}],\"inLanguage\":\"en-US\"}]}<\/script>\n<!-- \/ Yoast SEO plugin. -->","yoast_head_json":{"title":"The Luxury of Private Aviation () - book \/ album - Folio","description":"Wejd\u017a i kup ksi\u0105\u017ck\u0119 The Luxury of Private Aviation autorstwa wydan\u0105 przez teNeues (2022-07-08) w formacie 29 x 37 cm (ISBN: 9783961712649). Zapraszamy!","robots":{"index":"index","follow":"follow","max-snippet":"max-snippet:-1","max-image-preview":"max-image-preview:large","max-video-preview":"max-video-preview:-1"},"canonical":"https:\/\/foliobooks.pl\/en\/shop\/the-luxury-of-private-aviation\/","og_locale":"en_US","og_type":"article","og_title":"The Luxury of Private Aviation () - book \/ album - Folio","og_description":"Wejd\u017a i kup ksi\u0105\u017ck\u0119 The Luxury of Private Aviation autorstwa wydan\u0105 przez teNeues (2022-07-08) w formacie 29 x 37 cm (ISBN: 9783961712649). Zapraszamy!","og_url":"https:\/\/foliobooks.pl\/en\/shop\/the-luxury-of-private-aviation\/","og_site_name":"Folio","article_modified_time":"2025-09-30T14:18:00+00:00","og_image":[{"width":570,"height":708,"url":"https:\/\/foliobooks.pl\/wp-content\/uploads\/2022\/12\/9783961712649.png","type":"image\/png"}],"twitter_card":"summary_large_image","twitter_misc":{"Est. reading time":"1 minute"},"schema":{"@context":"https:\/\/schema.org","@graph":[{"@type":"WebPage","@id":"https:\/\/foliobooks.pl\/en\/shop\/the-luxury-of-private-aviation\/","url":"https:\/\/foliobooks.pl\/en\/shop\/the-luxury-of-private-aviation\/","name":"The Luxury of Private Aviation () - book \/ album - Folio","isPartOf":{"@id":"https:\/\/foliobooks.pl\/en\/#website"},"primaryImageOfPage":{"@id":"https:\/\/foliobooks.pl\/en\/shop\/the-luxury-of-private-aviation\/#primaryimage"},"image":{"@id":"https:\/\/foliobooks.pl\/en\/shop\/the-luxury-of-private-aviation\/#primaryimage"},"thumbnailUrl":"https:\/\/foliobooks.pl\/wp-content\/uploads\/2022\/12\/9783961712649.png","datePublished":"2022-12-03T21:19:16+00:00","dateModified":"2025-09-30T14:18:00+00:00","description":"Wejd\u017a i kup ksi\u0105\u017ck\u0119 The Luxury of Private Aviation autorstwa wydan\u0105 przez teNeues (2022-07-08) w formacie 29 x 37 cm (ISBN: 9783961712649). Zapraszamy!","breadcrumb":{"@id":"https:\/\/foliobooks.pl\/en\/shop\/the-luxury-of-private-aviation\/#breadcrumb"},"inLanguage":"en-US","potentialAction":[{"@type":"ReadAction","target":["https:\/\/foliobooks.pl\/en\/shop\/the-luxury-of-private-aviation\/"]}]},{"@type":"ImageObject","inLanguage":"en-US","@id":"https:\/\/foliobooks.pl\/en\/shop\/the-luxury-of-private-aviation\/#primaryimage","url":"https:\/\/foliobooks.pl\/wp-content\/uploads\/2022\/12\/9783961712649.png","contentUrl":"https:\/\/foliobooks.pl\/wp-content\/uploads\/2022\/12\/9783961712649.png","width":570,"height":708},{"@type":"BreadcrumbList","@id":"https:\/\/foliobooks.pl\/en\/shop\/the-luxury-of-private-aviation\/#breadcrumb","itemListElement":[{"@type":"ListItem","position":1,"name":"Strona g\u0142\u00f3wna","item":"https:\/\/foliobooks.pl\/en\/"},{"@type":"ListItem","position":2,"name":"Shop","item":"https:\/\/foliobooks.pl\/en\/shop\/"},{"@type":"ListItem","position":3,"name":"The Luxury of Private Aviation"}]},{"@type":"WebSite","@id":"https:\/\/foliobooks.pl\/en\/#website","url":"https:\/\/foliobooks.pl\/en\/","name":"Folio","description":"Ksi\u0119garnia internetowa","potentialAction":[{"@type":"SearchAction","target":{"@type":"EntryPoint","urlTemplate":"https:\/\/foliobooks.pl\/en\/?s={search_term_string}"},"query-input":{"@type":"PropertyValueSpecification","valueRequired":true,"valueName":"search_term_string"}}],"inLanguage":"en-US"}]}},"_links":{"self":[{"href":"https:\/\/foliobooks.pl\/en\/wp-json\/wp\/v2\/product\/76875","targetHints":{"allow":["GET"]}}],"collection":[{"href":"https:\/\/foliobooks.pl\/en\/wp-json\/wp\/v2\/product"}],"about":[{"href":"https:\/\/foliobooks.pl\/en\/wp-json\/wp\/v2\/types\/product"}],"replies":[{"embeddable":true,"href":"https:\/\/foliobooks.pl\/en\/wp-json\/wp\/v2\/comments?post=76875"}],"wp:featuredmedia":[{"embeddable":true,"href":"https:\/\/foliobooks.pl\/en\/wp-json\/wp\/v2\/media\/76864"}],"wp:attachment":[{"href":"https:\/\/foliobooks.pl\/en\/wp-json\/wp\/v2\/media?parent=76875"}],"wp:term":[{"taxonomy":"product_brand","embeddable":true,"href":"https:\/\/foliobooks.pl\/en\/wp-json\/wp\/v2\/product_brand?post=76875"},{"taxonomy":"product_cat","embeddable":true,"href":"https:\/\/foliobooks.pl\/en\/wp-json\/wp\/v2\/product_cat?post=76875"},{"taxonomy":"product_tag","embeddable":true,"href":"https:\/\/foliobooks.pl\/en\/wp-json\/wp\/v2\/product_tag?post=76875"}],"curies":[{"name":"wp","href":"https:\/\/api.w.org\/{rel}","templated":true}]}}