{"id":76861,"date":"2022-12-03T22:12:40","date_gmt":"2022-12-03T21:12:40","guid":{"rendered":"https:\/\/foliobooks.pl\/sklep\/dhancarville-the-complete-collection-of-antiquities-from-the-cabinet-of-sir-william-hamilton-2\/"},"modified":"2025-04-15T18:11:35","modified_gmt":"2025-04-15T16:11:35","slug":"dhancarville-the-complete-collection-of-antiquities-from-the-cabinet-of-sir-william-hamilton-2","status":"publish","type":"product","link":"https:\/\/foliobooks.pl\/en\/shop\/dhancarville-the-complete-collection-of-antiquities-from-the-cabinet-of-sir-william-hamilton-2\/","title":{"rendered":"D&#8217;Hancarville. The Complete Collection of Antiquities from the Cabinet of Sir William Hamilton"},"content":{"rendered":"<p>Antiquarian, archaeologist, vulcanologist, and envoy to the British Embassy in Naples, Sir William Hamilton (1731-1803) was a leading European figure of his time. Though the romance between his wife Lady Emma Hamilton and Horatio Nelson tends to eclipse Sir William&#8217;s own activities, his work as a scientist and a classicist made major contributions to the study of Pompei, Herculaneum, and Mt. Vesuvius.<\/p>\n<p>As an expert in ancient art, Hamilton also built up an invaluable collection of ancient Greek vases, subsequently sold to the British Museum in London in 1772. Before the pieces were shipped off to England, Hamilton commissioned Pierre-Francois Hugues d&#8217;Hancarville, an adventurous connoisseur and art dealer, to document the vases in words and images. The resulting catalog, published in four volumes and known as Les Antiquites d&#8217;Hancarville, represents a neoclassical masterpiece. Never before had ancient vases been represented with such meticulous detail and sublime beauty.<\/p>\n<p>With this reprint, TASCHEN revives d&#8217;Hancarville&#8217;s masterful catalog for a contemporary audience, reproducing in exacting detail the same pristine images that sparked Europe&#8217;s love affair with the classical style.<\/p>\n","protected":false},"excerpt":{"rendered":"<p>Antiquarian, archaeologist, vulcanologist, and envoy to the British Embassy in Naples, Sir William Hamilton (1731-1803) was a leading European figure of his time. Though the romance between his wife Lady Emma Hamilton and Horatio Nelson tends to eclipse Sir William&#8217;s own activities, his work as a scientist and a classicist made major contributions to the&#8230;<\/p>\n","protected":false},"featured_media":76850,"comment_status":"closed","ping_status":"closed","template":"","meta":[],"product_brand":[],"product_cat":[4522,13533],"product_tag":[9083,2767],"class_list":{"0":"post-76861","1":"product","2":"type-product","3":"status-publish","4":"has-post-thumbnail","6":"product_cat-art-en","7":"product_cat-books","8":"product_tag-art-en","9":"product_tag-art-history","10":"pa_author_att-madeleine-huwiler-en","11":"pa_cover-hardcover","12":"pa_format-25-x-34-cm-en","13":"pa_isbn-9783836587631-en","14":"pa_language-eng-f-ger","15":"pa_pages-514-en","16":"pa_published-2022-08-25-en","17":"pa_publisher-taschen-en-en","19":"first","20":"instock","21":"sold-individually","22":"shipping-taxable","23":"purchasable","24":"product-type-simple"},"yoast_head":"<!-- This site is optimized with the Yoast SEO plugin v27.4 - https:\/\/yoast.com\/product\/yoast-seo-wordpress\/ -->\n<title>D&#039;Hancarville. The Complete Collection of Antiquities from the Cabinet of Sir William Hamilton (Madeleine Huwiler) - book \/ album - Folio<\/title>\n<meta name=\"description\" content=\"Wejd\u017a i kup ksi\u0105\u017ck\u0119 D&#039;Hancarville. The Complete Collection of Antiquities from the Cabinet of Sir William Hamilton autorstwa Madeleine Huwiler wydan\u0105 przez TASCHEN (2022-08-25) w formacie 25 x 34 cm (ISBN: 9783836587631). Zapraszamy!\" \/>\n<meta name=\"robots\" content=\"index, follow, max-snippet:-1, max-image-preview:large, max-video-preview:-1\" \/>\n<link rel=\"canonical\" href=\"https:\/\/foliobooks.pl\/en\/shop\/dhancarville-the-complete-collection-of-antiquities-from-the-cabinet-of-sir-william-hamilton-2\/\" \/>\n<meta property=\"og:locale\" content=\"en_US\" \/>\n<meta property=\"og:type\" content=\"article\" \/>\n<meta property=\"og:title\" content=\"D&#039;Hancarville. The Complete Collection of Antiquities from the Cabinet of Sir William Hamilton (Madeleine Huwiler) - book \/ album - Folio\" \/>\n<meta property=\"og:description\" content=\"Wejd\u017a i kup ksi\u0105\u017ck\u0119 D&#039;Hancarville. The Complete Collection of Antiquities from the Cabinet of Sir William Hamilton autorstwa Madeleine Huwiler wydan\u0105 przez TASCHEN (2022-08-25) w formacie 25 x 34 cm (ISBN: 9783836587631). Zapraszamy!\" \/>\n<meta property=\"og:url\" content=\"https:\/\/foliobooks.pl\/en\/shop\/dhancarville-the-complete-collection-of-antiquities-from-the-cabinet-of-sir-william-hamilton-2\/\" \/>\n<meta property=\"og:site_name\" content=\"Folio\" \/>\n<meta property=\"article:modified_time\" content=\"2025-04-15T16:11:35+00:00\" \/>\n<meta property=\"og:image\" content=\"https:\/\/foliobooks.pl\/wp-content\/uploads\/2022\/12\/9783836587631.png\" \/>\n\t<meta property=\"og:image:width\" content=\"570\" \/>\n\t<meta property=\"og:image:height\" content=\"708\" \/>\n\t<meta property=\"og:image:type\" content=\"image\/png\" \/>\n<meta name=\"twitter:card\" content=\"summary_large_image\" \/>\n<meta name=\"twitter:label1\" content=\"Est. reading time\" \/>\n\t<meta name=\"twitter:data1\" content=\"2 minutes\" \/>\n<script type=\"application\/ld+json\" class=\"yoast-schema-graph\">{\"@context\":\"https:\\\/\\\/schema.org\",\"@graph\":[{\"@type\":\"WebPage\",\"@id\":\"https:\\\/\\\/foliobooks.pl\\\/en\\\/shop\\\/dhancarville-the-complete-collection-of-antiquities-from-the-cabinet-of-sir-william-hamilton-2\\\/\",\"url\":\"https:\\\/\\\/foliobooks.pl\\\/en\\\/shop\\\/dhancarville-the-complete-collection-of-antiquities-from-the-cabinet-of-sir-william-hamilton-2\\\/\",\"name\":\"D'Hancarville. The Complete Collection of Antiquities from the Cabinet of Sir William Hamilton (Madeleine Huwiler) - book \\\/ album - Folio\",\"isPartOf\":{\"@id\":\"https:\\\/\\\/foliobooks.pl\\\/en\\\/#website\"},\"primaryImageOfPage\":{\"@id\":\"https:\\\/\\\/foliobooks.pl\\\/en\\\/shop\\\/dhancarville-the-complete-collection-of-antiquities-from-the-cabinet-of-sir-william-hamilton-2\\\/#primaryimage\"},\"image\":{\"@id\":\"https:\\\/\\\/foliobooks.pl\\\/en\\\/shop\\\/dhancarville-the-complete-collection-of-antiquities-from-the-cabinet-of-sir-william-hamilton-2\\\/#primaryimage\"},\"thumbnailUrl\":\"https:\\\/\\\/foliobooks.pl\\\/wp-content\\\/uploads\\\/2022\\\/12\\\/9783836587631.png\",\"datePublished\":\"2022-12-03T21:12:40+00:00\",\"dateModified\":\"2025-04-15T16:11:35+00:00\",\"description\":\"Wejd\u017a i kup ksi\u0105\u017ck\u0119 D'Hancarville. The Complete Collection of Antiquities from the Cabinet of Sir William Hamilton autorstwa Madeleine Huwiler wydan\u0105 przez TASCHEN (2022-08-25) w formacie 25 x 34 cm (ISBN: 9783836587631). Zapraszamy!\",\"breadcrumb\":{\"@id\":\"https:\\\/\\\/foliobooks.pl\\\/en\\\/shop\\\/dhancarville-the-complete-collection-of-antiquities-from-the-cabinet-of-sir-william-hamilton-2\\\/#breadcrumb\"},\"inLanguage\":\"en-US\",\"potentialAction\":[{\"@type\":\"ReadAction\",\"target\":[\"https:\\\/\\\/foliobooks.pl\\\/en\\\/shop\\\/dhancarville-the-complete-collection-of-antiquities-from-the-cabinet-of-sir-william-hamilton-2\\\/\"]}]},{\"@type\":\"ImageObject\",\"inLanguage\":\"en-US\",\"@id\":\"https:\\\/\\\/foliobooks.pl\\\/en\\\/shop\\\/dhancarville-the-complete-collection-of-antiquities-from-the-cabinet-of-sir-william-hamilton-2\\\/#primaryimage\",\"url\":\"https:\\\/\\\/foliobooks.pl\\\/wp-content\\\/uploads\\\/2022\\\/12\\\/9783836587631.png\",\"contentUrl\":\"https:\\\/\\\/foliobooks.pl\\\/wp-content\\\/uploads\\\/2022\\\/12\\\/9783836587631.png\",\"width\":570,\"height\":708},{\"@type\":\"BreadcrumbList\",\"@id\":\"https:\\\/\\\/foliobooks.pl\\\/en\\\/shop\\\/dhancarville-the-complete-collection-of-antiquities-from-the-cabinet-of-sir-william-hamilton-2\\\/#breadcrumb\",\"itemListElement\":[{\"@type\":\"ListItem\",\"position\":1,\"name\":\"Strona g\u0142\u00f3wna\",\"item\":\"https:\\\/\\\/foliobooks.pl\\\/en\\\/\"},{\"@type\":\"ListItem\",\"position\":2,\"name\":\"Shop\",\"item\":\"https:\\\/\\\/foliobooks.pl\\\/en\\\/shop\\\/\"},{\"@type\":\"ListItem\",\"position\":3,\"name\":\"D&#8217;Hancarville. The Complete Collection of Antiquities from the Cabinet of Sir William Hamilton\"}]},{\"@type\":\"WebSite\",\"@id\":\"https:\\\/\\\/foliobooks.pl\\\/en\\\/#website\",\"url\":\"https:\\\/\\\/foliobooks.pl\\\/en\\\/\",\"name\":\"Folio\",\"description\":\"Ksi\u0119garnia internetowa\",\"potentialAction\":[{\"@type\":\"SearchAction\",\"target\":{\"@type\":\"EntryPoint\",\"urlTemplate\":\"https:\\\/\\\/foliobooks.pl\\\/en\\\/?s={search_term_string}\"},\"query-input\":{\"@type\":\"PropertyValueSpecification\",\"valueRequired\":true,\"valueName\":\"search_term_string\"}}],\"inLanguage\":\"en-US\"}]}<\/script>\n<!-- \/ Yoast SEO plugin. -->","yoast_head_json":{"title":"D'Hancarville. The Complete Collection of Antiquities from the Cabinet of Sir William Hamilton (Madeleine Huwiler) - book \/ album - Folio","description":"Wejd\u017a i kup ksi\u0105\u017ck\u0119 D'Hancarville. The Complete Collection of Antiquities from the Cabinet of Sir William Hamilton autorstwa Madeleine Huwiler wydan\u0105 przez TASCHEN (2022-08-25) w formacie 25 x 34 cm (ISBN: 9783836587631). Zapraszamy!","robots":{"index":"index","follow":"follow","max-snippet":"max-snippet:-1","max-image-preview":"max-image-preview:large","max-video-preview":"max-video-preview:-1"},"canonical":"https:\/\/foliobooks.pl\/en\/shop\/dhancarville-the-complete-collection-of-antiquities-from-the-cabinet-of-sir-william-hamilton-2\/","og_locale":"en_US","og_type":"article","og_title":"D'Hancarville. The Complete Collection of Antiquities from the Cabinet of Sir William Hamilton (Madeleine Huwiler) - book \/ album - Folio","og_description":"Wejd\u017a i kup ksi\u0105\u017ck\u0119 D'Hancarville. The Complete Collection of Antiquities from the Cabinet of Sir William Hamilton autorstwa Madeleine Huwiler wydan\u0105 przez TASCHEN (2022-08-25) w formacie 25 x 34 cm (ISBN: 9783836587631). Zapraszamy!","og_url":"https:\/\/foliobooks.pl\/en\/shop\/dhancarville-the-complete-collection-of-antiquities-from-the-cabinet-of-sir-william-hamilton-2\/","og_site_name":"Folio","article_modified_time":"2025-04-15T16:11:35+00:00","og_image":[{"width":570,"height":708,"url":"https:\/\/foliobooks.pl\/wp-content\/uploads\/2022\/12\/9783836587631.png","type":"image\/png"}],"twitter_card":"summary_large_image","twitter_misc":{"Est. reading time":"2 minutes"},"schema":{"@context":"https:\/\/schema.org","@graph":[{"@type":"WebPage","@id":"https:\/\/foliobooks.pl\/en\/shop\/dhancarville-the-complete-collection-of-antiquities-from-the-cabinet-of-sir-william-hamilton-2\/","url":"https:\/\/foliobooks.pl\/en\/shop\/dhancarville-the-complete-collection-of-antiquities-from-the-cabinet-of-sir-william-hamilton-2\/","name":"D'Hancarville. The Complete Collection of Antiquities from the Cabinet of Sir William Hamilton (Madeleine Huwiler) - book \/ album - Folio","isPartOf":{"@id":"https:\/\/foliobooks.pl\/en\/#website"},"primaryImageOfPage":{"@id":"https:\/\/foliobooks.pl\/en\/shop\/dhancarville-the-complete-collection-of-antiquities-from-the-cabinet-of-sir-william-hamilton-2\/#primaryimage"},"image":{"@id":"https:\/\/foliobooks.pl\/en\/shop\/dhancarville-the-complete-collection-of-antiquities-from-the-cabinet-of-sir-william-hamilton-2\/#primaryimage"},"thumbnailUrl":"https:\/\/foliobooks.pl\/wp-content\/uploads\/2022\/12\/9783836587631.png","datePublished":"2022-12-03T21:12:40+00:00","dateModified":"2025-04-15T16:11:35+00:00","description":"Wejd\u017a i kup ksi\u0105\u017ck\u0119 D'Hancarville. The Complete Collection of Antiquities from the Cabinet of Sir William Hamilton autorstwa Madeleine Huwiler wydan\u0105 przez TASCHEN (2022-08-25) w formacie 25 x 34 cm (ISBN: 9783836587631). Zapraszamy!","breadcrumb":{"@id":"https:\/\/foliobooks.pl\/en\/shop\/dhancarville-the-complete-collection-of-antiquities-from-the-cabinet-of-sir-william-hamilton-2\/#breadcrumb"},"inLanguage":"en-US","potentialAction":[{"@type":"ReadAction","target":["https:\/\/foliobooks.pl\/en\/shop\/dhancarville-the-complete-collection-of-antiquities-from-the-cabinet-of-sir-william-hamilton-2\/"]}]},{"@type":"ImageObject","inLanguage":"en-US","@id":"https:\/\/foliobooks.pl\/en\/shop\/dhancarville-the-complete-collection-of-antiquities-from-the-cabinet-of-sir-william-hamilton-2\/#primaryimage","url":"https:\/\/foliobooks.pl\/wp-content\/uploads\/2022\/12\/9783836587631.png","contentUrl":"https:\/\/foliobooks.pl\/wp-content\/uploads\/2022\/12\/9783836587631.png","width":570,"height":708},{"@type":"BreadcrumbList","@id":"https:\/\/foliobooks.pl\/en\/shop\/dhancarville-the-complete-collection-of-antiquities-from-the-cabinet-of-sir-william-hamilton-2\/#breadcrumb","itemListElement":[{"@type":"ListItem","position":1,"name":"Strona g\u0142\u00f3wna","item":"https:\/\/foliobooks.pl\/en\/"},{"@type":"ListItem","position":2,"name":"Shop","item":"https:\/\/foliobooks.pl\/en\/shop\/"},{"@type":"ListItem","position":3,"name":"D&#8217;Hancarville. The Complete Collection of Antiquities from the Cabinet of Sir William Hamilton"}]},{"@type":"WebSite","@id":"https:\/\/foliobooks.pl\/en\/#website","url":"https:\/\/foliobooks.pl\/en\/","name":"Folio","description":"Ksi\u0119garnia internetowa","potentialAction":[{"@type":"SearchAction","target":{"@type":"EntryPoint","urlTemplate":"https:\/\/foliobooks.pl\/en\/?s={search_term_string}"},"query-input":{"@type":"PropertyValueSpecification","valueRequired":true,"valueName":"search_term_string"}}],"inLanguage":"en-US"}]}},"_links":{"self":[{"href":"https:\/\/foliobooks.pl\/en\/wp-json\/wp\/v2\/product\/76861","targetHints":{"allow":["GET"]}}],"collection":[{"href":"https:\/\/foliobooks.pl\/en\/wp-json\/wp\/v2\/product"}],"about":[{"href":"https:\/\/foliobooks.pl\/en\/wp-json\/wp\/v2\/types\/product"}],"replies":[{"embeddable":true,"href":"https:\/\/foliobooks.pl\/en\/wp-json\/wp\/v2\/comments?post=76861"}],"wp:featuredmedia":[{"embeddable":true,"href":"https:\/\/foliobooks.pl\/en\/wp-json\/wp\/v2\/media\/76850"}],"wp:attachment":[{"href":"https:\/\/foliobooks.pl\/en\/wp-json\/wp\/v2\/media?parent=76861"}],"wp:term":[{"taxonomy":"product_brand","embeddable":true,"href":"https:\/\/foliobooks.pl\/en\/wp-json\/wp\/v2\/product_brand?post=76861"},{"taxonomy":"product_cat","embeddable":true,"href":"https:\/\/foliobooks.pl\/en\/wp-json\/wp\/v2\/product_cat?post=76861"},{"taxonomy":"product_tag","embeddable":true,"href":"https:\/\/foliobooks.pl\/en\/wp-json\/wp\/v2\/product_tag?post=76861"}],"curies":[{"name":"wp","href":"https:\/\/api.w.org\/{rel}","templated":true}]}}