{"id":76805,"date":"2022-12-03T21:43:14","date_gmt":"2022-12-03T20:43:14","guid":{"rendered":"https:\/\/foliobooks.pl\/sklep\/yang-liu-europe-meets-usa\/"},"modified":"2023-05-31T16:47:50","modified_gmt":"2023-05-31T14:47:50","slug":"yang-liu-europe-meets-usa","status":"publish","type":"product","link":"https:\/\/foliobooks.pl\/en\/shop\/yang-liu-europe-meets-usa\/","title":{"rendered":"Yang Liu. Europe meets USA"},"content":{"rendered":"<p>Yang Liu uses her wonderfully apt pictograms to display the discordances between American and European customs with wit and wisdom. In Europe meets USA she captures her own experiences of living on both sides of the Atlantic, twinkling a fresh light onto the more obvious confusions. She also reveals the less conscious prejudices that exist between the denizens of the small continent of Europe and those of the giant United States.<\/p>\n<p>If the usual view of our divergences is full of clich\u00e9s in which there are grains of truth, the same is true in reverse. From shopping to commuting, from going to school to romance, from working to annual leave, from football to heros\u2014with 128 pages, this linen-bound booklet invites each side to appreciate the anomalies, change perspective and look at the world through the other\u2019s eyes.<\/p>\n","protected":false},"excerpt":{"rendered":"<p>Yang Liu uses her wonderfully apt pictograms to display the discordances between American and European customs with wit and wisdom. In Europe meets USA she captures her own experiences of living on both sides of the Atlantic, twinkling a fresh light onto the more obvious confusions. She also reveals the less conscious prejudices that exist&#8230;<\/p>\n","protected":false},"featured_media":76790,"comment_status":"closed","ping_status":"closed","template":"","meta":[],"product_brand":[],"product_cat":[13533,4523,4525],"product_tag":[2253,1649],"class_list":{"0":"post-76805","1":"product","2":"type-product","3":"status-publish","4":"has-post-thumbnail","6":"product_cat-books","7":"product_cat-design-en-en","8":"product_cat-graphic-design","9":"product_tag-graphics","10":"product_tag-illustration","11":"pa_author_att-yang-liu-en","12":"pa_cover-hardcover","13":"pa_format-13-x-13-cm-en","14":"pa_isbn-9783836592123-en","15":"pa_language-english-german-french-and-spanish","16":"pa_pages-128-en","17":"pa_published-2022-07-05-en","18":"pa_publisher-taschen-en-en","20":"first","21":"instock","22":"sold-individually","23":"shipping-taxable","24":"purchasable","25":"product-type-simple"},"yoast_head":"<!-- This site is optimized with the Yoast SEO plugin v27.4 - https:\/\/yoast.com\/product\/yoast-seo-wordpress\/ -->\n<title>Yang Liu. Europe meets USA (Yang Liu) - book \/ album - Folio<\/title>\n<meta name=\"description\" content=\"Wejd\u017a i kup ksi\u0105\u017ck\u0119 Yang Liu. Europe meets USA autorstwa Yang Liu wydan\u0105 przez TASCHEN (2022-07-05) w formacie 13 x 13 cm (ISBN: 9783836592123). Zapraszamy!\" \/>\n<meta name=\"robots\" content=\"index, follow, max-snippet:-1, max-image-preview:large, max-video-preview:-1\" \/>\n<link rel=\"canonical\" href=\"https:\/\/foliobooks.pl\/en\/shop\/yang-liu-europe-meets-usa\/\" \/>\n<meta property=\"og:locale\" content=\"en_US\" \/>\n<meta property=\"og:type\" content=\"article\" \/>\n<meta property=\"og:title\" content=\"Yang Liu. Europe meets USA (Yang Liu) - book \/ album - Folio\" \/>\n<meta property=\"og:description\" content=\"Wejd\u017a i kup ksi\u0105\u017ck\u0119 Yang Liu. Europe meets USA autorstwa Yang Liu wydan\u0105 przez TASCHEN (2022-07-05) w formacie 13 x 13 cm (ISBN: 9783836592123). Zapraszamy!\" \/>\n<meta property=\"og:url\" content=\"https:\/\/foliobooks.pl\/en\/shop\/yang-liu-europe-meets-usa\/\" \/>\n<meta property=\"og:site_name\" content=\"Folio\" \/>\n<meta property=\"article:modified_time\" content=\"2023-05-31T14:47:50+00:00\" \/>\n<meta property=\"og:image\" content=\"https:\/\/foliobooks.pl\/wp-content\/uploads\/2022\/12\/9783836592123.png\" \/>\n\t<meta property=\"og:image:width\" content=\"570\" \/>\n\t<meta property=\"og:image:height\" content=\"708\" \/>\n\t<meta property=\"og:image:type\" content=\"image\/png\" \/>\n<meta name=\"twitter:card\" content=\"summary_large_image\" \/>\n<meta name=\"twitter:label1\" content=\"Est. reading time\" \/>\n\t<meta name=\"twitter:data1\" content=\"1 minute\" \/>\n<script type=\"application\/ld+json\" class=\"yoast-schema-graph\">{\"@context\":\"https:\\\/\\\/schema.org\",\"@graph\":[{\"@type\":\"WebPage\",\"@id\":\"https:\\\/\\\/foliobooks.pl\\\/en\\\/shop\\\/yang-liu-europe-meets-usa\\\/\",\"url\":\"https:\\\/\\\/foliobooks.pl\\\/en\\\/shop\\\/yang-liu-europe-meets-usa\\\/\",\"name\":\"Yang Liu. Europe meets USA (Yang Liu) - book \\\/ album - Folio\",\"isPartOf\":{\"@id\":\"https:\\\/\\\/foliobooks.pl\\\/en\\\/#website\"},\"primaryImageOfPage\":{\"@id\":\"https:\\\/\\\/foliobooks.pl\\\/en\\\/shop\\\/yang-liu-europe-meets-usa\\\/#primaryimage\"},\"image\":{\"@id\":\"https:\\\/\\\/foliobooks.pl\\\/en\\\/shop\\\/yang-liu-europe-meets-usa\\\/#primaryimage\"},\"thumbnailUrl\":\"https:\\\/\\\/foliobooks.pl\\\/wp-content\\\/uploads\\\/2022\\\/12\\\/9783836592123.png\",\"datePublished\":\"2022-12-03T20:43:14+00:00\",\"dateModified\":\"2023-05-31T14:47:50+00:00\",\"description\":\"Wejd\u017a i kup ksi\u0105\u017ck\u0119 Yang Liu. Europe meets USA autorstwa Yang Liu wydan\u0105 przez TASCHEN (2022-07-05) w formacie 13 x 13 cm (ISBN: 9783836592123). Zapraszamy!\",\"breadcrumb\":{\"@id\":\"https:\\\/\\\/foliobooks.pl\\\/en\\\/shop\\\/yang-liu-europe-meets-usa\\\/#breadcrumb\"},\"inLanguage\":\"en-US\",\"potentialAction\":[{\"@type\":\"ReadAction\",\"target\":[\"https:\\\/\\\/foliobooks.pl\\\/en\\\/shop\\\/yang-liu-europe-meets-usa\\\/\"]}]},{\"@type\":\"ImageObject\",\"inLanguage\":\"en-US\",\"@id\":\"https:\\\/\\\/foliobooks.pl\\\/en\\\/shop\\\/yang-liu-europe-meets-usa\\\/#primaryimage\",\"url\":\"https:\\\/\\\/foliobooks.pl\\\/wp-content\\\/uploads\\\/2022\\\/12\\\/9783836592123.png\",\"contentUrl\":\"https:\\\/\\\/foliobooks.pl\\\/wp-content\\\/uploads\\\/2022\\\/12\\\/9783836592123.png\",\"width\":570,\"height\":708},{\"@type\":\"BreadcrumbList\",\"@id\":\"https:\\\/\\\/foliobooks.pl\\\/en\\\/shop\\\/yang-liu-europe-meets-usa\\\/#breadcrumb\",\"itemListElement\":[{\"@type\":\"ListItem\",\"position\":1,\"name\":\"Strona g\u0142\u00f3wna\",\"item\":\"https:\\\/\\\/foliobooks.pl\\\/en\\\/\"},{\"@type\":\"ListItem\",\"position\":2,\"name\":\"Shop\",\"item\":\"https:\\\/\\\/foliobooks.pl\\\/en\\\/shop\\\/\"},{\"@type\":\"ListItem\",\"position\":3,\"name\":\"Yang Liu. Europe meets USA\"}]},{\"@type\":\"WebSite\",\"@id\":\"https:\\\/\\\/foliobooks.pl\\\/en\\\/#website\",\"url\":\"https:\\\/\\\/foliobooks.pl\\\/en\\\/\",\"name\":\"Folio\",\"description\":\"Ksi\u0119garnia internetowa\",\"potentialAction\":[{\"@type\":\"SearchAction\",\"target\":{\"@type\":\"EntryPoint\",\"urlTemplate\":\"https:\\\/\\\/foliobooks.pl\\\/en\\\/?s={search_term_string}\"},\"query-input\":{\"@type\":\"PropertyValueSpecification\",\"valueRequired\":true,\"valueName\":\"search_term_string\"}}],\"inLanguage\":\"en-US\"}]}<\/script>\n<!-- \/ Yoast SEO plugin. -->","yoast_head_json":{"title":"Yang Liu. Europe meets USA (Yang Liu) - book \/ album - Folio","description":"Wejd\u017a i kup ksi\u0105\u017ck\u0119 Yang Liu. Europe meets USA autorstwa Yang Liu wydan\u0105 przez TASCHEN (2022-07-05) w formacie 13 x 13 cm (ISBN: 9783836592123). Zapraszamy!","robots":{"index":"index","follow":"follow","max-snippet":"max-snippet:-1","max-image-preview":"max-image-preview:large","max-video-preview":"max-video-preview:-1"},"canonical":"https:\/\/foliobooks.pl\/en\/shop\/yang-liu-europe-meets-usa\/","og_locale":"en_US","og_type":"article","og_title":"Yang Liu. Europe meets USA (Yang Liu) - book \/ album - Folio","og_description":"Wejd\u017a i kup ksi\u0105\u017ck\u0119 Yang Liu. Europe meets USA autorstwa Yang Liu wydan\u0105 przez TASCHEN (2022-07-05) w formacie 13 x 13 cm (ISBN: 9783836592123). Zapraszamy!","og_url":"https:\/\/foliobooks.pl\/en\/shop\/yang-liu-europe-meets-usa\/","og_site_name":"Folio","article_modified_time":"2023-05-31T14:47:50+00:00","og_image":[{"width":570,"height":708,"url":"https:\/\/foliobooks.pl\/wp-content\/uploads\/2022\/12\/9783836592123.png","type":"image\/png"}],"twitter_card":"summary_large_image","twitter_misc":{"Est. reading time":"1 minute"},"schema":{"@context":"https:\/\/schema.org","@graph":[{"@type":"WebPage","@id":"https:\/\/foliobooks.pl\/en\/shop\/yang-liu-europe-meets-usa\/","url":"https:\/\/foliobooks.pl\/en\/shop\/yang-liu-europe-meets-usa\/","name":"Yang Liu. Europe meets USA (Yang Liu) - book \/ album - Folio","isPartOf":{"@id":"https:\/\/foliobooks.pl\/en\/#website"},"primaryImageOfPage":{"@id":"https:\/\/foliobooks.pl\/en\/shop\/yang-liu-europe-meets-usa\/#primaryimage"},"image":{"@id":"https:\/\/foliobooks.pl\/en\/shop\/yang-liu-europe-meets-usa\/#primaryimage"},"thumbnailUrl":"https:\/\/foliobooks.pl\/wp-content\/uploads\/2022\/12\/9783836592123.png","datePublished":"2022-12-03T20:43:14+00:00","dateModified":"2023-05-31T14:47:50+00:00","description":"Wejd\u017a i kup ksi\u0105\u017ck\u0119 Yang Liu. Europe meets USA autorstwa Yang Liu wydan\u0105 przez TASCHEN (2022-07-05) w formacie 13 x 13 cm (ISBN: 9783836592123). Zapraszamy!","breadcrumb":{"@id":"https:\/\/foliobooks.pl\/en\/shop\/yang-liu-europe-meets-usa\/#breadcrumb"},"inLanguage":"en-US","potentialAction":[{"@type":"ReadAction","target":["https:\/\/foliobooks.pl\/en\/shop\/yang-liu-europe-meets-usa\/"]}]},{"@type":"ImageObject","inLanguage":"en-US","@id":"https:\/\/foliobooks.pl\/en\/shop\/yang-liu-europe-meets-usa\/#primaryimage","url":"https:\/\/foliobooks.pl\/wp-content\/uploads\/2022\/12\/9783836592123.png","contentUrl":"https:\/\/foliobooks.pl\/wp-content\/uploads\/2022\/12\/9783836592123.png","width":570,"height":708},{"@type":"BreadcrumbList","@id":"https:\/\/foliobooks.pl\/en\/shop\/yang-liu-europe-meets-usa\/#breadcrumb","itemListElement":[{"@type":"ListItem","position":1,"name":"Strona g\u0142\u00f3wna","item":"https:\/\/foliobooks.pl\/en\/"},{"@type":"ListItem","position":2,"name":"Shop","item":"https:\/\/foliobooks.pl\/en\/shop\/"},{"@type":"ListItem","position":3,"name":"Yang Liu. Europe meets USA"}]},{"@type":"WebSite","@id":"https:\/\/foliobooks.pl\/en\/#website","url":"https:\/\/foliobooks.pl\/en\/","name":"Folio","description":"Ksi\u0119garnia internetowa","potentialAction":[{"@type":"SearchAction","target":{"@type":"EntryPoint","urlTemplate":"https:\/\/foliobooks.pl\/en\/?s={search_term_string}"},"query-input":{"@type":"PropertyValueSpecification","valueRequired":true,"valueName":"search_term_string"}}],"inLanguage":"en-US"}]}},"_links":{"self":[{"href":"https:\/\/foliobooks.pl\/en\/wp-json\/wp\/v2\/product\/76805","targetHints":{"allow":["GET"]}}],"collection":[{"href":"https:\/\/foliobooks.pl\/en\/wp-json\/wp\/v2\/product"}],"about":[{"href":"https:\/\/foliobooks.pl\/en\/wp-json\/wp\/v2\/types\/product"}],"replies":[{"embeddable":true,"href":"https:\/\/foliobooks.pl\/en\/wp-json\/wp\/v2\/comments?post=76805"}],"wp:featuredmedia":[{"embeddable":true,"href":"https:\/\/foliobooks.pl\/en\/wp-json\/wp\/v2\/media\/76790"}],"wp:attachment":[{"href":"https:\/\/foliobooks.pl\/en\/wp-json\/wp\/v2\/media?parent=76805"}],"wp:term":[{"taxonomy":"product_brand","embeddable":true,"href":"https:\/\/foliobooks.pl\/en\/wp-json\/wp\/v2\/product_brand?post=76805"},{"taxonomy":"product_cat","embeddable":true,"href":"https:\/\/foliobooks.pl\/en\/wp-json\/wp\/v2\/product_cat?post=76805"},{"taxonomy":"product_tag","embeddable":true,"href":"https:\/\/foliobooks.pl\/en\/wp-json\/wp\/v2\/product_tag?post=76805"}],"curies":[{"name":"wp","href":"https:\/\/api.w.org\/{rel}","templated":true}]}}