{"id":76742,"date":"2022-12-03T20:45:25","date_gmt":"2022-12-03T19:45:25","guid":{"rendered":"https:\/\/foliobooks.pl\/sklep\/frederic-chaubin-cccp-cosmic-communist-constructions-photographed-40th-ed\/"},"modified":"2025-03-07T14:55:04","modified_gmt":"2025-03-07T13:55:04","slug":"frederic-chaubin-cccp-cosmic-communist-constructions-photographed-40th-ed","status":"publish","type":"product","link":"https:\/\/foliobooks.pl\/en\/shop\/frederic-chaubin-cccp-cosmic-communist-constructions-photographed-40th-ed\/","title":{"rendered":"Fr\u00e9d\u00e9ric Chaubin. CCCP. Cosmic Communist Constructions Photographed. 40th Ed."},"content":{"rendered":"<p>Elected the architectural book of the year by the International Artbook and Film Festival in Perpignan, France, Fr\u00e9d\u00e9ric Chaubin\u2019s Cosmic Communist Constructions Photographed explores 90 buildings in 14 former Soviet Republics. Each of these structures expresses what Chaubin considers the fourth age of Soviet architecture, an unknown burgeoning that took place from 1970 until 1990.<\/p>\n<p>Contrary to the 1920s and 1950s, no \u201cschool\u201d or main trend emerges here. These buildings represent a chaotic impulse brought about by a decaying system. Taking advantage of the collapsing monolithic structure, architects went far beyond modernism, going back to the roots or freely innovating. Some of the daring ones completed projects that the Constructivists would have dreamt of (Druzhba Sanatorium, Yalta), others expressed their imagination in an expressionist way (Palace of Weddings, Tbilisi). A summer camp, inspired by sketches of a prototype lunar base, lays claim to Suprematist influence (Prometheus youth camp, Bogatyr). Then comes the \u201cspeaking architecture\u201d widespread in the last years of the USSR: a crematorium adorned with concrete flames (Crematorium, Kiev), a technological institute with a flying saucer crashed on the roof (Institute of Scientific Research, Kiev), a political center watching you like Big Brother (House of Soviets, Kaliningrad).<\/p>\n<p>In their puzzle of styles, their outlandish strategies, these buildings are extraordinary remnants of a collapsing system.In their diversity and local exoticism, they testify both to the vast geography of the USSR and its encroaching end of the Soviet Union, the holes in a widening net. At the same time, they immortalize many of the ideological dreams of the country and its time, from an obsession with the cosmos to the rebirth of identity.<\/p>\n","protected":false},"excerpt":{"rendered":"<p>Elected the architectural book of the year by the International Artbook and Film Festival in Perpignan, France, Fr\u00e9d\u00e9ric Chaubin\u2019s Cosmic Communist Constructions Photographed explores 90 buildings in 14 former Soviet Republics. Each of these structures expresses what Chaubin considers the fourth age of Soviet architecture, an unknown burgeoning that took place from 1970 until 1990&#8230;.<\/p>\n","protected":false},"featured_media":76727,"comment_status":"closed","ping_status":"closed","template":"","meta":[],"product_brand":[],"product_cat":[4516,13533],"product_tag":[6124,6567],"class_list":{"0":"post-76742","1":"product","2":"type-product","3":"status-publish","4":"has-post-thumbnail","6":"product_cat-architecture-en","7":"product_cat-books","8":"product_tag-architecture-en","9":"product_tag-contemporary-architecture-en","10":"pa_author_att-frederic-chaubin-en","11":"pa_cover-hardcover","12":"pa_format-156-x-217-cm-en","13":"pa_isbn-9783836587792-en","14":"pa_language-eng-f-ger","15":"pa_pages-440-en","16":"pa_published-2022-10-04-en","17":"pa_publisher-taschen-en-en","19":"first","20":"outofstock","21":"sold-individually","22":"shipping-taxable","23":"purchasable","24":"product-type-simple"},"yoast_head":"<!-- This site is optimized with the Yoast SEO plugin v27.6 - https:\/\/yoast.com\/product\/yoast-seo-wordpress\/ -->\n<title>Fr\u00e9d\u00e9ric Chaubin. CCCP. Cosmic Communist Constructions Photographed. 40th Ed. (Fr\u00e9d\u00e9ric Chaubin) - book \/ album - Folio<\/title>\n<meta name=\"description\" content=\"Wejd\u017a i kup ksi\u0105\u017ck\u0119 Fr\u00e9d\u00e9ric Chaubin. CCCP. Cosmic Communist Constructions Photographed. 40th Ed. autorstwa Fr\u00e9d\u00e9ric Chaubin wydan\u0105 przez TASCHEN (2022-10-04) w formacie 15,6 x 21,7 cm (ISBN: 9783836587792). Zapraszamy!\" \/>\n<meta name=\"robots\" content=\"index, follow, max-snippet:-1, max-image-preview:large, max-video-preview:-1\" \/>\n<link rel=\"canonical\" href=\"https:\/\/foliobooks.pl\/en\/shop\/frederic-chaubin-cccp-cosmic-communist-constructions-photographed-40th-ed\/\" \/>\n<meta property=\"og:locale\" content=\"en_US\" \/>\n<meta property=\"og:type\" content=\"article\" \/>\n<meta property=\"og:title\" content=\"Fr\u00e9d\u00e9ric Chaubin. CCCP. Cosmic Communist Constructions Photographed. 40th Ed. (Fr\u00e9d\u00e9ric Chaubin) - book \/ album - Folio\" \/>\n<meta property=\"og:description\" content=\"Wejd\u017a i kup ksi\u0105\u017ck\u0119 Fr\u00e9d\u00e9ric Chaubin. CCCP. Cosmic Communist Constructions Photographed. 40th Ed. autorstwa Fr\u00e9d\u00e9ric Chaubin wydan\u0105 przez TASCHEN (2022-10-04) w formacie 15,6 x 21,7 cm (ISBN: 9783836587792). Zapraszamy!\" \/>\n<meta property=\"og:url\" content=\"https:\/\/foliobooks.pl\/en\/shop\/frederic-chaubin-cccp-cosmic-communist-constructions-photographed-40th-ed\/\" \/>\n<meta property=\"og:site_name\" content=\"Folio\" \/>\n<meta property=\"article:modified_time\" content=\"2025-03-07T13:55:04+00:00\" \/>\n<meta property=\"og:image\" content=\"https:\/\/foliobooks.pl\/wp-content\/uploads\/2022\/12\/9783836587792.png\" \/>\n\t<meta property=\"og:image:width\" content=\"570\" \/>\n\t<meta property=\"og:image:height\" content=\"708\" \/>\n\t<meta property=\"og:image:type\" content=\"image\/png\" \/>\n<meta name=\"twitter:card\" content=\"summary_large_image\" \/>\n<meta name=\"twitter:label1\" content=\"Est. reading time\" \/>\n\t<meta name=\"twitter:data1\" content=\"2 minutes\" \/>\n<script type=\"application\/ld+json\" class=\"yoast-schema-graph\">{\"@context\":\"https:\\\/\\\/schema.org\",\"@graph\":[{\"@type\":\"WebPage\",\"@id\":\"https:\\\/\\\/foliobooks.pl\\\/en\\\/shop\\\/frederic-chaubin-cccp-cosmic-communist-constructions-photographed-40th-ed\\\/\",\"url\":\"https:\\\/\\\/foliobooks.pl\\\/en\\\/shop\\\/frederic-chaubin-cccp-cosmic-communist-constructions-photographed-40th-ed\\\/\",\"name\":\"Fr\u00e9d\u00e9ric Chaubin. CCCP. Cosmic Communist Constructions Photographed. 40th Ed. (Fr\u00e9d\u00e9ric Chaubin) - book \\\/ album - Folio\",\"isPartOf\":{\"@id\":\"https:\\\/\\\/foliobooks.pl\\\/en\\\/#website\"},\"primaryImageOfPage\":{\"@id\":\"https:\\\/\\\/foliobooks.pl\\\/en\\\/shop\\\/frederic-chaubin-cccp-cosmic-communist-constructions-photographed-40th-ed\\\/#primaryimage\"},\"image\":{\"@id\":\"https:\\\/\\\/foliobooks.pl\\\/en\\\/shop\\\/frederic-chaubin-cccp-cosmic-communist-constructions-photographed-40th-ed\\\/#primaryimage\"},\"thumbnailUrl\":\"https:\\\/\\\/foliobooks.pl\\\/wp-content\\\/uploads\\\/2022\\\/12\\\/9783836587792.png\",\"datePublished\":\"2022-12-03T19:45:25+00:00\",\"dateModified\":\"2025-03-07T13:55:04+00:00\",\"description\":\"Wejd\u017a i kup ksi\u0105\u017ck\u0119 Fr\u00e9d\u00e9ric Chaubin. CCCP. Cosmic Communist Constructions Photographed. 40th Ed. autorstwa Fr\u00e9d\u00e9ric Chaubin wydan\u0105 przez TASCHEN (2022-10-04) w formacie 15,6 x 21,7 cm (ISBN: 9783836587792). Zapraszamy!\",\"breadcrumb\":{\"@id\":\"https:\\\/\\\/foliobooks.pl\\\/en\\\/shop\\\/frederic-chaubin-cccp-cosmic-communist-constructions-photographed-40th-ed\\\/#breadcrumb\"},\"inLanguage\":\"en-US\",\"potentialAction\":[{\"@type\":\"ReadAction\",\"target\":[\"https:\\\/\\\/foliobooks.pl\\\/en\\\/shop\\\/frederic-chaubin-cccp-cosmic-communist-constructions-photographed-40th-ed\\\/\"]}]},{\"@type\":\"ImageObject\",\"inLanguage\":\"en-US\",\"@id\":\"https:\\\/\\\/foliobooks.pl\\\/en\\\/shop\\\/frederic-chaubin-cccp-cosmic-communist-constructions-photographed-40th-ed\\\/#primaryimage\",\"url\":\"https:\\\/\\\/foliobooks.pl\\\/wp-content\\\/uploads\\\/2022\\\/12\\\/9783836587792.png\",\"contentUrl\":\"https:\\\/\\\/foliobooks.pl\\\/wp-content\\\/uploads\\\/2022\\\/12\\\/9783836587792.png\",\"width\":570,\"height\":708},{\"@type\":\"BreadcrumbList\",\"@id\":\"https:\\\/\\\/foliobooks.pl\\\/en\\\/shop\\\/frederic-chaubin-cccp-cosmic-communist-constructions-photographed-40th-ed\\\/#breadcrumb\",\"itemListElement\":[{\"@type\":\"ListItem\",\"position\":1,\"name\":\"Strona g\u0142\u00f3wna\",\"item\":\"https:\\\/\\\/foliobooks.pl\\\/en\\\/\"},{\"@type\":\"ListItem\",\"position\":2,\"name\":\"Shop\",\"item\":\"https:\\\/\\\/foliobooks.pl\\\/en\\\/shop\\\/\"},{\"@type\":\"ListItem\",\"position\":3,\"name\":\"Fr\u00e9d\u00e9ric Chaubin. CCCP. Cosmic Communist Constructions Photographed. 40th Ed.\"}]},{\"@type\":\"WebSite\",\"@id\":\"https:\\\/\\\/foliobooks.pl\\\/en\\\/#website\",\"url\":\"https:\\\/\\\/foliobooks.pl\\\/en\\\/\",\"name\":\"Folio\",\"description\":\"Ksi\u0119garnia internetowa\",\"potentialAction\":[{\"@type\":\"SearchAction\",\"target\":{\"@type\":\"EntryPoint\",\"urlTemplate\":\"https:\\\/\\\/foliobooks.pl\\\/en\\\/?s={search_term_string}\"},\"query-input\":{\"@type\":\"PropertyValueSpecification\",\"valueRequired\":true,\"valueName\":\"search_term_string\"}}],\"inLanguage\":\"en-US\"}]}<\/script>\n<!-- \/ Yoast SEO plugin. -->","yoast_head_json":{"title":"Fr\u00e9d\u00e9ric Chaubin. CCCP. Cosmic Communist Constructions Photographed. 40th Ed. (Fr\u00e9d\u00e9ric Chaubin) - book \/ album - Folio","description":"Wejd\u017a i kup ksi\u0105\u017ck\u0119 Fr\u00e9d\u00e9ric Chaubin. CCCP. Cosmic Communist Constructions Photographed. 40th Ed. autorstwa Fr\u00e9d\u00e9ric Chaubin wydan\u0105 przez TASCHEN (2022-10-04) w formacie 15,6 x 21,7 cm (ISBN: 9783836587792). Zapraszamy!","robots":{"index":"index","follow":"follow","max-snippet":"max-snippet:-1","max-image-preview":"max-image-preview:large","max-video-preview":"max-video-preview:-1"},"canonical":"https:\/\/foliobooks.pl\/en\/shop\/frederic-chaubin-cccp-cosmic-communist-constructions-photographed-40th-ed\/","og_locale":"en_US","og_type":"article","og_title":"Fr\u00e9d\u00e9ric Chaubin. CCCP. Cosmic Communist Constructions Photographed. 40th Ed. (Fr\u00e9d\u00e9ric Chaubin) - book \/ album - Folio","og_description":"Wejd\u017a i kup ksi\u0105\u017ck\u0119 Fr\u00e9d\u00e9ric Chaubin. CCCP. Cosmic Communist Constructions Photographed. 40th Ed. autorstwa Fr\u00e9d\u00e9ric Chaubin wydan\u0105 przez TASCHEN (2022-10-04) w formacie 15,6 x 21,7 cm (ISBN: 9783836587792). Zapraszamy!","og_url":"https:\/\/foliobooks.pl\/en\/shop\/frederic-chaubin-cccp-cosmic-communist-constructions-photographed-40th-ed\/","og_site_name":"Folio","article_modified_time":"2025-03-07T13:55:04+00:00","og_image":[{"width":570,"height":708,"url":"https:\/\/foliobooks.pl\/wp-content\/uploads\/2022\/12\/9783836587792.png","type":"image\/png"}],"twitter_card":"summary_large_image","twitter_misc":{"Est. reading time":"2 minutes"},"schema":{"@context":"https:\/\/schema.org","@graph":[{"@type":"WebPage","@id":"https:\/\/foliobooks.pl\/en\/shop\/frederic-chaubin-cccp-cosmic-communist-constructions-photographed-40th-ed\/","url":"https:\/\/foliobooks.pl\/en\/shop\/frederic-chaubin-cccp-cosmic-communist-constructions-photographed-40th-ed\/","name":"Fr\u00e9d\u00e9ric Chaubin. CCCP. Cosmic Communist Constructions Photographed. 40th Ed. (Fr\u00e9d\u00e9ric Chaubin) - book \/ album - Folio","isPartOf":{"@id":"https:\/\/foliobooks.pl\/en\/#website"},"primaryImageOfPage":{"@id":"https:\/\/foliobooks.pl\/en\/shop\/frederic-chaubin-cccp-cosmic-communist-constructions-photographed-40th-ed\/#primaryimage"},"image":{"@id":"https:\/\/foliobooks.pl\/en\/shop\/frederic-chaubin-cccp-cosmic-communist-constructions-photographed-40th-ed\/#primaryimage"},"thumbnailUrl":"https:\/\/foliobooks.pl\/wp-content\/uploads\/2022\/12\/9783836587792.png","datePublished":"2022-12-03T19:45:25+00:00","dateModified":"2025-03-07T13:55:04+00:00","description":"Wejd\u017a i kup ksi\u0105\u017ck\u0119 Fr\u00e9d\u00e9ric Chaubin. CCCP. Cosmic Communist Constructions Photographed. 40th Ed. autorstwa Fr\u00e9d\u00e9ric Chaubin wydan\u0105 przez TASCHEN (2022-10-04) w formacie 15,6 x 21,7 cm (ISBN: 9783836587792). Zapraszamy!","breadcrumb":{"@id":"https:\/\/foliobooks.pl\/en\/shop\/frederic-chaubin-cccp-cosmic-communist-constructions-photographed-40th-ed\/#breadcrumb"},"inLanguage":"en-US","potentialAction":[{"@type":"ReadAction","target":["https:\/\/foliobooks.pl\/en\/shop\/frederic-chaubin-cccp-cosmic-communist-constructions-photographed-40th-ed\/"]}]},{"@type":"ImageObject","inLanguage":"en-US","@id":"https:\/\/foliobooks.pl\/en\/shop\/frederic-chaubin-cccp-cosmic-communist-constructions-photographed-40th-ed\/#primaryimage","url":"https:\/\/foliobooks.pl\/wp-content\/uploads\/2022\/12\/9783836587792.png","contentUrl":"https:\/\/foliobooks.pl\/wp-content\/uploads\/2022\/12\/9783836587792.png","width":570,"height":708},{"@type":"BreadcrumbList","@id":"https:\/\/foliobooks.pl\/en\/shop\/frederic-chaubin-cccp-cosmic-communist-constructions-photographed-40th-ed\/#breadcrumb","itemListElement":[{"@type":"ListItem","position":1,"name":"Strona g\u0142\u00f3wna","item":"https:\/\/foliobooks.pl\/en\/"},{"@type":"ListItem","position":2,"name":"Shop","item":"https:\/\/foliobooks.pl\/en\/shop\/"},{"@type":"ListItem","position":3,"name":"Fr\u00e9d\u00e9ric Chaubin. CCCP. Cosmic Communist Constructions Photographed. 40th Ed."}]},{"@type":"WebSite","@id":"https:\/\/foliobooks.pl\/en\/#website","url":"https:\/\/foliobooks.pl\/en\/","name":"Folio","description":"Ksi\u0119garnia internetowa","potentialAction":[{"@type":"SearchAction","target":{"@type":"EntryPoint","urlTemplate":"https:\/\/foliobooks.pl\/en\/?s={search_term_string}"},"query-input":{"@type":"PropertyValueSpecification","valueRequired":true,"valueName":"search_term_string"}}],"inLanguage":"en-US"}]}},"_links":{"self":[{"href":"https:\/\/foliobooks.pl\/en\/wp-json\/wp\/v2\/product\/76742","targetHints":{"allow":["GET"]}}],"collection":[{"href":"https:\/\/foliobooks.pl\/en\/wp-json\/wp\/v2\/product"}],"about":[{"href":"https:\/\/foliobooks.pl\/en\/wp-json\/wp\/v2\/types\/product"}],"replies":[{"embeddable":true,"href":"https:\/\/foliobooks.pl\/en\/wp-json\/wp\/v2\/comments?post=76742"}],"wp:featuredmedia":[{"embeddable":true,"href":"https:\/\/foliobooks.pl\/en\/wp-json\/wp\/v2\/media\/76727"}],"wp:attachment":[{"href":"https:\/\/foliobooks.pl\/en\/wp-json\/wp\/v2\/media?parent=76742"}],"wp:term":[{"taxonomy":"product_brand","embeddable":true,"href":"https:\/\/foliobooks.pl\/en\/wp-json\/wp\/v2\/product_brand?post=76742"},{"taxonomy":"product_cat","embeddable":true,"href":"https:\/\/foliobooks.pl\/en\/wp-json\/wp\/v2\/product_cat?post=76742"},{"taxonomy":"product_tag","embeddable":true,"href":"https:\/\/foliobooks.pl\/en\/wp-json\/wp\/v2\/product_tag?post=76742"}],"curies":[{"name":"wp","href":"https:\/\/api.w.org\/{rel}","templated":true}]}}