{"id":76664,"date":"2022-12-03T19:13:20","date_gmt":"2022-12-03T18:13:20","guid":{"rendered":"https:\/\/foliobooks.pl\/sklep\/decorative-art-70s\/"},"modified":"2024-12-18T16:40:36","modified_gmt":"2024-12-18T15:40:36","slug":"decorative-art-70s","status":"publish","type":"product","link":"https:\/\/foliobooks.pl\/en\/shop\/decorative-art-70s\/","title":{"rendered":"Decorative Art 70s"},"content":{"rendered":"<p>Published annually from 1906 until 1980, Decorative Art, The Studio Yearbook was dedicated to the latest currents in architecture, interiors, furniture, lighting, glassware, textiles, metalware, and ceramics. Since the publications went out of print, the now hard-to-find yearbooks have become highly prized by collectors and dealers.<\/p>\n<p>This volume spotlights the futuristic, experimental aesthetic of the 1970s. After the revolutions of the \u201960s, the world of design and architecture became an increasingly exciting and fast-moving hotbed of ideas, rife with vehemently opposing schools and movements. In many ways it was a more extreme era for design than the previous decade.<\/p>\n<p>Experimentalism was everywhere, and many projects, thought not practical, were forward-thinking visions of a new kind of decorative art and design. Various groups advocated returning to natural methods, rejecting style in favor of craft or pushing the logic of industrial living to its concrete, high-rise extreme. Decorative Art 1970s includes the work of the decade\u2019s brightest stars, such as Afra and Tobia Scarpa, Luigi Colani, Achille Castiglioni, Kisho Kurokawa, Norman Foster, Richard Meier, and Theo Crosby.<\/p>\n","protected":false},"excerpt":{"rendered":"<p>Published annually from 1906 until 1980, Decorative Art, The Studio Yearbook was dedicated to the latest currents in architecture, interiors, furniture, lighting, glassware, textiles, metalware, and ceramics. Since the publications went out of print, the now hard-to-find yearbooks have become highly prized by collectors and dealers. This volume spotlights the futuristic, experimental aesthetic of the&#8230;<\/p>\n","protected":false},"featured_media":76655,"comment_status":"closed","ping_status":"closed","template":"","meta":[],"product_brand":[],"product_cat":[13533,4523,4525,4526],"product_tag":[9083,12589,290],"class_list":{"0":"post-76664","1":"product","2":"type-product","3":"status-publish","4":"has-post-thumbnail","6":"product_cat-books","7":"product_cat-design-en-en","8":"product_cat-graphic-design","9":"product_cat-industrial-design","10":"product_tag-art-en","11":"product_tag-designs-en","12":"product_tag-interiors-en","13":"pa_author_att-charlotte-fiell-en","14":"pa_author_att-peter-fiell-en","15":"pa_cover-hardcover","16":"pa_format-196-x-255-cm-en","17":"pa_isbn-9783836584487-en","18":"pa_language-eng-f-ger","19":"pa_pages-576-en","20":"pa_published-2022-06-22-en","21":"pa_publisher-taschen-en-en","23":"first","24":"outofstock","25":"sold-individually","26":"shipping-taxable","27":"purchasable","28":"product-type-simple"},"yoast_head":"<!-- This site is optimized with the Yoast SEO plugin v27.6 - https:\/\/yoast.com\/product\/yoast-seo-wordpress\/ -->\n<title>Decorative Art 70s (Charlotte Fiell, Peter Fiell) - book \/ album - Folio<\/title>\n<meta name=\"description\" content=\"Wejd\u017a i kup ksi\u0105\u017ck\u0119 Decorative Art 70s autorstwa Charlotte Fiell, Peter Fiell wydan\u0105 przez TASCHEN (2022-06-22) w formacie 19,6 x 25,5 cm (ISBN: 9783836584487). Zapraszamy!\" \/>\n<meta name=\"robots\" content=\"index, follow, max-snippet:-1, max-image-preview:large, max-video-preview:-1\" \/>\n<link rel=\"canonical\" href=\"https:\/\/foliobooks.pl\/en\/shop\/decorative-art-70s\/\" \/>\n<meta property=\"og:locale\" content=\"en_US\" \/>\n<meta property=\"og:type\" content=\"article\" \/>\n<meta property=\"og:title\" content=\"Decorative Art 70s (Charlotte Fiell, Peter Fiell) - book \/ album - Folio\" \/>\n<meta property=\"og:description\" content=\"Wejd\u017a i kup ksi\u0105\u017ck\u0119 Decorative Art 70s autorstwa Charlotte Fiell, Peter Fiell wydan\u0105 przez TASCHEN (2022-06-22) w formacie 19,6 x 25,5 cm (ISBN: 9783836584487). Zapraszamy!\" \/>\n<meta property=\"og:url\" content=\"https:\/\/foliobooks.pl\/en\/shop\/decorative-art-70s\/\" \/>\n<meta property=\"og:site_name\" content=\"Folio\" \/>\n<meta property=\"article:modified_time\" content=\"2024-12-18T15:40:36+00:00\" \/>\n<meta property=\"og:image\" content=\"https:\/\/foliobooks.pl\/wp-content\/uploads\/2022\/12\/9783836584487.png\" \/>\n\t<meta property=\"og:image:width\" content=\"570\" \/>\n\t<meta property=\"og:image:height\" content=\"708\" \/>\n\t<meta property=\"og:image:type\" content=\"image\/png\" \/>\n<meta name=\"twitter:card\" content=\"summary_large_image\" \/>\n<meta name=\"twitter:label1\" content=\"Est. reading time\" \/>\n\t<meta name=\"twitter:data1\" content=\"2 minutes\" \/>\n<script type=\"application\/ld+json\" class=\"yoast-schema-graph\">{\"@context\":\"https:\\\/\\\/schema.org\",\"@graph\":[{\"@type\":\"WebPage\",\"@id\":\"https:\\\/\\\/foliobooks.pl\\\/en\\\/shop\\\/decorative-art-70s\\\/\",\"url\":\"https:\\\/\\\/foliobooks.pl\\\/en\\\/shop\\\/decorative-art-70s\\\/\",\"name\":\"Decorative Art 70s (Charlotte Fiell, Peter Fiell) - book \\\/ album - Folio\",\"isPartOf\":{\"@id\":\"https:\\\/\\\/foliobooks.pl\\\/en\\\/#website\"},\"primaryImageOfPage\":{\"@id\":\"https:\\\/\\\/foliobooks.pl\\\/en\\\/shop\\\/decorative-art-70s\\\/#primaryimage\"},\"image\":{\"@id\":\"https:\\\/\\\/foliobooks.pl\\\/en\\\/shop\\\/decorative-art-70s\\\/#primaryimage\"},\"thumbnailUrl\":\"https:\\\/\\\/foliobooks.pl\\\/wp-content\\\/uploads\\\/2022\\\/12\\\/9783836584487.png\",\"datePublished\":\"2022-12-03T18:13:20+00:00\",\"dateModified\":\"2024-12-18T15:40:36+00:00\",\"description\":\"Wejd\u017a i kup ksi\u0105\u017ck\u0119 Decorative Art 70s autorstwa Charlotte Fiell, Peter Fiell wydan\u0105 przez TASCHEN (2022-06-22) w formacie 19,6 x 25,5 cm (ISBN: 9783836584487). Zapraszamy!\",\"breadcrumb\":{\"@id\":\"https:\\\/\\\/foliobooks.pl\\\/en\\\/shop\\\/decorative-art-70s\\\/#breadcrumb\"},\"inLanguage\":\"en-US\",\"potentialAction\":[{\"@type\":\"ReadAction\",\"target\":[\"https:\\\/\\\/foliobooks.pl\\\/en\\\/shop\\\/decorative-art-70s\\\/\"]}]},{\"@type\":\"ImageObject\",\"inLanguage\":\"en-US\",\"@id\":\"https:\\\/\\\/foliobooks.pl\\\/en\\\/shop\\\/decorative-art-70s\\\/#primaryimage\",\"url\":\"https:\\\/\\\/foliobooks.pl\\\/wp-content\\\/uploads\\\/2022\\\/12\\\/9783836584487.png\",\"contentUrl\":\"https:\\\/\\\/foliobooks.pl\\\/wp-content\\\/uploads\\\/2022\\\/12\\\/9783836584487.png\",\"width\":570,\"height\":708},{\"@type\":\"BreadcrumbList\",\"@id\":\"https:\\\/\\\/foliobooks.pl\\\/en\\\/shop\\\/decorative-art-70s\\\/#breadcrumb\",\"itemListElement\":[{\"@type\":\"ListItem\",\"position\":1,\"name\":\"Strona g\u0142\u00f3wna\",\"item\":\"https:\\\/\\\/foliobooks.pl\\\/en\\\/\"},{\"@type\":\"ListItem\",\"position\":2,\"name\":\"Shop\",\"item\":\"https:\\\/\\\/foliobooks.pl\\\/en\\\/shop\\\/\"},{\"@type\":\"ListItem\",\"position\":3,\"name\":\"Decorative Art 70s\"}]},{\"@type\":\"WebSite\",\"@id\":\"https:\\\/\\\/foliobooks.pl\\\/en\\\/#website\",\"url\":\"https:\\\/\\\/foliobooks.pl\\\/en\\\/\",\"name\":\"Folio\",\"description\":\"Ksi\u0119garnia internetowa\",\"potentialAction\":[{\"@type\":\"SearchAction\",\"target\":{\"@type\":\"EntryPoint\",\"urlTemplate\":\"https:\\\/\\\/foliobooks.pl\\\/en\\\/?s={search_term_string}\"},\"query-input\":{\"@type\":\"PropertyValueSpecification\",\"valueRequired\":true,\"valueName\":\"search_term_string\"}}],\"inLanguage\":\"en-US\"}]}<\/script>\n<!-- \/ Yoast SEO plugin. -->","yoast_head_json":{"title":"Decorative Art 70s (Charlotte Fiell, Peter Fiell) - book \/ album - Folio","description":"Wejd\u017a i kup ksi\u0105\u017ck\u0119 Decorative Art 70s autorstwa Charlotte Fiell, Peter Fiell wydan\u0105 przez TASCHEN (2022-06-22) w formacie 19,6 x 25,5 cm (ISBN: 9783836584487). Zapraszamy!","robots":{"index":"index","follow":"follow","max-snippet":"max-snippet:-1","max-image-preview":"max-image-preview:large","max-video-preview":"max-video-preview:-1"},"canonical":"https:\/\/foliobooks.pl\/en\/shop\/decorative-art-70s\/","og_locale":"en_US","og_type":"article","og_title":"Decorative Art 70s (Charlotte Fiell, Peter Fiell) - book \/ album - Folio","og_description":"Wejd\u017a i kup ksi\u0105\u017ck\u0119 Decorative Art 70s autorstwa Charlotte Fiell, Peter Fiell wydan\u0105 przez TASCHEN (2022-06-22) w formacie 19,6 x 25,5 cm (ISBN: 9783836584487). Zapraszamy!","og_url":"https:\/\/foliobooks.pl\/en\/shop\/decorative-art-70s\/","og_site_name":"Folio","article_modified_time":"2024-12-18T15:40:36+00:00","og_image":[{"width":570,"height":708,"url":"https:\/\/foliobooks.pl\/wp-content\/uploads\/2022\/12\/9783836584487.png","type":"image\/png"}],"twitter_card":"summary_large_image","twitter_misc":{"Est. reading time":"2 minutes"},"schema":{"@context":"https:\/\/schema.org","@graph":[{"@type":"WebPage","@id":"https:\/\/foliobooks.pl\/en\/shop\/decorative-art-70s\/","url":"https:\/\/foliobooks.pl\/en\/shop\/decorative-art-70s\/","name":"Decorative Art 70s (Charlotte Fiell, Peter Fiell) - book \/ album - Folio","isPartOf":{"@id":"https:\/\/foliobooks.pl\/en\/#website"},"primaryImageOfPage":{"@id":"https:\/\/foliobooks.pl\/en\/shop\/decorative-art-70s\/#primaryimage"},"image":{"@id":"https:\/\/foliobooks.pl\/en\/shop\/decorative-art-70s\/#primaryimage"},"thumbnailUrl":"https:\/\/foliobooks.pl\/wp-content\/uploads\/2022\/12\/9783836584487.png","datePublished":"2022-12-03T18:13:20+00:00","dateModified":"2024-12-18T15:40:36+00:00","description":"Wejd\u017a i kup ksi\u0105\u017ck\u0119 Decorative Art 70s autorstwa Charlotte Fiell, Peter Fiell wydan\u0105 przez TASCHEN (2022-06-22) w formacie 19,6 x 25,5 cm (ISBN: 9783836584487). Zapraszamy!","breadcrumb":{"@id":"https:\/\/foliobooks.pl\/en\/shop\/decorative-art-70s\/#breadcrumb"},"inLanguage":"en-US","potentialAction":[{"@type":"ReadAction","target":["https:\/\/foliobooks.pl\/en\/shop\/decorative-art-70s\/"]}]},{"@type":"ImageObject","inLanguage":"en-US","@id":"https:\/\/foliobooks.pl\/en\/shop\/decorative-art-70s\/#primaryimage","url":"https:\/\/foliobooks.pl\/wp-content\/uploads\/2022\/12\/9783836584487.png","contentUrl":"https:\/\/foliobooks.pl\/wp-content\/uploads\/2022\/12\/9783836584487.png","width":570,"height":708},{"@type":"BreadcrumbList","@id":"https:\/\/foliobooks.pl\/en\/shop\/decorative-art-70s\/#breadcrumb","itemListElement":[{"@type":"ListItem","position":1,"name":"Strona g\u0142\u00f3wna","item":"https:\/\/foliobooks.pl\/en\/"},{"@type":"ListItem","position":2,"name":"Shop","item":"https:\/\/foliobooks.pl\/en\/shop\/"},{"@type":"ListItem","position":3,"name":"Decorative Art 70s"}]},{"@type":"WebSite","@id":"https:\/\/foliobooks.pl\/en\/#website","url":"https:\/\/foliobooks.pl\/en\/","name":"Folio","description":"Ksi\u0119garnia internetowa","potentialAction":[{"@type":"SearchAction","target":{"@type":"EntryPoint","urlTemplate":"https:\/\/foliobooks.pl\/en\/?s={search_term_string}"},"query-input":{"@type":"PropertyValueSpecification","valueRequired":true,"valueName":"search_term_string"}}],"inLanguage":"en-US"}]}},"_links":{"self":[{"href":"https:\/\/foliobooks.pl\/en\/wp-json\/wp\/v2\/product\/76664","targetHints":{"allow":["GET"]}}],"collection":[{"href":"https:\/\/foliobooks.pl\/en\/wp-json\/wp\/v2\/product"}],"about":[{"href":"https:\/\/foliobooks.pl\/en\/wp-json\/wp\/v2\/types\/product"}],"replies":[{"embeddable":true,"href":"https:\/\/foliobooks.pl\/en\/wp-json\/wp\/v2\/comments?post=76664"}],"wp:featuredmedia":[{"embeddable":true,"href":"https:\/\/foliobooks.pl\/en\/wp-json\/wp\/v2\/media\/76655"}],"wp:attachment":[{"href":"https:\/\/foliobooks.pl\/en\/wp-json\/wp\/v2\/media?parent=76664"}],"wp:term":[{"taxonomy":"product_brand","embeddable":true,"href":"https:\/\/foliobooks.pl\/en\/wp-json\/wp\/v2\/product_brand?post=76664"},{"taxonomy":"product_cat","embeddable":true,"href":"https:\/\/foliobooks.pl\/en\/wp-json\/wp\/v2\/product_cat?post=76664"},{"taxonomy":"product_tag","embeddable":true,"href":"https:\/\/foliobooks.pl\/en\/wp-json\/wp\/v2\/product_tag?post=76664"}],"curies":[{"name":"wp","href":"https:\/\/api.w.org\/{rel}","templated":true}]}}