{"id":76602,"date":"2022-12-03T18:47:40","date_gmt":"2022-12-03T17:47:40","guid":{"rendered":"https:\/\/foliobooks.pl\/sklep\/harry-benson-paul\/"},"modified":"2022-12-03T18:47:40","modified_gmt":"2022-12-03T17:47:40","slug":"harry-benson-paul","status":"publish","type":"product","link":"https:\/\/foliobooks.pl\/en\/shop\/harry-benson-paul\/","title":{"rendered":"Harry Benson. Paul"},"content":{"rendered":"<p>Harry Benson began photographing Paul McCartney in 1964, when the Beatles took America by storm, toured the world, and made their movie debut with A Hard Day\u2019s Night. The legendary photojournalist was on hand to document it all. When the Fab Four came to an end, it was Benson who had intimate access to Paul and his wife Linda, as Paul forged a new path, creatively and personally.<\/p>\n<p>Featuring more than 100 color and black-and-white images, this collection is a window into the life of one of the world\u2019s best-known recording artists, one who has remained enigmatic despite a lifetime in the limelight.<\/p>\n<p>Through Benson\u2019s lens, Paul traces the evolution of its namesake from performer to icon, father and husband. We see the young musician at the height of his fame with the Beatles, in the recording studio with Linda and their band Wings, with the family, behind the scenes and on stage during the 1975\u201376 \u201cWings Over America\u201d tour, partying with the stars, and at the couple\u2019s quiet farm in the UK in the early 1990s.<\/p>\n<p>On the occasion of Sir Paul&#8217;s 80th birthday, Paul gives an all-access look at a life spent making the world\u2019s most popular music. A must for any music fan.<\/p>\n","protected":false},"excerpt":{"rendered":"<p>Harry Benson began photographing Paul McCartney in 1964, when the Beatles took America by storm, toured the world, and made their movie debut with A Hard Day\u2019s Night. The legendary photojournalist was on hand to document it all. When the Fab Four came to an end, it was Benson who had intimate access to Paul&#8230;<\/p>\n","protected":false},"featured_media":76589,"comment_status":"closed","ping_status":"closed","template":"","meta":[],"product_brand":[],"product_cat":[13533,4517],"product_tag":[1269,6121,6311],"class_list":{"0":"post-76602","1":"product","2":"type-product","3":"status-publish","4":"has-post-thumbnail","6":"product_cat-books","7":"product_cat-photography-en","8":"product_tag-musicians","9":"product_tag-photography","10":"product_tag-stars","11":"pa_author_att-reuel-golden-en","12":"pa_cover-hardcover","13":"pa_format-24-x-333-cm-en","14":"pa_isbn-9783836592048-en","15":"pa_language-eng-f-ger","16":"pa_pages-172-en","17":"pa_published-2022-07-27-en","18":"pa_publisher-taschen-en-en","20":"first","21":"instock","22":"sold-individually","23":"shipping-taxable","24":"purchasable","25":"product-type-simple"},"yoast_head":"<!-- This site is optimized with the Yoast SEO plugin v27.4 - https:\/\/yoast.com\/product\/yoast-seo-wordpress\/ -->\n<title>Harry Benson. Paul (Reuel Golden) - book \/ album - Folio<\/title>\n<meta name=\"description\" content=\"Wejd\u017a i kup ksi\u0105\u017ck\u0119 Harry Benson. Paul autorstwa Reuel Golden wydan\u0105 przez TASCHEN (2022-07-27) w formacie 24 x 33,3 cm (ISBN: 9783836592048). Zapraszamy!\" \/>\n<meta name=\"robots\" content=\"index, follow, max-snippet:-1, max-image-preview:large, max-video-preview:-1\" \/>\n<link rel=\"canonical\" href=\"https:\/\/foliobooks.pl\/en\/shop\/harry-benson-paul\/\" \/>\n<meta property=\"og:locale\" content=\"en_US\" \/>\n<meta property=\"og:type\" content=\"article\" \/>\n<meta property=\"og:title\" content=\"Harry Benson. Paul (Reuel Golden) - book \/ album - Folio\" \/>\n<meta property=\"og:description\" content=\"Wejd\u017a i kup ksi\u0105\u017ck\u0119 Harry Benson. Paul autorstwa Reuel Golden wydan\u0105 przez TASCHEN (2022-07-27) w formacie 24 x 33,3 cm (ISBN: 9783836592048). Zapraszamy!\" \/>\n<meta property=\"og:url\" content=\"https:\/\/foliobooks.pl\/en\/shop\/harry-benson-paul\/\" \/>\n<meta property=\"og:site_name\" content=\"Folio\" \/>\n<meta property=\"og:image\" content=\"https:\/\/foliobooks.pl\/wp-content\/uploads\/2022\/12\/9783836592048.png\" \/>\n\t<meta property=\"og:image:width\" content=\"570\" \/>\n\t<meta property=\"og:image:height\" content=\"708\" \/>\n\t<meta property=\"og:image:type\" content=\"image\/png\" \/>\n<meta name=\"twitter:card\" content=\"summary_large_image\" \/>\n<meta name=\"twitter:label1\" content=\"Est. reading time\" \/>\n\t<meta name=\"twitter:data1\" content=\"2 minutes\" \/>\n<script type=\"application\/ld+json\" class=\"yoast-schema-graph\">{\"@context\":\"https:\\\/\\\/schema.org\",\"@graph\":[{\"@type\":\"WebPage\",\"@id\":\"https:\\\/\\\/foliobooks.pl\\\/en\\\/shop\\\/harry-benson-paul\\\/\",\"url\":\"https:\\\/\\\/foliobooks.pl\\\/en\\\/shop\\\/harry-benson-paul\\\/\",\"name\":\"Harry Benson. Paul (Reuel Golden) - book \\\/ album - Folio\",\"isPartOf\":{\"@id\":\"https:\\\/\\\/foliobooks.pl\\\/en\\\/#website\"},\"primaryImageOfPage\":{\"@id\":\"https:\\\/\\\/foliobooks.pl\\\/en\\\/shop\\\/harry-benson-paul\\\/#primaryimage\"},\"image\":{\"@id\":\"https:\\\/\\\/foliobooks.pl\\\/en\\\/shop\\\/harry-benson-paul\\\/#primaryimage\"},\"thumbnailUrl\":\"https:\\\/\\\/foliobooks.pl\\\/wp-content\\\/uploads\\\/2022\\\/12\\\/9783836592048.png\",\"datePublished\":\"2022-12-03T17:47:40+00:00\",\"description\":\"Wejd\u017a i kup ksi\u0105\u017ck\u0119 Harry Benson. Paul autorstwa Reuel Golden wydan\u0105 przez TASCHEN (2022-07-27) w formacie 24 x 33,3 cm (ISBN: 9783836592048). Zapraszamy!\",\"breadcrumb\":{\"@id\":\"https:\\\/\\\/foliobooks.pl\\\/en\\\/shop\\\/harry-benson-paul\\\/#breadcrumb\"},\"inLanguage\":\"en-US\",\"potentialAction\":[{\"@type\":\"ReadAction\",\"target\":[\"https:\\\/\\\/foliobooks.pl\\\/en\\\/shop\\\/harry-benson-paul\\\/\"]}]},{\"@type\":\"ImageObject\",\"inLanguage\":\"en-US\",\"@id\":\"https:\\\/\\\/foliobooks.pl\\\/en\\\/shop\\\/harry-benson-paul\\\/#primaryimage\",\"url\":\"https:\\\/\\\/foliobooks.pl\\\/wp-content\\\/uploads\\\/2022\\\/12\\\/9783836592048.png\",\"contentUrl\":\"https:\\\/\\\/foliobooks.pl\\\/wp-content\\\/uploads\\\/2022\\\/12\\\/9783836592048.png\",\"width\":570,\"height\":708},{\"@type\":\"BreadcrumbList\",\"@id\":\"https:\\\/\\\/foliobooks.pl\\\/en\\\/shop\\\/harry-benson-paul\\\/#breadcrumb\",\"itemListElement\":[{\"@type\":\"ListItem\",\"position\":1,\"name\":\"Strona g\u0142\u00f3wna\",\"item\":\"https:\\\/\\\/foliobooks.pl\\\/en\\\/\"},{\"@type\":\"ListItem\",\"position\":2,\"name\":\"Shop\",\"item\":\"https:\\\/\\\/foliobooks.pl\\\/en\\\/shop\\\/\"},{\"@type\":\"ListItem\",\"position\":3,\"name\":\"Harry Benson. Paul\"}]},{\"@type\":\"WebSite\",\"@id\":\"https:\\\/\\\/foliobooks.pl\\\/en\\\/#website\",\"url\":\"https:\\\/\\\/foliobooks.pl\\\/en\\\/\",\"name\":\"Folio\",\"description\":\"Ksi\u0119garnia internetowa\",\"potentialAction\":[{\"@type\":\"SearchAction\",\"target\":{\"@type\":\"EntryPoint\",\"urlTemplate\":\"https:\\\/\\\/foliobooks.pl\\\/en\\\/?s={search_term_string}\"},\"query-input\":{\"@type\":\"PropertyValueSpecification\",\"valueRequired\":true,\"valueName\":\"search_term_string\"}}],\"inLanguage\":\"en-US\"}]}<\/script>\n<!-- \/ Yoast SEO plugin. -->","yoast_head_json":{"title":"Harry Benson. Paul (Reuel Golden) - book \/ album - Folio","description":"Wejd\u017a i kup ksi\u0105\u017ck\u0119 Harry Benson. Paul autorstwa Reuel Golden wydan\u0105 przez TASCHEN (2022-07-27) w formacie 24 x 33,3 cm (ISBN: 9783836592048). Zapraszamy!","robots":{"index":"index","follow":"follow","max-snippet":"max-snippet:-1","max-image-preview":"max-image-preview:large","max-video-preview":"max-video-preview:-1"},"canonical":"https:\/\/foliobooks.pl\/en\/shop\/harry-benson-paul\/","og_locale":"en_US","og_type":"article","og_title":"Harry Benson. Paul (Reuel Golden) - book \/ album - Folio","og_description":"Wejd\u017a i kup ksi\u0105\u017ck\u0119 Harry Benson. Paul autorstwa Reuel Golden wydan\u0105 przez TASCHEN (2022-07-27) w formacie 24 x 33,3 cm (ISBN: 9783836592048). Zapraszamy!","og_url":"https:\/\/foliobooks.pl\/en\/shop\/harry-benson-paul\/","og_site_name":"Folio","og_image":[{"width":570,"height":708,"url":"https:\/\/foliobooks.pl\/wp-content\/uploads\/2022\/12\/9783836592048.png","type":"image\/png"}],"twitter_card":"summary_large_image","twitter_misc":{"Est. reading time":"2 minutes"},"schema":{"@context":"https:\/\/schema.org","@graph":[{"@type":"WebPage","@id":"https:\/\/foliobooks.pl\/en\/shop\/harry-benson-paul\/","url":"https:\/\/foliobooks.pl\/en\/shop\/harry-benson-paul\/","name":"Harry Benson. Paul (Reuel Golden) - book \/ album - Folio","isPartOf":{"@id":"https:\/\/foliobooks.pl\/en\/#website"},"primaryImageOfPage":{"@id":"https:\/\/foliobooks.pl\/en\/shop\/harry-benson-paul\/#primaryimage"},"image":{"@id":"https:\/\/foliobooks.pl\/en\/shop\/harry-benson-paul\/#primaryimage"},"thumbnailUrl":"https:\/\/foliobooks.pl\/wp-content\/uploads\/2022\/12\/9783836592048.png","datePublished":"2022-12-03T17:47:40+00:00","description":"Wejd\u017a i kup ksi\u0105\u017ck\u0119 Harry Benson. Paul autorstwa Reuel Golden wydan\u0105 przez TASCHEN (2022-07-27) w formacie 24 x 33,3 cm (ISBN: 9783836592048). Zapraszamy!","breadcrumb":{"@id":"https:\/\/foliobooks.pl\/en\/shop\/harry-benson-paul\/#breadcrumb"},"inLanguage":"en-US","potentialAction":[{"@type":"ReadAction","target":["https:\/\/foliobooks.pl\/en\/shop\/harry-benson-paul\/"]}]},{"@type":"ImageObject","inLanguage":"en-US","@id":"https:\/\/foliobooks.pl\/en\/shop\/harry-benson-paul\/#primaryimage","url":"https:\/\/foliobooks.pl\/wp-content\/uploads\/2022\/12\/9783836592048.png","contentUrl":"https:\/\/foliobooks.pl\/wp-content\/uploads\/2022\/12\/9783836592048.png","width":570,"height":708},{"@type":"BreadcrumbList","@id":"https:\/\/foliobooks.pl\/en\/shop\/harry-benson-paul\/#breadcrumb","itemListElement":[{"@type":"ListItem","position":1,"name":"Strona g\u0142\u00f3wna","item":"https:\/\/foliobooks.pl\/en\/"},{"@type":"ListItem","position":2,"name":"Shop","item":"https:\/\/foliobooks.pl\/en\/shop\/"},{"@type":"ListItem","position":3,"name":"Harry Benson. Paul"}]},{"@type":"WebSite","@id":"https:\/\/foliobooks.pl\/en\/#website","url":"https:\/\/foliobooks.pl\/en\/","name":"Folio","description":"Ksi\u0119garnia internetowa","potentialAction":[{"@type":"SearchAction","target":{"@type":"EntryPoint","urlTemplate":"https:\/\/foliobooks.pl\/en\/?s={search_term_string}"},"query-input":{"@type":"PropertyValueSpecification","valueRequired":true,"valueName":"search_term_string"}}],"inLanguage":"en-US"}]}},"_links":{"self":[{"href":"https:\/\/foliobooks.pl\/en\/wp-json\/wp\/v2\/product\/76602","targetHints":{"allow":["GET"]}}],"collection":[{"href":"https:\/\/foliobooks.pl\/en\/wp-json\/wp\/v2\/product"}],"about":[{"href":"https:\/\/foliobooks.pl\/en\/wp-json\/wp\/v2\/types\/product"}],"replies":[{"embeddable":true,"href":"https:\/\/foliobooks.pl\/en\/wp-json\/wp\/v2\/comments?post=76602"}],"wp:featuredmedia":[{"embeddable":true,"href":"https:\/\/foliobooks.pl\/en\/wp-json\/wp\/v2\/media\/76589"}],"wp:attachment":[{"href":"https:\/\/foliobooks.pl\/en\/wp-json\/wp\/v2\/media?parent=76602"}],"wp:term":[{"taxonomy":"product_brand","embeddable":true,"href":"https:\/\/foliobooks.pl\/en\/wp-json\/wp\/v2\/product_brand?post=76602"},{"taxonomy":"product_cat","embeddable":true,"href":"https:\/\/foliobooks.pl\/en\/wp-json\/wp\/v2\/product_cat?post=76602"},{"taxonomy":"product_tag","embeddable":true,"href":"https:\/\/foliobooks.pl\/en\/wp-json\/wp\/v2\/product_tag?post=76602"}],"curies":[{"name":"wp","href":"https:\/\/api.w.org\/{rel}","templated":true}]}}