{"id":76535,"date":"2022-12-03T18:08:29","date_gmt":"2022-12-03T17:08:29","guid":{"rendered":"https:\/\/foliobooks.pl\/sklep\/man-to-man-an-obsession-the-pierre-passebon-collection\/"},"modified":"2025-09-09T17:44:55","modified_gmt":"2025-09-09T15:44:55","slug":"man-to-man-an-obsession-the-pierre-passebon-collection","status":"publish","type":"product","link":"https:\/\/foliobooks.pl\/en\/shop\/man-to-man-an-obsession-the-pierre-passebon-collection\/","title":{"rendered":"Man to Man. An Obsession, The Pierre Passebon Collection"},"content":{"rendered":"<p>A celebration of the masculine body through an astonishing private collection of photographs, paintings, sculpture, ceramics, and drawings.<\/p>\n<p>From the idealized nude heroes of ancient Greece to the confrontational frontal nudes of the 1970s and the intimate and sensual photorealist nudes painted by French artist Jacques Sultana, the infinite possibilities to represent the naked male body have fascinated collector Pierre Passebon for decades.<\/p>\n<p>This new volume in The Pierre Passebon Collection series celebrates a powerful, revolutionary, and sometimes controversial selection of artworks depicting the male nude from Passebon&#8217;s outstanding personal collection of paintings, sculpture, photography, ceramics, and drawings, challenging taboos surrounding male eroticism and inviting the reader to reassess notions of male identity and normative views of the human body.<\/p>\n","protected":false},"excerpt":{"rendered":"<p>A celebration of the masculine body through an astonishing private collection of photographs, paintings, sculpture, ceramics, and drawings. From the idealized nude heroes of ancient Greece to the confrontational frontal nudes of the 1970s and the intimate and sensual photorealist nudes painted by French artist Jacques Sultana, the infinite possibilities to represent the naked male&#8230;<\/p>\n","protected":false},"featured_media":76528,"comment_status":"closed","ping_status":"closed","template":"","meta":[],"product_brand":[],"product_cat":[4522,13533],"product_tag":[9083,1647,981],"class_list":{"0":"post-76535","1":"product","2":"type-product","3":"status-publish","4":"has-post-thumbnail","6":"product_cat-art-en","7":"product_cat-books","8":"product_tag-art-en","9":"product_tag-erotica","10":"product_tag-sculpture-en","11":"pa_author_att-pierre-passebon-en","12":"pa_cover-hardcover","13":"pa_format-155-x-215-cm-en","14":"pa_language-eng","15":"pa_pages-144-en","16":"pa_published-2022-09-08-en","17":"pa_publisher-flammarion-en","19":"first","20":"instock","21":"sale","22":"sold-individually","23":"shipping-taxable","24":"purchasable","25":"product-type-simple"},"yoast_head":"<!-- This site is optimized with the Yoast SEO plugin v27.4 - https:\/\/yoast.com\/product\/yoast-seo-wordpress\/ -->\n<title>Man to Man. An Obsession, The Pierre Passebon Collection (Pierre Passebon) - book \/ album - Folio<\/title>\n<meta name=\"description\" content=\"Wejd\u017a i kup ksi\u0105\u017ck\u0119 Man to Man. An Obsession, The Pierre Passebon Collection autorstwa Pierre Passebon wydan\u0105 przez Flammarion (2022-09-08) w formacie 15,5 x 21,5 cm (ISBN: ). Zapraszamy!\" \/>\n<meta name=\"robots\" content=\"index, follow, max-snippet:-1, max-image-preview:large, max-video-preview:-1\" \/>\n<link rel=\"canonical\" href=\"https:\/\/foliobooks.pl\/en\/shop\/man-to-man-an-obsession-the-pierre-passebon-collection\/\" \/>\n<meta property=\"og:locale\" content=\"en_US\" \/>\n<meta property=\"og:type\" content=\"article\" \/>\n<meta property=\"og:title\" content=\"Man to Man. An Obsession, The Pierre Passebon Collection (Pierre Passebon) - book \/ album - Folio\" \/>\n<meta property=\"og:description\" content=\"Wejd\u017a i kup ksi\u0105\u017ck\u0119 Man to Man. An Obsession, The Pierre Passebon Collection autorstwa Pierre Passebon wydan\u0105 przez Flammarion (2022-09-08) w formacie 15,5 x 21,5 cm (ISBN: ). Zapraszamy!\" \/>\n<meta property=\"og:url\" content=\"https:\/\/foliobooks.pl\/en\/shop\/man-to-man-an-obsession-the-pierre-passebon-collection\/\" \/>\n<meta property=\"og:site_name\" content=\"Folio\" \/>\n<meta property=\"article:modified_time\" content=\"2025-09-09T15:44:55+00:00\" \/>\n<meta property=\"og:image\" content=\"https:\/\/foliobooks.pl\/wp-content\/uploads\/2022\/12\/9782080280572.png\" \/>\n\t<meta property=\"og:image:width\" content=\"570\" \/>\n\t<meta property=\"og:image:height\" content=\"708\" \/>\n\t<meta property=\"og:image:type\" content=\"image\/png\" \/>\n<meta name=\"twitter:card\" content=\"summary_large_image\" \/>\n<meta name=\"twitter:label1\" content=\"Est. reading time\" \/>\n\t<meta name=\"twitter:data1\" content=\"1 minute\" \/>\n<script type=\"application\/ld+json\" class=\"yoast-schema-graph\">{\"@context\":\"https:\\\/\\\/schema.org\",\"@graph\":[{\"@type\":\"WebPage\",\"@id\":\"https:\\\/\\\/foliobooks.pl\\\/en\\\/shop\\\/man-to-man-an-obsession-the-pierre-passebon-collection\\\/\",\"url\":\"https:\\\/\\\/foliobooks.pl\\\/en\\\/shop\\\/man-to-man-an-obsession-the-pierre-passebon-collection\\\/\",\"name\":\"Man to Man. An Obsession, The Pierre Passebon Collection (Pierre Passebon) - book \\\/ album - Folio\",\"isPartOf\":{\"@id\":\"https:\\\/\\\/foliobooks.pl\\\/en\\\/#website\"},\"primaryImageOfPage\":{\"@id\":\"https:\\\/\\\/foliobooks.pl\\\/en\\\/shop\\\/man-to-man-an-obsession-the-pierre-passebon-collection\\\/#primaryimage\"},\"image\":{\"@id\":\"https:\\\/\\\/foliobooks.pl\\\/en\\\/shop\\\/man-to-man-an-obsession-the-pierre-passebon-collection\\\/#primaryimage\"},\"thumbnailUrl\":\"https:\\\/\\\/foliobooks.pl\\\/wp-content\\\/uploads\\\/2022\\\/12\\\/9782080280572.png\",\"datePublished\":\"2022-12-03T17:08:29+00:00\",\"dateModified\":\"2025-09-09T15:44:55+00:00\",\"description\":\"Wejd\u017a i kup ksi\u0105\u017ck\u0119 Man to Man. An Obsession, The Pierre Passebon Collection autorstwa Pierre Passebon wydan\u0105 przez Flammarion (2022-09-08) w formacie 15,5 x 21,5 cm (ISBN: ). Zapraszamy!\",\"breadcrumb\":{\"@id\":\"https:\\\/\\\/foliobooks.pl\\\/en\\\/shop\\\/man-to-man-an-obsession-the-pierre-passebon-collection\\\/#breadcrumb\"},\"inLanguage\":\"en-US\",\"potentialAction\":[{\"@type\":\"ReadAction\",\"target\":[\"https:\\\/\\\/foliobooks.pl\\\/en\\\/shop\\\/man-to-man-an-obsession-the-pierre-passebon-collection\\\/\"]}]},{\"@type\":\"ImageObject\",\"inLanguage\":\"en-US\",\"@id\":\"https:\\\/\\\/foliobooks.pl\\\/en\\\/shop\\\/man-to-man-an-obsession-the-pierre-passebon-collection\\\/#primaryimage\",\"url\":\"https:\\\/\\\/foliobooks.pl\\\/wp-content\\\/uploads\\\/2022\\\/12\\\/9782080280572.png\",\"contentUrl\":\"https:\\\/\\\/foliobooks.pl\\\/wp-content\\\/uploads\\\/2022\\\/12\\\/9782080280572.png\",\"width\":570,\"height\":708},{\"@type\":\"BreadcrumbList\",\"@id\":\"https:\\\/\\\/foliobooks.pl\\\/en\\\/shop\\\/man-to-man-an-obsession-the-pierre-passebon-collection\\\/#breadcrumb\",\"itemListElement\":[{\"@type\":\"ListItem\",\"position\":1,\"name\":\"Strona g\u0142\u00f3wna\",\"item\":\"https:\\\/\\\/foliobooks.pl\\\/en\\\/\"},{\"@type\":\"ListItem\",\"position\":2,\"name\":\"Shop\",\"item\":\"https:\\\/\\\/foliobooks.pl\\\/en\\\/shop\\\/\"},{\"@type\":\"ListItem\",\"position\":3,\"name\":\"Man to Man. An Obsession, The Pierre Passebon Collection\"}]},{\"@type\":\"WebSite\",\"@id\":\"https:\\\/\\\/foliobooks.pl\\\/en\\\/#website\",\"url\":\"https:\\\/\\\/foliobooks.pl\\\/en\\\/\",\"name\":\"Folio\",\"description\":\"Ksi\u0119garnia internetowa\",\"potentialAction\":[{\"@type\":\"SearchAction\",\"target\":{\"@type\":\"EntryPoint\",\"urlTemplate\":\"https:\\\/\\\/foliobooks.pl\\\/en\\\/?s={search_term_string}\"},\"query-input\":{\"@type\":\"PropertyValueSpecification\",\"valueRequired\":true,\"valueName\":\"search_term_string\"}}],\"inLanguage\":\"en-US\"}]}<\/script>\n<!-- \/ Yoast SEO plugin. -->","yoast_head_json":{"title":"Man to Man. An Obsession, The Pierre Passebon Collection (Pierre Passebon) - book \/ album - Folio","description":"Wejd\u017a i kup ksi\u0105\u017ck\u0119 Man to Man. An Obsession, The Pierre Passebon Collection autorstwa Pierre Passebon wydan\u0105 przez Flammarion (2022-09-08) w formacie 15,5 x 21,5 cm (ISBN: ). Zapraszamy!","robots":{"index":"index","follow":"follow","max-snippet":"max-snippet:-1","max-image-preview":"max-image-preview:large","max-video-preview":"max-video-preview:-1"},"canonical":"https:\/\/foliobooks.pl\/en\/shop\/man-to-man-an-obsession-the-pierre-passebon-collection\/","og_locale":"en_US","og_type":"article","og_title":"Man to Man. An Obsession, The Pierre Passebon Collection (Pierre Passebon) - book \/ album - Folio","og_description":"Wejd\u017a i kup ksi\u0105\u017ck\u0119 Man to Man. An Obsession, The Pierre Passebon Collection autorstwa Pierre Passebon wydan\u0105 przez Flammarion (2022-09-08) w formacie 15,5 x 21,5 cm (ISBN: ). Zapraszamy!","og_url":"https:\/\/foliobooks.pl\/en\/shop\/man-to-man-an-obsession-the-pierre-passebon-collection\/","og_site_name":"Folio","article_modified_time":"2025-09-09T15:44:55+00:00","og_image":[{"width":570,"height":708,"url":"https:\/\/foliobooks.pl\/wp-content\/uploads\/2022\/12\/9782080280572.png","type":"image\/png"}],"twitter_card":"summary_large_image","twitter_misc":{"Est. reading time":"1 minute"},"schema":{"@context":"https:\/\/schema.org","@graph":[{"@type":"WebPage","@id":"https:\/\/foliobooks.pl\/en\/shop\/man-to-man-an-obsession-the-pierre-passebon-collection\/","url":"https:\/\/foliobooks.pl\/en\/shop\/man-to-man-an-obsession-the-pierre-passebon-collection\/","name":"Man to Man. An Obsession, The Pierre Passebon Collection (Pierre Passebon) - book \/ album - Folio","isPartOf":{"@id":"https:\/\/foliobooks.pl\/en\/#website"},"primaryImageOfPage":{"@id":"https:\/\/foliobooks.pl\/en\/shop\/man-to-man-an-obsession-the-pierre-passebon-collection\/#primaryimage"},"image":{"@id":"https:\/\/foliobooks.pl\/en\/shop\/man-to-man-an-obsession-the-pierre-passebon-collection\/#primaryimage"},"thumbnailUrl":"https:\/\/foliobooks.pl\/wp-content\/uploads\/2022\/12\/9782080280572.png","datePublished":"2022-12-03T17:08:29+00:00","dateModified":"2025-09-09T15:44:55+00:00","description":"Wejd\u017a i kup ksi\u0105\u017ck\u0119 Man to Man. An Obsession, The Pierre Passebon Collection autorstwa Pierre Passebon wydan\u0105 przez Flammarion (2022-09-08) w formacie 15,5 x 21,5 cm (ISBN: ). Zapraszamy!","breadcrumb":{"@id":"https:\/\/foliobooks.pl\/en\/shop\/man-to-man-an-obsession-the-pierre-passebon-collection\/#breadcrumb"},"inLanguage":"en-US","potentialAction":[{"@type":"ReadAction","target":["https:\/\/foliobooks.pl\/en\/shop\/man-to-man-an-obsession-the-pierre-passebon-collection\/"]}]},{"@type":"ImageObject","inLanguage":"en-US","@id":"https:\/\/foliobooks.pl\/en\/shop\/man-to-man-an-obsession-the-pierre-passebon-collection\/#primaryimage","url":"https:\/\/foliobooks.pl\/wp-content\/uploads\/2022\/12\/9782080280572.png","contentUrl":"https:\/\/foliobooks.pl\/wp-content\/uploads\/2022\/12\/9782080280572.png","width":570,"height":708},{"@type":"BreadcrumbList","@id":"https:\/\/foliobooks.pl\/en\/shop\/man-to-man-an-obsession-the-pierre-passebon-collection\/#breadcrumb","itemListElement":[{"@type":"ListItem","position":1,"name":"Strona g\u0142\u00f3wna","item":"https:\/\/foliobooks.pl\/en\/"},{"@type":"ListItem","position":2,"name":"Shop","item":"https:\/\/foliobooks.pl\/en\/shop\/"},{"@type":"ListItem","position":3,"name":"Man to Man. An Obsession, The Pierre Passebon Collection"}]},{"@type":"WebSite","@id":"https:\/\/foliobooks.pl\/en\/#website","url":"https:\/\/foliobooks.pl\/en\/","name":"Folio","description":"Ksi\u0119garnia internetowa","potentialAction":[{"@type":"SearchAction","target":{"@type":"EntryPoint","urlTemplate":"https:\/\/foliobooks.pl\/en\/?s={search_term_string}"},"query-input":{"@type":"PropertyValueSpecification","valueRequired":true,"valueName":"search_term_string"}}],"inLanguage":"en-US"}]}},"_links":{"self":[{"href":"https:\/\/foliobooks.pl\/en\/wp-json\/wp\/v2\/product\/76535","targetHints":{"allow":["GET"]}}],"collection":[{"href":"https:\/\/foliobooks.pl\/en\/wp-json\/wp\/v2\/product"}],"about":[{"href":"https:\/\/foliobooks.pl\/en\/wp-json\/wp\/v2\/types\/product"}],"replies":[{"embeddable":true,"href":"https:\/\/foliobooks.pl\/en\/wp-json\/wp\/v2\/comments?post=76535"}],"wp:featuredmedia":[{"embeddable":true,"href":"https:\/\/foliobooks.pl\/en\/wp-json\/wp\/v2\/media\/76528"}],"wp:attachment":[{"href":"https:\/\/foliobooks.pl\/en\/wp-json\/wp\/v2\/media?parent=76535"}],"wp:term":[{"taxonomy":"product_brand","embeddable":true,"href":"https:\/\/foliobooks.pl\/en\/wp-json\/wp\/v2\/product_brand?post=76535"},{"taxonomy":"product_cat","embeddable":true,"href":"https:\/\/foliobooks.pl\/en\/wp-json\/wp\/v2\/product_cat?post=76535"},{"taxonomy":"product_tag","embeddable":true,"href":"https:\/\/foliobooks.pl\/en\/wp-json\/wp\/v2\/product_tag?post=76535"}],"curies":[{"name":"wp","href":"https:\/\/api.w.org\/{rel}","templated":true}]}}