{"id":76448,"date":"2022-12-03T17:05:42","date_gmt":"2022-12-03T16:05:42","guid":{"rendered":"https:\/\/foliobooks.pl\/sklep\/matisse-cut-outs-40th-ed\/"},"modified":"2022-12-03T17:05:42","modified_gmt":"2022-12-03T16:05:42","slug":"matisse-cut-outs-40th-ed","status":"publish","type":"product","link":"https:\/\/foliobooks.pl\/en\/shop\/matisse-cut-outs-40th-ed\/","title":{"rendered":"Matisse. Cut-outs. 40th Ed."},"content":{"rendered":"<p>Toward the end of his monumental career as a painter, sculptor, and lithographer, an elderly, sickly Matisse was unable to stand and use a paintbrush for long. In this late phase of his life\u2014he was almost 80 years of age\u2014he developed the technique of \u201ccarving into color,\u201d creating bright, bold paper cut-outs. Though dismissed by some contemporary critics as the folly of a senile old man, these gouaches decoup\u00e9es (gouache cut-outs) in fact represented a revolution in modern art, a whole new medium that reimagined the age-old conflict between color and line.<\/p>\n<p>This edition of the first volume of our original award-winning XXL book provides a thorough historical context to Matisse\u2019s cut-outs, tracing their roots to his 1930 trip to Tahiti and continuing through to his final years in Nice. It includes many photos of Matisse, as well as some rare images by Henri Cartier-Bresson and the filmmaker F. W. Murnau, with texts by Matisse, publisher E. T\u00e9riade, the poets Louis Aragon, Henri Michaux, and Pierre Reverdy, and Matisse\u2019s son-in-law Georges Duthuit.<\/p>\n<p>In their deceptive simplicity, the cut-outs achieved both a sculptural quality and an early minimalist abstraction, which would profoundly influence generations of artists to come. Exuberant, multi-hued, and often grand in scale, these works are true pillars of 20th-century art, and as bold and innovative to behold today as they were in Matisse\u2019s lifetime.<\/p>\n","protected":false},"excerpt":{"rendered":"<p>Toward the end of his monumental career as a painter, sculptor, and lithographer, an elderly, sickly Matisse was unable to stand and use a paintbrush for long. In this late phase of his life\u2014he was almost 80 years of age\u2014he developed the technique of \u201ccarving into color,\u201d creating bright, bold paper cut-outs. Though dismissed by&#8230;<\/p>\n","protected":false},"featured_media":76433,"comment_status":"closed","ping_status":"closed","template":"","meta":[],"product_brand":[],"product_cat":[4522,13533],"product_tag":[9083,524],"class_list":{"0":"post-76448","1":"product","2":"type-product","3":"status-publish","4":"has-post-thumbnail","6":"product_cat-art-en","7":"product_cat-books","8":"product_tag-art-en","9":"product_tag-painting-en","10":"pa_author_att-xavier-gilles-neret-en","11":"pa_cover-hardcover","12":"pa_format-156-x-217-cm-en","13":"pa_isbn-9783836589192-en","14":"pa_language-eng","15":"pa_pages-412-en","16":"pa_published-2022-10-18-en","17":"pa_publisher-taschen-en-en","19":"first","20":"instock","21":"sold-individually","22":"shipping-taxable","23":"purchasable","24":"product-type-simple"},"yoast_head":"<!-- This site is optimized with the Yoast SEO plugin v27.4 - https:\/\/yoast.com\/product\/yoast-seo-wordpress\/ -->\n<title>Matisse. Cut-outs. 40th Ed. (Xavier-Gilles N\u00e9ret) - book \/ album - Folio<\/title>\n<meta name=\"description\" content=\"Wejd\u017a i kup ksi\u0105\u017ck\u0119 Matisse. Cut-outs. 40th Ed. autorstwa Xavier-Gilles N\u00e9ret wydan\u0105 przez TASCHEN (2022-10-18) w formacie 15,6 x 21,7 cm (ISBN: 9783836589192). Zapraszamy!\" \/>\n<meta name=\"robots\" content=\"index, follow, max-snippet:-1, max-image-preview:large, max-video-preview:-1\" \/>\n<link rel=\"canonical\" href=\"https:\/\/foliobooks.pl\/en\/shop\/matisse-cut-outs-40th-ed\/\" \/>\n<meta property=\"og:locale\" content=\"en_US\" \/>\n<meta property=\"og:type\" content=\"article\" \/>\n<meta property=\"og:title\" content=\"Matisse. Cut-outs. 40th Ed. (Xavier-Gilles N\u00e9ret) - book \/ album - Folio\" \/>\n<meta property=\"og:description\" content=\"Wejd\u017a i kup ksi\u0105\u017ck\u0119 Matisse. Cut-outs. 40th Ed. autorstwa Xavier-Gilles N\u00e9ret wydan\u0105 przez TASCHEN (2022-10-18) w formacie 15,6 x 21,7 cm (ISBN: 9783836589192). Zapraszamy!\" \/>\n<meta property=\"og:url\" content=\"https:\/\/foliobooks.pl\/en\/shop\/matisse-cut-outs-40th-ed\/\" \/>\n<meta property=\"og:site_name\" content=\"Folio\" \/>\n<meta property=\"og:image\" content=\"https:\/\/foliobooks.pl\/wp-content\/uploads\/2022\/12\/9783836589192.png\" \/>\n\t<meta property=\"og:image:width\" content=\"570\" \/>\n\t<meta property=\"og:image:height\" content=\"708\" \/>\n\t<meta property=\"og:image:type\" content=\"image\/png\" \/>\n<meta name=\"twitter:card\" content=\"summary_large_image\" \/>\n<meta name=\"twitter:label1\" content=\"Est. reading time\" \/>\n\t<meta name=\"twitter:data1\" content=\"2 minutes\" \/>\n<script type=\"application\/ld+json\" class=\"yoast-schema-graph\">{\"@context\":\"https:\\\/\\\/schema.org\",\"@graph\":[{\"@type\":\"WebPage\",\"@id\":\"https:\\\/\\\/foliobooks.pl\\\/en\\\/shop\\\/matisse-cut-outs-40th-ed\\\/\",\"url\":\"https:\\\/\\\/foliobooks.pl\\\/en\\\/shop\\\/matisse-cut-outs-40th-ed\\\/\",\"name\":\"Matisse. Cut-outs. 40th Ed. (Xavier-Gilles N\u00e9ret) - book \\\/ album - Folio\",\"isPartOf\":{\"@id\":\"https:\\\/\\\/foliobooks.pl\\\/en\\\/#website\"},\"primaryImageOfPage\":{\"@id\":\"https:\\\/\\\/foliobooks.pl\\\/en\\\/shop\\\/matisse-cut-outs-40th-ed\\\/#primaryimage\"},\"image\":{\"@id\":\"https:\\\/\\\/foliobooks.pl\\\/en\\\/shop\\\/matisse-cut-outs-40th-ed\\\/#primaryimage\"},\"thumbnailUrl\":\"https:\\\/\\\/foliobooks.pl\\\/wp-content\\\/uploads\\\/2022\\\/12\\\/9783836589192.png\",\"datePublished\":\"2022-12-03T16:05:42+00:00\",\"description\":\"Wejd\u017a i kup ksi\u0105\u017ck\u0119 Matisse. Cut-outs. 40th Ed. autorstwa Xavier-Gilles N\u00e9ret wydan\u0105 przez TASCHEN (2022-10-18) w formacie 15,6 x 21,7 cm (ISBN: 9783836589192). Zapraszamy!\",\"breadcrumb\":{\"@id\":\"https:\\\/\\\/foliobooks.pl\\\/en\\\/shop\\\/matisse-cut-outs-40th-ed\\\/#breadcrumb\"},\"inLanguage\":\"en-US\",\"potentialAction\":[{\"@type\":\"ReadAction\",\"target\":[\"https:\\\/\\\/foliobooks.pl\\\/en\\\/shop\\\/matisse-cut-outs-40th-ed\\\/\"]}]},{\"@type\":\"ImageObject\",\"inLanguage\":\"en-US\",\"@id\":\"https:\\\/\\\/foliobooks.pl\\\/en\\\/shop\\\/matisse-cut-outs-40th-ed\\\/#primaryimage\",\"url\":\"https:\\\/\\\/foliobooks.pl\\\/wp-content\\\/uploads\\\/2022\\\/12\\\/9783836589192.png\",\"contentUrl\":\"https:\\\/\\\/foliobooks.pl\\\/wp-content\\\/uploads\\\/2022\\\/12\\\/9783836589192.png\",\"width\":570,\"height\":708},{\"@type\":\"BreadcrumbList\",\"@id\":\"https:\\\/\\\/foliobooks.pl\\\/en\\\/shop\\\/matisse-cut-outs-40th-ed\\\/#breadcrumb\",\"itemListElement\":[{\"@type\":\"ListItem\",\"position\":1,\"name\":\"Strona g\u0142\u00f3wna\",\"item\":\"https:\\\/\\\/foliobooks.pl\\\/en\\\/\"},{\"@type\":\"ListItem\",\"position\":2,\"name\":\"Shop\",\"item\":\"https:\\\/\\\/foliobooks.pl\\\/en\\\/shop\\\/\"},{\"@type\":\"ListItem\",\"position\":3,\"name\":\"Matisse. Cut-outs. 40th Ed.\"}]},{\"@type\":\"WebSite\",\"@id\":\"https:\\\/\\\/foliobooks.pl\\\/en\\\/#website\",\"url\":\"https:\\\/\\\/foliobooks.pl\\\/en\\\/\",\"name\":\"Folio\",\"description\":\"Ksi\u0119garnia internetowa\",\"potentialAction\":[{\"@type\":\"SearchAction\",\"target\":{\"@type\":\"EntryPoint\",\"urlTemplate\":\"https:\\\/\\\/foliobooks.pl\\\/en\\\/?s={search_term_string}\"},\"query-input\":{\"@type\":\"PropertyValueSpecification\",\"valueRequired\":true,\"valueName\":\"search_term_string\"}}],\"inLanguage\":\"en-US\"}]}<\/script>\n<!-- \/ Yoast SEO plugin. -->","yoast_head_json":{"title":"Matisse. Cut-outs. 40th Ed. (Xavier-Gilles N\u00e9ret) - book \/ album - Folio","description":"Wejd\u017a i kup ksi\u0105\u017ck\u0119 Matisse. Cut-outs. 40th Ed. autorstwa Xavier-Gilles N\u00e9ret wydan\u0105 przez TASCHEN (2022-10-18) w formacie 15,6 x 21,7 cm (ISBN: 9783836589192). Zapraszamy!","robots":{"index":"index","follow":"follow","max-snippet":"max-snippet:-1","max-image-preview":"max-image-preview:large","max-video-preview":"max-video-preview:-1"},"canonical":"https:\/\/foliobooks.pl\/en\/shop\/matisse-cut-outs-40th-ed\/","og_locale":"en_US","og_type":"article","og_title":"Matisse. Cut-outs. 40th Ed. (Xavier-Gilles N\u00e9ret) - book \/ album - Folio","og_description":"Wejd\u017a i kup ksi\u0105\u017ck\u0119 Matisse. Cut-outs. 40th Ed. autorstwa Xavier-Gilles N\u00e9ret wydan\u0105 przez TASCHEN (2022-10-18) w formacie 15,6 x 21,7 cm (ISBN: 9783836589192). Zapraszamy!","og_url":"https:\/\/foliobooks.pl\/en\/shop\/matisse-cut-outs-40th-ed\/","og_site_name":"Folio","og_image":[{"width":570,"height":708,"url":"https:\/\/foliobooks.pl\/wp-content\/uploads\/2022\/12\/9783836589192.png","type":"image\/png"}],"twitter_card":"summary_large_image","twitter_misc":{"Est. reading time":"2 minutes"},"schema":{"@context":"https:\/\/schema.org","@graph":[{"@type":"WebPage","@id":"https:\/\/foliobooks.pl\/en\/shop\/matisse-cut-outs-40th-ed\/","url":"https:\/\/foliobooks.pl\/en\/shop\/matisse-cut-outs-40th-ed\/","name":"Matisse. Cut-outs. 40th Ed. (Xavier-Gilles N\u00e9ret) - book \/ album - Folio","isPartOf":{"@id":"https:\/\/foliobooks.pl\/en\/#website"},"primaryImageOfPage":{"@id":"https:\/\/foliobooks.pl\/en\/shop\/matisse-cut-outs-40th-ed\/#primaryimage"},"image":{"@id":"https:\/\/foliobooks.pl\/en\/shop\/matisse-cut-outs-40th-ed\/#primaryimage"},"thumbnailUrl":"https:\/\/foliobooks.pl\/wp-content\/uploads\/2022\/12\/9783836589192.png","datePublished":"2022-12-03T16:05:42+00:00","description":"Wejd\u017a i kup ksi\u0105\u017ck\u0119 Matisse. Cut-outs. 40th Ed. autorstwa Xavier-Gilles N\u00e9ret wydan\u0105 przez TASCHEN (2022-10-18) w formacie 15,6 x 21,7 cm (ISBN: 9783836589192). Zapraszamy!","breadcrumb":{"@id":"https:\/\/foliobooks.pl\/en\/shop\/matisse-cut-outs-40th-ed\/#breadcrumb"},"inLanguage":"en-US","potentialAction":[{"@type":"ReadAction","target":["https:\/\/foliobooks.pl\/en\/shop\/matisse-cut-outs-40th-ed\/"]}]},{"@type":"ImageObject","inLanguage":"en-US","@id":"https:\/\/foliobooks.pl\/en\/shop\/matisse-cut-outs-40th-ed\/#primaryimage","url":"https:\/\/foliobooks.pl\/wp-content\/uploads\/2022\/12\/9783836589192.png","contentUrl":"https:\/\/foliobooks.pl\/wp-content\/uploads\/2022\/12\/9783836589192.png","width":570,"height":708},{"@type":"BreadcrumbList","@id":"https:\/\/foliobooks.pl\/en\/shop\/matisse-cut-outs-40th-ed\/#breadcrumb","itemListElement":[{"@type":"ListItem","position":1,"name":"Strona g\u0142\u00f3wna","item":"https:\/\/foliobooks.pl\/en\/"},{"@type":"ListItem","position":2,"name":"Shop","item":"https:\/\/foliobooks.pl\/en\/shop\/"},{"@type":"ListItem","position":3,"name":"Matisse. Cut-outs. 40th Ed."}]},{"@type":"WebSite","@id":"https:\/\/foliobooks.pl\/en\/#website","url":"https:\/\/foliobooks.pl\/en\/","name":"Folio","description":"Ksi\u0119garnia internetowa","potentialAction":[{"@type":"SearchAction","target":{"@type":"EntryPoint","urlTemplate":"https:\/\/foliobooks.pl\/en\/?s={search_term_string}"},"query-input":{"@type":"PropertyValueSpecification","valueRequired":true,"valueName":"search_term_string"}}],"inLanguage":"en-US"}]}},"_links":{"self":[{"href":"https:\/\/foliobooks.pl\/en\/wp-json\/wp\/v2\/product\/76448","targetHints":{"allow":["GET"]}}],"collection":[{"href":"https:\/\/foliobooks.pl\/en\/wp-json\/wp\/v2\/product"}],"about":[{"href":"https:\/\/foliobooks.pl\/en\/wp-json\/wp\/v2\/types\/product"}],"replies":[{"embeddable":true,"href":"https:\/\/foliobooks.pl\/en\/wp-json\/wp\/v2\/comments?post=76448"}],"wp:featuredmedia":[{"embeddable":true,"href":"https:\/\/foliobooks.pl\/en\/wp-json\/wp\/v2\/media\/76433"}],"wp:attachment":[{"href":"https:\/\/foliobooks.pl\/en\/wp-json\/wp\/v2\/media?parent=76448"}],"wp:term":[{"taxonomy":"product_brand","embeddable":true,"href":"https:\/\/foliobooks.pl\/en\/wp-json\/wp\/v2\/product_brand?post=76448"},{"taxonomy":"product_cat","embeddable":true,"href":"https:\/\/foliobooks.pl\/en\/wp-json\/wp\/v2\/product_cat?post=76448"},{"taxonomy":"product_tag","embeddable":true,"href":"https:\/\/foliobooks.pl\/en\/wp-json\/wp\/v2\/product_tag?post=76448"}],"curies":[{"name":"wp","href":"https:\/\/api.w.org\/{rel}","templated":true}]}}